{"id":340,"date":"2011-06-11T21:30:58","date_gmt":"2011-06-11T21:30:58","guid":{"rendered":""},"modified":"2014-03-25T22:19:59","modified_gmt":"2014-03-25T14:19:59","slug":"buhos","status":"publish","type":"page","link":"https:\/\/www.big-animals.com\/es\/buhos\/","title":{"rendered":"B\u00fahos"},"content":{"rendered":"<figure id=\"attachment_1303\" aria-describedby=\"caption-attachment-1303\" style=\"width: 156px\" class=\"wp-caption alignright\"><a href=\"http:\/\/www.big-animals.com\/wp-content\/uploads\/2011\/06\/Northern_Spotted_Owl.jpg\"><img loading=\"lazy\" decoding=\"async\" class=\"size-medium wp-image-1303 gts_attribute gts_attribute_1_alt gts_attribute_3_title\" title=\"C\u00e1rabo californiano\" alt=\"C\u00e1rabo californiano\" src=\"http:\/\/www.big-animals.com\/wp-content\/uploads\/2011\/06\/Northern_Spotted_Owl-156x300.jpg\" width=\"156\" height=\"300\" \/><\/a><figcaption id=\"caption-attachment-1303\" class=\"wp-caption-text\">B\u00faho moteado del norte.<\/figcaption><\/figure>\n<p><span class=\"gts_text\" id=\"gts_text_1\">Hay 200 especies de b\u00fahos en el mundo.<\/span> <span class=\"gts_text\" id=\"gts_text_2\">Est\u00e1n dotados de un sentido del o\u00eddo y de la vista excelentes. Habitan en todas las regiones<\/span><span class=\"gts_text\" id=\"gts_text_3\"> del planeta a excepci\u00f3n de la Ant\u00e1rtida, la mayor parte de Groenlandia y algunas islas aisladas.<\/span> <span class=\"gts_text\" id=\"gts_text_4\">Sus huevos son blancos y de forma esf\u00e9rica.<\/span> <span class=\"gts_text\" id=\"gts_text_5\">Ponen desde unos pocos huevos hasta una docena, dependiendo de la especie.<\/span> <span class=\"gts_text\" id=\"gts_text_6\">La madre se toma su tiempo para ponerlos y lo hace<\/span><span class=\"gts_text\" id=\"gts_text_7\"> en intervalos de 1 a 3 d\u00edas, en lugar de todos en un d\u00eda.<\/span> <span class=\"gts_text\" id=\"gts_text_8\">A diferencia de otras <a class=\" gts_attribute gts_attribute_4_title\" title=\"\u00a1Las aves m\u00e1s grandes del mundo!\" href=\"http:\/\/www.big-animals.com\/es\/mundo-grandes-aves\/\">aves<\/a>, los b\u00fahos no elaboran sus propios nidos, sino que<\/span> b<span class=\"gts_text\" id=\"gts_text_9\">uscan zonas de anidaci\u00f3n o alg\u00fan nido abandonado en los \u00e1rboles, madrigueras subterr\u00e1neas, edificios, graneros y cuevas.<\/span><\/p>\n<p><span class=\"gts_text\" id=\"gts_text_10\">La mayor\u00eda de los b\u00fahos son activos por la noche y duermen durante el d\u00eda, casi como los murci\u00e9lagos.<\/span> <span class=\"gts_text\" id=\"gts_text_11\">Algunos son activos durante las horas crepusculares del amanecer y del anochecer, por ejemplo, el mochuelo.<\/span> <span class=\"gts_text\" id=\"gts_text_12\">Otros b\u00fahos lo son durante el d\u00eda, como el mochuelo de madriguera y el b\u00faho campestre.<\/span><\/p>\n<p><span class=\"gts_text\" id=\"gts_text_13\">Los b\u00fahos pueden cazar sigilosamente y sorprender a su presa con gran destreza, ya que <\/span><span class=\"gts_text\" id=\"gts_text_14\">est\u00e1n cubiertos de plumas de colores apagados que dificultan su avistamiento.<\/span> <span class=\"gts_text\" id=\"gts_text_15\">Los b\u00fahos tienden a copiar los colores de sus alrededores.<\/span> <span class=\"gts_text\" id=\"gts_text_16\">Por ejemplo el b\u00faho nival, que es de un blanco puro, se confunde perfectamente con sus alrededores nevosos.<\/span> <span class=\"gts_text\" id=\"gts_text_17\">El c\u00e1rabo ocelado posee plumas de color marr\u00f3n, canela y negro, lo que hace que sea casi imposible localizarlo entre los \u00e1rboles del bosque.<\/span> <span class=\"gts_text\" id=\"gts_text_18\">El b\u00faho m\u00e1s grande del mundo es el <a class=\" gts_attribute gts_attribute_5_title\" title=\"B\u00faho Real\" href=\"http:\/\/www.big-animals.com\/es\/buho-real\/\">b\u00faho real<\/a>.<\/span> <span class=\"gts_text\" id=\"gts_text_19\">El b\u00faho m\u00e1s grande de todos los tiempos fue el <a class=\" gts_attribute gts_attribute_6_title\" title=\"B\u00faho Gigante Cubano\" href=\"http:\/\/www.big-animals.com\/es\/cubano-gigante-buho\/\">b\u00faho gigante cubano,<\/a> que med\u00eda cerca de 1,1 metros de alto.<br \/>\n<\/span><\/p>\n<figure id=\"attachment_1304\" aria-describedby=\"caption-attachment-1304\" style=\"width: 257px\" class=\"wp-caption alignleft\"><a href=\"http:\/\/www.big-animals.com\/wp-content\/uploads\/2011\/06\/Snowy_owl.jpg\"><img loading=\"lazy\" decoding=\"async\" class=\"size-medium wp-image-1304 gts_attribute gts_attribute_2_alt gts_attribute_7_title\" title=\"B\u00faho nival\" alt=\"B\u00faho nival\" src=\"http:\/\/www.big-animals.com\/wp-content\/uploads\/2011\/06\/Snowy_owl-257x300.jpg\" width=\"257\" height=\"300\" \/><\/a><figcaption id=\"caption-attachment-1304\" class=\"wp-caption-text\">B\u00faho nival.<\/figcaption><\/figure>\n<p><span class=\"gts_text\" id=\"gts_text_20\">Poseen alas especiales que les permiten volar silenciosamente.<\/span> <span class=\"gts_text\" id=\"gts_text_21\">Tienen un pico filoso y unas poderosas garras afiladas que utilizan para matar a su presa.<\/span> <span class=\"gts_text\" id=\"gts_text_22\">Despu\u00e9s, se la tragan entera a menos que sea demasiado grande.<\/span> <span class=\"gts_text\" id=\"gts_text_23\">Sus picos son cortos, ganchudos y curvados hacia abajo.<\/span> <span class=\"gts_text\" id=\"gts_text_24\">Debido a esta inclinaci\u00f3n, el pico no entorpece su visi\u00f3n frontal.<\/span> <span class=\"gts_text\" id=\"gts_text_25\">Se alimentan de insectos y peque\u00f1os roedores como ratones, ratas y conejos.<\/span> <span class=\"gts_text\" id=\"gts_text_26\">Algunos comen solamente peces.<\/span><\/p>\n<p><span class=\"gts_text\" id=\"gts_text_27\">\u00a1Los b\u00fahos no pueden mover los ojos, pero pueden girar su cabeza 270 grados!<\/span> <span class=\"gts_text\" id=\"gts_text_28\">\u00bfNo es asombroso?<\/span> <span class=\"gts_text\" id=\"gts_text_29\">Dado que pueden mirar a su alrededor sin mover su cuerpo, hacen mucho menos ruido cuando acechan a su presa.<\/span> <span class=\"gts_text\" id=\"gts_text_30\">Los ojos de los b\u00fahos est\u00e1n dispuestos de forma yuxtapuesta, no como en otras aves;<\/span> p<span class=\"gts_text\" id=\"gts_text_31\">or lo tanto, pueden utilizar ambos ojos para ver objetos distantes,<\/span> p<span class=\"gts_text\" id=\"gts_text_32\">ero son hiperm\u00e9tropes y no pueden ver objetos que se encuentren a escasos cent\u00edmetros de sus ojos.<\/span><\/p>\n<p><span class=\"gts_text\" id=\"gts_text_33\">La disposici\u00f3n de los o\u00eddos en los cr\u00e1neos de los b\u00fahos es asim\u00e9trica.<\/span> <span class=\"gts_text\" id=\"gts_text_34\">Esto ayuda al b\u00faho a averiguar d\u00f3nde est\u00e1 su presa.<\/span> <span class=\"gts_text\" id=\"gts_text_35\">Pueden llegar a detectar el sonido m\u00e1s imperceptible de un rat\u00f3n movi\u00e9ndose sigilosamente.<\/span><\/p>\n","protected":false},"excerpt":{"rendered":"<p>Hay 200 especies de b\u00fahos en el mundo. Est\u00e1n dotados de un sentido del o\u00eddo y de la vista excelentes. Habitan en todas las regiones del planeta a excepci\u00f3n de la Ant\u00e1rtida, la mayor parte de Groenlandia y algunas islas aisladas. Sus huevos son blancos y de forma esf\u00e9rica. Ponen desde unos pocos huevos hasta &hellip; <a href=\"https:\/\/www.big-animals.com\/es\/buhos\/\" class=\"more-link\">Continue reading <span class=\"screen-reader-text\">B\u00fahos<\/span><\/a><\/p>\n","protected":false},"author":1,"featured_media":0,"parent":0,"menu_order":0,"comment_status":"closed","ping_status":"open","template":"","meta":{"_acf_changed":false,"footnotes":""},"acf":[],"_links":{"self":[{"href":"https:\/\/www.big-animals.com\/es\/wp-json\/wp\/v2\/pages\/340"}],"collection":[{"href":"https:\/\/www.big-animals.com\/es\/wp-json\/wp\/v2\/pages"}],"about":[{"href":"https:\/\/www.big-animals.com\/es\/wp-json\/wp\/v2\/types\/page"}],"author":[{"embeddable":true,"href":"https:\/\/www.big-animals.com\/es\/wp-json\/wp\/v2\/users\/1"}],"replies":[{"embeddable":true,"href":"https:\/\/www.big-animals.com\/es\/wp-json\/wp\/v2\/comments?post=340"}],"version-history":[{"count":10,"href":"https:\/\/www.big-animals.com\/es\/wp-json\/wp\/v2\/pages\/340\/revisions"}],"predecessor-version":[{"id":889,"href":"https:\/\/www.big-animals.com\/es\/wp-json\/wp\/v2\/pages\/340\/revisions\/889"}],"wp:attachment":[{"href":"https:\/\/www.big-animals.com\/es\/wp-json\/wp\/v2\/media?parent=340"}],"curies":[{"name":"wp","href":"https:\/\/api.w.org\/{rel}","templated":true}]}}