{"id":341,"date":"2011-06-17T23:23:45","date_gmt":"2011-06-17T23:23:45","guid":{"rendered":""},"modified":"2014-03-30T04:55:00","modified_gmt":"2014-03-29T20:55:00","slug":"aves-zancudas","status":"publish","type":"page","link":"https:\/\/www.big-animals.com\/es\/aves-zancudas\/","title":{"rendered":"Aves zancudas"},"content":{"rendered":"<p>&nbsp;<\/p>\n<figure id=\"attachment_1359\" aria-describedby=\"caption-attachment-1359\" style=\"width: 251px\" class=\"wp-caption alignright\"><a href=\"http:\/\/www.big-animals.com\/wp-content\/uploads\/2011\/06\/Sandpiper.jpg\"><img loading=\"lazy\" decoding=\"async\" class=\"size-full wp-image-1359 gts_attribute gts_attribute_1_alt gts_attribute_2_title\" title=\"La lavandera es un ave zancuda t\u00edpica\" alt=\"La lavandera es un ave zancuda t\u00edpica\" src=\"http:\/\/www.big-animals.com\/wp-content\/uploads\/2011\/06\/Sandpiper.jpg\" width=\"251\" height=\"193\" \/><\/a><figcaption id=\"caption-attachment-1359\" class=\"wp-caption-text\">El escolop\u00e1cido es una zancuda com\u00fan.<\/figcaption><\/figure>\n<p><span class=\"gts_text\" id=\"gts_text_1\">Las aves zancudas, tambi\u00e9n conocidas como aves lim\u00edcolas, forman un grupo de aves que viven junto a la orilla de mares o los lagos; en este grupo no se incluye a las <\/span><span class=\"gts_text\" id=\"gts_text_2\">cig\u00fce\u00f1as, ni a las garzas (debido a su mayor tama\u00f1o), ni a aves m\u00e1s adaptadas al h\u00e1bitat marino (como las gaviotas). Existen\u00a0<\/span><span class=\"gts_text\" id=\"gts_text_3\">210 especies diferentes de aves zancudas o lim\u00edcolas en todo el mundo.<\/span>\u00a0Suelen vivir en <span class=\"gts_text\" id=\"gts_text_4\">zonas pantanosas o cerca de la costa.<\/span> <span class=\"gts_text\" id=\"gts_text_5\">La mayor\u00eda de especies \u00e1rticas y de climas templados emigran, pero las tropicales tienden a permanecer en un \u00fanico lugar o a desplazarse, seg\u00fan la cantidad de lluvia en ese periodo.<\/span><\/p>\n<p><span class=\"gts_text\" id=\"gts_text_6\">La mayor\u00eda se alimenta de peque\u00f1os invertebrados que encuentran en el lodo.<\/span>\u00a0En funci\u00f3n del tama\u00f1o del ave, la longitud del pico ser\u00e1 mayor o menor, lo que les permite recoger <span class=\"gts_text\" id=\"gts_text_8\">comida del lodo sin moverse del lugar y sin tener que competir entre ellas. Tienen u<\/span>n\u00a0<span class=\"gts_text\" id=\"gts_text_9\">nervio sensible en el extremo del pico que utilizan para localizar a la presa en el lodo o en la tierra.<\/span><\/p>\n<p><span class=\"gts_text\" id=\"gts_text_10\">Las zancudas m\u00e1s grandes se alimentan de presas de mayor tama\u00f1o, como insectos o peque\u00f1os reptiles, y pueden vivir en\u00a0<\/span><span class=\"gts_text\" id=\"gts_text_11\">h\u00e1bitats m\u00e1s secos.\u00a0Sin embargo, las especies m\u00e1s peque\u00f1as viven cerca de zonas costeras, como es el caso de los escolop\u00e1cidos.\u00a0<\/span><\/p>\n<p><span class=\"gts_text\" id=\"gts_text_12\" style=\"font-size: 13px\">La especie m\u00e1s grande de ave zancuda es el <a title=\"zarapito de Siberia\" href=\"http:\/\/www.big-animals.com\/es\/lejos-del-este-zarapito\/\">zarapito de Siberia<\/a>, que mide<\/span><span style=\"font-size: 13px\">\u00a0unos\u00a0<\/span><span class=\"gts_text\" id=\"gts_text_13\" style=\"font-size: 13px\">63 cm y pesa 860 g.<\/span><span style=\"font-size: 13px\">\u00a0El <a title=\"Alcarav\u00e1n picogrueso australiano\" href=\"http:\/\/www.big-animals.com\/es\/alcaravan-picogrueso-australiano\/\">a<\/a><\/span><span class=\"gts_text\" id=\"gts_text_14\" style=\"font-size: 13px\"><a title=\"Alcarav\u00e1n picogrueso australiano\" href=\"http:\/\/www.big-animals.com\/es\/alcaravan-picogrueso-australiano\/\">lcarav\u00e1n picogrueso australiano<\/a>, o alcarav\u00e1n de playa,<b> <\/b>es el m\u00e1s pesado (aproximadamente 1 kg).<\/span><\/p>\n<p><span class=\"gts_text\" id=\"gts_text_15\">\u00a0<\/span><\/p>\n<p>&nbsp;<\/p>\n","protected":false},"excerpt":{"rendered":"<p>&nbsp; Las aves zancudas, tambi\u00e9n conocidas como aves lim\u00edcolas, forman un grupo de aves que viven junto a la orilla de mares o los lagos; en este grupo no se incluye a las cig\u00fce\u00f1as, ni a las garzas (debido a su mayor tama\u00f1o), ni a aves m\u00e1s adaptadas al h\u00e1bitat marino (como las gaviotas). Existen\u00a0210 &hellip; <a href=\"https:\/\/www.big-animals.com\/es\/aves-zancudas\/\" class=\"more-link\">Continue reading <span class=\"screen-reader-text\">Aves zancudas<\/span><\/a><\/p>\n","protected":false},"author":1,"featured_media":0,"parent":0,"menu_order":0,"comment_status":"closed","ping_status":"open","template":"","meta":{"_acf_changed":false,"footnotes":""},"acf":[],"_links":{"self":[{"href":"https:\/\/www.big-animals.com\/es\/wp-json\/wp\/v2\/pages\/341"}],"collection":[{"href":"https:\/\/www.big-animals.com\/es\/wp-json\/wp\/v2\/pages"}],"about":[{"href":"https:\/\/www.big-animals.com\/es\/wp-json\/wp\/v2\/types\/page"}],"author":[{"embeddable":true,"href":"https:\/\/www.big-animals.com\/es\/wp-json\/wp\/v2\/users\/1"}],"replies":[{"embeddable":true,"href":"https:\/\/www.big-animals.com\/es\/wp-json\/wp\/v2\/comments?post=341"}],"version-history":[{"count":17,"href":"https:\/\/www.big-animals.com\/es\/wp-json\/wp\/v2\/pages\/341\/revisions"}],"predecessor-version":[{"id":930,"href":"https:\/\/www.big-animals.com\/es\/wp-json\/wp\/v2\/pages\/341\/revisions\/930"}],"wp:attachment":[{"href":"https:\/\/www.big-animals.com\/es\/wp-json\/wp\/v2\/media?parent=341"}],"curies":[{"name":"wp","href":"https:\/\/api.w.org\/{rel}","templated":true}]}}