{"id":342,"date":"2011-06-18T00:30:00","date_gmt":"2011-06-18T00:30:00","guid":{"rendered":""},"modified":"2014-03-30T04:39:20","modified_gmt":"2014-03-29T20:39:20","slug":"lejos-del-este-zarapito","status":"publish","type":"page","link":"https:\/\/www.big-animals.com\/es\/lejos-del-este-zarapito\/","title":{"rendered":"Zarapito de Siberia"},"content":{"rendered":"<p><span class=\"gts_text\" id=\"gts_text_1\">El zarapito de Siberia es el\u00a0<a class=\" gts_attribute gts_attribute_3_title\" title=\"\u00a1Las aves m\u00e1s grandes del mundo!\" href=\"http:\/\/www.big-animals.com\/es\/mundo-grandes-aves\/\">ave lim\u00edcola<\/a>\u00a0m\u00e1s grande y el escolop\u00e1cido m\u00e1s grande del mundo.<\/span> <span class=\"gts_text\" id=\"gts_text_2\">Tiene un pico muy largo curvado hacia abajo y <\/span><span class=\"gts_text\" id=\"gts_text_4\">mide cerca de 185 mm\u00a0 de largo.<\/span><span class=\"gts_text\" id=\"gts_text_2\"><\/span> <span class=\"gts_text\" id=\"gts_text_3\">El pico de la hembra suele ser m\u00e1s largo que el del macho.<\/span> <span class=\"gts_text\" id=\"gts_text_4\"><br \/>\n<\/span><\/p>\n<figure id=\"attachment_1361\" aria-describedby=\"caption-attachment-1361\" style=\"width: 300px\" class=\"wp-caption alignright\"><a href=\"http:\/\/www.big-animals.com\/wp-content\/uploads\/2011\/06\/Far_Eastern_Curlew.jpg\"><img loading=\"lazy\" decoding=\"async\" class=\"size-medium wp-image-1361 gts_attribute gts_attribute_1_alt gts_attribute_4_title\" title=\"\u00a1El zarapito de Extremo Oriente tiene un pico muy largo!\" alt=\"\u00a1El zarapito de Extremo Oriente tiene un pico muy largo!\" src=\"http:\/\/www.big-animals.com\/wp-content\/uploads\/2011\/06\/Far_Eastern_Curlew-300x196.jpg\" width=\"300\" height=\"196\" \/><\/a><figcaption id=\"caption-attachment-1361\" class=\"wp-caption-text\">\u00a1El pico del zarapito de Siberia es muy largo!<\/figcaption><\/figure>\n<p><span class=\"gts_text\" id=\"gts_text_5\">Es un ave marr\u00f3n, cuyo cuello y extremidades son largos y en total mide unos 63 cm. La longitud de sus patas <\/span><span class=\"gts_text\" id=\"gts_text_8\">le permite andar por el agua en zonas humedas y en pastizales templados.<\/span> <span class=\"gts_text\" id=\"gts_text_9\">Puede observars en zonas costeras en el noreste y el sur de Australia, incluida Tasmania.<\/span>\u00a0Es muy poco frecuente que se encuentre tierra adentro.\u00a0<span class=\"gts_text\" id=\"gts_text_11\">Tambi\u00e9n se habita en pa\u00edses asi\u00e1ticos como Jap\u00f3n, Corea y Borneo.\u00a0Les encanta vivir en marismas, praderas marinas, en costas protegidas, especialmente en manglares, bah\u00edas y lagunas.<\/span><\/p>\n<p><span class=\"gts_text\" id=\"gts_text_12\">El zarapito de Siberia cr\u00eda en el noreste asi\u00e1tico, desde Siberia hasta Kamchatka y Mongolia.<\/span>\u00a0Para poner los huevos, suele elegir zonas h\u00famedas pantanosas y cenagosas, as\u00ed como<span class=\"gts_text\" id=\"gts_text_13\"> las orillas de los lagos.<\/span> <span class=\"gts_text\" id=\"gts_text_14\">Emigra de las \u00e1reas de cr\u00eda desde mediados de julio hasta finales de septiembre.<\/span> <span class=\"gts_text\" id=\"gts_text_15\">El zarapito de Siberia es una especie migratoria.<\/span><\/p>\n<p><span class=\"gts_text\" id=\"gts_text_16\">Estas aves utilizan el pico curvado y largo para cavar en el lodo y obtener la comida. Se alimentan de<\/span><span class=\"gts_text\" id=\"gts_text_17\">\u00a0peque\u00f1os cangrejos y moluscos.<\/span> <span class=\"gts_text\" id=\"gts_text_18\">Suelen hacerlo a solas, pero habitualmente migran y descansan en grandes bandadas.<\/span> <span class=\"gts_text\" id=\"gts_text_19\">Su reclamo es un silbido agudo y claro, \u201ccuuue-reee\u201d, un sonito que emiten, por lo general, de manera constante.<\/span><\/p>\n<figure id=\"attachment_1362\" aria-describedby=\"caption-attachment-1362\" style=\"width: 300px\" class=\"wp-caption aligncenter\"><a href=\"http:\/\/www.big-animals.com\/wp-content\/uploads\/2011\/06\/Far_Eastern_Curlew_and_Human.png\"><img loading=\"lazy\" decoding=\"async\" class=\"size-medium wp-image-1362 gts_attribute gts_attribute_2_alt gts_attribute_5_title\" title=\"El zarapito de Extremo Oriente es el ave zancuda m\u00e1s grande o la ave costera del mundo\" alt=\"El zarapito de Extremo Oriente es el ave zancuda m\u00e1s grande o la ave costera del mundo\" src=\"http:\/\/www.big-animals.com\/wp-content\/uploads\/2011\/06\/Far_Eastern_Curlew_and_Human-300x282.png\" width=\"300\" height=\"282\" \/><\/a><figcaption id=\"caption-attachment-1362\" class=\"wp-caption-text\">El zarapito de Siberia es ave lim\u00edcola o zancuda m\u00e1s grande del mundo<\/figcaption><\/figure>\n","protected":false},"excerpt":{"rendered":"<p>El zarapito de Siberia es el\u00a0ave lim\u00edcola\u00a0m\u00e1s grande y el escolop\u00e1cido m\u00e1s grande del mundo. Tiene un pico muy largo curvado hacia abajo y mide cerca de 185 mm\u00a0 de largo. El pico de la hembra suele ser m\u00e1s largo que el del macho. Es un ave marr\u00f3n, cuyo cuello y extremidades son largos y &hellip; <a href=\"https:\/\/www.big-animals.com\/es\/lejos-del-este-zarapito\/\" class=\"more-link\">Continue reading <span class=\"screen-reader-text\">Zarapito de Siberia<\/span><\/a><\/p>\n","protected":false},"author":1,"featured_media":0,"parent":0,"menu_order":0,"comment_status":"closed","ping_status":"open","template":"","meta":{"_acf_changed":false,"footnotes":""},"acf":[],"_links":{"self":[{"href":"https:\/\/www.big-animals.com\/es\/wp-json\/wp\/v2\/pages\/342"}],"collection":[{"href":"https:\/\/www.big-animals.com\/es\/wp-json\/wp\/v2\/pages"}],"about":[{"href":"https:\/\/www.big-animals.com\/es\/wp-json\/wp\/v2\/types\/page"}],"author":[{"embeddable":true,"href":"https:\/\/www.big-animals.com\/es\/wp-json\/wp\/v2\/users\/1"}],"replies":[{"embeddable":true,"href":"https:\/\/www.big-animals.com\/es\/wp-json\/wp\/v2\/comments?post=342"}],"version-history":[{"count":4,"href":"https:\/\/www.big-animals.com\/es\/wp-json\/wp\/v2\/pages\/342\/revisions"}],"predecessor-version":[{"id":923,"href":"https:\/\/www.big-animals.com\/es\/wp-json\/wp\/v2\/pages\/342\/revisions\/923"}],"wp:attachment":[{"href":"https:\/\/www.big-animals.com\/es\/wp-json\/wp\/v2\/media?parent=342"}],"curies":[{"name":"wp","href":"https:\/\/api.w.org\/{rel}","templated":true}]}}