{"id":343,"date":"2011-06-18T00:42:26","date_gmt":"2011-06-18T00:42:26","guid":{"rendered":""},"modified":"2014-03-30T04:45:52","modified_gmt":"2014-03-29T20:45:52","slug":"alcaravan-picogrueso-australiano","status":"publish","type":"page","link":"https:\/\/www.big-animals.com\/es\/alcaravan-picogrueso-australiano\/","title":{"rendered":"Alcarav\u00e1n picogrueso australiano"},"content":{"rendered":"<p><span class=\"gts_text\" id=\"gts_text_1\">El alcarav\u00e1n picogrueso australiano tambi\u00e9n se conoce como alcarav\u00e1n grande australiano o alcarav\u00e1n de playa.<\/span> <span class=\"gts_text\" id=\"gts_text_2\">Es el\u00a0<a class=\" gts_attribute gts_attribute_2_title\" title=\"Aves zancudas\" href=\"http:\/\/www.big-animals.com\/es\/aves-zancudas\/\">ave lim\u00edcola<\/a>\u00a0m\u00e1s grande del mundo.<\/span> <span class=\"gts_text\" id=\"gts_text_3\">Mide unos 55 cm de largo y pesa alrededor de 1 kg.<\/span> <span class=\"gts_text\" id=\"gts_text_4\">Se puede encontrar en diversos puntos del planeta: las islas del Sudeste Asi\u00e1tico, India, la costa este de Australia, as\u00ed como al sur y este de Victoria, la costa norte australiana y las islas cercanas, como Nueva Guinea, Nueva Caledonia, Indonesia, Malasia y las Filipinas.<\/span><\/p>\n<figure id=\"attachment_1365\" aria-describedby=\"caption-attachment-1365\" style=\"width: 300px\" class=\"wp-caption alignright\"><a href=\"http:\/\/www.big-animals.com\/wp-content\/uploads\/2011\/06\/Beach_Thick-knee.jpg\"><img loading=\"lazy\" decoding=\"async\" class=\"size-medium wp-image-1365 gts_attribute gts_attribute_1_alt gts_attribute_3_title\" title=\"El alcarav\u00e1n australiano es la ave costera m\u00e1s pesada del mundo\" alt=\"El alcarav\u00e1n australiano es la ave costera m\u00e1s pesada del mundo\" src=\"http:\/\/www.big-animals.com\/wp-content\/uploads\/2011\/06\/Beach_Thick-knee-300x255.jpg\" width=\"300\" height=\"255\" \/><\/a><figcaption id=\"caption-attachment-1365\" class=\"wp-caption-text\">El alcarav\u00e1n picogrueso australiano es el ave lim\u00edcola m\u00e1s grande del mundo.<\/figcaption><\/figure>\n<p><span class=\"gts_text\" id=\"gts_text_5\">Es un ave lim\u00edcola muy grande.<\/span> <span class=\"gts_text\" id=\"gts_text_6\">Los adultos tienen una cabeza grande, un gran pico que curvado hacia arriba, una postura encorvada, patas fuertes y rodillas anchas.<\/span>\u00a0De hecho, e<span class=\"gts_text\" id=\"gts_text_7\">stas &#8220;<\/span><span class=\"gts_text\" id=\"gts_text_7\">rodillas anchas&#8221; son los tobillos.<\/span> <span class=\"gts_text\" id=\"gts_text_8\">El torso es principalmente de un color gris amarronado.<\/span> <span class=\"gts_text\" id=\"gts_text_9\">La cara, los hombros y las alas secundarias tienen un dise\u00f1o blanco y negro.<\/span> <span class=\"gts_text\" id=\"gts_text_10\">El cuello y el pecho son de un gris amarronado m\u00e1s p\u00e1lido.<\/span> <span class=\"gts_text\" id=\"gts_text_11\">El vientre es blanco, al igual que las alas, que presentan algo de negro en las extremidades.<\/span> <span class=\"gts_text\" id=\"gts_text_12\">El gran pico de estas aves es amarillo en la base y negro en la punta.<\/span> <span class=\"gts_text\" id=\"gts_text_13\">Sus ojos son amarillos grandes y un parche ancho con franjas blancas por encima y por debajo de los ojos.<\/span><\/p>\n<p><span class=\"gts_text\" id=\"gts_text_14\">Les encanta estar en playas abiertas tranquilas, arrecifes expuestos, manglares y marismas.<\/span> <span class=\"gts_text\" id=\"gts_text_15\">Se alimentan de d\u00eda y de noche.<\/span> <span class=\"gts_text\" id=\"gts_text_16\">Se mueven lentamente y a veces pueden correr cortas distancias.<\/span> <span class=\"gts_text\" id=\"gts_text_17\">Cazan cangrejos y otras criaturas marinas en marismas y fosos de arena.<\/span> <span class=\"gts_text\" id=\"gts_text_18\">Emiten un sonido similar a un llanto.<\/span> <span class=\"gts_text\" id=\"gts_text_19\">Sit\u00faan sus nidos en fosos de arena o en islas de estuarios, entre los manglares o en la arena del pastizal.<\/span><\/p>\n<p><span class=\"gts_text\" id=\"gts_text_20\">La hembra pone un solo huevo cada temporada.<\/span> <span class=\"gts_text\" id=\"gts_text_21\">Sin embargo, si se da cuenta de que ha perdido su primer huevo, puede poner un segundo.<\/span> <span class=\"gts_text\" id=\"gts_text_22\">\u00bfNo es interesante?<\/span> <span class=\"gts_text\" id=\"gts_text_23\">Una vez que el polluelo ha nacido, los padres lo cuidar\u00e1n hasta que tenga entre 7 y 12 meses de vida.<\/span><\/p>\n<p><span class=\"gts_text\" id=\"gts_text_24\">Estas aves est\u00e1n clasificadas en v\u00edas de extinci\u00f3n en Nueva Gales del Sur.<\/span>\u00a0Su poblaci\u00f3n se ha visto afectada por la\u00a0<span class=\"gts_text\" id=\"gts_text_25\">p\u00e9rdida de su h\u00e1bitat, causada por la construcci\u00f3n de casas y f\u00e1bricas cerca de donde viven.<\/span><\/p>\n<p><span class=\"gts_text\" id=\"gts_text_26\">\u00a0<\/span><\/p>\n","protected":false},"excerpt":{"rendered":"<p>El alcarav\u00e1n picogrueso australiano tambi\u00e9n se conoce como alcarav\u00e1n grande australiano o alcarav\u00e1n de playa. Es el\u00a0ave lim\u00edcola\u00a0m\u00e1s grande del mundo. Mide unos 55 cm de largo y pesa alrededor de 1 kg. Se puede encontrar en diversos puntos del planeta: las islas del Sudeste Asi\u00e1tico, India, la costa este de Australia, as\u00ed como al &hellip; <a href=\"https:\/\/www.big-animals.com\/es\/alcaravan-picogrueso-australiano\/\" class=\"more-link\">Continue reading <span class=\"screen-reader-text\">Alcarav\u00e1n picogrueso australiano<\/span><\/a><\/p>\n","protected":false},"author":1,"featured_media":0,"parent":0,"menu_order":0,"comment_status":"closed","ping_status":"open","template":"","meta":{"_acf_changed":false,"footnotes":""},"acf":[],"_links":{"self":[{"href":"https:\/\/www.big-animals.com\/es\/wp-json\/wp\/v2\/pages\/343"}],"collection":[{"href":"https:\/\/www.big-animals.com\/es\/wp-json\/wp\/v2\/pages"}],"about":[{"href":"https:\/\/www.big-animals.com\/es\/wp-json\/wp\/v2\/types\/page"}],"author":[{"embeddable":true,"href":"https:\/\/www.big-animals.com\/es\/wp-json\/wp\/v2\/users\/1"}],"replies":[{"embeddable":true,"href":"https:\/\/www.big-animals.com\/es\/wp-json\/wp\/v2\/comments?post=343"}],"version-history":[{"count":14,"href":"https:\/\/www.big-animals.com\/es\/wp-json\/wp\/v2\/pages\/343\/revisions"}],"predecessor-version":[{"id":963,"href":"https:\/\/www.big-animals.com\/es\/wp-json\/wp\/v2\/pages\/343\/revisions\/963"}],"wp:attachment":[{"href":"https:\/\/www.big-animals.com\/es\/wp-json\/wp\/v2\/media?parent=343"}],"curies":[{"name":"wp","href":"https:\/\/api.w.org\/{rel}","templated":true}]}}