{"id":344,"date":"2011-06-25T21:29:33","date_gmt":"2011-06-25T21:29:33","guid":{"rendered":""},"modified":"2014-03-30T05:23:41","modified_gmt":"2014-03-29T21:23:41","slug":"columbidae","status":"publish","type":"page","link":"https:\/\/www.big-animals.com\/es\/columbidae\/","title":{"rendered":"Columbidae"},"content":{"rendered":"<p><span class=\"gts_text\" id=\"gts_text_1\">Las palomas y las t\u00f3rtolas pertenecen a la familia\u00a0<em>Columbidae<\/em> del grupo de las <a title=\"\u00a1Las aves m\u00e1s grandes del mundo!\" href=\"http:\/\/www.big-animals.com\/es\/mundo-grandes-aves\/\">aves<\/a>.<\/span> <span class=\"gts_text\" id=\"gts_text_2\">Son p\u00e1jaros con el cuerpo corpulento, el cuello corto y el pico corto y fino que tiene un bulto suave y carnoso.<\/span>\u00a0<span class=\"gts_text\" id=\"gts_text_3\">Tienen las piernas cortas y la cabeza peque\u00f1a.<\/span> <span class=\"gts_text\" id=\"gts_text_4\">Tienen las alas grandes.<\/span> <span class=\"gts_text\" id=\"gts_text_5\">Las palomas tienen los m\u00fasculos de alas fuertes, por eso est\u00e1n entre los voladores m\u00e1s fuertes del grupo de las aves.<\/span><\/p>\n<p><span class=\"gts_text\" id=\"gts_text_6\">Las palomas y las t\u00f3rtolas construyen nidos bastante fr\u00e1giles con palitos y otros restos.<\/span> <span class=\"gts_text\" id=\"gts_text_7\">Pueden construir sus nidos en las ramas de los \u00e1rboles o incluso en el suelo, depende de la especie.\u00a0<\/span>\u00a0L<span class=\"gts_text\" id=\"gts_text_8\">a hembra pone 1 o 2 huevos cada vez.<\/span> <span class=\"gts_text\" id=\"gts_text_9\">Ambos padres cuidan de sus polluelos.<\/span> <span class=\"gts_text\" id=\"gts_text_10\">Los pollitos dejan el nido despu\u00e9s de 7 a 28 d\u00edas.<\/span> <span class=\"gts_text\" id=\"gts_text_11\">Producen leche de buche para sus polluelos.<\/span><\/p>\n<p><span class=\"gts_text\" id=\"gts_text_12\">Hay diversos tama\u00f1os de palomas y t\u00f3rtolas en el mundo.<\/span> <span class=\"gts_text\" id=\"gts_text_13\">Las especies m\u00e1s grandes son las <a title=\"Guras\" href=\"http:\/\/www.big-animals.com\/es\/gura\/\">guras <\/a>de Nueva Guinea que son casi del tama\u00f1o de un pavo.<\/span> <span class=\"gts_text\" id=\"gts_text_14\">Pesan entre 2 y 4 kg.<\/span>\u00a0Las m\u00e1s peque\u00f1as son las tortolitas azules del Nuevo Mundo que casi son del mismo tama\u00f1o que los gorriones comunes<span class=\"gts_text\" id=\"gts_text_15\">.<\/span> <span class=\"gts_text\" id=\"gts_text_16\">Pesan solamente 22 gramos.<\/span>\u00a0La especie m\u00e1s grande que habita en los \u00e1rboles es la <a title=\"Paloma imperial de Marquesan\" href=\"http:\/\/www.big-animals.com\/es\/marquesan-imperial-paloma\/\">d\u00facula de las marquesas<\/a>. Tiene<span class=\"gts_text\" id=\"gts_text_17\"><\/span><span class=\"gts_text\" id=\"gts_text_18\">\u00a0m\u00e1s de 50 cm de largo y pesa casi un kilo.<\/span> <span class=\"gts_text\" id=\"gts_text_19\">Sin embargo, el tilopo enano es la especia m\u00e1s peque\u00f1a que habita en los \u00e1rboles, ya que m<\/span>ide\u00a0<span class=\"gts_text\" id=\"gts_text_20\">solamente 13 cm.<\/span>\u00a0Las especies m\u00e1s peque\u00f1as suelen conocerse como palomas y las especies m\u00e1s grandes como t\u00f3rtolas.\u00a0<span class=\"gts_text\" id=\"gts_text_21\"><\/span><span class=\"gts_text\" id=\"gts_text_22\">\u00a0El m\u00e1s grande de todos los tiempos es el mundialmente conocido <a title=\"Dodo\" href=\"http:\/\/www.big-animals.com\/es\/dodo\/\">dodo<\/a>.<\/span><\/p>\n<p><span class=\"gts_text\" id=\"gts_text_23\">Las palomas y las t\u00f3rtolas se alimentan de semillas, frutas y plantas.<\/span> <span class=\"gts_text\" id=\"gts_text_24\">Se pueden divididos en 2 grupos: el grupo que come grano y el grupo que come fruta.<\/span> L<span class=\"gts_text\" id=\"gts_text_25\">as que comen grano se alimentan normalmente en el suelo, mientras que frug\u00edvoras tienden a alimentarse en los \u00e1rboles.<\/span> <span class=\"gts_text\" id=\"gts_text_26\">Pueden aferrarse a las ramas del \u00e1rbol e incluso colgarse al rev\u00e9s para llegar a las frutas.<\/span> <span class=\"gts_text\" id=\"gts_text_27\">Hay algunas especies como las tortolitas azules y las palomas perdiz que tambi\u00e9n se alimentan de presas como insectos y gusanos, adem\u00e1s de comer frutas y semillas.<\/span><\/p>\n<figure id=\"attachment_1404\" aria-describedby=\"caption-attachment-1404\" style=\"width: 163px\" class=\"wp-caption alignleft\"><a href=\"http:\/\/www.big-animals.com\/wp-content\/uploads\/2011\/06\/Ptilinopus_Melanospilus.jpg\"><img loading=\"lazy\" decoding=\"async\" class=\"size-medium wp-image-1404 gts_attribute gts_attribute_1_alt gts_attribute_6_title\" title=\"Ptilinopus es muy colorido\" alt=\"Ptilinopus es muy colorido\" src=\"http:\/\/www.big-animals.com\/wp-content\/uploads\/2011\/06\/Ptilinopus_Melanospilus-163x300.jpg\" width=\"163\" height=\"300\" \/><\/a><figcaption id=\"caption-attachment-1404\" class=\"wp-caption-text\">Los tilopos son muy coloridos<\/figcaption><\/figure>\n<p><span class=\"gts_text\" id=\"gts_text_28\">Las que comen granos tienden a tener un plumaje aburrido, con algunas excepciones.<\/span> <span class=\"gts_text\" id=\"gts_text_29\">Las comedoras de fruta son m\u00e1s coloridas. Por ejemplo, los tilopos tienen colores muy vivos.<\/span><span class=\"gts_text\" id=\"gts_text_30\"><br \/>\n<\/span><\/p>\n<p><span class=\"gts_text\" id=\"gts_text_31\">Se pueden encontrar palomas y t\u00f3rtolas por todo el mundo, excepto en las \u00e1reas m\u00e1s secas como el desierto del S\u00e1hara y en las \u00e1reas m\u00e1s fr\u00edas como la Ant\u00e1rtida, las islas de alrededor y el \u00c1rtico.<\/span>\u00a0A l<span class=\"gts_text\" id=\"gts_text_32\">a mayor\u00eda les encantan las selvas y los bosques tropicales.<\/span> <span class=\"gts_text\" id=\"gts_text_33\">Pueden vivir en los \u00e1rboles o en tierra.<\/span> <span class=\"gts_text\" id=\"gts_text_34\">Algunas especies tambi\u00e9n viven en sabanas, praderas, desiertos, arboledas de clima templado y bosques.<\/span><\/p>\n<p><span class=\"gts_text\" id=\"gts_text_35\">Hay algunas especies de paloma y de t\u00f3rtola que se cazan por su carne.<\/span> <span class=\"gts_text\" id=\"gts_text_36\">Por ejemplo, en Europa las palomas torcaces se han criado por esta raz\u00f3n.<\/span> <span class=\"gts_text\" id=\"gts_text_37\">Aparte de eso, las t\u00f3rtolas tambi\u00e9n han contribuido a la Primera Guerra Mundial y a la Segunda.<\/span> <span class=\"gts_text\" id=\"gts_text_38\">Han entregado con coraje planos importantes a las fuerzas aliadas en la frontera de Alemania.<\/span>\u00a0Se honraron por<span class=\"gts_text\" id=\"gts_text_39\">\u00a0su valor.<\/span><\/p>\n<p><span class=\"gts_text\" id=\"gts_text_40\">\u00a0<\/span><\/p>\n<p><span class=\"gts_text\" id=\"gts_text_41\">\u00a0<\/span><\/p>\n<p><span class=\"gts_text\" id=\"gts_text_42\">\u00a0<\/span><\/p>\n","protected":false},"excerpt":{"rendered":"<p>Las palomas y las t\u00f3rtolas pertenecen a la familia\u00a0Columbidae del grupo de las aves. Son p\u00e1jaros con el cuerpo corpulento, el cuello corto y el pico corto y fino que tiene un bulto suave y carnoso.\u00a0Tienen las piernas cortas y la cabeza peque\u00f1a. Tienen las alas grandes. Las palomas tienen los m\u00fasculos de alas fuertes, &hellip; <a href=\"https:\/\/www.big-animals.com\/es\/columbidae\/\" class=\"more-link\">Continue reading <span class=\"screen-reader-text\">Columbidae<\/span><\/a><\/p>\n","protected":false},"author":1,"featured_media":0,"parent":0,"menu_order":0,"comment_status":"closed","ping_status":"open","template":"","meta":{"_acf_changed":false,"footnotes":""},"acf":[],"_links":{"self":[{"href":"https:\/\/www.big-animals.com\/es\/wp-json\/wp\/v2\/pages\/344"}],"collection":[{"href":"https:\/\/www.big-animals.com\/es\/wp-json\/wp\/v2\/pages"}],"about":[{"href":"https:\/\/www.big-animals.com\/es\/wp-json\/wp\/v2\/types\/page"}],"author":[{"embeddable":true,"href":"https:\/\/www.big-animals.com\/es\/wp-json\/wp\/v2\/users\/1"}],"replies":[{"embeddable":true,"href":"https:\/\/www.big-animals.com\/es\/wp-json\/wp\/v2\/comments?post=344"}],"version-history":[{"count":8,"href":"https:\/\/www.big-animals.com\/es\/wp-json\/wp\/v2\/pages\/344\/revisions"}],"predecessor-version":[{"id":937,"href":"https:\/\/www.big-animals.com\/es\/wp-json\/wp\/v2\/pages\/344\/revisions\/937"}],"wp:attachment":[{"href":"https:\/\/www.big-animals.com\/es\/wp-json\/wp\/v2\/media?parent=344"}],"curies":[{"name":"wp","href":"https:\/\/api.w.org\/{rel}","templated":true}]}}