{"id":346,"date":"2011-06-25T23:04:09","date_gmt":"2011-06-25T23:04:09","guid":{"rendered":""},"modified":"2014-04-02T16:04:58","modified_gmt":"2014-04-02T08:04:58","slug":"gura","status":"publish","type":"page","link":"https:\/\/www.big-animals.com\/es\/gura\/","title":{"rendered":"Gura"},"content":{"rendered":"<figure id=\"attachment_1409\" aria-describedby=\"caption-attachment-1409\" style=\"width: 140px\" class=\"wp-caption alignleft\"><a href=\"http:\/\/www.big-animals.com\/wp-content\/uploads\/2011\/06\/Victoria_Crowned_Pigeon.jpg\"><img loading=\"lazy\" decoding=\"async\" class=\"size-medium wp-image-1409 gts_attribute gts_attribute_1_alt gts_attribute_2_title\" title=\"La paloma coronada Victoria\" alt=\"La paloma coronada Victoria\" src=\"http:\/\/www.big-animals.com\/wp-content\/uploads\/2011\/06\/Victoria_Crowned_Pigeon-140x300.jpg\" width=\"140\" height=\"300\" \/><\/a><figcaption id=\"caption-attachment-1409\" class=\"wp-caption-text\">Gura victoria<\/figcaption><\/figure>\n<p><span class=\"gts_text\" id=\"gts_text_1\">Existen tres <a title=\"Columbidae\" href=\"http:\/\/www.big-animals.com\/es\/columbidae\/\">guras<\/a>\u00a0grandes en el mundo.<\/span>\u00a0Estas s<span class=\"gts_text\" id=\"gts_text_2\">on la g<i>oura cristata<\/i>, la <em>goura scheepmakeri<\/em> y la <em>goura victoria<\/em>.<\/span> Su t<span class=\"gts_text\" id=\"gts_text_3\">ama\u00f1o se asemeja al de un pavo.<\/span> <span class=\"gts_text\" id=\"gts_text_4\">Pesan entre 2 y 4 kg.<\/span> <span class=\"gts_text\" id=\"gts_text_5\">Son los miembros m\u00e1s grandes de la familia de las palomas.<\/span> <span class=\"gts_text\" id=\"gts_text_6\">Las tres guras son muy parecidas.<\/span><\/p>\n<p><span class=\"gts_text\" id=\"gts_text_7\">Son aves grandes de color azul gris\u00e1ceo con marr\u00f3n oscuro en la parte inferior.<\/span> <span class=\"gts_text\" id=\"gts_text_8\">Se diferencian de otras palomas en que tienen 16 plumas en la cola en vez de s\u00f3lo 12.<\/span><\/p>\n<p><span class=\"gts_text\" id=\"gts_text_9\">Viven en Nueva Guinea y en algunas islas circundantes.<\/span> <span class=\"gts_text\" id=\"gts_text_10\">Se alimentan de frutas, semillas y caracoles.<\/span> <span class=\"gts_text\" id=\"gts_text_11\">Los machos y las hembras son casi id\u00e9nticos.<\/span> <span class=\"gts_text\" id=\"gts_text_12\">Tanto la madre como el padre ayudan a mantener el huevo caliente, que<\/span><span class=\"gts_text\" id=\"gts_text_13\"> tarda cerca de 28-30 d\u00edas en romperse.<\/span> <span class=\"gts_text\" id=\"gts_text_14\">El huevo es blanco.<\/span> <span class=\"gts_text\" id=\"gts_text_15\">Producen leche de buche como los flamencos para alimentar a sus cr\u00edas.<\/span> Tanto la <span class=\"gts_text\" id=\"gts_text_16\">madre como el padre pueden producir esta leche. La cr\u00eda<\/span><span class=\"gts_text\" id=\"gts_text_17\">\u00a0tarda 30 d\u00edas en estar lista para volar y ser independiente.<\/span> <span class=\"gts_text\" id=\"gts_text_18\">Su esperanza de vida es de unos 20 a\u00f1os.<\/span><\/p>\n<p><span class=\"gts_text\" id=\"gts_text_19\">Hacen sus nidos con las ramitas y las ra\u00edces de arbustos y \u00e1rboles.<\/span> <span class=\"gts_text\" id=\"gts_text_20\">Tienen preferencia por los \u00e1rboles altos.<\/span> <span class=\"gts_text\" id=\"gts_text_21\">Tienden a ser compa\u00f1eros fieles toda la vida.<\/span> <span class=\"gts_text\" id=\"gts_text_22\">Comienzan su d\u00eda emitiendo un coro de llamadas antes de salir a cazar.<\/span> <span class=\"gts_text\" id=\"gts_text_23\">No sorben al beber, sino que sumergen su pico y absorben el agua.<\/span> <span class=\"gts_text\" id=\"gts_text_24\">Este funciona como una pajita para ellos.<\/span> <span class=\"gts_text\" id=\"gts_text_25\">Se mueven en bandadas durante el d\u00eda y descansan de la misma manera por la noche.<\/span> <span class=\"gts_text\" id=\"gts_text_26\">Prefieren estar acompa\u00f1ados y tienden a estar m\u00e1s protegidos de sus depredadores cuando est\u00e1n en bandada.<\/span><\/p>\n<p><span class=\"gts_text\" id=\"gts_text_27\">Estas guras se cazan por sus hermosas crestas de sus cabezas y tambi\u00e9n por su deliciosa carne.<\/span> <span class=\"gts_text\" id=\"gts_text_28\">Por lo tanto, con el fin de evitar la extinci\u00f3n de estas grandes palomas, actualmente existen leyes para protegerlas.<\/span> <span class=\"gts_text\" id=\"gts_text_29\">Sin embargo, han desaparecido casi completamente, en especial cerca de sus lugares habitados.<\/span> <span class=\"gts_text\" id=\"gts_text_30\">Se dice que todav\u00eda son muy com\u00fanes en las selvas salvajes de Nueva Guinea.<\/span><\/p>\n<p><span class=\"gts_text\" id=\"gts_text_31\">\u00a0<\/span><\/p>\n","protected":false},"excerpt":{"rendered":"<p>Existen tres guras\u00a0grandes en el mundo.\u00a0Estas son la goura cristata, la goura scheepmakeri y la goura victoria. Su tama\u00f1o se asemeja al de un pavo. Pesan entre 2 y 4 kg. Son los miembros m\u00e1s grandes de la familia de las palomas. Las tres guras son muy parecidas. Son aves grandes de color azul gris\u00e1ceo &hellip; <a href=\"https:\/\/www.big-animals.com\/es\/gura\/\" class=\"more-link\">Continue reading <span class=\"screen-reader-text\">Gura<\/span><\/a><\/p>\n","protected":false},"author":1,"featured_media":0,"parent":0,"menu_order":0,"comment_status":"closed","ping_status":"open","template":"","meta":{"_acf_changed":false,"footnotes":""},"acf":[],"_links":{"self":[{"href":"https:\/\/www.big-animals.com\/es\/wp-json\/wp\/v2\/pages\/346"}],"collection":[{"href":"https:\/\/www.big-animals.com\/es\/wp-json\/wp\/v2\/pages"}],"about":[{"href":"https:\/\/www.big-animals.com\/es\/wp-json\/wp\/v2\/types\/page"}],"author":[{"embeddable":true,"href":"https:\/\/www.big-animals.com\/es\/wp-json\/wp\/v2\/users\/1"}],"replies":[{"embeddable":true,"href":"https:\/\/www.big-animals.com\/es\/wp-json\/wp\/v2\/comments?post=346"}],"version-history":[{"count":15,"href":"https:\/\/www.big-animals.com\/es\/wp-json\/wp\/v2\/pages\/346\/revisions"}],"predecessor-version":[{"id":941,"href":"https:\/\/www.big-animals.com\/es\/wp-json\/wp\/v2\/pages\/346\/revisions\/941"}],"wp:attachment":[{"href":"https:\/\/www.big-animals.com\/es\/wp-json\/wp\/v2\/media?parent=346"}],"curies":[{"name":"wp","href":"https:\/\/api.w.org\/{rel}","templated":true}]}}