{"id":347,"date":"2011-06-25T23:36:49","date_gmt":"2011-06-25T23:36:49","guid":{"rendered":""},"modified":"2014-03-30T05:27:20","modified_gmt":"2014-03-29T21:27:20","slug":"dodo","status":"publish","type":"page","link":"https:\/\/www.big-animals.com\/es\/dodo\/","title":{"rendered":"Dodo"},"content":{"rendered":"<figure id=\"attachment_1416\" aria-describedby=\"caption-attachment-1416\" style=\"width: 300px\" class=\"wp-caption alignleft\"><a href=\"http:\/\/www.big-animals.com\/wp-content\/uploads\/2011\/06\/Dodo_and_Human.png\"><img loading=\"lazy\" decoding=\"async\" class=\"size-medium wp-image-1416 gts_attribute gts_attribute_1_alt gts_attribute_2_title\" title=\"El dodo era nunca la paloma m\u00e1s grande\" alt=\"El dodo era nunca la paloma m\u00e1s grande\" src=\"http:\/\/www.big-animals.com\/wp-content\/uploads\/2011\/06\/Dodo_and_Human-300x244.png\" width=\"300\" height=\"244\" \/><\/a><figcaption id=\"caption-attachment-1416\" class=\"wp-caption-text\">El dodo es la paloma m\u00e1s grande que ha existido<\/figcaption><\/figure>\n<p><span class=\"gts_text\" id=\"gts_text_1\">El dodo es la <a class=\" gts_attribute gts_attribute_3_title\" title=\"Columbidae\" href=\"http:\/\/www.big-animals.com\/es\/columbidae\/\">paloma<\/a> m\u00e1s grande que ha existido en el mundo.<\/span> <span class=\"gts_text\" id=\"gts_text_2\">No pod\u00eda volar y vivi\u00f3 en las islas Mauricio.<\/span> <span class=\"gts_text\" id=\"gts_text_3\">Med\u00eda 1 metro de alto y pesaba aproximadamente 23 kg.<\/span> <span class=\"gts_text\" id=\"gts_text_4\">Com\u00eda frutas.<\/span> <span class=\"gts_text\" id=\"gts_text_5\">Como no pod\u00eda volar, hac\u00eda sus nidos en tierra.<\/span><\/p>\n<p><span class=\"gts_text\" id=\"gts_text_6\">Se considera extinto desde mediados a finales del siglo XVII.<\/span> <span class=\"gts_text\" id=\"gts_text_7\">El dodo ten\u00eda plumas gris\u00e1ceas y marrones.<\/span> <span class=\"gts_text\" id=\"gts_text_8\">Ten\u00eda un largo pico en forma de gancho que med\u00eda cerca de 23 cm.<\/span> <span class=\"gts_text\" id=\"gts_text_9\">Sus alas eran muy peque\u00f1as, las piernas eran gruesas de color amarillo y ten\u00eda un mech\u00f3n de plumas rizadas en el extremo de su espalda.<\/span><\/p>\n<p><span class=\"gts_text\" id=\"gts_text_10\">Como no pod\u00eda volar y no le ten\u00eda miedo a los seres humanos, era muy f\u00e1cil cazarlo.<\/span> <span class=\"gts_text\" id=\"gts_text_11\">Cuando los seres humanos llegaron a las islas Mauricio, tambi\u00e9n llevaron otros animales como perros, cerdos, ratas y macacos cangrejeros que atacaron los nidos del dodo.<\/span> <span class=\"gts_text\" id=\"gts_text_12\">Hoy en d\u00eda, el dodo se encuentra extinto.<\/span><\/p>\n<p><span class=\"gts_text\" id=\"gts_text_13\">\u00a0<\/span><\/p>\n","protected":false},"excerpt":{"rendered":"<p>El dodo es la paloma m\u00e1s grande que ha existido en el mundo. No pod\u00eda volar y vivi\u00f3 en las islas Mauricio. Med\u00eda 1 metro de alto y pesaba aproximadamente 23 kg. Com\u00eda frutas. Como no pod\u00eda volar, hac\u00eda sus nidos en tierra. Se considera extinto desde mediados a finales del siglo XVII. El dodo &hellip; <a href=\"https:\/\/www.big-animals.com\/es\/dodo\/\" class=\"more-link\">Continue reading <span class=\"screen-reader-text\">Dodo<\/span><\/a><\/p>\n","protected":false},"author":1,"featured_media":0,"parent":0,"menu_order":0,"comment_status":"closed","ping_status":"open","template":"","meta":{"_acf_changed":false,"footnotes":""},"acf":[],"_links":{"self":[{"href":"https:\/\/www.big-animals.com\/es\/wp-json\/wp\/v2\/pages\/347"}],"collection":[{"href":"https:\/\/www.big-animals.com\/es\/wp-json\/wp\/v2\/pages"}],"about":[{"href":"https:\/\/www.big-animals.com\/es\/wp-json\/wp\/v2\/types\/page"}],"author":[{"embeddable":true,"href":"https:\/\/www.big-animals.com\/es\/wp-json\/wp\/v2\/users\/1"}],"replies":[{"embeddable":true,"href":"https:\/\/www.big-animals.com\/es\/wp-json\/wp\/v2\/comments?post=347"}],"version-history":[{"count":7,"href":"https:\/\/www.big-animals.com\/es\/wp-json\/wp\/v2\/pages\/347\/revisions"}],"predecessor-version":[{"id":939,"href":"https:\/\/www.big-animals.com\/es\/wp-json\/wp\/v2\/pages\/347\/revisions\/939"}],"wp:attachment":[{"href":"https:\/\/www.big-animals.com\/es\/wp-json\/wp\/v2\/media?parent=347"}],"curies":[{"name":"wp","href":"https:\/\/api.w.org\/{rel}","templated":true}]}}