{"id":348,"date":"2011-07-02T22:40:17","date_gmt":"2011-07-02T22:40:17","guid":{"rendered":""},"modified":"2014-03-26T21:49:26","modified_gmt":"2014-03-26T13:49:26","slug":"galliformes","status":"publish","type":"page","link":"https:\/\/www.big-animals.com\/es\/galliformes\/","title":{"rendered":"Galliformes"},"content":{"rendered":"<figure id=\"attachment_1444\" aria-describedby=\"caption-attachment-1444\" style=\"width: 159px\" class=\"wp-caption alignright\"><a href=\"http:\/\/www.big-animals.com\/wp-content\/uploads\/2011\/07\/Chickens.jpg\"><img loading=\"lazy\" decoding=\"async\" class=\"size-medium wp-image-1444 gts_attribute gts_attribute_1_alt gts_attribute_2_title\" title=\"Las  gallinas son t\u00edpicos  galliformes.\" alt=\"Las gallinas son t\u00edpicos galliformes.\" src=\"http:\/\/www.big-animals.com\/wp-content\/uploads\/2011\/07\/Chickens-159x300.jpg\" width=\"159\" height=\"300\" \/><\/a><figcaption id=\"caption-attachment-1444\" class=\"wp-caption-text\">El pollo es un galliforme t\u00edpico<\/figcaption><\/figure>\n<p><span class=\"gts_text\" id=\"gts_text_1\">Los galliformes pertenecen a la orden de <a class=\" gts_attribute gts_attribute_3_title\" title=\"\u00a1Las aves m\u00e1s grandes del mundo!\" href=\"http:\/\/www.big-animals.com\/es\/mundo-grandes-aves\/\">aves<\/a> de cuerpo compacto y costumbres terrestres.<\/span> <span class=\"gts_text\" id=\"gts_text_2\">Sus <\/span><span class=\"gts_text\" id=\"gts_text_2\">cabezas son <\/span><span class=\"gts_text\" id=\"gts_text_2\">peque\u00f1as y las patas, robustas; a menudo tienen picos cortos y alas cortas.<\/span> <span class=\"gts_text\" id=\"gts_text_3\">Se denominan gallin\u00e1ceas.<\/span> <span class=\"gts_text\" id=\"gts_text_4\">Los machos adultos tienen un espol\u00f3n afilado en el tarso (la parte m\u00e1s delgada de la pata) que utilizan como arma.<\/span> <span class=\"gts_text\" id=\"gts_text_5\">Comprende especies como pavos, urogallos, pollos, codornices, perdices, faisanes y cr\u00e1cidas.<\/span><\/p>\n<p><span class=\"gts_text\" id=\"gts_text_6\">Su tama\u00f1o puede variar desde uno tan peque\u00f1o como 12,5 cm a uno grande de alrededor de 120 cm.<\/span> <span class=\"gts_text\" id=\"gts_text_7\">La m\u00e1s peque\u00f1a es la codorniz azul, que m<\/span><span class=\"gts_text\" id=\"gts_text_8\">ide aproximadamente 12,5 cm de largo y pesa entre 28-40 g.<\/span> <span class=\"gts_text\" id=\"gts_text_9\">\u00a1El galliforme m\u00e1s grande es el <a class=\" gts_attribute gts_attribute_4_title\" title=\"Pavo salvaje de Am\u00e9rica del Norte\" href=\"http:\/\/www.big-animals.com\/es\/norte-americano-salvaje-pavo\/\">pavo salvaje<\/a> que puede llegar a pesar 14 kg y puede ser m\u00e1s grande de 120 cm de largo!<\/span> <span class=\"gts_text\" id=\"gts_text_10\">La envergadura de ala m\u00e1s grande de cualquier ave galliforme es la del <a class=\" gts_attribute gts_attribute_5_title\" title=\"Pavo Real Cuelliverde\" href=\"http:\/\/www.big-animals.com\/es\/pavo-real-cuelliverde\/\">pavo real<\/a> y p<\/span><span class=\"gts_text\" id=\"gts_text_11\">uede alcanzar los 183 cm de largo, lo que incluye su larga cola.<\/span><\/p>\n<p><span class=\"gts_text\" id=\"gts_text_12\">Este grupo tiene m\u00e1s de 250 especies vivas.<\/span> <span class=\"gts_text\" id=\"gts_text_13\">Se encuentran en culquier rinc\u00f3n del mundo, a excepci\u00f3n de los desiertos extremadamente secos y de los lugares muy fr\u00edos como el \u00c1rtico y la Ant\u00e1rtida.<\/span> <span class=\"gts_text\" id=\"gts_text_14\">Es poco frecuente que habiten en islas, a menos que los seres humanos las hayan llevado hasta all\u00ed.<\/span> <span class=\"gts_text\" id=\"gts_text_15\">Algunas especies de galliformes han sido domesticadas por los humanos.<\/span><\/p>\n<p><span class=\"gts_text\" id=\"gts_text_16\">Han desempe\u00f1ado un papel importante como dispersores y depredadores de semillas.<\/span> <span class=\"gts_text\" id=\"gts_text_17\">A menudo los seres humanos los cr\u00edan como aves para entretenimiento.<\/span> <span class=\"gts_text\" id=\"gts_text_18\">Los seres humanos tambi\u00e9n dependen de ellos por la carne y los huevos.<\/span> <span class=\"gts_text\" id=\"gts_text_19\">Todos los galliformes son buenos corredores.<\/span> <span class=\"gts_text\" id=\"gts_text_20\">No pueden volar tan alto como un halc\u00f3n: de hecho, <\/span><span class=\"gts_text\" id=\"gts_text_21\">pueden volar solo unos pocos metros de altura para huir del peligro.<\/span> <span class=\"gts_text\" id=\"gts_text_22\">En vez de volar, caminan y corren.<\/span> <span class=\"gts_text\" id=\"gts_text_23\">Viven entre 5 a 8 a\u00f1os en el medio salvaje y hasta 30 a\u00f1os en cautiverio.<\/span> <span class=\"gts_text\" id=\"gts_text_24\">Aman los bosques y los prados.<\/span> <span class=\"gts_text\" id=\"gts_text_25\">Los machos son m\u00e1s coloridos que las hembras y l<\/span><span class=\"gts_text\" id=\"gts_text_26\">a mayor\u00eda de ellos prefieren permanecer en un solo lugar.<\/span><\/p>\n<p><span class=\"gts_text\" id=\"gts_text_27\">La hembra galliforme pone de 3 a 16 huevos por a\u00f1o.<\/span> <span class=\"gts_text\" id=\"gts_text_28\">Construyen su nido en la tierra o en \u00e1rboles bajos a nivel del suelo.<\/span> <span class=\"gts_text\" id=\"gts_text_29\">Se alimentan de frutas, semillas, hojas, brotes, flores, tub\u00e9rculos, ra\u00edces, insectos, caracoles, gusanos, lagartos, serpientes, peque\u00f1os roedores y huevos.<\/span> <span class=\"gts_text\" id=\"gts_text_30\">Tragan peque\u00f1as piedras con regularidad para ayudarles a digerir la comida correctamente.<\/span><\/p>\n<p><span class=\"gts_text\" id=\"gts_text_31\">Los galliformes que permanecen en el prado tienen cuellos largos, finos, patas largas y alas anchas grandes, como, p<\/span><span class=\"gts_text\" id=\"gts_text_32\">or ejemplo, el pavo salvaje y el fais\u00e1n llameante cresteado.<\/span> <span class=\"gts_text\" id=\"gts_text_33\">Los galliformes herb\u00edvoros y algo omn\u00edvoros tienden a ser regordetes y a tener picos gruesos cortos: s<\/span><span class=\"gts_text\" id=\"gts_text_34\">on aves que se alimentan de la tierra.<\/span> <span class=\"gts_text\" id=\"gts_text_35\">Les encanta comer brotes de brezo.<\/span> <span class=\"gts_text\" id=\"gts_text_36\">Los j\u00f3venes tambi\u00e9n comen insectos.<\/span><\/p>\n<p><span class=\"gts_text\" id=\"gts_text_37\">Sobreviven bien en el fr\u00edo.<\/span> <span class=\"gts_text\" id=\"gts_text_38\">Cuando hace fr\u00edo, son menos activos para ahorrar calor corporal.<\/span> <span class=\"gts_text\" id=\"gts_text_39\">Tambi\u00e9n descansan bajo la nieve y crean un medio c\u00e1lido que conserva el calor.<\/span><\/p>\n<p><span class=\"gts_text\" id=\"gts_text_40\">\u00a0<\/span><\/p>\n","protected":false},"excerpt":{"rendered":"<p>Los galliformes pertenecen a la orden de aves de cuerpo compacto y costumbres terrestres. Sus cabezas son peque\u00f1as y las patas, robustas; a menudo tienen picos cortos y alas cortas. Se denominan gallin\u00e1ceas. Los machos adultos tienen un espol\u00f3n afilado en el tarso (la parte m\u00e1s delgada de la pata) que utilizan como arma. Comprende &hellip; <a href=\"https:\/\/www.big-animals.com\/es\/galliformes\/\" class=\"more-link\">Continue reading <span class=\"screen-reader-text\">Galliformes<\/span><\/a><\/p>\n","protected":false},"author":1,"featured_media":0,"parent":0,"menu_order":0,"comment_status":"closed","ping_status":"open","template":"","meta":{"_acf_changed":false,"footnotes":""},"acf":[],"_links":{"self":[{"href":"https:\/\/www.big-animals.com\/es\/wp-json\/wp\/v2\/pages\/348"}],"collection":[{"href":"https:\/\/www.big-animals.com\/es\/wp-json\/wp\/v2\/pages"}],"about":[{"href":"https:\/\/www.big-animals.com\/es\/wp-json\/wp\/v2\/types\/page"}],"author":[{"embeddable":true,"href":"https:\/\/www.big-animals.com\/es\/wp-json\/wp\/v2\/users\/1"}],"replies":[{"embeddable":true,"href":"https:\/\/www.big-animals.com\/es\/wp-json\/wp\/v2\/comments?post=348"}],"version-history":[{"count":2,"href":"https:\/\/www.big-animals.com\/es\/wp-json\/wp\/v2\/pages\/348\/revisions"}],"predecessor-version":[{"id":914,"href":"https:\/\/www.big-animals.com\/es\/wp-json\/wp\/v2\/pages\/348\/revisions\/914"}],"wp:attachment":[{"href":"https:\/\/www.big-animals.com\/es\/wp-json\/wp\/v2\/media?parent=348"}],"curies":[{"name":"wp","href":"https:\/\/api.w.org\/{rel}","templated":true}]}}