{"id":350,"date":"2011-07-03T08:51:18","date_gmt":"2011-07-03T08:51:18","guid":{"rendered":""},"modified":"2014-03-26T21:58:58","modified_gmt":"2014-03-26T13:58:58","slug":"pavo-real-cuelliverde","status":"publish","type":"page","link":"https:\/\/www.big-animals.com\/es\/pavo-real-cuelliverde\/","title":{"rendered":"Pavo real cuelliverde"},"content":{"rendered":"<figure id=\"attachment_1451\" aria-describedby=\"caption-attachment-1451\" style=\"width: 300px\" class=\"wp-caption alignleft\"><a href=\"http:\/\/www.big-animals.com\/wp-content\/uploads\/2011\/07\/Green_Peafowl.jpg\"><img loading=\"lazy\" decoding=\"async\" class=\"size-medium wp-image-1451 gts_attribute gts_attribute_1_alt gts_attribute_3_title\" title=\"El Peafowl verde - fotograf\u00ede por JJ Harrison\" alt=\"El Peafowl verde - fotograf\u00ede por JJ Harrison\" src=\"http:\/\/www.big-animals.com\/wp-content\/uploads\/2011\/07\/Green_Peafowl-300x199.jpg\" width=\"300\" height=\"199\" \/><\/a><figcaption id=\"caption-attachment-1451\" class=\"wp-caption-text\">El pavo real cuelliverde, fotograf\u00eda de \u00a0JJ Harrison<\/figcaption><\/figure>\n<p>El pavo real cuelliverde es el ave galliforme de mayor envergadura. El macho puede llegar a medir hasta 3 m de largo, incluyendo su cola (largas plumas de la cola) y puede pesar hasta 5kg. La hembra mide 1,1 m de largo y pesa unos 2,4 kg. Puede tener una envergadura m\u00e1xima de 1,2 m y volar largas distancias.<\/p>\n<p>Se le suele encontrar en los bosques tropicales de Sureste Asi\u00e1tico, en lugares como Malasia y Java. Est\u00e1 estrechamente vinculado con el pavo real de la India o pavo real de pecho azul que habita en la India. Al igual que sus primos azules, al pavo real cuelliverde macho se le llama pavo y a las hembras, pavas.<\/p>\n<p>El pavo real cuelliverde macho tiene colores m\u00e1s brillante que la hembra, que es mucho menos colorida y carece del tri\u00e1ngulo de plumas verdes en el hombro. El plumaje en la parte inferior del cuerpo es de color marr\u00f3n oscuro y en la cola tienen dibujadas unas p\u00e1lidas l\u00edneas onduladas. La cresta en los machos es larga y vertical, su plumaje es de color verde brillante y escamas negruzcas y sus alas son de color marr\u00f3n oscuro. Tanto los machos como las hembras tienen crestas espigadas, las patas y cola largas, as\u00ed como alas pesadas.<\/p>\n<p>Las hembras anidan en la tierra y ponen de 3 a 5 huevos. La madre es la que se responsabiliza del cuidado de los polluelos. Se pasan la mayor parte del tiempo sobre hierbas altas o cerca de ellas. Los machos descansan sobre \u00e1rboles a una altura de unos 10 a15 m. Los machos llaman a la hembra desde su lugar de descanso al amanecer y al anochecer.<\/p>\n<p>&nbsp;<\/p>\n<p><span class=\"gts_text\" id=\"gts_text_1\">\u00a0<\/span><\/p>\n<figure id=\"attachment_1452\" aria-describedby=\"caption-attachment-1452\" style=\"width: 226px\" class=\"wp-caption alignright\"><a href=\"http:\/\/www.big-animals.com\/wp-content\/uploads\/2011\/07\/Green_Peafowl_and_Human.png\"><img loading=\"lazy\" decoding=\"async\" class=\"size-medium wp-image-1452 gts_attribute gts_attribute_2_alt gts_attribute_6_title\" title=\"Peafowl verde y ser humano\" alt=\"Peafowl verde y ser humano\" src=\"http:\/\/www.big-animals.com\/wp-content\/uploads\/2011\/07\/Green_Peafowl_and_Human-226x300.png\" width=\"226\" height=\"300\" \/><\/a><figcaption id=\"caption-attachment-1452\" class=\"wp-caption-text\">Pavo real cuelliverde y un ser humano<\/figcaption><\/figure>\n<p><span class=\"gts_text\" id=\"gts_text_9\">\u00a0<\/span><\/p>\n<p>Se alimentan de frutas, invertebrados, reptiles y otros peque\u00f1os animales. Son incluso capaces de cazar serpientes venenosas. Pr eso, es bueno tener uno de ellos en el patio trasero para mantener lejos a las serpientes. Las garrapatas, termitas, p\u00e9talos y hojas de flores y tambi\u00e9n las bayas se encuentran entre las comidas favoritas del pavo real cuelliverde adulto. Sus depredadores son el leopardo longibando, el gato de la jungla y el gato pescador.<\/p>\n<p>&nbsp;<\/p>\n<p>El pavo real cuelliverde es una especie que se encuentra en peligro de extinci\u00f3n puesto que mucha gente los ha cazado por su carne, el plumaje, los huevos y por los polluelos. Tambi\u00e9n se encuentra en peligro de extinci\u00f3n por la reducci\u00f3n del tama\u00f1o de su h\u00e1bitat. Tristemente, en China y Tailandia los granjeros lo consideran como una plaga e intentan envenenarlo.<\/p>\n<p><span class=\"gts_text\" id=\"gts_text_19\">\u00a0<\/span><\/p>\n<p><span class=\"gts_text\" id=\"gts_text_27\">\u00a0<\/span><\/p>\n","protected":false},"excerpt":{"rendered":"<p>El pavo real cuelliverde es el ave galliforme de mayor envergadura. El macho puede llegar a medir hasta 3 m de largo, incluyendo su cola (largas plumas de la cola) y puede pesar hasta 5kg. La hembra mide 1,1 m de largo y pesa unos 2,4 kg. Puede tener una envergadura m\u00e1xima de 1,2 m &hellip; <a href=\"https:\/\/www.big-animals.com\/es\/pavo-real-cuelliverde\/\" class=\"more-link\">Continue reading <span class=\"screen-reader-text\">Pavo real cuelliverde<\/span><\/a><\/p>\n","protected":false},"author":1,"featured_media":0,"parent":0,"menu_order":0,"comment_status":"closed","ping_status":"open","template":"","meta":{"_acf_changed":false,"footnotes":""},"acf":[],"_links":{"self":[{"href":"https:\/\/www.big-animals.com\/es\/wp-json\/wp\/v2\/pages\/350"}],"collection":[{"href":"https:\/\/www.big-animals.com\/es\/wp-json\/wp\/v2\/pages"}],"about":[{"href":"https:\/\/www.big-animals.com\/es\/wp-json\/wp\/v2\/types\/page"}],"author":[{"embeddable":true,"href":"https:\/\/www.big-animals.com\/es\/wp-json\/wp\/v2\/users\/1"}],"replies":[{"embeddable":true,"href":"https:\/\/www.big-animals.com\/es\/wp-json\/wp\/v2\/comments?post=350"}],"version-history":[{"count":8,"href":"https:\/\/www.big-animals.com\/es\/wp-json\/wp\/v2\/pages\/350\/revisions"}],"predecessor-version":[{"id":916,"href":"https:\/\/www.big-animals.com\/es\/wp-json\/wp\/v2\/pages\/350\/revisions\/916"}],"wp:attachment":[{"href":"https:\/\/www.big-animals.com\/es\/wp-json\/wp\/v2\/media?parent=350"}],"curies":[{"name":"wp","href":"https:\/\/api.w.org\/{rel}","templated":true}]}}