{"id":351,"date":"2011-10-17T22:46:58","date_gmt":"2011-10-17T22:46:58","guid":{"rendered":""},"modified":"2014-03-26T21:16:53","modified_gmt":"2014-03-26T13:16:53","slug":"canguro-rojo-marsupial-mas-grande-del-mundo","status":"publish","type":"page","link":"https:\/\/www.big-animals.com\/es\/canguro-rojo-marsupial-mas-grande-del-mundo\/","title":{"rendered":"Canguro rojo: \u00a1el marsupial m\u00e1s grande del mundo!"},"content":{"rendered":"<h3><span class=\"gts_text\" id=\"gts_text_1\">\u00bfC\u00f3mo de grande es el canguro rojo?<\/span><\/h3>\n<p><span style=\"float: left\"><img decoding=\"async\" class=\" gts_attribute gts_attribute_1_alt\" alt=\"El canguro rojo y el ser humano.\" src=\"http:\/\/ba.dr-mikes-maths.com\/\/wp-content\/themes\/twentyten\/images\/ba\/red-kangaroo-and-human.png\" \/><\/span><\/p>\n<p><span class=\"gts_text\" id=\"gts_text_2\">\u00a0<\/span><\/p>\n<p><span class=\"gts_text\" id=\"gts_text_3\">\u00a0<\/span><\/p>\n<p><span class=\"gts_text\" id=\"gts_text_4\">\u00a0<\/span><\/p>\n<p><span class=\"gts_text\" id=\"gts_text_5\">\u00a0<\/span><\/p>\n<p><span class=\"gts_text\" id=\"gts_text_6\">\u00a0<\/span><\/p>\n<p><span class=\"gts_text\" id=\"gts_text_7\">\u00a0<\/span><\/p>\n<p><span class=\"gts_text\" id=\"gts_text_8\">\u00a0<\/span><\/p>\n<p><span class=\"gts_text\" id=\"gts_text_9\">\u00a0<\/span><\/p>\n<p><span class=\"gts_text\" id=\"gts_text_10\">\u00a0<\/span><\/p>\n<p><span class=\"gts_text\" id=\"gts_text_11\">\u00a0<\/span><\/p>\n<p><span class=\"gts_text\" id=\"gts_text_12\">\u00a0<\/span><\/p>\n<p><span class=\"gts_text\" id=\"gts_text_13\">\u00a0<\/span><\/p>\n<p><span class=\"gts_text\" id=\"gts_text_14\">\u00a0<\/span><\/p>\n<p><span class=\"gts_text\" id=\"gts_text_15\">\u00a0<\/span><\/p>\n<p><span class=\"gts_text\" id=\"gts_text_16\">El Canguro Rojo es el <a title=\"\u00a1Los marsupiales m\u00e1s grandes del mundo!\" href=\"http:\/\/www.big-animals.com\/es\/mundo-grande-marsupiales\/\">marsupial<\/a> m\u00e1s grande del mundo.<\/span> <span class=\"gts_text\" id=\"gts_text_17\">Un canguro rojo promedio mide cerca de 1,5 metros (5 pies) de altura, un poco menos que un ser humano promedio.<\/span> <span class=\"gts_text\" id=\"gts_text_18\">Por lo general, pueden llegar a medir hasta medio metro m\u00e1s (20 pulgadas).<\/span> <span class=\"gts_text\" id=\"gts_text_19\">Un macho adulto puede pesar 85 kilogramos (185 libras), pero en promedio es un 25% m\u00e1s ligero que esta cifra.<\/span><\/p>\n<h3><span class=\"gts_text\" id=\"gts_text_20\">El h\u00e1bitat del canguro rojo<\/span><\/h3>\n<p><span class=\"gts_text\" id=\"gts_text_21\">Existen varios tipos de canguros en Australia.<\/span> <span class=\"gts_text\" id=\"gts_text_22\">El canguro rojo es el m\u00e1s grande, y vive en los desiertos \u00e1ridos del norte.<\/span> <span class=\"gts_text\" id=\"gts_text_23\">Se mantiene fresco permaneciendo en la sombra e inactivo cuando hace calor; <\/span><span class=\"gts_text\" id=\"gts_text_23\">principalmente,<\/span><span class=\"gts_text\" id=\"gts_text_23\"> es activo\u00a0 por la noche y especialmente al amanecer y al atardecer.<\/span> <span class=\"gts_text\" id=\"gts_text_24\">Tambi\u00e9n jadea (como los perros) y se lame sus piernas delanteras.<\/span><\/p>\n<p><span class=\"gts_text\" id=\"gts_text_25\">Como todos los canguros, el canguro rojo es herb\u00edvoro.<\/span> <span class=\"gts_text\" id=\"gts_text_26\">Sus comidas preferidas son las hierbas y plantas bajas.<\/span> <span class=\"gts_text\" id=\"gts_text_27\">Su cuerpo retiene muy bien el agua, por lo que puede obtener bastante agua del alimento que ingiere.<\/span> <span class=\"gts_text\" id=\"gts_text_28\">De hecho, mientras tenga suficientes alimentos, puede sobrevivir por largos periodos sin tomar agua.<\/span><\/p>\n<h3><span class=\"gts_text\" id=\"gts_text_29\">Informaci\u00f3n sobre el canguro rojo<\/span><\/h3>\n<p><span class=\"gts_text\" id=\"gts_text_30\">Los cient\u00edficos lo denominan<\/span>\u00a0<span style=\"font-style: italic\"><span class=\"gts_text\" id=\"gts_text_31\">Macropus Rufus<\/span><\/span><span class=\"gts_text\" id=\"gts_text_32\">, que significa \u201cPie Grande Rojo\u201d.<\/span> <span class=\"gts_text\" id=\"gts_text_33\">Existen 14 diferentes tipos de<\/span> <span style=\"font-style: italic\"><span class=\"gts_text\" id=\"gts_text_34\">Macropus<\/span><\/span><span class=\"gts_text\" id=\"gts_text_35\">, incluyendo los diferentes tipos de canguros, de ualab\u00edes y de walar\u00f3s.<\/span> L<span class=\"gts_text\" id=\"gts_text_36\">os ualab\u00edes y los walar\u00f3s son muy parecidos a los canguros.<\/span><br \/>\n<span style=\"float: right\"><img decoding=\"async\" class=\" gts_attribute gts_attribute_2_alt\" alt=\"Un par de canguros rojos.\" src=\"http:\/\/ba.dr-mikes-maths.com\/\/wp-content\/themes\/twentyten\/images\/ba\/red-kangaroo-2.jpg\" \/><\/span><br \/>\n<span class=\"gts_text\" id=\"gts_text_37\">Todos estos pertenecen a una familia denominada<\/span> <span style=\"font-style: italic\"><span class=\"gts_text\" id=\"gts_text_38\">Macropodidae<\/span><\/span><span class=\"gts_text\" id=\"gts_text_39\">, que tambi\u00e9n significa \u201cPie Grande\u201d.<\/span> E<span class=\"gts_text\" id=\"gts_text_40\">stos animales todav\u00eda tienen los pies grandes y se mueven saltando, aunque varios no se parecen a los canguros.<\/span> <span class=\"gts_text\" id=\"gts_text_41\">De hecho, los primeros exploradores holandeses denominaron &#8220;Nido de Ratas&#8221; a una isla en particular de Australia Occidental porque hab\u00eda una gran cantidad de Macropod\u00f3didos de tama\u00f1o medio llamados \u201cQuokka\u201d.<\/span><\/p>\n<p><span class=\"gts_text\" id=\"gts_text_42\">La familia Macropodidae pertenece a la orden<\/span> <span style=\"font-style: italic\"><span class=\"gts_text\" id=\"gts_text_43\">Diprotodontia<\/span><\/span><span class=\"gts_text\" id=\"gts_text_44\">, que significa \u201cdos dientes delanteros\u201d.<\/span> <span class=\"gts_text\" id=\"gts_text_45\">\u00c9sta incluye todos los marsupiales m\u00e1s conocidos: canguros, koalas, vomb\u00e1tidos, did\u00e9lfidos, entre otros.<\/span> <span class=\"gts_text\" id=\"gts_text_46\">Por lo tanto, el canguro rojo es:<\/span><\/p>\n<ul>\n<li><span class=\"gts_text\" id=\"gts_text_47\">El m\u00e1s grande de los 14 tipos de canguros, de ualab\u00edes y de walar\u00f3s;<\/span><\/li>\n<li><span class=\"gts_text\" id=\"gts_text_48\">El m\u00e1s grande de 47 o m\u00e1s tipos de Macropod\u00f3didos;<\/span><\/li>\n<li><span class=\"gts_text\" id=\"gts_text_49\">El m\u00e1s grande de los 120 o m\u00e1s tipos de<\/span> <span style=\"font-style: italic\"><span class=\"gts_text\" id=\"gts_text_50\">Diprotodontes<\/span><\/span><span class=\"gts_text\" id=\"gts_text_51\">.<\/span><\/li>\n<\/ul>\n<p><span class=\"gts_text\" id=\"gts_text_52\">Tambi\u00e9n es el marsupial m\u00e1s grande del mundo.<\/span> <span class=\"gts_text\" id=\"gts_text_53\">No es el mam\u00edfero m\u00e1s grande, ni siquiera es el mam\u00edfero terrestre m\u00e1s grande.<\/span> <span class=\"gts_text\" id=\"gts_text_54\">Estos honores se los llevan la\u00a0<a title=\"La Ballena Azul: \u00a1El Animal m\u00e1s Grande del Mundo!\" href=\"http:\/\/www.big-animals.com\/es\/ballena-azul-animal-mas-grande-del-mundo\/\">b<\/a><a title=\"La Ballena Azul: \u00a1El Animal m\u00e1s Grande del Mundo!\" href=\"http:\/\/www.big-animals.com\/es\/ballena-azul-animal-mas-grande-del-mundo\/\">allena azul<\/a> y el <a title=\"Elefante africano de sabana: \u00a1el animal terrestre m\u00e1s grande del mundo!\" href=\"http:\/\/www.big-animals.com\/es\/africano-elefante-mundo-grande-terrestre-animal\/\">e<\/a>lefante africano de sabana\u00a0respectivamente.<\/span><\/p>\n<h3><span class=\"gts_text\" id=\"gts_text_55\">El salto del canguro rojo\u00a0<\/span><\/h3>\n<p><span class=\"gts_text\" id=\"gts_text_56\">El canguro tiene un salto asombroso.<\/span> <span class=\"gts_text\" id=\"gts_text_57\">Puede saltar sobre una cerca de 3 metros (10 pies) y sus saltos pueden llegar a ser de m\u00e1s de 5 metros de largo (17 pies).<\/span> <span class=\"gts_text\" id=\"gts_text_58\">Este incre\u00edble salto incluso ha inspirado a poetas, incluyendo uno de mis poemas divertidos preferidos, que escribi\u00f3\u00a0<a href=\"http:\/\/en.wikipedia.org\/wiki\/Ogden_Nash\" target=\"_blank\">Ogden Nash<\/a>\u00a0para acompa\u00f1ar el <a title=\"Carnaval de los Animales\" href=\"http:\/\/es.wikipedia.org\/wiki\/El_carnaval_de_los_animales\">Carnaval de\u00a0los Animales <\/a>de\u00a0<a title=\"Camille Saint-Sa\u00ebns\" href=\"http:\/\/es.wikipedia.org\/wiki\/Camille_Saint-Sa%C3%ABns\">Santo-Sa\u00ebns<\/a>:<\/span><\/p>\n<div style=\"margin-left: 40px\"><span style=\"font-style: italic\"><span class=\"gts_text\" id=\"gts_text_59\">El canguro puede saltar de manera incre\u00edble.<\/span><br \/>\n<span class=\"gts_text\" id=\"gts_text_60\">Tiene que saltar, porque es comestible.<\/span><br \/>\n<span class=\"gts_text\" id=\"gts_text_61\">No podr\u00eda comer un canguro,<\/span><br \/>\n<span class=\"gts_text\" id=\"gts_text_62\">Pero muchos australianos refinados lo hacen.<\/span><br \/>\nE<span class=\"gts_text\" id=\"gts_text_63\">sos con libros de cocina y bumeranes,<\/span><br \/>\n<span class=\"gts_text\" id=\"gts_text_64\">Disfr\u00fatelo en sabrosos merengues de canguros<\/span><\/span><span class=\"gts_text\" id=\"gts_text_65\">.<\/span><\/div>\n<p><span class=\"gts_text\" id=\"gts_text_66\">No s\u00e9 sobre los merengues, pero un salto de 5 metros realizado por un animal de 1,5 metros es realmente incre\u00edble.<\/span><\/p>\n<p><span class=\"gts_text\" id=\"gts_text_67\">El canguro tiene tendones el\u00e1sticos especiales en sus patas que funcionan como muelles cuando salta.<\/span> <span class=\"gts_text\" id=\"gts_text_68\">Un canguro rojo utiliza la misma cantidad de energ\u00eda cuando salta r\u00e1pido como cuando salta despacio.<\/span><\/p>\n<h3><span class=\"gts_text\" id=\"gts_text_69\">Otros datos sobre el canguro rojo<\/span><\/h3>\n<p><span class=\"gts_text\" id=\"gts_text_70\">Afortunadamente, estas <\/span><span class=\"gts_text\" id=\"gts_text_70\">asombrosas <\/span><span class=\"gts_text\" id=\"gts_text_70\">criaturas no est\u00e1n en peligro en lo m\u00e1s m\u00ednimo.<\/span> <span class=\"gts_text\" id=\"gts_text_71\">Cuando los tiempos son buenos, su cantidad puede aumentar muy r\u00e1pidamente.<\/span> <span class=\"gts_text\" id=\"gts_text_72\">Viven hasta 14 a\u00f1os y un canguro madre puede tener un beb\u00e9 cada 8 o 9 meses.<\/span>\u00a0A u<span class=\"gts_text\" id=\"gts_text_73\">n canguro beb\u00e9 se lo denomina \u201cjoey\u201d en ingl\u00e9s, y a un grupo de canguros se lo denomina \u201cmob\u201d.<\/span> <span class=\"gts_text\" id=\"gts_text_74\">Cuando los canguros rojos machos luchan, equilibran sus patas traseras y su cola, atacan con sus patas delanteras y, a veces, con sus patas traseras.<\/span> <span class=\"gts_text\" id=\"gts_text_75\">Si lo desea, puede ver un <a href=\"http:\/\/au.youtube.com\/watch?v=CEDq0SAYW44\" target=\"_blank\">v\u00eddeo de este suceso<\/a>.<\/span> <span class=\"gts_text\" id=\"gts_text_76\">Es parecido al boxeo, es por eso que se los llama \u201ccanguros boxeadores\u201d.<\/span><\/p>\n<div style=\"text-align: center\"><img decoding=\"async\" class=\" gts_attribute gts_attribute_3_alt gts_attribute_5_title\" style=\"width: 600px;height: 325px\" title=\"canguro rojo\" alt=\"canguro rojo\" src=\"http:\/\/ba.dr-mikes-maths.com\/\/wp-content\/themes\/twentyten\/images\/ba\/red-kangaroo.jpg\" \/><\/div>\n","protected":false},"excerpt":{"rendered":"<p>\u00bfC\u00f3mo de grande es el canguro rojo? \u00a0 \u00a0 \u00a0 \u00a0 \u00a0 \u00a0 \u00a0 \u00a0 \u00a0 \u00a0 \u00a0 \u00a0 \u00a0 \u00a0 El Canguro Rojo es el marsupial m\u00e1s grande del mundo. Un canguro rojo promedio mide cerca de 1,5 metros (5 pies) de altura, un poco menos que un ser humano promedio. Por lo general, &hellip; <a href=\"https:\/\/www.big-animals.com\/es\/canguro-rojo-marsupial-mas-grande-del-mundo\/\" class=\"more-link\">Continue reading <span class=\"screen-reader-text\">Canguro rojo: \u00a1el marsupial m\u00e1s grande del mundo!<\/span><\/a><\/p>\n","protected":false},"author":1,"featured_media":0,"parent":0,"menu_order":0,"comment_status":"closed","ping_status":"open","template":"","meta":{"_acf_changed":false,"footnotes":""},"acf":[],"_links":{"self":[{"href":"https:\/\/www.big-animals.com\/es\/wp-json\/wp\/v2\/pages\/351"}],"collection":[{"href":"https:\/\/www.big-animals.com\/es\/wp-json\/wp\/v2\/pages"}],"about":[{"href":"https:\/\/www.big-animals.com\/es\/wp-json\/wp\/v2\/types\/page"}],"author":[{"embeddable":true,"href":"https:\/\/www.big-animals.com\/es\/wp-json\/wp\/v2\/users\/1"}],"replies":[{"embeddable":true,"href":"https:\/\/www.big-animals.com\/es\/wp-json\/wp\/v2\/comments?post=351"}],"version-history":[{"count":17,"href":"https:\/\/www.big-animals.com\/es\/wp-json\/wp\/v2\/pages\/351\/revisions"}],"predecessor-version":[{"id":910,"href":"https:\/\/www.big-animals.com\/es\/wp-json\/wp\/v2\/pages\/351\/revisions\/910"}],"wp:attachment":[{"href":"https:\/\/www.big-animals.com\/es\/wp-json\/wp\/v2\/media?parent=351"}],"curies":[{"name":"wp","href":"https:\/\/api.w.org\/{rel}","templated":true}]}}