{"id":102,"date":"2011-06-17T23:23:52","date_gmt":"2011-06-17T23:23:52","guid":{"rendered":""},"modified":"2011-06-17T23:23:52","modified_gmt":"2011-06-17T23:23:52","slug":"waders","status":"publish","type":"page","link":"https:\/\/www.big-animals.com\/fi\/waders\/","title":{"rendered":"Waders"},"content":{"rendered":"<p><html><head><\/head><body><figure id=\"attachment_1359\" aria-describedby=\"caption-attachment-1359\" style=\"width: 251px\" class=\"wp-caption alignright\"><a href=\"http:\/\/www.big-animals.com\/wp-content\/uploads\/2011\/06\/Sandpiper.jpg\"><img loading=\"lazy\" decoding=\"async\" class=\"size-full wp-image-1359 gts_attribute gts_attribute_1_alt gts_attribute_2_title\" title=\"Sandpiper on tyypillinen Kahlaajat\" src=\"http:\/\/www.big-animals.com\/wp-content\/uploads\/2011\/06\/Sandpiper.jpg\" alt=\"Sandpiper on tyypillinen Kahlaajat\" width=\"251\" height=\"193\" \/><\/a><figcaption id=\"caption-attachment-1359\" class=\"wp-caption-text\">The Sandpiper is a typical Wader<\/figcaption><\/figure><\/p>\n<p><span id=\"gts_text_1\" class=\"gts_text\">Waders kutsutaan my\u00f6s shorebirds.<\/span> <span id=\"gts_text_2\" class=\"gts_text\">T\u00e4h\u00e4n ryhm\u00e4\u00e4n kuuluvien<a title=\"The World\u2019s Biggest Birds!\" href=\"..\/the-worlds-biggest-birds\/\" class=\" gts_attribute gts_attribute_3_title\"> lintujen<\/a> sis\u00e4lt\u00e4\u00e4 lintuja, joka el\u00e4\u00e4 meri- tai j\u00e4rvien rannalla, mutta se ei sis\u00e4ll\u00e4 Kattohaikarat ja herons (jotka ovat, isompi) kuten linnuista tai lintujen enemm\u00e4n mukautettava valtameren el\u00e4m\u00e4n (kuten gulls).<\/span> <span id=\"gts_text_3\" class=\"gts_text\">Ovat 210 lajien waders maailmassa.<\/span> <span id=\"gts_text_4\" class=\"gts_text\">Ne, kuten kosteikkojen tai rannikkovy\u00f6hykkeell\u00e4.<\/span> <span id=\"gts_text_5\" class=\"gts_text\">Useimmat Arctic ja Lauhkean lajien siirt\u00e4minen, mutta yksi todetulla taipumus pysy\u00e4 trooppinen k\u00e4ytt\u00f6\u00f6n tai siirry paljonko sade mukaan on.<\/span><\/p>\n<p><span id=\"gts_text_6\" class=\"gts_text\">Useimmat heist\u00e4 sy\u00f6d\u00e4 pieni\u00e4 selk\u00e4rangattomien, jossa ne toteavat mutaa.<\/span> <span id=\"gts_text_7\" class=\"gts_text\">Eri waders on erilaisia pituuksia laskut.<\/span> <span id=\"gts_text_8\" class=\"gts_text\">Niin ne voivat poimia samassa paikassa mudan elintarvikkeiden ilman kilpailevat toistensa kanssa.<\/span> <span id=\"gts_text_9\" class=\"gts_text\">Ne ovat herkki\u00e4 hermo niiden velkasitoumukset, joita ne k\u00e4ytt\u00e4v\u00e4t Etsi niiden prey mudan tai maaper\u00e4n lopussa.<\/span><\/p>\n<p><span id=\"gts_text_10\" class=\"gts_text\">Suuremman Waders sy\u00f6d\u00e4 suurempi ilmenev\u00e4, kuten hy\u00f6nteisten ja pieni matelijat.<\/span> <span id=\"gts_text_11\" class=\"gts_text\">N\u00e4m\u00e4 suuret hiukkaset on mahdollisuus el\u00e4\u00e4 yleens\u00e4 kuivempaa elinymp\u00e4rist\u00f6j\u00e4.\u00a0Kuitenkin pienemm\u00e4t el\u00e4\u00e4 l\u00e4hell\u00e4 rannikko-alue sandpipers tavoin.<\/span><\/p>\n<p><span id=\"gts_text_12\" class=\"gts_text\">Suurin laji on <a title=\"Far Eastern Curlew\" href=\"http:\/\/www.big-animals.com\/far-eastern-curlew\/\" class=\" gts_attribute gts_attribute_4_title\">far eastern Curlew<\/a>.<\/span> <span id=\"gts_text_13\" class=\"gts_text\">Se on noin 63 cm (25inches) ja 860grams (1.9 lb).<\/span> <span id=\"gts_text_14\" class=\"gts_text\"><a title=\"Beach Stone Curlew\" href=\"http:\/\/www.big-animals.com\/beach-stone-curlew\/\" class=\" gts_attribute gts_attribute_5_title\">Beach Paksujalat<\/a>tai Beach Thick-Knee on raskain noin 1 kg (2.2 lb).<\/span><\/p>\n<p><span id=\"gts_text_15\" class=\"gts_text\">\u00a0<\/span><\/body><\/html><\/p>\n","protected":false},"excerpt":{"rendered":"<p><html><head><\/head><body><\/body><\/html><\/p>\n","protected":false},"author":1,"featured_media":0,"parent":0,"menu_order":0,"comment_status":"closed","ping_status":"open","template":"","meta":{"_acf_changed":false,"footnotes":""},"acf":[],"_links":{"self":[{"href":"https:\/\/www.big-animals.com\/fi\/wp-json\/wp\/v2\/pages\/102"}],"collection":[{"href":"https:\/\/www.big-animals.com\/fi\/wp-json\/wp\/v2\/pages"}],"about":[{"href":"https:\/\/www.big-animals.com\/fi\/wp-json\/wp\/v2\/types\/page"}],"author":[{"embeddable":true,"href":"https:\/\/www.big-animals.com\/fi\/wp-json\/wp\/v2\/users\/1"}],"replies":[{"embeddable":true,"href":"https:\/\/www.big-animals.com\/fi\/wp-json\/wp\/v2\/comments?post=102"}],"version-history":[{"count":0,"href":"https:\/\/www.big-animals.com\/fi\/wp-json\/wp\/v2\/pages\/102\/revisions"}],"wp:attachment":[{"href":"https:\/\/www.big-animals.com\/fi\/wp-json\/wp\/v2\/media?parent=102"}],"curies":[{"name":"wp","href":"https:\/\/api.w.org\/{rel}","templated":true}]}}