{"id":13,"date":"2011-05-09T09:00:44","date_gmt":"2011-05-09T09:00:44","guid":{"rendered":""},"modified":"2011-05-09T09:00:44","modified_gmt":"2011-05-09T09:00:44","slug":"the-wandering-albatross-the-bird-with-the-biggest-wings","status":"publish","type":"page","link":"https:\/\/www.big-animals.com\/fi\/the-wandering-albatross-the-bird-with-the-biggest-wings\/","title":{"rendered":"Vaeltava albatrossi &#8211; suurin siivek\u00e4s lintu!"},"content":{"rendered":"<h3><span id=\"gts_text_1\" class=\"gts_text\">Kuinka suuri on J\u00e4ttil\u00e4isalbatrossi?<\/span><\/h3>\n<p><span id=\"gts_text_2\" class=\"gts_text\">Vaeltava albatross on maailman suurin albatrossi. <\/span><span id=\"gts_text_3\" class=\"gts_text\">Se on my\u00f6s kaikki el\u00e4vien <a href=\"\/Birds.html\">lintujen<\/a>suurin k\u00e4rkiv\u00e4li kanssa lintu. <\/span><span id=\"gts_text_4\" class=\"gts_text\">Mitataan Vihje vihje, sen siivet tavoittavat enint\u00e4\u00e4n 3,5 metri\u00e4 (11.5 jalkaa) kaikkialla! <\/span><span id=\"gts_text_5\" class=\"gts_text\">Koska J\u00e4ttil\u00e4isalbatrossi on my\u00f6s eritt\u00e4in kevyt kokoon (aikuiset punnitaan noin 6-12 kg tai 13-26 lb) kyseiset linnut ovat erinomainen lehtisi\u00e4. <span style=\"float: right;\"><\/span><img decoding=\"async\" style=\"width: 260px; height: 500px;\" title=\"a typical human next to a typical ostrich\" src=\"http:\/\/ba.dr-mikes-maths.com\/\/wp-content\/themes\/twentyten\/images\/ba\/albatross-and-human.png\" alt=\"a picture showing the relatives sizes of a human and an ostrich\"> <span id=\"gts_text_6\" class=\"gts_text\"><\/span>He voivat leijailla useita tunteja siirt\u00e4m\u00e4tt\u00e4 niiden siivet. <\/span><span id=\"gts_text_7\" class=\"gts_text\">He viett\u00e4v\u00e4t viikon kerrallaan avoinna merien kautta ilman p\u00e4\u00e4st\u00e4isiin koskaan maa.<\/span><\/p>\n<h3><span id=\"gts_text_8\" class=\"gts_text\">Albatrossi Legends<\/span><\/h3>\n<p><span id=\"gts_text_9\" class=\"gts_text\">Albatrosses on siepattu merimiehet mielikuvitus vuosisatojen ajan. <\/span><span id=\"gts_text_10\" class=\"gts_text\">Southern Ocean hallinnasta usein l\u00f6ysi itsens\u00e4 turvallisella mielell\u00e4 albatrossi n\u00e4kyisi alkaen ei miss\u00e4\u00e4n yksin\u00e4inen aavan meren keskell\u00e4. <\/span><span id=\"gts_text_11\" class=\"gts_text\">Kuuluisa runon, <span style=\"font-style: italic;\">antiikin Mariner Vanhan merimiehen tarina<\/span>, Samuel Taylor Coleridge 1798, kirjoittanut kertoo huono onnea, ett\u00e4 laskeutui alusta, kun yksi miehist\u00f6n j\u00e4sen ampui albatrossi Varsijousi kanssa.<\/span><\/p>\n<h3><span id=\"gts_text_12\" class=\"gts_text\">Albatrosses ovat vaarassa<\/span><\/h3>\n<p><span id=\"gts_text_13\" class=\"gts_text\">Albatrosses sy\u00f6 kalmari ja pienikokoisten kalojen. <\/span><span id=\"gts_text_14\" class=\"gts_text\">Ne scavenge my\u00f6s kuolleiden kalojen meren pinnasta. <\/span><span id=\"gts_text_15\" class=\"gts_text\">Hordes of albatrosses flock takana tonnikalan kalastusaluksiin, k\u00e4yt\u00f6st\u00e4 poistetut sy\u00f6ttien p\u00e4\u00e4lle squabbling. <\/span><span id=\"gts_text_16\" class=\"gts_text\">Toisinaan, jos sy\u00f6teill\u00e4 varustettuja fishhook ei allas, albatrossi j\u00e4\u00e4d\u00e4 kiinni koukussa ja hukkua. <\/span><span id=\"gts_text_17\" class=\"gts_text\">1990-Luvulla jotkut tutkijat olivat pelk\u00e4\u00e4, ett\u00e4 kaikentyyppiset albatrossi menn\u00e4 t\u00e4ysin sukupuuttoon. <\/span><span id=\"gts_text_18\" class=\"gts_text\">T\u00e4m\u00e4n j\u00e4lkeen ihmisi\u00e4 on ollut yritet\u00e4\u00e4n l\u00f6yt\u00e4\u00e4 uusia tapoja saaliiden tonnikalan mutta J\u00e4ttil\u00e4isalbatrossi on edelleen vaarassa.<\/span><\/p>\n<h3><span id=\"gts_text_19\" class=\"gts_text\">Albatrossi tiedot<\/span><\/h3>\n<p><span id=\"gts_text_20\" class=\"gts_text\">Kun pari vaeltava Albatrosses ovat valmiita annettava muna, ne perustuisivat kartio takomalla pes\u00e4. <\/span><span id=\"gts_text_21\" class=\"gts_text\">Sis\u00e4ll\u00e4 seuraava \u00e4iti-albatrossi s\u00e4\u00e4det\u00e4\u00e4n yhden muna. <\/span><span id=\"gts_text_22\" class=\"gts_text\">Vauva-albatrossi sy\u00f6 noin 100 kg (220 lb) elintarvikkeiden ja kasvaa on ankarampi kuin sen yl\u00e4tasoista! <\/span><span id=\"gts_text_23\" class=\"gts_text\">Pes\u00e4 kev\u00e4\u00e4n etel\u00e4isen pallonpuoliskon alussa 10 kuukauden kuluttua vauva-albatrossi tapahtuu varmistaen samalla. <\/span><span id=\"gts_text_24\" class=\"gts_text\">5-10 Vuotta, se palaa paikkaan, se oli haudottu, k\u00e4ynnist\u00e4 oma perheenj\u00e4seniin. <\/span><span id=\"gts_text_25\" class=\"gts_text\">Valitettavasti se on nuori albatrosses, jotka todenn\u00e4k\u00f6isimmin tonnikalan kalastuksen rivin j\u00e4\u00e4d\u00e4 kiinni.<\/span><\/p>\n<div style=\"text-align: center;\"><img decoding=\"async\" style=\"width: 450px; height: 330px;\" title=\"Wandering albatross\" src=\"http:\/\/ba.dr-mikes-maths.com\/\/wp-content\/themes\/twentyten\/images\/ba\/wandering-albatross.jpg\" alt=\"Wandering albatross\" \/><\/div>\n","protected":false},"excerpt":{"rendered":"<p>Kuinka suuri on J\u00e4ttil\u00e4isalbatrossi? Vaeltava albatross on maailman suurin albatrossi. Se on my\u00f6s kaikki el\u00e4vien lintujensuurin k\u00e4rkiv\u00e4li kanssa lintu. Mitataan Vihje vihje, sen siivet tavoittavat enint\u00e4\u00e4n 3,5 metri\u00e4 (11.5 jalkaa) kaikkialla! Koska J\u00e4ttil\u00e4isalbatrossi on my\u00f6s eritt\u00e4in kevyt kokoon (aikuiset punnitaan noin 6-12 kg tai 13-26 lb) kyseiset linnut ovat erinomainen lehtisi\u00e4. He voivat leijailla useita &hellip; <a href=\"https:\/\/www.big-animals.com\/fi\/the-wandering-albatross-the-bird-with-the-biggest-wings\/\" class=\"more-link\">Continue reading <span class=\"screen-reader-text\">Vaeltava albatrossi &#8211; suurin siivek\u00e4s lintu!<\/span><\/a><\/p>\n","protected":false},"author":1,"featured_media":0,"parent":0,"menu_order":0,"comment_status":"closed","ping_status":"open","template":"","meta":{"_acf_changed":false,"footnotes":""},"acf":[],"_links":{"self":[{"href":"https:\/\/www.big-animals.com\/fi\/wp-json\/wp\/v2\/pages\/13"}],"collection":[{"href":"https:\/\/www.big-animals.com\/fi\/wp-json\/wp\/v2\/pages"}],"about":[{"href":"https:\/\/www.big-animals.com\/fi\/wp-json\/wp\/v2\/types\/page"}],"author":[{"embeddable":true,"href":"https:\/\/www.big-animals.com\/fi\/wp-json\/wp\/v2\/users\/1"}],"replies":[{"embeddable":true,"href":"https:\/\/www.big-animals.com\/fi\/wp-json\/wp\/v2\/comments?post=13"}],"version-history":[{"count":0,"href":"https:\/\/www.big-animals.com\/fi\/wp-json\/wp\/v2\/pages\/13\/revisions"}],"wp:attachment":[{"href":"https:\/\/www.big-animals.com\/fi\/wp-json\/wp\/v2\/media?parent=13"}],"curies":[{"name":"wp","href":"https:\/\/api.w.org\/{rel}","templated":true}]}}