{"id":28,"date":"2011-05-09T09:10:29","date_gmt":"2011-05-09T09:10:29","guid":{"rendered":""},"modified":"2011-05-09T09:10:29","modified_gmt":"2011-05-09T09:10:29","slug":"komodonvaraani","status":"publish","type":"page","link":"https:\/\/www.big-animals.com\/fi\/komodonvaraani\/","title":{"rendered":"Komodonvaraani"},"content":{"rendered":"<p><span id=\"gts_text_1\" class=\"gts_text\">Komodon dragon on maailman suurin Liskon. <\/span><span id=\"gts_text_2\" class=\"gts_text\">Se l\u00f6ytyy Komodo, Rinca, Indonesian saaret Flores ja Gili Motang. <\/span><span id=\"gts_text_3\" class=\"gts_text\">Se voi kasvaa jopa 3 metri\u00e4 pitk\u00e4 (10 jalkaa) ja painaa noin 70 kilogrammaa (155 lb). <\/span><span id=\"gts_text_4\" class=\"gts_text\">Se on t\u00e4ll\u00e4 hetkell\u00e4 luokiteltu uhanalaisten lajien vuoksi mets\u00e4nh\u00e4vitykseen, matkailu, poaching ja luonnonkatastrofeista kuten tulivuorenpurkaukset saarilla, joka edelleen el\u00e4\u00e4. <\/span><span id=\"gts_text_5\" class=\"gts_text\">Komodon dragons suojataan Indonesian lains\u00e4\u00e4d\u00e4nn\u00f6n ja erityisesti, Komodon kansallispuisto. <\/span><span id=\"gts_text_6\" class=\"gts_text\">On noin 4000 5000 elin Komodo tietoja dragons luonnosta.<\/span><\/p>\n<h3><span id=\"gts_text_7\" class=\"gts_text\">Miten Komodo Dragon sy\u00f6<\/span><\/h3>\n<figure id=\"attachment_658\" aria-describedby=\"caption-attachment-658\" style=\"width: 300px\" class=\"wp-caption alignleft\"><a href=\"http:\/\/www.big-animals.com\/wp-content\/uploads\/2011\/03\/Komodo-Dragon-Face.jpg\"><img loading=\"lazy\" decoding=\"async\" class=\"size-medium wp-image-658\" title=\"The Face of a Komodo Dragon. Pic by Trisha Shears\" src=\"http:\/\/www.big-animals.com\/wp-content\/uploads\/2011\/03\/Komodo-Dragon-Face-300x196.jpg\" alt=\"The Face of a Komodo Dragon. Pic by Trisha Shears\" width=\"300\" height=\"196\" \/><\/a><figcaption id=\"caption-attachment-658\" class=\"wp-caption-text\">The Face of a Komodo Dragon. Pic by Trisha Shears<\/figcaption><\/figure>\n<p><span id=\"gts_text_8\" class=\"gts_text\">Komodon dragons ovat lihan eaters ja puhdistavien. <\/span><span id=\"gts_text_9\" class=\"gts_text\">He sy\u00f6v\u00e4t jopa omia lajin. <\/span><span id=\"gts_text_10\" class=\"gts_text\">Ne mets\u00e4st\u00e4\u00e4 ja ambush ilmenev\u00e4, kuten Hirviel\u00e4imet, siat, lintujen ja jopa suuria kalab\u00e1w ja ihmisiin. <\/span><span id=\"gts_text_11\" class=\"gts_text\">On arvioitu, ett\u00e4 10: t\u00e4 prosenttia niiden ruokavalio koostuu muiden Komodo Dragons! <\/span><span id=\"gts_text_12\" class=\"gts_text\">He sy\u00f6v\u00e4t l\u00e4hes kaikenlaista lihaa. <\/span><span id=\"gts_text_13\" class=\"gts_text\">Vauva Komodo dragons sy\u00f6tteen enimm\u00e4kseen pieni\u00e4 liskoja tai hy\u00f6nteiset. <\/span><span id=\"gts_text_14\" class=\"gts_text\">\u00a0Ne voivat nielem\u00e4\u00e4n pienempi\u00e4 harjoitellaan kokonaan (up to vuohella kokoa) kuten Snaken, koska ne ovat liittyneet l\u00f6yh\u00e4sti leukojen, joustava kalloja ja laajennettavia vatsaan. <\/span><span id=\"gts_text_15\" class=\"gts_text\">Komodon dragon kest\u00e4\u00e4 15-20 minuuttia nielem\u00e4\u00e4n vuohella. <\/span><span id=\"gts_text_16\" class=\"gts_text\">T\u00e4m\u00e4 hullu Komodonvaraani jopa nopeuttaa nielemiseen mukaan ramming ruho pakottaa sen kurkun koskevista puussa vastaan! <\/span><span id=\"gts_text_17\" class=\"gts_text\">Joskus huono puu saa tippuu p\u00e4\u00e4lle. <\/span><span id=\"gts_text_18\" class=\"gts_text\">Kuitenkin se ei voi suffocated mukaan suuria muistilohkoja elintarvikkeiden koska breathes k\u00e4ytt\u00e4m\u00e4ll\u00e4 pienten putkien nojalla sen kieli, keuhkot yhteydess\u00e4. <\/span><span id=\"gts_text_19\" class=\"gts_text\">T\u00e4st\u00e4 syyst\u00e4 se breathes sen suun kautta. <\/span><span id=\"gts_text_20\" class=\"gts_text\">Koska Komodo dragons on pallean, ne ei voi suck vesi tai jopa lantiovy\u00f6n kanssa niiden keltainen kieli. <\/span><span id=\"gts_text_21\" class=\"gts_text\">Ne toteuttavat niin, itse asiassa mouthful veden ja hissin vaatimuksensa yl\u00f6s, Anna veden virtaavat alas heid\u00e4n kurkun.<\/span><\/p>\n<p><span id=\"gts_text_22\" class=\"gts_text\">J\u00e4lkeen sy\u00f6minen enint\u00e4\u00e4n 80 prosenttia niiden ruumiinpaino yhden aterian, ne vet\u00e4m\u00e4ll\u00e4 itse aurinkoisella paikalla DIGESTIOMENETELM\u00c4 nopeuttamiseksi. <\/span><span id=\"gts_text_23\" class=\"gts_text\">Se johtuu elintarvike voi lahosuojattu ja myrkytt\u00e4v\u00e4t Jos vasemmalle undigested liian kauan.<\/span><\/p>\n<p><span id=\"gts_text_24\" class=\"gts_text\">Komodon Dragon on hidas metabolisen kurssi kuten Snaken. <\/span><span id=\"gts_text_25\" class=\"gts_text\">Suuri komodo voi el\u00e4\u00e4 niin v\u00e4h\u00e4n kuin 12 aterioita vuodessa. <\/span><span id=\"gts_text_26\" class=\"gts_text\">Se oksentamaan sarvet, karva ja sen prey hampaita. <\/span><span id=\"gts_text_27\" class=\"gts_text\">Sitten se puhdistaa sen kasvot kanssa likaa tai Bushin.<\/span><\/p>\n<figure id=\"attachment_659\" aria-describedby=\"caption-attachment-659\" style=\"width: 300px\" class=\"wp-caption aligncenter\"><a href=\"http:\/\/www.big-animals.com\/wp-content\/uploads\/2011\/03\/Komodo_Dragon_And_Human.png\"><img loading=\"lazy\" decoding=\"async\" class=\"size-medium wp-image-659\" title=\"The Komodo Dragon is the World's Biggest Lizard\" src=\"http:\/\/www.big-animals.com\/wp-content\/uploads\/2011\/03\/Komodo_Dragon_And_Human-300x136.png\" alt=\"The Komodo Dragon is the World's Biggest Lizard\" width=\"300\" height=\"136\" \/><\/a><figcaption id=\"caption-attachment-659\" class=\"wp-caption-text\">The Komodo Dragon is the World&#038;#39;s Biggest Lizard<\/figcaption><\/figure>\n<p><span id=\"gts_text_28\" class=\"gts_text\">Suurin Komodonvaraani saavat sy\u00f6d\u00e4 ensin, kun taas pienemm\u00e4t on odotettava saada. <\/span><span id=\"gts_text_29\" class=\"gts_text\">Jos ne ovat samansuuruiset, olla keskuudessaan torjunta. <\/span><span id=\"gts_text_30\" class=\"gts_text\">Luovutetaanko h\u00e4vi\u00e4ji\u00e4. <\/span><span id=\"gts_text_31\" class=\"gts_text\">Valitettavasti h\u00e4vi\u00e4ji\u00e4 joskus teurastetaan ja victors sy\u00f6d\u00e4!<\/span><\/p>\n<p><span id=\"gts_text_32\" class=\"gts_text\">Usko tai \u00c4l\u00e4 joskus jopa sy\u00f6v\u00e4t ihmisiin ja kuollut ihmisten elimet. <\/span><span id=\"gts_text_33\" class=\"gts_text\">Ne kaivaa yl\u00f6s nielem\u00e4\u00e4n hautoja osallistujina, t\u00e4m\u00e4n karmaisevaan tapana on aiheuttanut Komodo vaihto haudoissaan hiekka maanpinnan savea maanpinnan ja paalun kivi\u00e4 graves yl\u00e4osassa siten, ett\u00e4 se on vaikeampi n\u00e4iden Komodo dragons kaivaa elinten kyliss\u00e4.<\/span><\/p>\n<h3><span id=\"gts_text_34\" class=\"gts_text\">Komodon Dragon Babies<\/span><\/h3>\n<p><span id=\"gts_text_35\" class=\"gts_text\">\u00c4iti-Komodonvaraani antaa h\u00e4nen munien syyskuussa. <\/span><span id=\"gts_text_36\" class=\"gts_text\">H\u00e4n laatii enint\u00e4\u00e4n 30 munien pes\u00e4. <\/span><span id=\"gts_text_37\" class=\"gts_text\">H\u00e4n k\u00e4ytt\u00e4\u00e4 sivellin-Turkin pes\u00e4 M\u00e4ki. <\/span><span id=\"gts_text_38\" class=\"gts_text\">Vauva Komodo dragons on noin 40 cm (16 tuumaa) ja painaa noin 100 gramman (3.3 oz). <\/span><span id=\"gts_text_39\" class=\"gts_text\">Munat inkuboitava 7-8 kuukauden ajan ja ne kuoriutuvat l\u00e4mp\u00f6tilassa huhtikuussa. <\/span><span id=\"gts_text_40\" class=\"gts_text\">Kun ne on haudottu, nuorten Kodomo dragons j\u00e4tet\u00e4\u00e4n huolehtia itse. <\/span><span id=\"gts_text_41\" class=\"gts_text\">Ne suoritetaan nopeasti treetops. <\/span><span id=\"gts_text_42\" class=\"gts_text\">Ne el\u00e4\u00e4 siell\u00e4, kunnes ne ovat suuret, uhalta sy\u00f6nyt petoel\u00e4imilt\u00e4 ja muut Komodo dragons. <\/span><span id=\"gts_text_43\" class=\"gts_text\">Ne yleens\u00e4 el\u00e4\u00e4 puiden kunnes ne ovat noin 3-5 vuotta vanha. <\/span><span id=\"gts_text_44\" class=\"gts_text\">Ne voivat el\u00e4\u00e4 niin kauan kuin 50-vuotias.\u00a0 <\/span><span id=\"gts_text_45\" class=\"gts_text\">Nuoret Komodo dragons ovat moniv\u00e4rinen. <\/span><span id=\"gts_text_46\" class=\"gts_text\">Ne on keltainen, vihre\u00e4, Ruskea ja harmaa T\u00e4plik\u00e4s ja vaihtuvav\u00e4riset ihon kanssa. <\/span><span id=\"gts_text_47\" class=\"gts_text\">Aikuisen v\u00e4rit vaihtelevat p\u00e4\u00e4st\u00e4inen punainen tumma harmaa ja musta.<\/span><\/p>\n<figure id=\"attachment_660\" aria-describedby=\"caption-attachment-660\" style=\"width: 300px\" class=\"wp-caption alignright\"><a href=\"http:\/\/www.big-animals.com\/wp-content\/uploads\/2011\/03\/Komodo_Dragon.jpg\"><img loading=\"lazy\" decoding=\"async\" class=\"size-medium wp-image-660\" title=\"A Captive Komodo Dragon\" src=\"http:\/\/www.big-animals.com\/wp-content\/uploads\/2011\/03\/Komodo_Dragon-300x139.jpg\" alt=\"A Captive Komodo Dragon\" width=\"300\" height=\"139\" \/><\/a><figcaption id=\"caption-attachment-660\" class=\"wp-caption-text\">A Captive Komodo Dragon<\/figcaption><\/figure>\n<p><span id=\"gts_text_48\" class=\"gts_text\">Komodon dragon on niin kauan kuin sen laitoksen lihaksiston kanta. <\/span><span id=\"gts_text_49\" class=\"gts_text\">Se on noin 60 serrated hampaiden, jotka ovat noin 2,5 senttimetri\u00e4 (1 tuuma) pitk\u00e4. <\/span><span id=\"gts_text_50\" class=\"gts_text\">Hampaiden ovat veitsen ter\u00e4vi\u00e4 kuten lihassa sy\u00f6minen hain hampaista. <\/span><span id=\"gts_text_51\" class=\"gts_text\">Mik\u00e4 on mahtavaa on n\u00e4iden 60 hampaiden korvataan usein. <\/span><span id=\"gts_text_52\" class=\"gts_text\">Sen hampaiden on suunniteltu slice, repeydy ja leikata mutta ei purutupakka, joka on miksi se repeydy suuria muistilohkoja malto ilmenev\u00e4 ja nielem\u00e4\u00e4n koko alhaalla ruhon niiden forelegs kanssa. <\/span><span id=\"gts_text_53\" class=\"gts_text\">\u00a0Sen hampaiden piilotetaan kumit. <\/span><span id=\"gts_text_54\" class=\"gts_text\">Sen vuoksi on krokotiili &#8216;Tassut hymy&#8217;. <\/span><span id=\"gts_text_55\" class=\"gts_text\">Sen sylki usein v\u00e4rj\u00e4ttyjen veren, koska sen hampaiden katetaan l\u00e4hes kokonaan hartsi kudosten, joka on tavallisesti leikata ja revitty kun Komodo dragon tearing malto ilmenev\u00e4 k\u00e4yt\u00f6st\u00e4.<\/span><\/p>\n<p><span id=\"gts_text_56\" class=\"gts_text\">Komodon dragon sylki ottaa t\u00e4llainen veren tinged sylki muuttuu hyv\u00e4 myrkkyj\u00e4 bakteerien kasvaa. <\/span><span id=\"gts_text_57\" class=\"gts_text\">Bakteerien syit\u00e4 tartunnan ja usein haavoittunut prey kuolevat 2-3 p\u00e4iv\u00e4n kuluessa vaikka se karkaa. <\/span><span id=\"gts_text_58\" class=\"gts_text\">Komodon Dragon on pitk\u00e4, keltainen, syv\u00e4sti kiertyneiden kieli, jota se k\u00e4ytt\u00e4\u00e4 haju ja maku. <\/span><span id=\"gts_text_59\" class=\"gts_text\">Se on hyv\u00e4 hajuaistilla, mutta se ei ole hyv\u00e4 merkityksess\u00e4 istunnossa. <\/span><span id=\"gts_text_60\" class=\"gts_text\">On kuitenkin n\u00e4hd\u00e4 pitk\u00e4lle. <\/span><span id=\"gts_text_61\" class=\"gts_text\">Se voi n\u00e4hd\u00e4 300 metri\u00e4 (1000 ft) osalta. <\/span><span id=\"gts_text_62\" class=\"gts_text\">Se on huono Pime\u00e4n\u00e4k\u00f6. <\/span><span id=\"gts_text_63\" class=\"gts_text\">On v\u00e4rilt\u00e4\u00e4n n\u00e4hd\u00e4, mutta se ei n\u00e4y asioita, jos ne eiv\u00e4t siirry.<\/span><\/p>\n<p><span id=\"gts_text_64\" class=\"gts_text\">Ottaa tuuli hyv\u00e4 tunne suotuisa avulla, hajun ja sen tapana of keinuvat sen p\u00e4\u00e4llikk\u00f6 puolelta sivulle kuin se k\u00e4velee, auttamaan suuresti Komodo dragons pystyv\u00e4t etsim\u00e4\u00e4n rotten hahmottamiseksi kuollut enint\u00e4\u00e4n 10 kilometrin (maileina 6) p\u00e4\u00e4ss\u00e4.<\/span><\/p>\n<p><span id=\"gts_text_65\" class=\"gts_text\">Komodon dragons on tasainen p\u00e4\u00e4t py\u00f6ristetty snouts ja lyhyen bowed jalat. <\/span><span id=\"gts_text_66\" class=\"gts_text\">\u00a0Ne kuuluvat maksuperusteiden kanssa. <\/span><span id=\"gts_text_67\" class=\"gts_text\">Jotkin Komodo dragon asteikot on lujitettava luun ja joissakin on paljon hermoihin, joka auttaa sen kosketus merkityksess\u00e4. <\/span><span id=\"gts_text_68\" class=\"gts_text\">N\u00e4iden erityisten vakuutusehtojen kasvaa noin korville, huulet, chin ja Komodo Dragon jalat kielikampelan.<\/span><\/p>\n<p><span id=\"gts_text_69\" class=\"gts_text\">Vaikka ne ovat valtavat, Komodo Dragon on nopeasti liikkuvat Varaanit. <\/span><span id=\"gts_text_70\" class=\"gts_text\">Se voidaan suorittaa nopeasti 20 kilometri\u00e4 tunnissa (12 maileina tunnissa) lyhyill\u00e4 et\u00e4isyyksill\u00e4. <\/span><span id=\"gts_text_71\" class=\"gts_text\">Se on hyv\u00e4 lyhyen matkan kest\u00e4vyysjuoksija. <\/span><span id=\"gts_text_72\" class=\"gts_text\">Ne kiivet\u00e4 puiden suunnitella p\u00e4tev\u00e4ll\u00e4 tavalla, kun ne ovat nuoria niiden vahva saksia k\u00e4ytt\u00e4en ja ne ovat eritt\u00e4in swimmers. <\/span><span id=\"gts_text_73\" class=\"gts_text\">He k\u00e4sittelev\u00e4t enint\u00e4\u00e4n 4,5 metri\u00e4 (15 jalkaa).<\/span><\/p>\n<h3><span id=\"gts_text_74\" class=\"gts_text\">Komodon Dragon elinymp\u00e4rist\u00f6<\/span><\/h3>\n<p><span id=\"gts_text_75\" class=\"gts_text\">Komodon dragon asuu kuiva Rekku kuumassa. <\/span><span id=\"gts_text_76\" class=\"gts_text\">\u00a0Rakastaa on oltava kuiva Avaa niityt, savanni ja trooppisen mets\u00e4n. <\/span><span id=\"gts_text_77\" class=\"gts_text\">Se on hyvin solitary olento lukuun ottamatta pesint\u00e4-ja lis\u00e4\u00e4ntymiskauden aikana ja sy\u00f6minen. <\/span><span id=\"gts_text_78\" class=\"gts_text\">Yksi asia hyv\u00e4 Komodo dragons tietoja ovat, ne ovat halukkaita jakamaan niiden ruokinta aloilla. <\/span><span id=\"gts_text_79\" class=\"gts_text\">Se lepotilassa maanalainen burrows. <\/span><span id=\"gts_text_80\" class=\"gts_text\">Se s\u00e4\u00e4ntelee sen ruumiinl\u00e4mp\u00f6 k\u00e4ytt\u00e4m\u00e4ll\u00e4 burrow. <\/span><span id=\"gts_text_81\" class=\"gts_text\">N\u00e4m\u00e4 burrows ovat noin 1-3 metri\u00e4 leve\u00e4 (3-10 jalkaa). <\/span><span id=\"gts_text_82\" class=\"gts_text\">Se k\u00e4ytt\u00e4\u00e4 sen tehokkaiden forelegs ja -saksia n\u00e4iden burrows rakentaa.<\/span><\/p>\n<p><span id=\"gts_text_83\" class=\"gts_text\">Urospuolisten Komodo dragons ovat hyvin alueellinen ja ne olivat puolustaa alueellaan ja jopa kiertovartioitava enint\u00e4\u00e4n 2 kilometri\u00e4 varmistaaksesi, ett\u00e4 muut Komodo dragons hy\u00f6k\u00e4t\u00e4 niiden alueella.<\/span><\/p>\n<p><span id=\"gts_text_84\" class=\"gts_text\">Komodon dragon kasvaa vanhempi, sen saksia ovat p\u00e4\u00e4asiassa sotilask\u00e4ytt\u00f6\u00f6n tarkoitetut &#8211; niit\u00e4 harvoin k\u00e4ytet\u00e4\u00e4n kiivet\u00e4 puut, koska aikuisen dragons ovat aivan liian raskas. <\/span><span id=\"gts_text_85\" class=\"gts_text\">P\u00e4iv\u00e4 on aktiivinen. <\/span><span id=\"gts_text_86\" class=\"gts_text\">Se tavallisesti mets\u00e4st\u00e4\u00e4 iltap\u00e4iv\u00e4ll\u00e4. <\/span><span id=\"gts_text_87\" class=\"gts_text\">Kun on liian kuuma, se s\u00e4ilyy varjossa. <\/span><span id=\"gts_text_88\" class=\"gts_text\">Niiden suosikki taukopaikat sijaitsevat barren vuoret tai kukkulat viile\u00e4 Merituuli kanssa.<\/span><\/p>\n","protected":false},"excerpt":{"rendered":"<p>Komodon dragon on maailman suurin Liskon. Se l\u00f6ytyy Komodo, Rinca, Indonesian saaret Flores ja Gili Motang. Se voi kasvaa jopa 3 metri\u00e4 pitk\u00e4 (10 jalkaa) ja painaa noin 70 kilogrammaa (155 lb). Se on t\u00e4ll\u00e4 hetkell\u00e4 luokiteltu uhanalaisten lajien vuoksi mets\u00e4nh\u00e4vitykseen, matkailu, poaching ja luonnonkatastrofeista kuten tulivuorenpurkaukset saarilla, joka edelleen el\u00e4\u00e4. Komodon dragons suojataan Indonesian &hellip; <a href=\"https:\/\/www.big-animals.com\/fi\/komodonvaraani\/\" class=\"more-link\">Continue reading <span class=\"screen-reader-text\">Komodonvaraani<\/span><\/a><\/p>\n","protected":false},"author":1,"featured_media":0,"parent":0,"menu_order":0,"comment_status":"closed","ping_status":"open","template":"","meta":{"_acf_changed":false,"footnotes":""},"acf":[],"_links":{"self":[{"href":"https:\/\/www.big-animals.com\/fi\/wp-json\/wp\/v2\/pages\/28"}],"collection":[{"href":"https:\/\/www.big-animals.com\/fi\/wp-json\/wp\/v2\/pages"}],"about":[{"href":"https:\/\/www.big-animals.com\/fi\/wp-json\/wp\/v2\/types\/page"}],"author":[{"embeddable":true,"href":"https:\/\/www.big-animals.com\/fi\/wp-json\/wp\/v2\/users\/1"}],"replies":[{"embeddable":true,"href":"https:\/\/www.big-animals.com\/fi\/wp-json\/wp\/v2\/comments?post=28"}],"version-history":[{"count":0,"href":"https:\/\/www.big-animals.com\/fi\/wp-json\/wp\/v2\/pages\/28\/revisions"}],"wp:attachment":[{"href":"https:\/\/www.big-animals.com\/fi\/wp-json\/wp\/v2\/media?parent=28"}],"curies":[{"name":"wp","href":"https:\/\/api.w.org\/{rel}","templated":true}]}}