{"id":29,"date":"2011-05-09T09:10:36","date_gmt":"2011-05-09T09:10:36","guid":{"rendered":""},"modified":"2011-05-09T09:10:36","modified_gmt":"2011-05-09T09:10:36","slug":"tietosuojakaytanto","status":"publish","type":"page","link":"https:\/\/www.big-animals.com\/fi\/tietosuojakaytanto\/","title":{"rendered":"Tietosuojak\u00e4yt\u00e4nt\u00f6"},"content":{"rendered":"<p><span id=\"gts_text_1\" class=\"gts_text\">T\u00e4ll\u00e4 sivulla kerrotaan tietosuojak\u00e4yt\u00e4nt\u00f6 Big-Animals.com.<\/span><\/p>\n<p>\n<span id=\"gts_text_2\" class=\"gts_text\">Periaatteessa t\u00e4m\u00e4n sivuston ei ker\u00e4\u00e4 mit\u00e4\u00e4n henkil\u00f6kohtaisia tietoja sinusta. <\/span><span id=\"gts_text_3\" class=\"gts_text\">Tietosuojasi on turvallinen. <\/span><span id=\"gts_text_4\" class=\"gts_text\">Tiettyihin yksitt\u00e4isiin osiin sivustot voivat tallentaa tietoja, jotka annat (kuten j\u00e4ljemp\u00e4n\u00e4 selitet\u00e4\u00e4n), mutta ei ole osa sivustoa yritt\u00e4\u00e4 saada tietoa tiet\u00e4m\u00e4tt\u00e4si.<\/span> <\/p>\n<p><span id=\"gts_text_5\" class=\"gts_text\">Toisaalta, n\u00e4m\u00e4 sivustot <i>does<\/i> s\u00e4il\u00f6n <i>keskim\u00e4\u00e4r\u00e4iset ja kokonaiskustannukset<\/i> tietoja t\u00e4m\u00e4n sivuston <i>kaikkien<\/i> k\u00e4ytt\u00e4jien. <\/span><span id=\"gts_text_6\" class=\"gts_text\">T\u00e4m\u00e4 tehd\u00e4\u00e4n kautta<\/span><\/p>\n<ul>\n<li> <span id=\"gts_text_7\" class=\"gts_text\">P\u00e4\u00e4asiassa, <a href=\"http:\/\/www.google.com\/analytics\">google Analytics<\/a><\/span>\n<\/li>\n<li> <span id=\"gts_text_8\" class=\"gts_text\">Web-palvelimen lokeja.<\/span>\n<\/li>\n<li> <span id=\"gts_text_9\" class=\"gts_text\">Kullakin sivulla k\u00e4yneiden kokonaism\u00e4\u00e4r\u00e4 on tallennettu.<\/span>\n<\/li>\n<\/ul>\n<p><span id=\"gts_text_10\" class=\"gts_text\">Yhteenlaskettu tilastot sis\u00e4lt\u00e4v\u00e4t tiedot, jotta voitaisiin tunnistaa sinut henkil\u00f6kohtaisesti. <\/span><span id=\"gts_text_11\" class=\"gts_text\">Parantaa sivuston kaikille parempi k\u00e4ytt\u00e4\u00e4 tietoja.<\/span><\/p>\n<p><span id=\"gts_text_12\" class=\"gts_text\">Tiettyjen osien joidenkin sivustojen <i>\u00c4l\u00e4<\/i> ker\u00e4\u00e4 ja tallentaa enemm\u00e4n henkil\u00f6kohtaisia tietoja, mutta vain, jos annat sen. <\/span><span id=\"gts_text_13\" class=\"gts_text\">Tarkemmin sanottuna Kummissakin tallentaa vastaustesi, mutta t\u00e4m\u00e4 tieto ei yksil\u00f6imiseen, tietenkin.<\/span>\n<\/p>\n<p><span id=\"gts_text_14\" class=\"gts_text\">Joitakin t\u00e4m\u00e4n Web-sivuston osia tehd\u00e4 k\u00e4ytt\u00e4\u00e4 muiden sivustojen sis\u00e4lt\u00f6. <\/span><span id=\"gts_text_15\" class=\"gts_text\">N\u00e4m\u00e4 tekij\u00e4t yleens\u00e4 tallentaa ev\u00e4steit\u00e4 tietokoneeseen. <\/span><span id=\"gts_text_16\" class=\"gts_text\">Erityisesti<\/span>\n<\/p>\n<ul>\n<li> <span id=\"gts_text_17\" class=\"gts_text\">Useimmat mainoksia tarjotaan Google Adsense-ohjelman kautta. <\/span><span id=\"gts_text_18\" class=\"gts_text\">Huomaa<\/span>\n<ul>\n<li> <span id=\"gts_text_19\" class=\"gts_text\">Google k\u00e4ytt\u00e4\u00e4 ev\u00e4steit\u00e4 auttaakseen se p\u00e4\u00e4tt\u00e4\u00e4, mitk\u00e4 mainokset n\u00e4ytt\u00e4m\u00e4\u00e4n.<\/span>\n     <\/li>\n<li> <span id=\"gts_text_20\" class=\"gts_text\">DART-ev\u00e4steen k\u00e4yt\u00f6n Googlen tarkoittaa, ett\u00e4 n\u00e4et voivat riippua aiemmin vierailemiesi WWW-sivustojen mainoksia.<\/span>\n     <\/li>\n<li> <span id=\"gts_text_21\" class=\"gts_text\">Jos haluat lopettaa Google k\u00e4ytt\u00e4en DART-ev\u00e4steen tiettyyn tietokoneeseen tai haluat saada lis\u00e4tietoja google-mainosten ja tietosuoja-asioista, <a href=\"http:\/\/www.google.com\/privacy_ads.html\" target=\"new\">Voit tehd\u00e4 sen t\u00e4ss\u00e4<\/a>.<\/span>\n<\/li>\n<\/ul>\n<\/li>\n<li> <span id=\"gts_text_22\" class=\"gts_text\">Kaiken kaikkiaan (ei henkil\u00f6kohtaisen) tiedot ker\u00e4t\u00e4\u00e4n k\u00e4ytt\u00e4en Google Analytics.<\/span>\n<\/li>\n<li> <span id=\"gts_text_23\" class=\"gts_text\">Google tuottaa my\u00f6s sivustohaku.<\/span>\n<\/li>\n<li> <span id=\"gts_text_24\" class=\"gts_text\">Amazon.com linkkej\u00e4 yhteydess\u00e4 Amazon: n Associates-ohjelma.<\/span>\n<\/li>\n<li> <span id=\"gts_text_25\" class=\"gts_text\">Mahdollisesti mainoksia Zazzle tuotteille ole s\u00e4\u00e4detty Zazzle.<\/span>\n<\/li>\n<li> <span id=\"gts_text_26\" class=\"gts_text\">&#8220;El\u00e4inten teemaan Games&#8221; anneta koukussa Media.<\/span>\n<\/li>\n<p><\/uL><br \/>\n<span id=\"gts_text_27\" class=\"gts_text\">Jos olet huolissasi t\u00e4st\u00e4, <a href=\"http:\/\/www.google.com\/privacy.html\" target=\"new\">Google<\/a>, <a href=\"http:\/\/www.amazon.com\/gp\/help\/customer\/display.html?nodeId=468496\" target=\"new\">Amazon.com<\/a>, <a href=\"http:\/\/www.hookedmediagroup.com\/Global\/Privacy.aspx\">Koukussa Media-ryhm\u00e4n<\/a> ja <a href=\"http:\/\/www.zazzle.com\/mk\/policy\/privacy_policy\">Zazzle<\/a>tietosuojak\u00e4yt\u00e4nn\u00f6t olisi kuultava.<\/span><\/p>\n<p><span id=\"gts_text_28\" class=\"gts_text\">Toivomme, ett\u00e4 auttaa!<\/span><\/p>\n","protected":false},"excerpt":{"rendered":"<p>T\u00e4ll\u00e4 sivulla kerrotaan tietosuojak\u00e4yt\u00e4nt\u00f6 Big-Animals.com. Periaatteessa t\u00e4m\u00e4n sivuston ei ker\u00e4\u00e4 mit\u00e4\u00e4n henkil\u00f6kohtaisia tietoja sinusta. Tietosuojasi on turvallinen. Tiettyihin yksitt\u00e4isiin osiin sivustot voivat tallentaa tietoja, jotka annat (kuten j\u00e4ljemp\u00e4n\u00e4 selitet\u00e4\u00e4n), mutta ei ole osa sivustoa yritt\u00e4\u00e4 saada tietoa tiet\u00e4m\u00e4tt\u00e4si. Toisaalta, n\u00e4m\u00e4 sivustot does s\u00e4il\u00f6n keskim\u00e4\u00e4r\u00e4iset ja kokonaiskustannukset tietoja t\u00e4m\u00e4n sivuston kaikkien k\u00e4ytt\u00e4jien. T\u00e4m\u00e4 tehd\u00e4\u00e4n kautta P\u00e4\u00e4asiassa, &hellip; <a href=\"https:\/\/www.big-animals.com\/fi\/tietosuojakaytanto\/\" class=\"more-link\">Continue reading <span class=\"screen-reader-text\">Tietosuojak\u00e4yt\u00e4nt\u00f6<\/span><\/a><\/p>\n","protected":false},"author":1,"featured_media":0,"parent":0,"menu_order":0,"comment_status":"closed","ping_status":"open","template":"","meta":{"_acf_changed":false,"footnotes":""},"acf":[],"_links":{"self":[{"href":"https:\/\/www.big-animals.com\/fi\/wp-json\/wp\/v2\/pages\/29"}],"collection":[{"href":"https:\/\/www.big-animals.com\/fi\/wp-json\/wp\/v2\/pages"}],"about":[{"href":"https:\/\/www.big-animals.com\/fi\/wp-json\/wp\/v2\/types\/page"}],"author":[{"embeddable":true,"href":"https:\/\/www.big-animals.com\/fi\/wp-json\/wp\/v2\/users\/1"}],"replies":[{"embeddable":true,"href":"https:\/\/www.big-animals.com\/fi\/wp-json\/wp\/v2\/comments?post=29"}],"version-history":[{"count":0,"href":"https:\/\/www.big-animals.com\/fi\/wp-json\/wp\/v2\/pages\/29\/revisions"}],"wp:attachment":[{"href":"https:\/\/www.big-animals.com\/fi\/wp-json\/wp\/v2\/media?parent=29"}],"curies":[{"name":"wp","href":"https:\/\/api.w.org\/{rel}","templated":true}]}}