{"id":33,"date":"2011-05-09T09:21:38","date_gmt":"2011-05-09T09:21:38","guid":{"rendered":""},"modified":"2011-05-09T09:21:38","modified_gmt":"2011-05-09T09:21:38","slug":"vesisika","status":"publish","type":"page","link":"https:\/\/www.big-animals.com\/fi\/vesisika\/","title":{"rendered":"Vesisika"},"content":{"rendered":"<p><span id=\"gts_text_1\" class=\"gts_text\">Vesisika on maailman suurin elin <a title=\"Rodents\" href=\"http:\/\/www.big-animals.com\/rodents\/\">jyrsij\u00e4<\/a> . <\/span><span id=\"gts_text_2\" class=\"gts_text\">Se muistuttaa eniten guninea sikojen, agoutis, sinsillojen lopettamiseen ja coyphillas. <\/span><span id=\"gts_text_3\" class=\"gts_text\">Se muistuttaa j\u00e4ttil\u00e4inen marsu pidempi jalat kanssa. <\/span><span id=\"gts_text_4\" class=\"gts_text\">Se on raskas, piipun muotoinen elin ja lyhyt p\u00e4\u00e4n. <\/span><span id=\"gts_text_5\" class=\"gts_text\">Sen turkis on punaruskea niiden kellert\u00e4v\u00e4n ruskea vartalon alle ja elimen yl\u00e4osassa. <\/span><span id=\"gts_text_6\" class=\"gts_text\">Se on kova ihon, jota k\u00e4ytet\u00e4\u00e4n joskus tehd\u00e4 hyv\u00e4\u00e4 laatua nahkatavaroiden.<\/span><\/p>\n<figure id=\"attachment_715\" aria-describedby=\"caption-attachment-715\" style=\"width: 300px\" class=\"wp-caption alignleft\"><a href=\"http:\/\/www.big-animals.com\/wp-content\/uploads\/2011\/03\/Capybara.jpg\"><img loading=\"lazy\" decoding=\"async\" class=\"size-medium wp-image-715\" title=\"The Capybara is the World's Biggest Rodent - Photograph by Vojt\u011bch H\u00e1la\" src=\"http:\/\/www.big-animals.com\/wp-content\/uploads\/2011\/03\/Capybara-300x223.jpg\" alt=\"The Capybara is the World's Biggest Rodent - Photograph by Vojt\u011bch H\u00e1la\" width=\"300\" height=\"223\" \/><\/a><figcaption id=\"caption-attachment-715\" class=\"wp-caption-text\">The Capybara is the World&#038;#39;s Biggest Rodent - Photograph by Vojt\u011bch H\u00e1la<\/figcaption><\/figure>\n<p><span id=\"gts_text_7\" class=\"gts_text\">Aikuisten capybaras voi kasvaa enint\u00e4\u00e4n 130 cm (4 &#8220;3&#8221;) pituus ja painaa enint\u00e4\u00e4n 65 kiloa (140 lb), se on noin 50 senttimetri\u00e4 (20 tuumaa) lapa korkea. <\/span><span id=\"gts_text_8\" class=\"gts_text\">Suurin Vesisika oli 105.4 kg (232.4 lb). <\/span><span id=\"gts_text_9\" class=\"gts_text\">Ne ovat hieman webbed jalat ja n: o h\u00e4nn\u00e4n. <\/span><span id=\"gts_text_10\" class=\"gts_text\">Niiden webbed jalat todella auttaa heit\u00e4 suuri swimmers. <\/span><span id=\"gts_text_11\" class=\"gts_text\">Ne harjoittavat toimintaansa maalla useimmat. <\/span><span id=\"gts_text_12\" class=\"gts_text\">Ne pid\u00e4 niiden hengenvetoon vedenalainen enint\u00e4\u00e4n 5 minuuttia. <\/span><span id=\"gts_text_13\" class=\"gts_text\">N\u00e4in ollen ne piilottaa sen vihollisten osaksi ryhmittym\u00e4n v\u00e4ist\u00e4minen. <\/span><span id=\"gts_text_14\" class=\"gts_text\">Kuuma p\u00e4iv\u00e4n aikana he viett\u00e4v\u00e4t aikaa pelaaminen vedess\u00e4. <\/span><span id=\"gts_text_15\" class=\"gts_text\">He sy\u00f6v\u00e4t my\u00f6h\u00e4\u00e4n iltap\u00e4iv\u00e4ll\u00e4 varhaisessa vaiheessa iltaisin ja \u00f6isin. <\/span><span id=\"gts_text_16\" class=\"gts_text\">He eiv\u00e4t nuku paljon.<\/span><\/p>\n<p><span id=\"gts_text_17\" class=\"gts_text\">Niiden taka jalat ovat hieman kauemmin kuin niiden edess\u00e4 jalat. <\/span><span id=\"gts_text_18\" class=\"gts_text\">Niiden polvensuojukset ovat Tylpp\u00e4. <\/span><span id=\"gts_text_19\" class=\"gts_text\">Silm\u00e4t, nostrils ja korvat ovat heid\u00e4n p\u00e4\u00e4ns\u00e4 yl\u00e4osassa, joten ne helposti voidaan pit\u00e4\u00e4 yll\u00e4 veden kun Uinti.<\/span><\/p>\n<figure id=\"attachment_716\" aria-describedby=\"caption-attachment-716\" style=\"width: 274px\" class=\"wp-caption aligncenter\"><a href=\"http:\/\/www.big-animals.com\/wp-content\/uploads\/2011\/03\/Capibara_and_Human.png\"><img loading=\"lazy\" decoding=\"async\" class=\"size-medium wp-image-716\" title=\"Capibaras are friendly animals\" src=\"http:\/\/www.big-animals.com\/wp-content\/uploads\/2011\/03\/Capibara_and_Human-274x300.png\" alt=\"Capibaras are friendly animals\" width=\"274\" height=\"300\" \/><\/a><figcaption id=\"caption-attachment-716\" class=\"wp-caption-text\">Capibaras are friendly animals<\/figcaption><\/figure>\n<p><span id=\"gts_text_20\" class=\"gts_text\">Naisten capybaras ovat hieman raskaampia kuin miesten. <\/span><span id=\"gts_text_21\" class=\"gts_text\">Naaraat ovat 36-66 kilogrammaa (80 145 lb) v\u00e4lill\u00e4 ja miesten noin 34-61 kilogrammaa (75-135 lb). <\/span><span id=\"gts_text_22\" class=\"gts_text\">Ovat kuolleet sukupuuttoon capybaras, joka oli 40 prosenttia suurempi kuin t\u00e4n\u00e4\u00e4n elossa olevia. <\/span><span id=\"gts_text_23\" class=\"gts_text\">Se l\u00f6ydettiin Pohjois-Amerikassa ja punnitaan 90-110 kilogrammaa (200 250 lb).<\/span><\/p>\n<p><span id=\"gts_text_24\" class=\"gts_text\">Capybaras ovat olevat nis\u00e4kk\u00e4iden. <\/span><span id=\"gts_text_25\" class=\"gts_text\">Ne havaitaan luonnonvaraisten, Kolumbia, Ecuador, Boliviasta, Venezuelasta, Ranskan Guyanan, Uruguayn, Peru ja Paraguayn. <\/span><span id=\"gts_text_26\" class=\"gts_text\">He el\u00e4v\u00e4t paksu toimialuepuuryhm\u00e4n l\u00e4hell\u00e4 j\u00e4rvien, jokien, soiden, lampia, suot, kuultavissa savannahs ja trooppisten metsien jokia pitkin.<\/span><\/p>\n<p><span id=\"gts_text_27\" class=\"gts_text\">Capybaras ovat kasvien eaters. <\/span><span id=\"gts_text_28\" class=\"gts_text\">He sy\u00f6v\u00e4t p\u00e4\u00e4asiassa nurmisiemeniin, vedess\u00e4 kasvien, hedelmi\u00e4 ja puun kaarna. <\/span><span id=\"gts_text_29\" class=\"gts_text\">Aikuisten Vesisika sy\u00f6d\u00e4 ruoho p\u00e4iv\u00e4ss\u00e4 kilogrammaa 2.7 3.6 (6-8 lb). <\/span><span id=\"gts_text_30\" class=\"gts_text\">Capybaras ovat eritt\u00e4in fussy eaters. <\/span><span id=\"gts_text_31\" class=\"gts_text\">Niiden painopiste on vain 4-6 eri tyyppisi\u00e4 kasvi &#8211; ja n\u00e4m\u00e4 muodostavat kolme nelj\u00e4sosaa sen ruokavalion. <\/span><span id=\"gts_text_32\" class=\"gts_text\">Ne erityisesti lehdille poiminta ja Ohita lehdet kaikki noin muuntyyppisist\u00e4 puu. <\/span><span id=\"gts_text_33\" class=\"gts_text\">Mutta Capybaras sy\u00f6d\u00e4 suurempi lajikkeen kasveja kuiva kasvukauden aikana, koska on v\u00e4hemm\u00e4n kasvien k\u00e4ytett\u00e4viss\u00e4 kyseisen\u00e4 aikana ja ne ei ole varaa on fussy. <\/span><span id=\"gts_text_34\" class=\"gts_text\">He sy\u00f6v\u00e4t reeds ruoho sijaan kuiva kasvukauden aikana. <\/span><span id=\"gts_text_35\" class=\"gts_text\">Koska ruoho on vaikea koontiarvon, he sy\u00f6v\u00e4t omia ja saapumisaikojen pooli, joten ne sulatella sit\u00e4 kahdesti. <\/span><span id=\"gts_text_36\" class=\"gts_text\">Niill\u00e4 on my\u00f6s erityinen bakteerit, joka auttaa sulatella nurmikasveja, joita he sy\u00f6v\u00e4t. <\/span><span id=\"gts_text_37\" class=\"gts_text\">Ne voivat my\u00f6s oksentamaan niiden elintarvikkeiden pureskelutarpeen sit\u00e4 uudelleen kuten lehm\u00e4 ulos.<\/span><\/p>\n<p><span id=\"gts_text_38\" class=\"gts_text\">Jos ne ovat hyvin onnellinen, he el\u00e4v\u00e4t v\u00e4lill\u00e4 8-10 vuotta luonnosta. <\/span><span id=\"gts_text_39\" class=\"gts_text\">Keskim\u00e4\u00e4rin, kuitenkin ne vain el\u00e4\u00e4 alle 4-vuotias koska ne suosikki elintarvikkeiden monet viidakon el\u00e4imille, mukaan lukien jaguars, <a title=\"Green Anaconda\" href=\"http:\/\/www.big-animals.com\/green-anaconda\/\">anacondas<\/a>, pumas, Red Sox, ocelots ja caimans.<\/span><\/p>\n<figure id=\"attachment_717\" aria-describedby=\"caption-attachment-717\" style=\"width: 300px\" class=\"wp-caption alignright\"><a href=\"http:\/\/www.big-animals.com\/wp-content\/uploads\/2011\/03\/Capybara_Mother_And_Babies.jpg\"><img loading=\"lazy\" decoding=\"async\" class=\"size-medium wp-image-717\" title=\"All the mothers in the group help care for capybara babies - picture by &#038;quot;Bradypus&#038;quot;\" src=\"http:\/\/www.big-animals.com\/wp-content\/uploads\/2011\/03\/Capybara_Mother_And_Babies-300x145.jpg\" alt=\"All the mothers in the group help care for capybara babies - picture by &#038;quot;Bradypus&#038;quot;\" width=\"300\" height=\"145\" \/><\/a><figcaption id=\"caption-attachment-717\" class=\"wp-caption-text\">All the mothers in the group help care for capybara babies - picture by &#038;quot;Bradypus&#038;quot;<\/figcaption><\/figure>\n<p><span id=\"gts_text_40\" class=\"gts_text\">Capybaras, kuten 10-20 henkil\u00f6ryhmien 2\u20134 t\u00e4ysikasvuiset urokset, 4-7 aikuisen naaraat ja koko joukko young ones el\u00e4\u00e4. <\/span><span id=\"gts_text_41\" class=\"gts_text\">Ryhm\u00e4n kokoa muuttaa vuodenajan mukaan. <\/span><span id=\"gts_text_42\" class=\"gts_text\">Kuivan kasvukauden aikana ollessa v\u00e4hemm\u00e4n vett\u00e4, ryhmittym\u00e4t muodostavat l\u00e4hell\u00e4 on v\u00e4h\u00e4n vett\u00e4. <\/span><span id=\"gts_text_43\" class=\"gts_text\">Ryhm\u00e4 voi olla yht\u00e4 suuri kuin 50-100 henkil\u00f6t. <\/span><span id=\"gts_text_44\" class=\"gts_text\">Ryhm\u00e4n ohjataan m\u00e4\u00e4r\u00e4\u00e4v\u00e4 koiras.\u00a0Capybaras ovat eritt\u00e4in vocal. <\/span><span id=\"gts_text_45\" class=\"gts_text\">Ne tekee \u00e4\u00e4nt\u00f6asu koiran barking, kun ne ovat uhattuina.<\/span><\/p>\n<p><span id=\"gts_text_46\" class=\"gts_text\">22 Kuukauden kuluessa kasvaa Cabybaras. <\/span><span id=\"gts_text_47\" class=\"gts_text\">\u00c4iti capybaras synnytyst\u00e4 2 8 vauvoille yhden syntym\u00e4aika. <\/span><span id=\"gts_text_48\" class=\"gts_text\">Ne synnytyst\u00e4 maalla. <\/span><span id=\"gts_text_49\" class=\"gts_text\">J\u00e4lkeen syntynyt viikon kuluessa vauvoille pystyv\u00e4t sy\u00f6m\u00e4\u00e4n ruoho mutta ne silti edelleen juoda maidon heid\u00e4n \u00e4itins\u00e4 tai muiden naaraspuolisten ryhm\u00e4n noin 16 viikon ajan. <\/span><span id=\"gts_text_50\" class=\"gts_text\">Ryhm\u00e4n naaraat ohje hoito vauvoille.<\/span><\/p>\n<p><span id=\"gts_text_51\" class=\"gts_text\">Capybaras on 20 hampaita. <\/span><span id=\"gts_text_52\" class=\"gts_text\">Niiden edess\u00e4 hampaiden ja poski hampaiden kasvaa jatkuvasti. <\/span><span id=\"gts_text_53\" class=\"gts_text\">Kun ne ovat t\u00e4ysin viljell\u00e4\u00e4n, Vesisika k\u00e4rsii joskus auringonpolttamilta, koska heid\u00e4n karva tulee hyvin karkea ja levinneet spread. <\/span><span id=\"gts_text_54\" class=\"gts_text\">Haetaan sunburnt v\u00e4ltt\u00e4miseksi Vesisika on koota mutaa, kunnes sen ihon kaikki kattaa. <\/span><span id=\"gts_text_55\" class=\"gts_text\">Niit\u00e4 ei pid\u00e4 aurinko.<\/span><\/p>\n<p><span id=\"gts_text_56\" class=\"gts_text\">Niit\u00e4 ei pidet\u00e4 uhanalaisten lajien. <\/span><span id=\"gts_text_57\" class=\"gts_text\">Ne ovat mets\u00e4st\u00e4\u00e4 niiden lihan ja turkisten joissakin paikoissa ja tappoi ihmisten, kun ne alkavat, sy\u00f6minen, ruoho-ihmiset haluavat niiden el\u00e4inten sy\u00f6d\u00e4. <\/span><span id=\"gts_text_58\" class=\"gts_text\">Joillakin aloilla, ne ovat tarhatut, mill\u00e4 varmistetaan, ett\u00e4 kosteikkojen suojataan elinymp\u00e4rist\u00f6jen, jossa he asuvat. <\/span><span id=\"gts_text_59\" class=\"gts_text\">Koko siit\u00e4, ett\u00e4 ne paritella nopeasti tekee paljon helpompi hengiss\u00e4 luonnosta.<\/span><\/p>\n<p><span id=\"gts_text_60\" class=\"gts_text\">Ne l\u00f6ytyv\u00e4t el\u00e4intarhojen ja puisto. <\/span><span id=\"gts_text_61\" class=\"gts_text\">Vankeudessa ne voivat el\u00e4\u00e4 12 vuotta. <\/span><span id=\"gts_text_62\" class=\"gts_text\">Ne ovat kevyesti olentoja ja yleens\u00e4 mahdollistaa ihmisten stroke ja k\u00e4si-sy\u00f6te, niit\u00e4.<\/span><\/p>\n<p><span id=\"gts_text_63\" class=\"gts_text\"><\/span><\/p>\n","protected":false},"excerpt":{"rendered":"<p>Vesisika on maailman suurin elin jyrsij\u00e4 . Se muistuttaa eniten guninea sikojen, agoutis, sinsillojen lopettamiseen ja coyphillas. Se muistuttaa j\u00e4ttil\u00e4inen marsu pidempi jalat kanssa. Se on raskas, piipun muotoinen elin ja lyhyt p\u00e4\u00e4n. Sen turkis on punaruskea niiden kellert\u00e4v\u00e4n ruskea vartalon alle ja elimen yl\u00e4osassa. Se on kova ihon, jota k\u00e4ytet\u00e4\u00e4n joskus tehd\u00e4 hyv\u00e4\u00e4 laatua &hellip; <a href=\"https:\/\/www.big-animals.com\/fi\/vesisika\/\" class=\"more-link\">Continue reading <span class=\"screen-reader-text\">Vesisika<\/span><\/a><\/p>\n","protected":false},"author":1,"featured_media":0,"parent":0,"menu_order":0,"comment_status":"closed","ping_status":"open","template":"","meta":{"_acf_changed":false,"footnotes":""},"acf":[],"_links":{"self":[{"href":"https:\/\/www.big-animals.com\/fi\/wp-json\/wp\/v2\/pages\/33"}],"collection":[{"href":"https:\/\/www.big-animals.com\/fi\/wp-json\/wp\/v2\/pages"}],"about":[{"href":"https:\/\/www.big-animals.com\/fi\/wp-json\/wp\/v2\/types\/page"}],"author":[{"embeddable":true,"href":"https:\/\/www.big-animals.com\/fi\/wp-json\/wp\/v2\/users\/1"}],"replies":[{"embeddable":true,"href":"https:\/\/www.big-animals.com\/fi\/wp-json\/wp\/v2\/comments?post=33"}],"version-history":[{"count":0,"href":"https:\/\/www.big-animals.com\/fi\/wp-json\/wp\/v2\/pages\/33\/revisions"}],"wp:attachment":[{"href":"https:\/\/www.big-animals.com\/fi\/wp-json\/wp\/v2\/media?parent=33"}],"curies":[{"name":"wp","href":"https:\/\/api.w.org\/{rel}","templated":true}]}}