{"id":36,"date":"2011-05-09T09:22:52","date_gmt":"2011-05-09T09:22:52","guid":{"rendered":""},"modified":"2011-05-09T09:22:52","modified_gmt":"2011-05-09T09:22:52","slug":"gigantopithecus","status":"publish","type":"page","link":"https:\/\/www.big-animals.com\/fi\/gigantopithecus\/","title":{"rendered":"Gigantopithecus"},"content":{"rendered":"<p><span id=\"gts_text_1\" class=\"gts_text\">Gigantopithecus on suurin <a title=\"Primates\" href=\"http:\/\/www.big-animals.com\/primates\/\">k\u00e4dellisen<\/a> ett\u00e4 asunut koskaan. <\/span><span id=\"gts_text_2\" class=\"gts_text\">Se oli 300 000 vuotta sitten. <\/span><span id=\"gts_text_3\" class=\"gts_text\">Sen fossiileja on l\u00f6ydetty Kiina, Intia ja Vietnam. <\/span><span id=\"gts_text_4\" class=\"gts_text\">Se liittyy l\u00e4heisesti Apinoiden. <\/span><span id=\"gts_text_5\" class=\"gts_text\">Mies Gigantopithecus oli noin 3 metri\u00e4 (10 jalkaa) korkea ja punnitaan noin 540 kg (1200 lb).<\/span><\/p>\n<figure id=\"attachment_706\" aria-describedby=\"caption-attachment-706\" style=\"width: 216px\" class=\"wp-caption alignright\"><a href=\"http:\/\/www.big-animals.com\/wp-content\/uploads\/2011\/03\/Gigantopithecus_and_human.png\"><img loading=\"lazy\" decoding=\"async\" class=\"size-medium wp-image-706\" title=\"The Gigantopithecus is the Biggest Ever Primate\" src=\"http:\/\/www.big-animals.com\/wp-content\/uploads\/2011\/03\/Gigantopithecus_and_human-216x300.png\" alt=\"The Gigantopithecus is the Biggest Ever Primate\" width=\"216\" height=\"300\" \/><\/a><figcaption id=\"caption-attachment-706\" class=\"wp-caption-text\">The Gigantopithecus is the Biggest Ever Primate<\/figcaption><\/figure>\n<p><span id=\"gts_text_6\" class=\"gts_text\">Jotkut ihmiset ovat edelleen sit\u00e4 mielt\u00e4, ett\u00e4 se Toipuuko et\u00e4k\u00e4yt\u00f6n osien Aasian vasta t\u00e4n\u00e4\u00e4n. <\/span><span id=\"gts_text_7\" class=\"gts_text\">N\u00e4m\u00e4 ihmiset kutsua sit\u00e4, Yeti, Yeren tai Mande-Barung. <\/span><span id=\"gts_text_8\" class=\"gts_text\">Useimmat tutkijat ovat kuitenkin aivan varma, Gogantopithecus kuoli kauan sitten. <\/span><span id=\"gts_text_9\" class=\"gts_text\">Ainoat asiat, jotka on todettu Gigantopithecus ovat fossilized hampaiden ja jawbones. <\/span><span id=\"gts_text_10\" class=\"gts_text\">Sen fossilized hampaiden ja luut usein jauhetut jauhe ja perinteinen kiinalainen l\u00e4\u00e4kint\u00e4 k\u00e4ytet\u00e4\u00e4n.<\/span><\/p>\n<p><span id=\"gts_text_11\" class=\"gts_text\">Valitettavasti emme voi olla varmoja siit\u00e4, miten Gigantopithecus siirret\u00e4\u00e4n ymp\u00e4rille, koska ei lonkka tai jalan luut on todettu. <\/span><span id=\"gts_text_12\" class=\"gts_text\">Tutkijoiden arvata, ett\u00e4 on moderni gorillas tosiasiallisesti 2-3 kertaa raskaampia ja l\u00e4hes 5 kertaa raskaampia Orangit, joka on on parhaiten verrattavissa kyseiseen elin k\u00e4dellisen. <\/span><span id=\"gts_text_13\" class=\"gts_text\">Aikuisen naisen Gigantopithecus oli puolet miesten paino.<\/span><\/p>\n<p><span id=\"gts_text_14\" class=\"gts_text\">He eliv\u00e4t bambu-toimialuepuuryhm\u00e4ss\u00e4. <\/span><span id=\"gts_text_15\" class=\"gts_text\">Sen fossiilisten on todettu sukupuuttoon tyyppisi\u00e4 panda kanssa. <\/span><span id=\"gts_text_16\" class=\"gts_text\">Sen vuoksi on p\u00e4\u00e4tetty, ett\u00e4 n\u00e4it\u00e4 valtavia Gigantopithecus olivat kasvien eaters. <\/span><span id=\"gts_text_17\" class=\"gts_text\">Niiden leuat ovat syv\u00e4 ja hyvin paksu. <\/span><span id=\"gts_text_18\" class=\"gts_text\">Hampaiden ja leukojen soveltuvat kova jauhamista ja purutupakka kova vasikalle, kuten bambu. <\/span><span id=\"gts_text_19\" class=\"gts_text\">Sen hampaiden elimi\u00e4 ovat samanlaisia kuin giant pandas l\u00f6ytyi. <\/span><span id=\"gts_text_20\" class=\"gts_text\">Lukuun ottamatta bambu se luultavasti s\u00f6iv\u00e4t siemenet ja hedelm\u00e4t liian.<\/span><\/p>\n<p><span id=\"gts_text_21\" class=\"gts_text\"><\/span><\/p>\n","protected":false},"excerpt":{"rendered":"<p>Gigantopithecus on suurin k\u00e4dellisen ett\u00e4 asunut koskaan. Se oli 300 000 vuotta sitten. Sen fossiileja on l\u00f6ydetty Kiina, Intia ja Vietnam. Se liittyy l\u00e4heisesti Apinoiden. Mies Gigantopithecus oli noin 3 metri\u00e4 (10 jalkaa) korkea ja punnitaan noin 540 kg (1200 lb). Jotkut ihmiset ovat edelleen sit\u00e4 mielt\u00e4, ett\u00e4 se Toipuuko et\u00e4k\u00e4yt\u00f6n osien Aasian vasta t\u00e4n\u00e4\u00e4n. &hellip; <a href=\"https:\/\/www.big-animals.com\/fi\/gigantopithecus\/\" class=\"more-link\">Continue reading <span class=\"screen-reader-text\">Gigantopithecus<\/span><\/a><\/p>\n","protected":false},"author":1,"featured_media":0,"parent":0,"menu_order":0,"comment_status":"closed","ping_status":"open","template":"","meta":{"_acf_changed":false,"footnotes":""},"acf":[],"_links":{"self":[{"href":"https:\/\/www.big-animals.com\/fi\/wp-json\/wp\/v2\/pages\/36"}],"collection":[{"href":"https:\/\/www.big-animals.com\/fi\/wp-json\/wp\/v2\/pages"}],"about":[{"href":"https:\/\/www.big-animals.com\/fi\/wp-json\/wp\/v2\/types\/page"}],"author":[{"embeddable":true,"href":"https:\/\/www.big-animals.com\/fi\/wp-json\/wp\/v2\/users\/1"}],"replies":[{"embeddable":true,"href":"https:\/\/www.big-animals.com\/fi\/wp-json\/wp\/v2\/comments?post=36"}],"version-history":[{"count":0,"href":"https:\/\/www.big-animals.com\/fi\/wp-json\/wp\/v2\/pages\/36\/revisions"}],"wp:attachment":[{"href":"https:\/\/www.big-animals.com\/fi\/wp-json\/wp\/v2\/media?parent=36"}],"curies":[{"name":"wp","href":"https:\/\/api.w.org\/{rel}","templated":true}]}}