{"id":44,"date":"2011-05-09T09:25:27","date_gmt":"2011-05-09T09:25:27","guid":{"rendered":""},"modified":"2011-05-09T09:25:27","modified_gmt":"2011-05-09T09:25:27","slug":"vuorigorilla","status":"publish","type":"page","link":"https:\/\/www.big-animals.com\/fi\/vuorigorilla\/","title":{"rendered":"Vuorigorilla"},"content":{"rendered":"<p><span id=\"gts_text_1\" class=\"gts_text\">Mountain Gorilla on maailman suurin <a title=\"Primates\" href=\"http:\/\/www.big-animals.com\/primates\/\">k\u00e4dellisen<\/a> . <\/span><span id=\"gts_text_2\" class=\"gts_text\">Mies Vuorigorilla tavoittavat yl\u00f6s 1.9 metri (6.2 jalkaa) korkeus. <\/span><span id=\"gts_text_3\" class=\"gts_text\">Sen k\u00e4sivarren ajanjakso on noin 2,3 metri (7,5 jalkaa) ja se painaa noin 220 kilogrammaa (485 lb). <\/span><span id=\"gts_text_4\" class=\"gts_text\">T\u00e4ysikasvuisten urospuolisten Mountain Gorilla on kaksi kertaa niin suuri kuin naaraspuoliset Mountain Gorilla. <\/span><span id=\"gts_text_5\" class=\"gts_text\">Naisten Vuorigorilla on noin 98 kilogramma (216 lb) ja se on rajoittamaton 1,5 metrin (5 metri\u00e4). <\/span><span id=\"gts_text_6\" class=\"gts_text\">Niiden aseet ovat pidempi\u00e4 kuin niiden jalat.<\/span><\/p>\n<figure id=\"attachment_677\" aria-describedby=\"caption-attachment-677\" style=\"width: 300px\" class=\"wp-caption alignright\"><a href=\"http:\/\/www.big-animals.com\/wp-content\/uploads\/2011\/03\/Mountain_Gorilla.jpg\"><img loading=\"lazy\" decoding=\"async\" class=\"size-medium wp-image-677\" title=\"A Female Mountain Gorilla\" src=\"http:\/\/www.big-animals.com\/wp-content\/uploads\/2011\/03\/Mountain_Gorilla-300x297.jpg\" alt=\"A Female Mountain Gorilla\" width=\"300\" height=\"297\" \/><\/a><figcaption id=\"caption-attachment-677\" class=\"wp-caption-text\">A Picture of a Female Mountain Gorilla<\/figcaption><\/figure>\n<h3><span id=\"gts_text_7\" class=\"gts_text\">Kalliovuorten Gorilla v\u00e4est\u00f6<\/span><\/h3>\n<p><span id=\"gts_text_8\" class=\"gts_text\">Mountain Gorilla on yksi It\u00e4 Gorilla 2 alalajeista. <\/span><span id=\"gts_text_9\" class=\"gts_text\">On olemassa 2 populaatiot. <\/span><span id=\"gts_text_10\" class=\"gts_text\">Sellainen l\u00f6ytyy Virunga-ja tulivuorenpurkauksia vuoristossa Keski-Afrikassa. <\/span><span id=\"gts_text_11\" class=\"gts_text\">Toinen l\u00f6ytyy, Uganda Bwindi Impenetrable kansallispuisto. <\/span><span id=\"gts_text_12\" class=\"gts_text\">Vuonna 2010 ovat noin 790 Mountain Gorillas maailmassa. <\/span><span id=\"gts_text_13\" class=\"gts_text\">Ne ovat kriittisesti vaarantuu.<\/span><\/p>\n<h3><span id=\"gts_text_14\" class=\"gts_text\">Kalliovuorten Gorilla elinymp\u00e4rist\u00f6<\/span><\/h3>\n<p><span id=\"gts_text_15\" class=\"gts_text\">Vuori Gorillas on pidempi ja paksumpi turkiksen muita kuin, koska he el\u00e4v\u00e4t, korkea korkeuksissa (2500-olympialaisten, 8200-13000 p\u00e4\u00e4t\u00e4 ja jalkoja) pilvi ja bambu metsien, jossa keskim\u00e4\u00e4r\u00e4inen l\u00e4mp\u00f6tila on v\u00e4lill\u00e4 8C 20C (45-70F).<\/span><\/p>\n<h3><span id=\"gts_text_16\" class=\"gts_text\">Kalliovuorten Gorilla mielenkiintoisia tosiseikat<\/span><\/h3>\n<p><span id=\"gts_text_17\" class=\"gts_text\">Kunkin Mountain Gorillas nen\u00e4 tulosteet ovat yksil\u00f6llisi\u00e4. <\/span><span id=\"gts_text_18\" class=\"gts_text\">T\u00e4ysikasvuiset urokset on selvemmin ylh\u00e4\u00e4ll\u00e4 ja niiden kalloja selk\u00e4nojia bony crests. <\/span><span id=\"gts_text_19\" class=\"gts_text\">T\u00e4m\u00e4 antaa heid\u00e4n p\u00e4\u00e4llens\u00e4 kartion muotoinen pylv\u00e4skaavio. <\/span><span id=\"gts_text_20\" class=\"gts_text\">Aikuisten on my\u00f6s n\u00e4it\u00e4 crests, mutta ne eiv\u00e4t ole niin ilmeinen. <\/span><span id=\"gts_text_21\" class=\"gts_text\">Niill\u00e4 on pidempi leukojen ja hampaista liian. <\/span><span id=\"gts_text_22\" class=\"gts_text\">T\u00e4ysikasvuiset urokset kasvaa korjaustiedoston hopea hiukset takaisin ja avoimena. <\/span><span id=\"gts_text_23\" class=\"gts_text\">Siksi t\u00e4ysikasvuiset urokset kutsutaan my\u00f6s <em>Silverbacks<\/em>. <\/span><span id=\"gts_text_24\" class=\"gts_text\">Silm\u00e4t ja korvat n\u00e4ytt\u00e4v\u00e4t pienet verrattuna niiden big p\u00e4\u00e4n ja Kalju, kiilt\u00e4v\u00e4t mustat nen\u00e4.<\/span><\/p>\n<p><span id=\"gts_text_25\" class=\"gts_text\">Mountain Gorilla asuu p\u00e4\u00e4asiassa maalla. <\/span><span id=\"gts_text_26\" class=\"gts_text\">H\u00e4n on taipumus k\u00e4vell\u00e4 kaikki 4 raajojen tiettyin\u00e4 aikoina. <\/span><span id=\"gts_text_27\" class=\"gts_text\">Ne vain kiivet\u00e4 p\u00e4iv\u00e4n\u00e4 hedelm\u00e4puiden, joka voi seist\u00e4 massiivinen paino. <\/span><span id=\"gts_text_28\" class=\"gts_text\">Se pystyy suorittamaan takaisin sen 2 osaan lyhyill\u00e4 et\u00e4isyyksill\u00e4.<\/span><\/p>\n<p><span id=\"gts_text_29\" class=\"gts_text\">Ne toimivat p\u00e4iv\u00e4-aika. <\/span><span id=\"gts_text_30\" class=\"gts_text\">Ne viett\u00e4\u00e4 suurimman osan niiden aika sy\u00f6. <\/span><span id=\"gts_text_31\" class=\"gts_text\">He tarvitsevat erien elintarvikkeiden s\u00e4ilytt\u00e4\u00e4 niiden valtava elin. <\/span><span id=\"gts_text_32\" class=\"gts_text\">Ne n\u00e4ytt\u00e4v\u00e4t elintarvikealan aikaisin aamulla ja pid\u00e4t hiiren aikana my\u00f6h\u00e4ss\u00e4 aamulla ja noin kello 12.00. <\/span><span id=\"gts_text_33\" class=\"gts_text\">Iltap\u00e4iv\u00e4ll\u00e4 ne etsii elintarvikkeiden uudelleen ennen kesannoinnin y\u00f6ll\u00e4.<\/span><\/p>\n<p><span id=\"gts_text_34\" class=\"gts_text\">Kunkin Mountain Gorillas rakentaa pes\u00e4 lehdet ja kasvien niiden ymp\u00e4rille. <\/span><span id=\"gts_text_35\" class=\"gts_text\">Ne nukkua niiden pes\u00e4. <\/span><span id=\"gts_text_36\" class=\"gts_text\">\u00c4itien jakaminen niiden pesiin yleens\u00e4 hoitokodissa vauvoille. <\/span><span id=\"gts_text_37\" class=\"gts_text\">Ne l\u00e4hetet\u00e4\u00e4n niiden pes\u00e4, kun aurinko, joka nousee noin 6 am paitsi milloin S\u00e4\u00e4 on pitki\u00e4 ja tylsi\u00e4 ja kylm\u00e4.<\/span><\/p>\n<h3><span id=\"gts_text_38\" class=\"gts_text\">Kalliovuorten Gorilla elintarvikkeiden ja ruokavalio<\/span><\/h3>\n<p><span id=\"gts_text_39\" class=\"gts_text\">Mountain Gorilla on p\u00e4\u00e4asiassa kasvien eater. <\/span><span id=\"gts_text_40\" class=\"gts_text\">Niiden t\u00e4rkeimm\u00e4t ruokavalio on l\u00e4htee, Kuvauspaikka ja perustuu. <\/span><span id=\"gts_text_41\" class=\"gts_text\">Siit\u00e4, ett\u00e4 se my\u00f6s sy\u00f6 kuori, juuret, kukat, hedelmi\u00e4 ja pieni\u00e4 selk\u00e4rangattomien. <\/span><span id=\"gts_text_42\" class=\"gts_text\">T\u00e4ysikasvuiset urokset voi sy\u00f6d\u00e4 enint\u00e4\u00e4n 35 kilogramman painoisten (75 lb) kasvien p\u00e4iv\u00e4ss\u00e4. <\/span><span id=\"gts_text_43\" class=\"gts_text\">Kuitenkin naaras vain sy\u00f6d\u00e4 noin 18 kilogrammaa (40 lb) p\u00e4iv\u00e4ss\u00e4.<\/span><\/p>\n<h3><span id=\"gts_text_44\" class=\"gts_text\">Kalliovuorten Gorilla Babies<\/span><\/h3>\n<p><span id=\"gts_text_45\" class=\"gts_text\">Vastasyntyneelle Mountain-Gorilla painaa noin 1,8 kg (4 lb) ja k\u00e4ytt\u00e4\u00e4 sen nojalla sen \u00e4iti hoito el\u00e4m\u00e4n ensimm\u00e4isin\u00e4 kuukausina. <\/span><span id=\"gts_text_46\" class=\"gts_text\">\u00c4iti suorittaa se h\u00e4nen takaisin. <\/span><span id=\"gts_text_47\" class=\"gts_text\">Aluksi \u00e4iti jatkuvasti oltava tilalla lapsessa. <\/span><span id=\"gts_text_48\" class=\"gts_text\">Se alkaa k\u00e4velymatka on noin nelj\u00e4 tai viisi kuukautta. <\/span><span id=\"gts_text_49\" class=\"gts_text\">Se alkaa sy\u00f6d\u00e4 kasvin osien v\u00e4lill\u00e4 4-6 kuukautta. <\/span><span id=\"gts_text_50\" class=\"gts_text\">8 Kuukautta se sy\u00f6 s\u00e4\u00e4nn\u00f6llisesti kiinte\u00e4t. <\/span><span id=\"gts_text_51\" class=\"gts_text\">\u00c4iti lopettaa antamalla h\u00e4nen vauva maito, kun se on noin 3-vuotias, mutta nuorten Vuorigorilla ovat edelleen olemassa tai h\u00e4nen \u00e4itins\u00e4 l\u00e4helle. <\/span><span id=\"gts_text_52\" class=\"gts_text\">\u00c4iti Mountain Gorillas vain synnytyst\u00e4, yksi vauva 6-8-vuosi.<\/span><\/p>\n<p><span id=\"gts_text_53\" class=\"gts_text\">Useimmat urospuolisten Mountain Gorillas ja noin 3 jokaisen 5 naisten j\u00e4tt\u00e4\u00e4 vanhempiensa ryhm\u00e4n. <\/span><span id=\"gts_text_54\" class=\"gts_text\">Miesten j\u00e4t\u00e4, kun ne ovat noin 11-vuotias. <\/span><span id=\"gts_text_55\" class=\"gts_text\">Erottaminen tapahtuu hitaasti. <\/span><span id=\"gts_text_56\" class=\"gts_text\">Ne viett\u00e4\u00e4 enemm\u00e4n ja enemm\u00e4n aikaa ryhm\u00e4n reunassa ja lopuksi ne j\u00e4tt\u00e4\u00e4 hyv\u00e4-ryhm\u00e4n.<\/span><\/p>\n<figure id=\"attachment_678\" aria-describedby=\"caption-attachment-678\" style=\"width: 300px\" class=\"wp-caption alignleft\"><a href=\"http:\/\/www.big-animals.com\/wp-content\/uploads\/2011\/03\/Gorilla_and_human.png\"><img loading=\"lazy\" decoding=\"async\" class=\"size-medium wp-image-678\" title=\"Humans might be big, but the Mountain Gorilla is the world's biggest primate\" src=\"http:\/\/www.big-animals.com\/wp-content\/uploads\/2011\/03\/Gorilla_and_human-300x243.png\" alt=\"Humans might be big, but the Mountain Gorilla is the world's biggest primate\" width=\"300\" height=\"243\" \/><\/a><figcaption id=\"caption-attachment-678\" class=\"wp-caption-text\">Humans might be big, but the Mountain Gorilla is the world&#038;#39;s biggest primate<\/figcaption><\/figure>\n<p><span id=\"gts_text_57\" class=\"gts_text\">Mountain Gorilla asuu noin 6-12 ryhmiss\u00e4. <\/span><span id=\"gts_text_58\" class=\"gts_text\">Ne on yleens\u00e4 vanhin ja johtavan 3 naaraat perhe ja 4 tai 5 j\u00e4lkel\u00e4isi\u00e4 suurin urospuolisten silverback. <\/span><span id=\"gts_text_59\" class=\"gts_text\">Silverback johtaa ryhm\u00e4n hyv\u00e4 ruokinta sivustojen koko vuoden ajan. <\/span><span id=\"gts_text_60\" class=\"gts_text\">H\u00e4n my\u00f6s yritt\u00e4\u00e4 ratkaista ristiriidat ryhm\u00e4n sis\u00e4ll\u00e4 ja suojelee heit\u00e4 saalistajalajeilta. <\/span><span id=\"gts_text_61\" class=\"gts_text\">Johtaja on keskuksen huomiota niiden lievent\u00e4minen aikana ja nuorten Mountain Gorillas usein h\u00e4nt\u00e4 l\u00e4helle keskeytt\u00e4\u00e4 k\u00e4sittelyn ja pyyt\u00e4\u00e4 h\u00e4nt\u00e4 Pelaa niit\u00e4 yhdess\u00e4. <\/span><span id=\"gts_text_62\" class=\"gts_text\">Jos \u00e4iti Mountain Gorilla kuolee tai vet\u00e4ytyy ryhm\u00e4, silverback yleens\u00e4 huolehdi luovuttiin j\u00e4lkel\u00e4isi\u00e4, se lis\u00e4\u00e4 ne edes sen pes\u00e4. <\/span><span id=\"gts_text_63\" class=\"gts_text\">Kokeneet silverback pystyy poachers n johtimen tai kaapelin poistaminen k\u00e4si\u00e4 tai jalkoja ryhm\u00e4n j\u00e4senten. <\/span><span id=\"gts_text_64\" class=\"gts_text\">Kun silverback kuolee tai on lopetettu sairauden, onnettomuuden tai poachers, perheen ryhm\u00e4 voi vakavasti jaettava, jos h\u00e4n ei l\u00e4htenyt takana uros alikohteiden kenell\u00e4 on oikeus ottaa haltuunsa h\u00e4nen rooli.<\/span><\/p>\n<p><span id=\"gts_text_65\" class=\"gts_text\">Mountain Gorilla vahvistetaan ja vahvistaa niiden yhteydet ryhm\u00e4n sis\u00e4ll\u00e4 niiden aikana ja keskip\u00e4iv\u00e4n kesannointia. <\/span><span id=\"gts_text_66\" class=\"gts_text\">Naaraat groom niiden j\u00e4lkel\u00e4isiin s\u00e4\u00e4nn\u00f6llisesti, varmista heid\u00e4n karva ei ole likaa tai kirput. <\/span><span id=\"gts_text_67\" class=\"gts_text\">He oppivat kommunikoida ja toimivat ryhm\u00e4n Toista kautta (t\u00e4m\u00e4 artikkeli saattaa olla englanninkielinen). <\/span><span id=\"gts_text_68\" class=\"gts_text\">Silverback ja aikuisten voivat my\u00f6s osallistua.<\/span><\/p>\n<h3><span id=\"gts_text_69\" class=\"gts_text\">Mountain Gorilla tosiseikkojen<\/span><\/h3>\n<p><span id=\"gts_text_70\" class=\"gts_text\">On v\u00e4hint\u00e4\u00e4n 25 erillisi\u00e4 \u00e4\u00e4ni\u00e4 Mountain Gorillas tehd\u00e4. <\/span><span id=\"gts_text_71\" class=\"gts_text\">Niit\u00e4 k\u00e4ytet\u00e4\u00e4n muodostettaessa paksu toimialuepuuryhm\u00e4ss\u00e4. <\/span><span id=\"gts_text_72\" class=\"gts_text\">\u00c4\u00e4net luokitellaan grunts ja barks ovat kuulleet useimmiten matkustettaessa. <\/span><span id=\"gts_text_73\" class=\"gts_text\">Toimeenpanemiseksi \u00e4\u00e4net osoittavat yksitt\u00e4isen ryhm\u00e4n j\u00e4senten olinpaikasta. <\/span><span id=\"gts_text_74\" class=\"gts_text\">Silverbacks yleens\u00e4 tuottaman huudot ja roars signaalin h\u00e4lytyksen tai varoitus. <\/span><span id=\"gts_text_75\" class=\"gts_text\">Syv\u00e4, rumbling burping \u00e4\u00e4nien osoittavat, ett\u00e4 vuoristoalueiden gorillas ovat yhden tyytyv\u00e4inen ja usein kuullut ruokintaa ja kesannointia ajan aikana.<\/span><\/p>\n<p><span id=\"gts_text_76\" class=\"gts_text\">Jotkin tuntemattomasta syyst\u00e4 Mountain Gorillas pelk\u00e4\u00e4t tiettyjen kylm\u00e4 blooded el\u00e4imi\u00e4. <\/span><span id=\"gts_text_77\" class=\"gts_text\">Esimerkiksi vauva Mountain Gorillas pelk\u00e4\u00e4v\u00e4t chameleons ja RINNEKONEET. <\/span><span id=\"gts_text_78\" class=\"gts_text\">Ne ovat my\u00f6s pelk\u00e4\u00e4 veden. <\/span><span id=\"gts_text_79\" class=\"gts_text\">Ne leikkaavat virtaan vain, jos niill\u00e4 on askel joten he tule m\u00e4rk\u00e4 loki.<\/span><\/p>\n<h3><span id=\"gts_text_80\" class=\"gts_text\">\u00c4\u00e4rimm\u00e4isen uhanalainen Mountain Gorilla<\/span><\/h3>\n<p><span id=\"gts_text_81\" class=\"gts_text\">Kalliovuorten Gorillas uhkaavat laittomasta mets\u00e4styksest\u00e4, sota, taudin, mets\u00e4kadon ja laittoman lemmikkiel\u00e4inten kauppaan. <\/span><span id=\"gts_text_82\" class=\"gts_text\">Muiden el\u00e4inten kohdistusvarat usein lopetetaan, niit\u00e4 mets\u00e4stet\u00e4\u00e4n p\u00e4\u00e4t, k\u00e4sien ja jalkojen. <\/span><span id=\"gts_text_83\" class=\"gts_text\">Kehon osien myyd\u00e4\u00e4n ker\u00e4ilij\u00e4n. <\/span><span id=\"gts_text_84\" class=\"gts_text\">Baby Mountain Gorillas myyd\u00e4\u00e4n el\u00e4intarhoihin, tutkijoiden ja lemmikkiel\u00e4inten myym\u00e4l\u00f6iss\u00e4. <\/span><span id=\"gts_text_85\" class=\"gts_text\">Kun vauva Mountain Gorilla on ottanut pois, yleens\u00e4 v\u00e4hint\u00e4\u00e4n yhden aikuisen ryhm\u00e4n p\u00e4\u00e4ttyy enint\u00e4\u00e4n kuolevat, koska se taistella yritet\u00e4\u00e4n pys\u00e4ytt\u00e4\u00e4 vauva on otettu pois kuolemaan. <\/span><span id=\"gts_text_86\" class=\"gts_text\">Kaikki n\u00e4m\u00e4 toimet ovat aiheuttaneet pisara Mountain Gorillas v\u00e4est\u00f6st\u00e4. <\/span><span id=\"gts_text_87\" class=\"gts_text\">Suojelutoimenpiteit\u00e4 ovat aloittaneet tallentaa n\u00e4m\u00e4 vakavasti uhanalaisiin olentoja.<\/span><\/p>\n<p><span id=\"gts_text_88\" class=\"gts_text\"><\/span><\/p>\n","protected":false},"excerpt":{"rendered":"<p>Mountain Gorilla on maailman suurin k\u00e4dellisen . Mies Vuorigorilla tavoittavat yl\u00f6s 1.9 metri (6.2 jalkaa) korkeus. Sen k\u00e4sivarren ajanjakso on noin 2,3 metri (7,5 jalkaa) ja se painaa noin 220 kilogrammaa (485 lb). T\u00e4ysikasvuisten urospuolisten Mountain Gorilla on kaksi kertaa niin suuri kuin naaraspuoliset Mountain Gorilla. Naisten Vuorigorilla on noin 98 kilogramma (216 lb) ja &hellip; <a href=\"https:\/\/www.big-animals.com\/fi\/vuorigorilla\/\" class=\"more-link\">Continue reading <span class=\"screen-reader-text\">Vuorigorilla<\/span><\/a><\/p>\n","protected":false},"author":1,"featured_media":0,"parent":0,"menu_order":0,"comment_status":"closed","ping_status":"open","template":"","meta":{"_acf_changed":false,"footnotes":""},"acf":[],"_links":{"self":[{"href":"https:\/\/www.big-animals.com\/fi\/wp-json\/wp\/v2\/pages\/44"}],"collection":[{"href":"https:\/\/www.big-animals.com\/fi\/wp-json\/wp\/v2\/pages"}],"about":[{"href":"https:\/\/www.big-animals.com\/fi\/wp-json\/wp\/v2\/types\/page"}],"author":[{"embeddable":true,"href":"https:\/\/www.big-animals.com\/fi\/wp-json\/wp\/v2\/users\/1"}],"replies":[{"embeddable":true,"href":"https:\/\/www.big-animals.com\/fi\/wp-json\/wp\/v2\/comments?post=44"}],"version-history":[{"count":0,"href":"https:\/\/www.big-animals.com\/fi\/wp-json\/wp\/v2\/pages\/44\/revisions"}],"wp:attachment":[{"href":"https:\/\/www.big-animals.com\/fi\/wp-json\/wp\/v2\/media?parent=44"}],"curies":[{"name":"wp","href":"https:\/\/api.w.org\/{rel}","templated":true}]}}