{"id":5,"date":"2011-05-09T08:54:01","date_gmt":"2011-05-09T08:54:01","guid":{"rendered":""},"modified":"2011-05-09T08:54:01","modified_gmt":"2011-05-09T08:54:01","slug":"a-list-of-the-worlds-biggest-animals-sorted-by-type","status":"publish","type":"page","link":"https:\/\/www.big-animals.com\/fi\/a-list-of-the-worlds-biggest-animals-sorted-by-type\/","title":{"rendered":"Luettelo maailman suurimmista el\u00e4inten, tyypeitt\u00e4in"},"content":{"rendered":"<p><html><head><\/head><body><span id=\"gts_text_1\" class=\"gts_text\">Alla olevassa luettelossa n\u00e4kyv\u00e4t kaikki t\u00e4ss\u00e4 sivustossa esitellyt El\u00e4intyyppi ja kertoo, mik\u00e4 on kyseisen tyypin suurin el\u00e4inten.<\/span> <span id=\"gts_text_2\" class=\"gts_text\">Niin noudata alla l\u00f6yt\u00e4\u00e4 lis\u00e4tietoja raskain, suurin, suurin, korkeimman ja pisin linkit&#8230;<\/span> <\/p>\n<p><span id=\"gts_text_3\" class=\"gts_text\"><a href=\"\/Animals.html\"><strong>El\u00e4inten<\/strong><\/a> &#8211; <a href=\"\/Blue-Whale.html\">Sinivalas<\/a> (suurin ja suurin koskaan), <a href=\"\/African-Bush-Elephant.html\">Savanninorsu<\/a> (raskain maalla), <a href=\"\/Giraffe.html\">kirahvi<\/a> (korkeimman maalla)<\/span><\/p>\n<ul>\n<li><span id=\"gts_text_4\" class=\"gts_text\"><a href=\"\/Chordates.html\"><strong>Chordates<\/strong><\/a> &#8211; <a href=\"\/Blue-Whale.html\">Sinivalas<\/a> (suurin ja suurin koskaan), <a href=\"\/African-Bush-Elephant.html\">Savanninorsu<\/a> (raskain maalla), <a href=\"\/Giraffe.html\">kirahvi<\/a> (korkeimman maalla)<\/span>\n<ul>\n<li><span id=\"gts_text_5\" class=\"gts_text\"><a href=\"\/Vertebrates.html\"><strong>Selk\u00e4rankaisten<\/strong><\/a> &#8211; <a href=\"\/Blue-Whale.html\">Sinivalas<\/a> (suurin ja suurin koskaan), <a href=\"\/African-Bush-Elephant.html\">Savanninorsu<\/a> (raskain maalla), <a href=\"\/Giraffe.html\">kirahvi<\/a> (korkeimman maalla)<\/span>\n<ul>\n<li><span id=\"gts_text_6\" class=\"gts_text\"><a href=\"\/Fish.html\"><strong>Kala<\/strong><\/a> &#8211; <a href=\"\/Whale-Shark.html\">Whale Shark<\/a> (suurin), <a href=\"\/Leedsichthys.html\">Leedsichthys<\/a> (suurin koskaan)<\/span>\n<ul>\n<li><span id=\"gts_text_7\" class=\"gts_text\"><a href=\"\/Cartilaginous-Fish.html\"><strong>Kalat<\/strong><\/a> &#8211; <a href=\"\/Whale-Shark.html\">Whale Shark<\/a> (suurin), <a href=\"\/Megalodon-Shark.html\">Megalodon haiden<\/a> (suurin koskaan)<\/span>\n<ul>\n<li><span id=\"gts_text_8\" class=\"gts_text\"><a href=\"\/Sharks.html\"><strong>Hait<\/strong><\/a> &#8211; <a href=\"\/Whale-Shark.html\">Whale Shark<\/a> (suurin), <a href=\"\/Megalodon-Shark.html\">Megalodon haiden<\/a> (suurin koskaan)<\/span><\/li>\n<\/ul>\n<\/li>\n<\/ul>\n<\/li>\n<li><span id=\"gts_text_9\" class=\"gts_text\"><a title=\"Amphibian\" href=\"http:\/\/www.big-animals.com\/amphibian\/\" class=\" gts_attribute gts_attribute_1_title\"><strong>Sammakkoel\u00e4imet<\/strong><\/a> &#8211; <a title=\"Chinese Giant Salamander\" href=\"http:\/\/www.big-animals.com\/chinese-giant-salamander\/\" class=\" gts_attribute gts_attribute_2_title\">Kiinanj\u00e4ttisalamanteri<\/a> (suurin)<\/span>\n<ul>\n<li><span id=\"gts_text_10\" class=\"gts_text\"><a title=\"Caecilian\" href=\"http:\/\/www.big-animals.com\/caecilian\/\" class=\" gts_attribute gts_attribute_3_title\"><strong>Caecilians<\/strong><\/a> &#8211; <a title=\"Caecilian Thompsoni\" href=\"http:\/\/www.big-animals.com\/caecilian-thompsoni\/\" class=\" gts_attribute gts_attribute_4_title\"><em>Matosammakot Thompsoni<\/em><\/a> (suurin)<strong><\/strong><\/span>\n<\/li>\n<li><span id=\"gts_text_11\" class=\"gts_text\"><a title=\"Frog\" href=\"http:\/\/www.big-animals.com\/frog\/\" class=\" gts_attribute gts_attribute_5_title\"><strong>Sammakot<\/strong><\/a> &#8211; <a title=\"Goliath Frog\" href=\"http:\/\/www.big-animals.com\/goliath-frog\/\" class=\" gts_attribute gts_attribute_6_title\">Goljatsammakko<\/a> (suurin)<\/span><\/li>\n<li><span id=\"gts_text_12\" class=\"gts_text\"><a title=\"Salamanders\" href=\"http:\/\/www.big-animals.com\/salamanders\/\" class=\" gts_attribute gts_attribute_7_title\"><strong>Salamanterit<\/strong><\/a> &#8211; <a title=\"Chinese Giant Salamander\" href=\"http:\/\/www.big-animals.com\/chinese-giant-salamander\/\" class=\" gts_attribute gts_attribute_8_title\">Kiinanj\u00e4ttisalamanteri<\/a> (suurin)<\/span><\/li>\n<\/ul>\n<\/li>\n<li><span id=\"gts_text_13\" class=\"gts_text\"><a href=\"http:\/\/www.big-animals.com\/the-worlds-biggest-reptiles\/\"><strong>Matelijat<\/strong><\/a> &#8211; <a href=\"http:\/\/www.big-animals.com\/the-saltwater-crocodile-the-words-biggest-reptile\/\">Suistokrokotiili<\/a> (suurin), <a href=\"..\/the-reticulated-python\/\">Reticulated Python<\/a> (pisimm\u00e4n)<\/span>\n<ul>\n<li><span id=\"gts_text_14\" class=\"gts_text\"><a title=\"Crocodilians\" href=\"http:\/\/www.big-animals.com\/crocodilians\/\" class=\" gts_attribute gts_attribute_9_title\"><strong>Crocodilians<\/strong><\/a> &#8211; <a href=\"http:\/\/www.big-animals.com\/the-saltwater-crocodile-the-words-biggest-reptile\/\">Suistokrokotiili<\/a> (suurin)<\/span><\/li>\n<li><span id=\"gts_text_15\" class=\"gts_text\"><a title=\"Lizards\" href=\"http:\/\/www.big-animals.com\/lizards\/\" class=\" gts_attribute gts_attribute_10_title\"><strong>Liskoja<\/strong><\/a> &#8211; <a title=\"Komodo Dragon\" href=\"http:\/\/www.big-animals.com\/komodo-dragon\/\" class=\" gts_attribute gts_attribute_11_title\">Komodonvaraani<\/a> (suurin), <a title=\"Tylosaurus\" href=\"http:\/\/www.big-animals.com\/tylosaurus\/\" class=\" gts_attribute gts_attribute_12_title\">Tylosaurus<\/a> (suurin koskaan), <a title=\"Megalania\" href=\"http:\/\/www.big-animals.com\/megalania\/\" class=\" gts_attribute gts_attribute_13_title\">Megalania<\/a> (suurin koskaan maalla)<\/span><\/li>\n<li><span id=\"gts_text_16\" class=\"gts_text\"><a href=\"http:\/\/www.big-animals.com\/snakes\/\"><strong>Snakes<\/strong><\/a> \u2013 <a href=\"http:\/\/www.big-animals.com\/titanoboa-the-biggest-ever-snake\/\">Titanoboa<\/a> (suurin koskaan), <a href=\"http:\/\/www.big-animals.com\/the-reticulated-python\/\">Reticulated Python<\/a> (pisimm\u00e4n), <a href=\"http:\/\/www.big-animals.com\/green-anaconda\/\">Vihre\u00e4 Anaconda<\/a> (raskain), <a title=\"The King Cobra\" href=\"http:\/\/www.big-animals.com\/the-king-cobra\/\" class=\" gts_attribute gts_attribute_14_title\">King Cobra<\/a> (suurin venomous)<\/span><\/li>\n<li><span id=\"gts_text_17\" class=\"gts_text\"><a href=\"http:\/\/www.big-animals.com\/tuatara\/\"><strong>Tuataras<\/strong><\/a> &#8211; <a href=\"http:\/\/www.big-animals.com\/tuatara\/\">cook strait Tuatara<\/a> (suurin)<\/span><\/li>\n<li><span id=\"gts_text_18\" class=\"gts_text\"><a href=\"http:\/\/www.big-animals.com\/turtles-and-tortoises\/\"><strong>Turtles ja notkeista<\/strong><\/a> &#8211; <a href=\"http:\/\/www.big-animals.com\/leatherback-sea-turtle\/\">Modernized JOIDES<\/a> (suurin), <a href=\"http:\/\/www.big-animals.com\/galapagos-tortoise\/\">Gal\u00e1pagoksenj\u00e4ttil\u00e4iskilpikonna<\/a> (suurin tortoise)<\/span><\/li>\n<\/ul>\n<\/li>\n<li><span id=\"gts_text_19\" class=\"gts_text\"><a href=\"\/Birds.html\"><strong>Linnut<\/strong><\/a> &#8211; <a href=\"\/Ostrich.html\">strutsi<\/a> (suurin), <a href=\"\/Wandering-Albatross.html\">J\u00e4ttil\u00e4isalbatrossi<\/a> (suurin lent\u00e4v\u00e4t), <a title=\"Elephant Bird\" href=\"http:\/\/www.big-animals.com\/elephant-bird-2\/\" class=\" gts_attribute gts_attribute_15_title\">Norsulinnut<\/a> (raskain koskaan), <a href=\"\/Giant-Moa.html\">Giant Moat<\/a> (korkeimman koskaan), Kuningastrappi (raskain lent\u00e4v\u00e4t)<\/span>\n<ul>\n<li><span id=\"gts_text_20\" class=\"gts_text\"><a title=\"Flamingos\" href=\"http:\/\/www.big-animals.com\/flamingos\/\" class=\" gts_attribute gts_attribute_16_title\"><strong>Flamingos<\/strong><\/a> &#8211; <a title=\"Greater Flamingo\" href=\"http:\/\/www.big-animals.com\/greater-flamingo\/\" class=\" gts_attribute gts_attribute_17_title\">Suurempi Flamingo<\/a> (suurin ja korkeimman)<\/span><\/li>\n<li><span id=\"gts_text_21\" class=\"gts_text\"><a title=\"Galliformes\" href=\"http:\/\/www.big-animals.com\/galliformes\/\" class=\" gts_attribute gts_attribute_18_title\"><strong>Kanalinnut<\/strong><\/a> &#8211; <a title=\"North American Wild Turkey\" href=\"http:\/\/www.big-animals.com\/north-american-wild-turkey\/\" class=\" gts_attribute gts_attribute_19_title\">North American Kalkkuna<\/a> (suurin), <a title=\"Green Peafowl\" href=\"http:\/\/www.big-animals.com\/green-peafowl\/\" class=\" gts_attribute gts_attribute_20_title\">Green Peafowl<\/a> (suurin k\u00e4rkiv\u00e4li)<\/span><\/li>\n<li><span id=\"gts_text_22\" class=\"gts_text\"><a title=\"Owls\" href=\"http:\/\/www.big-animals.com\/owls\/\" class=\" gts_attribute gts_attribute_21_title\"><strong>P\u00f6ll\u00f6t<\/strong><\/a> &#8211; <a title=\"Eurasian Eagle Owl\" href=\"http:\/\/www.big-animals.com\/eurasian-eagle-owl\/\" class=\" gts_attribute gts_attribute_22_title\">Euraasian Eagle p\u00f6ll\u00f6<\/a> (suurin), <a title=\"Cuban Giant Owl\" href=\"http:\/\/www.big-animals.com\/cuban-giant-owl\/\" class=\" gts_attribute gts_attribute_23_title\">Kuuban Giant p\u00f6ll\u00f6<\/a> (suurin koskaan)<\/span><\/li>\n<li><span id=\"gts_text_23\" class=\"gts_text\"><a title=\"Parrots\" href=\"http:\/\/www.big-animals.com\/parrots\/\" class=\" gts_attribute gts_attribute_24_title\"><strong>Papukaijojen<\/strong><\/a> &#8211; <a title=\"Hyacinth Macaw\" href=\"http:\/\/www.big-animals.com\/hyacinth-macaw\/\" class=\" gts_attribute gts_attribute_25_title\">Hyacinth Macaw<\/a> (pisin, suurin lent\u00e4v\u00e4t), <a title=\"Kakapo\" href=\"http:\/\/www.big-animals.com\/kakapo\/\" class=\" gts_attribute gts_attribute_26_title\">Kakapo<\/a> (biggest)<strong><\/strong><\/span>\n<\/li>\n<li><span id=\"gts_text_24\" class=\"gts_text\"><a title=\"Penguins\" href=\"..\/penguins\/\" class=\" gts_attribute gts_attribute_27_title\"><strong>Penguins<\/strong><\/a> &#8211; <a title=\"Emperor Penguin\" href=\"..\/emperor-penguin\/\" class=\" gts_attribute gts_attribute_28_title\">Keisaripingviini<\/a> (suurin), <a title=\"Anthropornis\" href=\"..\/anthropornis\/\" class=\" gts_attribute gts_attribute_29_title\"><em>Anthropornis<\/em><\/a> (suurin koskaan)<\/span><\/li>\n<li><span id=\"gts_text_25\" class=\"gts_text\"><a title=\"Columbidae\" href=\"http:\/\/www.big-animals.com\/columbidae\/\" class=\" gts_attribute gts_attribute_30_title\"><strong>Kirjekyyhkysten ja Doves<\/strong><\/a> &#8211; <a title=\"Marquesan Imperial Pigeon\" href=\"http:\/\/www.big-animals.com\/marquesan-imperial-pigeon\/\" class=\" gts_attribute gts_attribute_31_title\">Marquesan Imperial Pigeon<\/a> (suurin), <a title=\"Crowned Pigeons\" href=\"http:\/\/www.big-animals.com\/crowned-pigeons\/\" class=\" gts_attribute gts_attribute_32_title\">Korotettu Pigeon <\/a>(suurin puu-elin), <a title=\"Dodo\" href=\"http:\/\/www.big-animals.com\/dodo\/\" class=\" gts_attribute gts_attribute_33_title\">Drontti<\/a> (suurin koskaan)<\/span><\/li>\n<li><span id=\"gts_text_26\" class=\"gts_text\"><a title=\"Ratites\" href=\"http:\/\/www.big-animals.com\/ratites\/\" class=\" gts_attribute gts_attribute_34_title\"><strong>Sile\u00e4lastaisten lintujen<\/strong><\/a> &#8211; <a title=\"The Ostrich \u2013 The World\u2019s Biggest Bird!\" href=\"http:\/\/www.big-animals.com\/the-ostrich-the-worlds-biggest-bird\/\" class=\" gts_attribute gts_attribute_35_title\">strutsi<\/a> (suurin) <a title=\"Elephant Bird\" href=\"http:\/\/www.big-animals.com\/elephant-bird-2\/\" class=\" gts_attribute gts_attribute_36_title\">Norsulinnut<\/a> (raskain koskaan), <a title=\"The Giant Moa \u2013 The Tallest Bird There Ever Was!\" href=\"http:\/\/www.big-animals.com\/the-giant-moa-the-tallest-bird-there-ever-was\/\" class=\" gts_attribute gts_attribute_37_title\">Giant Moat<\/a> (korkein koskaan)<\/span><\/li>\n<li><span id=\"gts_text_27\" class=\"gts_text\"><a title=\"Waders\" href=\"..\/waders\/\" class=\" gts_attribute gts_attribute_38_title\"><strong>Waders (Shorebirds)<\/strong><\/a> &#8211; <a title=\"Far Eastern Curlew\" href=\"..\/far-eastern-curlew\/\" class=\" gts_attribute gts_attribute_39_title\">far eastern Curlew<\/a> (suurin) <a title=\"Beach Stone Curlew\" href=\"..\/beach-stone-curlew\/\" class=\" gts_attribute gts_attribute_40_title\">Beach Paksujalat <\/a>(suurin)<\/span><\/li>\n<li><span id=\"gts_text_28\" class=\"gts_text\"><a title=\"Waterfowl\" href=\"http:\/\/www.big-animals.com\/waterfowl\/\" class=\" gts_attribute gts_attribute_41_title\"><strong>Vesilinnut<\/strong><\/a> &#8211; <a title=\"Trumpeter Swan\" href=\"http:\/\/www.big-animals.com\/trumpeter-swan\/\" class=\" gts_attribute gts_attribute_42_title\">Trumpettijoutsen<\/a> (suurin)<\/span><\/li>\n<\/ul>\n<\/li>\n<li><span id=\"gts_text_29\" class=\"gts_text\"><a href=\"\/Mammals.html\"><strong>Nis\u00e4kk\u00e4iden<\/strong><\/a> &#8211; <a href=\"\/Blue-Whale.html\">Sinivalas<\/a> (suurin ja suurin koskaan), <a href=\"\/African-Bush-Elephant.html\">Savanninorsu<\/a> (raskain maalla), <a href=\"\/Giraffe.html\">kirahvi<\/a> (korkeimman maalla)<\/span>\n<ul>\n<li><span id=\"gts_text_30\" class=\"gts_text\"><strong>Placentals<\/strong> &#8211; <a href=\"\/Blue-Whale.html\">Sinivalas<\/a> (suurin ja suurin koskaan), <a href=\"\/African-Bush-Elephant.html\">Savanninorsu<\/a> (raskain maalla), <a href=\"\/Giraffe.html\">kirahvi<\/a> (korkeimman maalla)<\/span>\n<ul>\n<li><span id=\"gts_text_31\" class=\"gts_text\"><a title=\"Bats\" href=\"http:\/\/www.big-animals.com\/bats\/\" class=\" gts_attribute gts_attribute_43_title\"><strong>Pes\u00e4pallo<\/strong><\/a> &#8211; <a title=\"Giant Golden-Crowned Flying Fox\" href=\"http:\/\/www.big-animals.com\/giant-golden-crowned-flying-fox\/\" class=\" gts_attribute gts_attribute_44_title\">Giant Golden-Crowned Kuonobarbi<\/a> (suurin)<\/span><\/li>\n<li><span id=\"gts_text_32\" class=\"gts_text\"><a title=\"Carnivora\" href=\"http:\/\/www.big-animals.com\/carnivora\/\" class=\" gts_attribute gts_attribute_45_title\"><strong>Carnivorans<\/strong><\/a> &#8211; <a title=\"Southern Elephant Seal\" href=\"http:\/\/www.big-animals.com\/southern-elephant-seal\/\" class=\" gts_attribute gts_attribute_46_title\">Etel\u00e4nmerinorsu<\/a> (suurin), <a title=\"Polar Bear\" href=\"http:\/\/www.big-animals.com\/polar-bear\/\" class=\" gts_attribute gts_attribute_47_title\">J\u00e4\u00e4karhu<\/a> (suurin maalla)<strong><\/strong><\/span><\/li>\n<li><span id=\"gts_text_33\" class=\"gts_text\"><a title=\"Cetaceans\" href=\"http:\/\/www.big-animals.com\/cetaceans\/\" class=\" gts_attribute gts_attribute_48_title\"><strong>Valaiden<\/strong><\/a> &#8211; <a title=\"The Blue Whale \u2013 The Biggest Animal There Ever Was!\" href=\"http:\/\/www.big-animals.com\/the-blue-whale-the-biggest-animal-there-ever-was\/\" class=\" gts_attribute gts_attribute_49_title\">Sinivalas<\/a> (suurin ja suurin koskaan)<\/span><\/li>\n<li><span id=\"gts_text_34\" class=\"gts_text\"><a title=\"Even-toed ungulate\" href=\"http:\/\/www.big-animals.com\/even-toed-ungulate\/\" class=\" gts_attribute gts_attribute_50_title\"><strong>Even-Toed sorkka<\/strong><\/a> &#8211; <a title=\"Hippopotamus\" href=\"http:\/\/www.big-animals.com\/hippopotamus\/\" class=\" gts_attribute gts_attribute_51_title\">virtahepo<\/a> (suurin), <a title=\"The Giraffe \u2013 The World\u2019s Tallest Animal!\" href=\"http:\/\/www.big-animals.com\/the-giraffe-the-worlds-tallest-animal\/\" class=\" gts_attribute gts_attribute_52_title\">kirahvi<\/a> (korkein)<\/span><\/li>\n<li><span id=\"gts_text_35\" class=\"gts_text\"><a title=\"Odd Toed-Ungulates\" href=\"http:\/\/www.big-animals.com\/odd-toed-ungulates\/\" class=\" gts_attribute gts_attribute_53_title\"><strong>Pariton toed sorkka<\/strong><\/a> &#8211; <a title=\"White Rhinoceros\" href=\"http:\/\/www.big-animals.com\/white-rhinoceros\/\" class=\" gts_attribute gts_attribute_54_title\">Valkosarvikuonokannan<\/a> (suurin)<\/span><\/li>\n<li><span id=\"gts_text_36\" class=\"gts_text\"><a title=\"Primates\" href=\"..\/primates\/\" class=\" gts_attribute gts_attribute_55_title\"><strong>K\u00e4dellisten k\u00e4ytt\u00f6<\/strong><\/a> &#8211; <a title=\"Mountain Gorilla\" href=\"..\/mountain-gorilla\/\" class=\" gts_attribute gts_attribute_56_title\">Vuorigorilla<\/a> (suurin), <a title=\"Gigantopithecus\" href=\"..\/gigantopithecus\/\" class=\" gts_attribute gts_attribute_57_title\">Gigantopithecus<\/a> (suurin koskaan)<\/span><\/li>\n<li><span id=\"gts_text_37\" class=\"gts_text\"><a title=\"Proboscidea\" href=\"http:\/\/www.big-animals.com\/proboscidea\/\" class=\" gts_attribute gts_attribute_58_title\"><strong>Proboscidea<\/strong><\/a> &#8211; <a title=\"African Bush Elephant \u2013 The World\u2019s Biggest Land Animal!\" href=\"http:\/\/www.big-animals.com\/the-african-bush-elephant-the-worlds-biggest-land-animal\/\" class=\" gts_attribute gts_attribute_59_title\">Savanninorsu<\/a> (suurin)<\/span><\/li>\n<li><span id=\"gts_text_38\" class=\"gts_text\"><a title=\"Rodents\" href=\"http:\/\/www.big-animals.com\/rodents\/\" class=\" gts_attribute gts_attribute_60_title\"><strong>Jyrsij\u00f6iden<\/strong><\/a> &#8211; <a title=\"Capybara\" href=\"http:\/\/www.big-animals.com\/capybara\/\" class=\" gts_attribute gts_attribute_61_title\">Vesisika<\/a> (suurin), <a title=\"Josephoartigasia Monesi\" href=\"http:\/\/www.big-animals.com\/josephoartigasia-monesi\/\" class=\" gts_attribute gts_attribute_62_title\"><em>josephoartigasia monesi<\/em><\/a> (suurin koskaan)<\/span><\/li>\n<\/ul>\n<\/li>\n<li><span id=\"gts_text_39\" class=\"gts_text\"><a href=\"\/Marsupials.html\"><strong>Marsupials<\/strong><\/a> &#8211; <a href=\"\/Red-Kangaroo.html\">Red Kangaroo<\/a> (suurin), <a href=\"\/Diprotodon.html\">Diprotodon<\/a> (suurin koskaan)<\/span><\/li>\n<li><span id=\"gts_text_40\" class=\"gts_text\"><a title=\"Monotremes\" href=\"http:\/\/www.big-animals.com\/monotremes\/\" class=\" gts_attribute gts_attribute_63_title\"><strong>Monotremes<\/strong><\/a> &#8211; <a title=\"Western Long Beaked Echidna\" href=\"http:\/\/www.big-animals.com\/western-long-beaked-echidna\/\" class=\" gts_attribute gts_attribute_64_title\">L\u00e4nsi pitk\u00e4 Beaked Echidna<\/a> (suurin)<\/span><\/li>\n<\/ul>\n<\/li>\n<\/ul>\n<\/li>\n<\/ul>\n<\/li>\n<li><span id=\"gts_text_41\" class=\"gts_text\"><strong><a href=\"\/Echinoderms.html\">Piikkinahkaisten<\/a><\/strong> &#8211; Catala: n Starfish (raskain) tai <a href=\"\/Midgardia-Xandaros.html\">midgardia xandaros<\/a> (pisimm\u00e4n aseiden)<\/span><\/li>\n<li><span id=\"gts_text_42\" class=\"gts_text\"><strong><a href=\"\/Arthropods.html\">Niveljalkaisten<\/a><\/strong> &#8211; <a href=\"\/Japanese-Spider-Crab.html\">Japanin h\u00e4m\u00e4h\u00e4kkiravun<\/a> (suurin), <a href=\"\/American-Lobster.html\">American hummeri<\/a> (raskain), <a href=\"\/Coconut-Crab.html\">kookoskuidut taskurapuja<\/a> (suurin maalla)<\/span>\n<ul>\n<li><span id=\"gts_text_43\" class=\"gts_text\"><strong><a href=\"\/Crustaceans.html\">\u00c4yri\u00e4iset<\/a><\/strong> &#8211; <a href=\"\/Japanese-Spider-Crab.html\">Japanin h\u00e4m\u00e4h\u00e4kkiravun<\/a> (suurin), <a href=\"\/American-Lobster.html\">American hummeri<\/a> (raskain), <a href=\"\/Coconut-Crab.html\">kookoskuidut taskurapuja<\/a> (suurin maalla)<\/span><\/li>\n<li><span id=\"gts_text_44\" class=\"gts_text\"><strong>Chelicerates<\/strong><\/span>\n<ul>\n<li><span id=\"gts_text_45\" class=\"gts_text\"><strong>H\u00e4m\u00e4h\u00e4kkiel\u00e4inten<\/strong><\/span>\n<ul>\n<li> <span id=\"gts_text_46\" class=\"gts_text\"><strong>Robotit<\/strong> &#8211; <a href=\"\/Goliath-Bird-Eating-Spider.html\">Goliath lintu sy\u00f6minen Spider<\/a> (suurin koskaan)<\/span><\/li>\n<\/ul>\n<\/li>\n<\/ul>\n<\/li>\n<li><span id=\"gts_text_47\" class=\"gts_text\"><strong><a href=\"\/Insects.html\">Hy\u00f6nteiset<\/a><\/strong> &#8211; <a href=\"\/Goliath-Beetle.html\">Goliath Beetle<\/a> (raskain), <a href=\"\/Wetapunga.html\">Little esteen Island Giant Weta (tai Wetapunga)<\/a> (raskain aikuisena) <a href=\"\/Atlas-Moth.html\">Atlas Moth<\/a> (suurin siivet)<\/span><\/li>\n<\/ul>\n<\/li>\n<li><span id=\"gts_text_48\" class=\"gts_text\"><a href=\"\/Mollusks.html\"><strong>Mollusks<\/strong><\/a> &#8211; <a title=\"Colossal Squid\" href=\"http:\/\/www.big-animals.com\/colossal-squid\/\" class=\" gts_attribute gts_attribute_65_title\">Kolossikalmari<\/a> (suurin)<\/span><\/li>\n<li><span id=\"gts_text_49\" class=\"gts_text\"><a href=\"\/Placozoans.html\"><strong>Placozoans<\/strong><\/a> &#8211; <a href=\"\/Trichoplax.html\">Laakkoel\u00e4imet Adhaerens<\/a> (suurin, ja ainoa)<\/span><\/li>\n<li><span id=\"gts_text_50\" class=\"gts_text\"><a href=\"\/Velvet-Worms.html\"><strong>Velvet Worms (K\u00e4sn\u00e4jalkaiset)<\/strong><\/a> &#8211; <a href=\"\/Giant-Velvet-Worm.html\">nime\u00e4 ei ole lajeista<\/a> (suurin ylivoimaisesti)<\/span><\/li>\n<\/ul>\n<p><\/body><\/html><\/p>\n","protected":false},"excerpt":{"rendered":"<p><html><head><\/head><body><\/body><\/html><\/p>\n","protected":false},"author":1,"featured_media":0,"parent":0,"menu_order":0,"comment_status":"closed","ping_status":"open","template":"","meta":{"_acf_changed":false,"footnotes":""},"acf":[],"_links":{"self":[{"href":"https:\/\/www.big-animals.com\/fi\/wp-json\/wp\/v2\/pages\/5"}],"collection":[{"href":"https:\/\/www.big-animals.com\/fi\/wp-json\/wp\/v2\/pages"}],"about":[{"href":"https:\/\/www.big-animals.com\/fi\/wp-json\/wp\/v2\/types\/page"}],"author":[{"embeddable":true,"href":"https:\/\/www.big-animals.com\/fi\/wp-json\/wp\/v2\/users\/1"}],"replies":[{"embeddable":true,"href":"https:\/\/www.big-animals.com\/fi\/wp-json\/wp\/v2\/comments?post=5"}],"version-history":[{"count":0,"href":"https:\/\/www.big-animals.com\/fi\/wp-json\/wp\/v2\/pages\/5\/revisions"}],"wp:attachment":[{"href":"https:\/\/www.big-animals.com\/fi\/wp-json\/wp\/v2\/media?parent=5"}],"curies":[{"name":"wp","href":"https:\/\/api.w.org\/{rel}","templated":true}]}}