{"id":6,"date":"2011-05-09T08:54:10","date_gmt":"2011-05-09T08:54:10","guid":{"rendered":""},"modified":"2011-05-09T08:54:10","modified_gmt":"2011-05-09T08:54:10","slug":"an-alphabetical-list-of-the-worlds-largest-animals","status":"publish","type":"page","link":"https:\/\/www.big-animals.com\/fi\/an-alphabetical-list-of-the-worlds-largest-animals\/","title":{"rendered":"Maailman suurin el\u00e4inten aakkosellinen luettelo"},"content":{"rendered":"<p><html><head><\/head><body><a name=\"top\"><\/a><\/p>\n<p><span id=\"gts_text_1\" class=\"gts_text\">T\u00e4m\u00e4 sivu sis\u00e4lt\u00e4\u00e4 kaikki t\u00e4m\u00e4n sivuston tarjottu el\u00e4inten aakkosellinen luettelo.<\/span> <span id=\"gts_text_2\" class=\"gts_text\">Etsi suosikki suuri el\u00e4inten ja katso, mik\u00e4 tekee siit\u00e4 niin erikoista!<\/span><\/p>\n<p><span id=\"gts_text_3\" class=\"gts_text\"><a href=\"#a\">A<\/a> <a href=\"#b\">B<\/a> <a href=\"#c\">C<\/a> <a href=\"#d\">D<\/a> <a href=\"#e\">E<\/a> <a href=\"#f\">F<\/a> <a href=\"#g\">G<\/a> <a href=\"#h\">H<\/a> <a href=\"#i\">I<\/a> <a href=\"#j\">J<\/a> <a href=\"#k\">K<\/a> <a href=\"#l\">L<\/a> <a href=\"#m\">M<\/a> <a href=\"#n\">N<\/a> <a href=\"#o\">O<\/a> <a href=\"#p\">P<\/a> <a href=\"#q\">Q<\/a> <a href=\"#r\">R<\/a> <a href=\"#s\">S<\/a> <a href=\"#t\">T<\/a> <a href=\"#u\">U<\/a> <a href=\"#v\">V<\/a> <a href=\"#w\">W<\/a> <a href=\"#x\">X<\/a> <a href=\"#y\">Y<\/a> <a href=\"#z\">Z<\/a><\/span><\/p>\n<h3><span id=\"gts_text_4\" class=\"gts_text\"><a name=\"a\"><\/a>A<\/span><\/h3>\n<p><span id=\"gts_text_5\" class=\"gts_text\"><a href=\"\/African-Bush-Elephant.html\">Savanninorsu<\/a> &#8211; raskaimman maan el\u00e4inten<\/span><br \/>\n<span id=\"gts_text_6\" class=\"gts_text\"><a href=\"\/American-Lobster.html\">American hummeri<\/a> &#8211; raskaimman niveljalkaiset ja \u00e4yri\u00e4inen<\/span><br \/>\n<span id=\"gts_text_7\" class=\"gts_text\">Anakonda &#8211; katso <a href=\"#g\">Vihre\u00e4 Anakonda<\/a><\/span><br \/>\n<span id=\"gts_text_8\" class=\"gts_text\">Etel\u00e4mantereen Squid &#8211; ks. <a href=\"#c\">Kolossikalmari<\/a><\/span><br \/>\n<span id=\"gts_text_9\" class=\"gts_text\"><a title=\"Anthropornis\" href=\"http:\/\/www.big-animals.com\/anthropornis\/\" class=\" gts_attribute gts_attribute_1_title\"><em> Anthropornis<\/em><\/a> &#8211; suurin koskaan pingviini<\/span><br \/>\n<span id=\"gts_text_10\" class=\"gts_text\">Asiatic Reticulated Python &#8211; katso <a href=\"#r\">Reticulated Python<\/a><\/span><br \/>\n<span id=\"gts_text_11\" class=\"gts_text\"><a href=\"\/Atlas-Moth.html\">Atlas Moth<\/a> &#8211; suurin moth, hy\u00f6nteisten suurin siivek\u00e4s<\/span><\/p>\n<p><span id=\"gts_text_12\" class=\"gts_text\">~~ <a href=\"#top\">Top<\/a> ~~<\/span><\/p>\n<h3><span id=\"gts_text_13\" class=\"gts_text\"><a name=\"b\"><\/a>B<\/span><\/h3>\n<p><span id=\"gts_text_14\" class=\"gts_text\"><a title=\"Beach Stone Curlew\" href=\"http:\/\/www.big-animals.com\/beach-stone-curlew\/\" class=\" gts_attribute gts_attribute_2_title\">Beach Paksujalat<\/a> &#8211; raskaimman Kahlaajat (shorebird)<\/span><br \/>\n<span id=\"gts_text_15\" class=\"gts_text\">Beach Thick-knee &#8211; katso <a href=\"#b\">Beach Paksujalat<\/a><\/span><br \/>\n<span id=\"gts_text_16\" class=\"gts_text\"><a title=\"The Blue Whale \u2013 The Biggest Animal There Ever Was!\" href=\"http:\/\/www.big-animals.com\/the-blue-whale-the-biggest-animal-there-ever-was\/\" class=\" gts_attribute gts_attribute_3_title\">Sinivalas<\/a> &#8211; suurin el\u00e4inten<\/span><\/p>\n<p><span id=\"gts_text_17\" class=\"gts_text\">~~ <a href=\"#top\">Top<\/a> ~~<\/span><\/p>\n<h3><span id=\"gts_text_18\" class=\"gts_text\"><a name=\"c\"><\/a>C<\/span><\/h3>\n<p><span id=\"gts_text_19\" class=\"gts_text\"><a title=\"Caecilian Thompsoni\" href=\"http:\/\/www.big-animals.com\/caecilian-thompsoni\/\" class=\" gts_attribute gts_attribute_4_title\"><em>Matosammakot Thompsoni<\/em><\/a> &#8211; maailman suurin Matosammakot<\/span><br \/>\n<span id=\"gts_text_20\" class=\"gts_text\"><a title=\"Capybara\" href=\"http:\/\/www.big-animals.com\/capybara\/\" class=\" gts_attribute gts_attribute_5_title\">Vesisika<\/a> &#8211; maailman suurin jyrsij\u00e4<\/span><br \/>\n<span id=\"gts_text_21\" class=\"gts_text\">Catala: n Starfish &#8211; raskaimman piikkinahkaisten ja merit\u00e4hti<\/span><br \/>\n<span id=\"gts_text_22\" class=\"gts_text\"><a title=\"Chinese Giant Salamander\" href=\"http:\/\/www.big-animals.com\/chinese-giant-salamander\/\" class=\" gts_attribute gts_attribute_6_title\">Kiinanj\u00e4ttisalamanteri<\/a> &#8211; maailman suurin sammakkoel\u00e4imet<a href=\"\/Coconut-Crab.html\"><\/a><\/span><br \/>\n<span id=\"gts_text_23\" class=\"gts_text\">Rapu &#8211; suurin maa niveljalkaiset ja \u00e4yri\u00e4inen niy\u00f3g<\/span><br \/>\n<span id=\"gts_text_24\" class=\"gts_text\"><a title=\"Colossal Squid\" href=\"http:\/\/www.big-animals.com\/colossal-squid\/\" class=\" gts_attribute gts_attribute_7_title\">Kolossikalmari<\/a> &#8211; suurin mollusk, suurin selk\u00e4rangattomat<\/span><br \/>\n<span id=\"gts_text_25\" class=\"gts_text\">Yhteinen Anaconda &#8211; katso <a href=\"#g\">Vihre\u00e4 Anakonda<\/a><\/span><br \/>\n<span id=\"gts_text_26\" class=\"gts_text\"><a href=\"http:\/\/www.big-animals.com\/tuatara\/\">cook strait Tuatara<\/a> &#8211; suurin tuatara<\/span><br \/>\n<span id=\"gts_text_27\" class=\"gts_text\"><a title=\"Crowned Pigeons\" href=\"http:\/\/www.big-animals.com\/crowned-pigeons\/\" class=\" gts_attribute gts_attribute_8_title\">Korotettu Pigeon<\/a> &#8211; suurin puu-elin kyyhkysen<\/span><br \/>\n<span id=\"gts_text_28\" class=\"gts_text\"><a title=\"Cuban Giant Owl\" href=\"http:\/\/www.big-animals.com\/cuban-giant-owl\/\" class=\" gts_attribute gts_attribute_9_title\">Kuuban Giant Owl<\/a> &#8211; kaikkien aikojen suurimmat p\u00f6ll\u00f6<\/span><\/p>\n<p><span id=\"gts_text_29\" class=\"gts_text\">~~ <a href=\"#top\">Top<\/a> ~~<\/span><\/p>\n<h3><span id=\"gts_text_30\" class=\"gts_text\"><a name=\"d\"><\/a>D<\/span><\/h3>\n<p><span id=\"gts_text_31\" class=\"gts_text\"><a style=\"font-style: italic;\" href=\"\/Diprotodon.html\">Diprotodon<\/a> &#8211; suurin koskaan marsupial nis\u00e4k\u00e4s<\/span><br \/>\n<span id=\"gts_text_32\" class=\"gts_text\"><a title=\"Dodo\" href=\"http:\/\/www.big-animals.com\/dodo\/\" class=\" gts_attribute gts_attribute_10_title\">Drontti<\/a> &#8211; suurin koskaan kyyhkysen<\/span><\/p>\n<p><span id=\"gts_text_33\" class=\"gts_text\">~~ <a href=\"#top\">Top<\/a> ~~<\/span><\/p>\n<h3><span id=\"gts_text_34\" class=\"gts_text\"><a name=\"e\"><\/a>E<\/span><\/h3>\n<p><span id=\"gts_text_35\" class=\"gts_text\"><a title=\"Elephant Bird\" href=\"http:\/\/www.big-animals.com\/elephant-bird-2\/\" class=\" gts_attribute gts_attribute_11_title\">Elephant lintu<\/a> &#8211; raskaimman koskaan bird<\/span><br \/>\n<span id=\"gts_text_36\" class=\"gts_text\"><a title=\"Emperor Penguin\" href=\"http:\/\/www.big-animals.com\/emperor-penguin\/\" class=\" gts_attribute gts_attribute_12_title\">Keisari Penguin<\/a> &#8211; suurin pingviini<\/span><br \/>\n<span id=\"gts_text_37\" class=\"gts_text\"><a title=\"Eurasian Eagle Owl\" href=\"http:\/\/www.big-animals.com\/eurasian-eagle-owl\/\" class=\" gts_attribute gts_attribute_13_title\">Euraasian Eagle Owl<\/a> &#8211; suurin p\u00f6ll\u00f6<\/span><\/p>\n<p><span id=\"gts_text_38\" class=\"gts_text\">~~ <a href=\"#top\">Top<\/a> ~~<\/span><\/p>\n<h3><span id=\"gts_text_39\" class=\"gts_text\"><a name=\"f\"><\/a>F<\/span><\/h3>\n<p><span id=\"gts_text_40\" class=\"gts_text\"><a title=\"Far Eastern Curlew\" href=\"http:\/\/www.big-animals.com\/far-eastern-curlew\/\" class=\" gts_attribute gts_attribute_14_title\">far eastern Curlew<\/a> &#8211; suurimmat Kahlaajat (shorebird)<\/span><\/p>\n<p><span id=\"gts_text_41\" class=\"gts_text\">~~ <a href=\"#top\">Top<\/a> ~~<\/span><\/p>\n<h3><span id=\"gts_text_42\" class=\"gts_text\"><a name=\"g\"><\/a>G<\/span><\/h3>\n<p><span id=\"gts_text_43\" class=\"gts_text\"><a href=\"http:\/\/www.big-animals.com\/galapagos-tortoise\/\">Gal\u00e1pagoksenj\u00e4ttil\u00e4iskilpikonna<\/a> tai Giant Gal\u00e1pagoksenj\u00e4ttil\u00e4iskilpikonna &#8211; suurin kilpikonna<\/span><br \/>\n<span id=\"gts_text_44\" class=\"gts_text\">Cranch J\u00e4ttil\u00e4iskalmari &#8211; ks. <a href=\"#c\">Kolossikalmari<\/a><\/span><br \/>\n<span id=\"gts_text_45\" class=\"gts_text\">Giant Cursorial p\u00f6ll\u00f6 &#8211; katso <a href=\"#c\">Kuuban Giant p\u00f6ll\u00f6<\/a><\/span><br \/>\n<span id=\"gts_text_46\" class=\"gts_text\"><a title=\"Giant Golden-Crowned Flying Fox\" href=\"http:\/\/www.big-animals.com\/giant-golden-crowned-flying-fox\/\" class=\" gts_attribute gts_attribute_15_title\">Giant Golden-Crowned lent\u00e4v\u00e4t Fox<\/a> &#8211; suurin bat<\/span><br \/>\n<span id=\"gts_text_47\" class=\"gts_text\"><a href=\"\/Giant-Moa.html\">Giant Moat<\/a> &#8211; korkein koskaan bird<\/span><br \/>\n<span id=\"gts_text_48\" class=\"gts_text\">Giant Velvet Worm &#8211; katso <a href=\"#u\">Velvet matoviruksen nimet\u00f6n lajien<\/a><\/span><br \/>\n<span id=\"gts_text_49\" class=\"gts_text\"><em><a title=\"Gigantopithecus\" href=\"http:\/\/www.big-animals.com\/gigantopithecus\/\" class=\" gts_attribute gts_attribute_16_title\">Gigantopithecus<\/a><\/em> &#8211; suurin koskaan k\u00e4dellisen<\/span><br \/>\n<span id=\"gts_text_50\" class=\"gts_text\"><a href=\"\/Giraffe.html\">Giraffe<\/a> &#8211; korkeimman maan el\u00e4inten<\/span><br \/>\n<span id=\"gts_text_51\" class=\"gts_text\">Kultainen rajattuun hedelmien Bat &#8211; ks. <a href=\"#g\">Giant Golden-Crowned Flying Fox<\/a><\/span><br \/>\n<span id=\"gts_text_52\" class=\"gts_text\"><a href=\"\/Goliath-Beetle.html\">Goliath Beetle<\/a> &#8211; raskaimman hy\u00f6nteisten<\/span><br \/>\n<span id=\"gts_text_53\" class=\"gts_text\"><a href=\"\/Goliath-Bird-Eating-Spider.html\">Goliath lintu sy\u00f6minen Spider<\/a> &#8211; suurin h\u00e4m\u00e4h\u00e4kki<\/span><br \/>\n<span id=\"gts_text_54\" class=\"gts_text\"><a href=\"http:\/\/www.big-animals.com\/goliath-frog\/\">Goliath Frog<\/a> &#8211; suurin sammakko<\/span><br \/>\n<span id=\"gts_text_55\" class=\"gts_text\"><a title=\"Greater Flamingo\" href=\"http:\/\/www.big-animals.com\/greater-flamingo\/\" class=\" gts_attribute gts_attribute_17_title\">Suurempi Flamingo<\/a> &#8211; suurin flamingo<\/span><br \/>\n<span id=\"gts_text_56\" class=\"gts_text\"><a href=\"http:\/\/www.big-animals.com\/green-anaconda\/\">Vihre\u00e4 Anaconda<\/a> &#8211; raskaimman snake<\/span><br \/>\n<span id=\"gts_text_57\" class=\"gts_text\"><a title=\"Green Peafowl\" href=\"http:\/\/www.big-animals.com\/green-peafowl\/\" class=\" gts_attribute gts_attribute_18_title\">Vihre\u00e4 Peafowl<\/a> &#8211; galliforme kanssa suurin siipien k\u00e4rkiv\u00e4li:<\/span><\/p>\n<p><span id=\"gts_text_58\" class=\"gts_text\">~~ <a href=\"#top\">Top<\/a> ~~<\/span><\/p>\n<h3><span id=\"gts_text_59\" class=\"gts_text\"><a name=\"h\"><\/a>H<\/span><\/h3>\n<p><span id=\"gts_text_60\" class=\"gts_text\"><a title=\"Hippopotamus\" href=\"http:\/\/www.big-animals.com\/hippopotamus\/\" class=\" gts_attribute gts_attribute_19_title\">T\u00e4m\u00e4 virtahepo<\/a> &#8211; raskaimman sorkkael\u00e4imet<\/span><br \/>\n<span id=\"gts_text_61\" class=\"gts_text\"><a title=\"Hyacinth Macaw\" href=\"http:\/\/www.big-animals.com\/hyacinth-macaw\/\" class=\" gts_attribute gts_attribute_20_title\">Hyacinth ARA<\/a> &#8211; pisimm\u00e4n papukaija, suurin lent\u00e4v\u00e4n papukaija<\/span><\/p>\n<p><span id=\"gts_text_62\" class=\"gts_text\">~~ <a href=\"#top\">Top<\/a> ~~<\/span><\/p>\n<h3><span id=\"gts_text_63\" class=\"gts_text\"><a name=\"i\"><\/a>I<\/span><\/h3>\n<p><span id=\"gts_text_64\" class=\"gts_text\">~~ <a href=\"#top\">Top<\/a> ~~<\/span><\/p>\n<h3><span id=\"gts_text_65\" class=\"gts_text\"><a name=\"j\"><\/a>J<\/span><\/h3>\n<p><span id=\"gts_text_66\" class=\"gts_text\"><a href=\"\/Japanese-Spider-Crab.html\">Japanin h\u00e4m\u00e4h\u00e4kkiravun<\/a> &#8211; suurin niveljalkaiset ja \u00e4yri\u00e4inen<\/span><br \/>\n<span id=\"gts_text_67\" class=\"gts_text\"><a title=\"Josephoartigasia Monesi\" href=\"http:\/\/www.big-animals.com\/josephoartigasia-monesi\/\" class=\" gts_attribute gts_attribute_21_title\"><em>josephoartigasia monesi<\/em><\/a> &#8211; suurin koskaan dominoiva<\/span><\/p>\n<p><span id=\"gts_text_68\" class=\"gts_text\">~~ <a href=\"#top\">Top<\/a> ~~<\/span><\/p>\n<h3><span id=\"gts_text_69\" class=\"gts_text\"><a name=\"k\"><\/a>K<\/span><\/h3>\n<p><span id=\"gts_text_70\" class=\"gts_text\"><a title=\"Kakapo\" href=\"http:\/\/www.big-animals.com\/kakapo\/\" class=\" gts_attribute gts_attribute_22_title\">Kakapo<\/a> &#8211; raskaimman papukaija<\/span><br \/>\n<span id=\"gts_text_71\" class=\"gts_text\"><a title=\"The King Cobra\" href=\"http:\/\/www.big-animals.com\/the-king-cobra\/\" class=\" gts_attribute gts_attribute_23_title\">King Cobra<\/a> &#8211; suurin venomous snake<\/span><br \/>\n<span id=\"gts_text_72\" class=\"gts_text\"><a title=\"Komodo Dragon\" href=\"http:\/\/www.big-animals.com\/komodo-dragon\/\" class=\" gts_attribute gts_attribute_24_title\">Komodon Dragon<\/a> &#8211; suurin Liskon<\/span><br \/>\n<span id=\"gts_text_73\" class=\"gts_text\">Kuningastrappi &#8211; alla heaviest lintu<\/span><\/p>\n<p><span id=\"gts_text_74\" class=\"gts_text\">~~ <a href=\"#top\">Top<\/a> ~~<\/span><\/p>\n<h3><span id=\"gts_text_75\" class=\"gts_text\"><a name=\"l\"><\/a>L<\/span><\/h3>\n<p><span id=\"gts_text_76\" class=\"gts_text\"><a href=\"http:\/\/www.big-animals.com\/leatherback-sea-turtle\/\">Modernized JOIDES<\/a> &#8211; suurin kilpikonna<\/span><br \/>\n<span id=\"gts_text_77\" class=\"gts_text\"><a style=\"font-style: italic;\" href=\"\/Leedsichthys.html\">Leedsichthys<\/a> &#8211; suurin koskaan kalastaa<\/span><br \/>\n<span id=\"gts_text_78\" class=\"gts_text\"><a href=\"\/Wetapunga.html\">Little esteen Island Giant Weta<\/a> &#8211; suurin aikuisen hy\u00f6nteisten<\/span><\/p>\n<p><span id=\"gts_text_79\" class=\"gts_text\">~~ <a href=\"#top\">Top<\/a> ~~<\/span><\/p>\n<h3><span id=\"gts_text_80\" class=\"gts_text\"><a name=\"m\"><\/a>M<\/span><\/h3>\n<p><span id=\"gts_text_81\" class=\"gts_text\"><a title=\"Marquesan Imperial Pigeon\" href=\"http:\/\/www.big-animals.com\/marquesan-imperial-pigeon\/\" class=\" gts_attribute gts_attribute_25_title\">Marquesan Imperial Pigeon<\/a> &#8211; suurin kyyhkysen<\/span><br \/>\n<span id=\"gts_text_82\" class=\"gts_text\"><a title=\"Megalania\" href=\"http:\/\/www.big-animals.com\/megalania\/\" class=\" gts_attribute gts_attribute_26_title\">Megalania<\/a> &#8211; suurin koskaan purkaa Liskon<\/span><br \/>\n<a href=\"\/Megalodon-Shark.html\"><em><span><span id=\"gts_text_83\" class=\"gts_text\">Megalodon<\/span><\/span><span id=\"gts_text_84\" class=\"gts_text\"><\/span><\/em> Shark<\/a> &#8211; biggest ever shark<br \/>\n<span id=\"gts_text_85\" class=\"gts_text\"><a style=\"font-style: italic;\" href=\"\/Midgardia-Xandaros.html\">midgardia xandaros<\/a> &#8211; suurin starfish ja piikkinahkaisten (pisimm\u00e4n aseiden, ei saa painavimman)<\/span><br \/>\n<span id=\"gts_text_86\" class=\"gts_text\"><a title=\"Mountain Gorilla\" href=\"http:\/\/www.big-animals.com\/mountain-gorilla\/\" class=\" gts_attribute gts_attribute_27_title\">Mountain Gorilla<\/a> &#8211; suurin k\u00e4dellisen<\/span><\/p>\n<p><span id=\"gts_text_87\" class=\"gts_text\">~~ <a href=\"#top\">Top<\/a> ~~<\/span><\/p>\n<h3><span id=\"gts_text_88\" class=\"gts_text\"><a name=\"n\"><\/a>N<\/span><\/h3>\n<p><span id=\"gts_text_89\" class=\"gts_text\"><a title=\"North American Wild Turkey\" href=\"http:\/\/www.big-animals.com\/north-american-wild-turkey\/\" class=\" gts_attribute gts_attribute_28_title\">North American Kalkkuna<\/a> &#8211; suurimmista galliforme<\/span><\/p>\n<p><span id=\"gts_text_90\" class=\"gts_text\">~~ <a href=\"#top\">Top<\/a> ~~<\/span><\/p>\n<h3><span id=\"gts_text_91\" class=\"gts_text\"><a name=\"o\"><\/a>O<\/span><\/h3>\n<p><span id=\"gts_text_92\" class=\"gts_text\"><a href=\"\/Ostrich.html\">Strutsi<\/a> &#8211; suurin lintu<\/span><br \/>\n<span id=\"gts_text_93\" class=\"gts_text\">P\u00f6ll\u00f6 papukaija &#8211; ks. <a href=\"#k\">Kakapo<\/a><\/span><\/p>\n<p><span id=\"gts_text_94\" class=\"gts_text\">~~ <a href=\"#top\">Top<\/a> ~~<\/span><\/p>\n<h3><span id=\"gts_text_95\" class=\"gts_text\"><a name=\"p\"><\/a>P<\/span><\/h3>\n<p><span id=\"gts_text_96\" class=\"gts_text\"><a title=\"Polar Bear\" href=\"http:\/\/www.big-animals.com\/polar-bear\/\" class=\" gts_attribute gts_attribute_29_title\">J\u00e4\u00e4karhu<\/a> &#8211; suurin maan Carnivoran<\/span><\/p>\n<p><span id=\"gts_text_97\" class=\"gts_text\">~~ <a href=\"#top\">Top<\/a> ~~<\/span><\/p>\n<h3><span id=\"gts_text_98\" class=\"gts_text\"><a name=\"q\"><\/a>Q<\/span><\/h3>\n<p><span id=\"gts_text_99\" class=\"gts_text\">~~ <a href=\"#top\">Top<\/a> ~~<\/span><\/p>\n<h3><span id=\"gts_text_100\" class=\"gts_text\"><a name=\"r\"><\/a>R<\/span><\/h3>\n<p><span id=\"gts_text_101\" class=\"gts_text\"><a href=\"\/Red-Kangaroo.html\">Red Kangaroo<\/a> &#8211; suurin marsupial nis\u00e4k\u00e4s<\/span><br \/>\n<span id=\"gts_text_102\" class=\"gts_text\"><a href=\"http:\/\/www.big-animals.com\/the-reticulated-python\/\">Reticulated Python<\/a> &#8211; pisimm\u00e4n snake<\/span><br \/>\n<span id=\"gts_text_103\" class=\"gts_text\">Sellainen rapu &#8211; katso <a href=\"#c\">kookos taskurapuja<\/a>.<\/span><\/p>\n<p><span id=\"gts_text_104\" class=\"gts_text\">~~ <a href=\"#top\">Top<\/a> ~~<\/span><\/p>\n<h3><span id=\"gts_text_105\" class=\"gts_text\"><a name=\"s\"><\/a>S<\/span><\/h3>\n<p><span id=\"gts_text_106\" class=\"gts_text\"><a href=\"http:\/\/www.big-animals.com\/the-saltwater-crocodile-the-words-biggest-reptile\/\">Suistokrokotiili<\/a> &#8211; suurin matelija<\/span><br \/>\n<span id=\"gts_text_107\" class=\"gts_text\"><a title=\"Southern Elephant Seal\" href=\"http:\/\/www.big-animals.com\/southern-elephant-seal\/\" class=\" gts_attribute gts_attribute_30_title\">Etel\u00e4nmerinorsu<\/a> &#8211; suurimmista carnivoran<\/span><br \/>\n<span id=\"gts_text_108\" class=\"gts_text\">Neli\u00f6-Lipped Sarvikuonot &#8211; ks. <a href=\"#w\">Valkosarvikuonokannan<\/a><\/span><\/p>\n<p><span id=\"gts_text_109\" class=\"gts_text\">~~ <a href=\"#top\">Top<\/a> ~~<\/span><\/p>\n<h3><span id=\"gts_text_110\" class=\"gts_text\"><a name=\"t\"><\/a>T<\/span><\/h3>\n<p><span id=\"gts_text_111\" class=\"gts_text\">Thompson: n Matosammakot &#8211; ks. <a href=\"#c\"><em>Matosammakot Thompsoni<\/em><\/a><\/span><br \/>\n<span id=\"gts_text_112\" class=\"gts_text\"><a href=\"..\/titanoboa-the-biggest-ever-snake\/\">Titanoboa<\/a> &#8211; suurin koskaan Snake<\/span><br \/>\n<span id=\"gts_text_113\" class=\"gts_text\"><a style=\"font-style: italic;\" href=\"\/Trichoplax.html\">Laakkoel\u00e4imet Adhaerens<\/a> &#8211; suurin (ja ainoa) Placozoan<\/span><br \/>\n<span id=\"gts_text_114\" class=\"gts_text\"><a title=\"Trumpeter Swan\" href=\"http:\/\/www.big-animals.com\/trumpeter-swan\/\" class=\" gts_attribute gts_attribute_31_title\">Trumpettijoutsen<\/a> &#8211; suurin vesilinnut<\/span><br \/>\n<span id=\"gts_text_115\" class=\"gts_text\"><a title=\"Tylosaurus\" href=\"http:\/\/www.big-animals.com\/tylosaurus\/\" class=\" gts_attribute gts_attribute_32_title\">Tylosaurus<\/a> &#8211; suurin koskaan Liskon, suurin koskaan meren matelija<\/span><\/p>\n<p><span id=\"gts_text_116\" class=\"gts_text\">~~ <a href=\"#top\">Top<\/a> ~~<\/span><\/p>\n<h3><span id=\"gts_text_117\" class=\"gts_text\"><a name=\"u\"><\/a>U<\/span><\/h3>\n<p><span id=\"gts_text_118\" class=\"gts_text\"><a href=\"\/Giant-Velvet-Worm.html\">Nime\u00e4m\u00e4t\u00f6n lajien Velvet Worm<\/a> &#8211; suurin Velvet Worm<\/span><\/p>\n<p><span id=\"gts_text_119\" class=\"gts_text\">~~ <a href=\"#top\">Top<\/a> ~~<\/span><\/p>\n<h3><span id=\"gts_text_120\" class=\"gts_text\"><a name=\"v\"><\/a>V<\/span><\/h3>\n<p><span id=\"gts_text_121\" class=\"gts_text\">~~ <a href=\"#top\">Top<\/a> ~~<\/span><\/p>\n<h3><span id=\"gts_text_122\" class=\"gts_text\"><a name=\"w\"><\/a>W<\/span><\/h3>\n<p><span id=\"gts_text_123\" class=\"gts_text\"><a href=\"\/Wandering-Albatross.html\">J\u00e4ttil\u00e4isalbatrossi<\/a> &#8211; biggest alla lintu<\/span><br \/>\n<span id=\"gts_text_124\" class=\"gts_text\">Veden Boa &#8211; katso <a href=\"#g\">Vihre\u00e4 Anakonda<\/a><\/span><br \/>\n<span id=\"gts_text_125\" class=\"gts_text\"><a title=\"Western Long Beaked Echidna\" href=\"http:\/\/www.big-animals.com\/western-long-beaked-echidna\/\" class=\" gts_attribute gts_attribute_33_title\">Pitk\u00e4 Beaked Echidna L\u00e4nsi<\/a> &#8211; suurimmista Nokkael\u00e4imet<\/span><br \/>\n<span id=\"gts_text_126\" class=\"gts_text\">Wetapunga &#8211; katso <a href=\"#l\">Little esteen Island Giant Weta<\/a><\/span><br \/>\n<span id=\"gts_text_127\" class=\"gts_text\"><a href=\"\/Whale-Shark.html\">Sea Urchin<\/a> &#8211; suurimmat kalat<\/span><br \/>\n<span id=\"gts_text_128\" class=\"gts_text\"><a title=\"White Rhinoceros\" href=\"http:\/\/www.big-animals.com\/white-rhinoceros\/\" class=\" gts_attribute gts_attribute_34_title\">Valkosarvikuonokannan<\/a> &#8211; suurin pariton toed villojen, nelj\u00e4nneksi suurin maan el\u00e4inten<\/span><\/p>\n<p><span id=\"gts_text_129\" class=\"gts_text\">~~ <a href=\"#top\">Top<\/a> ~~<\/span><\/p>\n<h3><span id=\"gts_text_130\" class=\"gts_text\"><a name=\"x\"><\/a>X<\/span><\/h3>\n<p><span id=\"gts_text_131\" class=\"gts_text\">~~ <a href=\"#top\">Top<\/a> ~~<\/span><\/p>\n<h3><span id=\"gts_text_132\" class=\"gts_text\"><a name=\"y\"><\/a>Y<\/span><\/h3>\n<p><span id=\"gts_text_133\" class=\"gts_text\">~~ <a href=\"#top\">Top<\/a> ~~<\/span><\/p>\n<h3><span id=\"gts_text_134\" class=\"gts_text\"><a name=\"z\"><\/a>Z<\/span><\/h3>\n<p><span id=\"gts_text_135\" class=\"gts_text\">~~ <a href=\"#top\">Top<\/a> ~~<\/span><\/body><\/html><\/p>\n","protected":false},"excerpt":{"rendered":"<p><html><head><\/head><body><\/body><\/html><\/p>\n","protected":false},"author":1,"featured_media":0,"parent":0,"menu_order":0,"comment_status":"closed","ping_status":"open","template":"","meta":{"_acf_changed":false,"footnotes":""},"acf":[],"_links":{"self":[{"href":"https:\/\/www.big-animals.com\/fi\/wp-json\/wp\/v2\/pages\/6"}],"collection":[{"href":"https:\/\/www.big-animals.com\/fi\/wp-json\/wp\/v2\/pages"}],"about":[{"href":"https:\/\/www.big-animals.com\/fi\/wp-json\/wp\/v2\/types\/page"}],"author":[{"embeddable":true,"href":"https:\/\/www.big-animals.com\/fi\/wp-json\/wp\/v2\/users\/1"}],"replies":[{"embeddable":true,"href":"https:\/\/www.big-animals.com\/fi\/wp-json\/wp\/v2\/comments?post=6"}],"version-history":[{"count":0,"href":"https:\/\/www.big-animals.com\/fi\/wp-json\/wp\/v2\/pages\/6\/revisions"}],"wp:attachment":[{"href":"https:\/\/www.big-animals.com\/fi\/wp-json\/wp\/v2\/media?parent=6"}],"curies":[{"name":"wp","href":"https:\/\/api.w.org\/{rel}","templated":true}]}}