{"id":64,"date":"2011-05-09T09:33:49","date_gmt":"2011-05-09T09:33:49","guid":{"rendered":""},"modified":"2011-05-09T09:33:49","modified_gmt":"2011-05-09T09:33:49","slug":"maailmat-suurin-elaimet","status":"publish","type":"page","link":"https:\/\/www.big-animals.com\/fi\/","title":{"rendered":"Maailman suurin el\u00e4inten"},"content":{"rendered":"<p><span id=\"gts_text_1\" class=\"gts_text\">T\u00e4m\u00e4n sivuston tarkoituksena on ker\u00e4t\u00e4 yhteen kaikki maailman suurin el\u00e4inten &#8211; korkeimman, raskain, pisin ja suurin el\u00e4inten, kaikenlaisia tietoja kiehtovia tietoja jokaisen niist\u00e4 kanssa!<\/span><\/p>\n<p><span id=\"gts_text_2\" class=\"gts_text\">Haluatko tiet\u00e4\u00e4, mit\u00e4 on maailman suurin h\u00e4m\u00e4h\u00e4kki? <\/span><span id=\"gts_text_3\" class=\"gts_text\">Tai raskaimman taskurapuja? <\/span><span id=\"gts_text_4\" class=\"gts_text\">Tai kaikkien aikojen suurimmat kalat?<\/span><\/p>\n<p><span id=\"gts_text_5\" class=\"gts_text\">Tutustu t\u00e4h\u00e4n sivustoon monella tavalla&#8230;<\/span><\/p>\n<ul>\n<li> <span id=\"gts_text_6\" class=\"gts_text\">Voit tarkastella <a href=\"\/Alphabetical-List-Of-Animals.html\">aakkosj\u00e4rjestyksess\u00e4 oleva luettelo<\/a> kaikista el\u00e4imist\u00e4 t\u00e4lt\u00e4 sivustolta ja zoomata suoraan el\u00e4inten, olet kiinnostunut.<\/span><\/li>\n<li> <span id=\"gts_text_7\" class=\"gts_text\">Voit n\u00e4hd\u00e4 <a href=\"\/List-Of-Animals-By-Type.html\">luettelon kaikista eri <em>tyyppien<\/em> el\u00e4inten<\/a>ja Vierit\u00e4 alas <em>tyyppi<\/em> (nis\u00e4kk\u00e4iden, selk\u00e4rankaisten, robotit jne.), olet kiinnostunut.<\/span><\/li>\n<li> <span id=\"gts_text_8\" class=\"gts_text\">Voit napsauttamalla suoraan <a href=\"\/Animals.html\">tietoja el\u00e4inten p\u00e4\u00e4sivulle<\/a>, lue, mit\u00e4 on niin erikoista niit\u00e4 ja napsauttamalla voit etsi\u00e4 olemassa linkkien kautta.<\/span><\/li>\n<li> <span id=\"gts_text_9\" class=\"gts_text\">Voit etsi\u00e4 sivuston ja siirty\u00e4 suoraan haluamaasi sivua:<\/span><br \/>\n<form action=\"http:\/\/www.google.com\/cse\" id=\"cse-search-box\" target=\"_blank\">\n<div>\n    <input type=\"hidden\" name=\"cx\" value=\"partner-pub-2402359816736819:5079094669\" \/><br \/>\n    <input type=\"hidden\" name=\"ie\" value=\"UTF-8\" \/><br \/>\n    <input type=\"text\" name=\"q\" size=\"55\" \/><br \/>\n    <input type=\"submit\" name=\"sa\" value=\"Search\" \/>\n  <\/div>\n<\/form>\n<p><script type=\"text\/javascript\" src=\"http:\/\/www.google.com\/coop\/cse\/brand?form=cse-search-box&amp;lang=en\"><\/script>\n<\/li>\n<\/ul>\n<p><span id=\"gts_text_10\" class=\"gts_text\">Se on minun toivon, ett\u00e4 t\u00e4m\u00e4 sivusto on kiehtova paikka tutkimaan kaikki eniten valtava el\u00e4inkuntaan kuuluvien!<\/span><\/p>\n","protected":false},"excerpt":{"rendered":"<p>T\u00e4m\u00e4n sivuston tarkoituksena on ker\u00e4t\u00e4 yhteen kaikki maailman suurin el\u00e4inten &#8211; korkeimman, raskain, pisin ja suurin el\u00e4inten, kaikenlaisia tietoja kiehtovia tietoja jokaisen niist\u00e4 kanssa! Haluatko tiet\u00e4\u00e4, mit\u00e4 on maailman suurin h\u00e4m\u00e4h\u00e4kki? Tai raskaimman taskurapuja? Tai kaikkien aikojen suurimmat kalat? Tutustu t\u00e4h\u00e4n sivustoon monella tavalla&#8230; Voit tarkastella aakkosj\u00e4rjestyksess\u00e4 oleva luettelo kaikista el\u00e4imist\u00e4 t\u00e4lt\u00e4 sivustolta ja zoomata &hellip; <a href=\"https:\/\/www.big-animals.com\/fi\/\" class=\"more-link\">Continue reading <span class=\"screen-reader-text\">Maailman suurin el\u00e4inten<\/span><\/a><\/p>\n","protected":false},"author":1,"featured_media":0,"parent":0,"menu_order":0,"comment_status":"closed","ping_status":"open","template":"","meta":{"_acf_changed":false,"footnotes":""},"acf":[],"_links":{"self":[{"href":"https:\/\/www.big-animals.com\/fi\/wp-json\/wp\/v2\/pages\/64"}],"collection":[{"href":"https:\/\/www.big-animals.com\/fi\/wp-json\/wp\/v2\/pages"}],"about":[{"href":"https:\/\/www.big-animals.com\/fi\/wp-json\/wp\/v2\/types\/page"}],"author":[{"embeddable":true,"href":"https:\/\/www.big-animals.com\/fi\/wp-json\/wp\/v2\/users\/1"}],"replies":[{"embeddable":true,"href":"https:\/\/www.big-animals.com\/fi\/wp-json\/wp\/v2\/comments?post=64"}],"version-history":[{"count":0,"href":"https:\/\/www.big-animals.com\/fi\/wp-json\/wp\/v2\/pages\/64\/revisions"}],"wp:attachment":[{"href":"https:\/\/www.big-animals.com\/fi\/wp-json\/wp\/v2\/media?parent=64"}],"curies":[{"name":"wp","href":"https:\/\/api.w.org\/{rel}","templated":true}]}}