{"id":7,"date":"2011-05-09T08:54:19","date_gmt":"2011-05-09T08:54:19","guid":{"rendered":""},"modified":"2011-05-09T08:54:19","modified_gmt":"2011-05-09T08:54:19","slug":"kolossikalmari","status":"publish","type":"page","link":"https:\/\/www.big-animals.com\/fi\/kolossikalmari\/","title":{"rendered":"Kolossikalmari"},"content":{"rendered":"<p><span id=\"gts_text_1\" class=\"gts_text\">Colossal Squid tunnetaan my\u00f6s Etel\u00e4mantereen Squid- tai Cranch J\u00e4ttil\u00e4iskalmari. <\/span><span id=\"gts_text_2\" class=\"gts_text\">Se on suurin Kalmarin koskaan siepattu. <\/span><span id=\"gts_text_3\" class=\"gts_text\">Itse asiassa on suurin tunnettu <a title=\"The World\u2019s Biggest Mollusks!\" href=\"http:\/\/www.big-animals.com\/the-worlds-biggest-mollusks\/\">mollusk<\/a> ja maailman suurin tunnetut selk\u00e4rangattomat! <\/span><span id=\"gts_text_4\" class=\"gts_text\">Valtava laitokselle 12-14 metri\u00e4 (39 \u2014 46 jalkaa) pitk\u00e4, se on my\u00f6s el\u00e4v\u00e4 asia eniten silm\u00e4t maapallolla. <\/span><span id=\"gts_text_5\" class=\"gts_text\">Sen silm\u00e4t ovat halkaisijaltaan noin 30-40 senttimetri\u00e4 (12-16 tuumaa), kun n\u00e4m\u00e4 el\u00e4imet viel\u00e4 eliv\u00e4t. <\/span><span id=\"gts_text_6\" class=\"gts_text\">Sen massan l\u00e4hes 500 kilogrammaa (1100 lb).<\/span><\/p>\n<p><span id=\"gts_text_7\" class=\"gts_text\">Colossal Squid raajojen on voimakas Kurvivalossa koukkuja. <\/span><span id=\"gts_text_8\" class=\"gts_text\">Se on laaja ja voimakkaasti rakennettu laitos. <\/span><span id=\"gts_text_9\" class=\"gts_text\">On siis paljon raskaampia Giant Squid. <\/span><span id=\"gts_text_10\" class=\"gts_text\">Se on my\u00f6s pidempi vaippa kuin Giant Squid. <\/span><span id=\"gts_text_11\" class=\"gts_text\">Mutta heid\u00e4n tentacles ovat lyhyempi\u00e4 kuin Giant Squid tentacles.<\/span><\/p>\n<figure id=\"attachment_642\" aria-describedby=\"caption-attachment-642\" style=\"width: 300px\" class=\"wp-caption aligncenter\"><a href=\"http:\/\/www.big-animals.com\/wp-content\/uploads\/2011\/03\/Colossal_Squid_And_Human2.png\"><img loading=\"lazy\" decoding=\"async\" class=\"size-medium wp-image-642\" title=\"Colossal Squid And Human\" src=\"http:\/\/www.big-animals.com\/wp-content\/uploads\/2011\/03\/Colossal_Squid_And_Human2-300x73.png\" alt=\"Colossal Squid And Human\" width=\"300\" height=\"73\" \/><\/a><figcaption id=\"caption-attachment-642\" class=\"wp-caption-text\">Colossal Squid And Human<\/figcaption><\/figure>\n<p><span id=\"gts_text_12\" class=\"gts_text\">He hotellissa Southern Ocean, joka menee aivan py\u00f6re\u00e4 Antarctica meren pohjaan. <\/span><span id=\"gts_text_13\" class=\"gts_text\">Se sy\u00f6tteet Patagonian hampaiden kala ja muut kalmari syv\u00e4 valtameren. <\/span><span id=\"gts_text_14\" class=\"gts_text\">Se on perpetually pime\u00e4ss\u00e4 ja eritt\u00e4in kylm\u00e4 jos se asuu mutta Colossal Squid pystyy tuottamaan auttamaan it Katso ja mets\u00e4st\u00e4\u00e4 piki pimeydess\u00e4 valoa.<\/span><\/p>\n<p><span id=\"gts_text_15\" class=\"gts_text\">Colossal Squid on hidas metabolisen korko. <\/span><span id=\"gts_text_16\" class=\"gts_text\">Se vaatii vain noin 30 grammaa (1 Unssi) elintarvikkeiden p\u00e4iv\u00e4ss\u00e4. <\/span><span id=\"gts_text_17\" class=\"gts_text\">Se on paljon energiaa, koska se on hitaasti liikkuville olento, jota hunts soittavan veljelleen. <\/span><span id=\"gts_text_18\" class=\"gts_text\">Aikuisten Kolossikalmari Voit sukeltaa syvyys 2200 metri\u00e4 (2400 telakoiden) ja nuorten Kolossikalmari menn\u00e4 syv\u00e4 1000 metri\u00e4 (1100 telakoiden). <\/span><span id=\"gts_text_19\" class=\"gts_text\">Aikuisen naisen Kolossikalmari on yleens\u00e4 paljon suurempi kuin urospuolisten Kolossikalmari.<\/span><\/p>\n<p><span id=\"gts_text_20\" class=\"gts_text\">Etel\u00e4mantereen sperma valaat rehu Colossal kalmarien. <\/span><span id=\"gts_text_21\" class=\"gts_text\">Kalmarin n nokat sperma valaat vatsa l\u00f6ytyi % 14 kuuluvat Colossal kalmarien. <\/span><span id=\"gts_text_22\" class=\"gts_text\">Itse asiassa useimmat sperma valaat ole arvet niiden selk\u00e4nojia Colossal kalmarien, jotka tekev\u00e4t 77 prosenttia niiden prey koukut aiheuttama.<\/span><\/p>\n<p><span id=\"gts_text_23\" class=\"gts_text\">On olemassa muita olentoja, jotka my\u00f6s sy\u00f6d\u00e4 Colossal kalmarien, kuten Bottlenose valaat, Pilot valaita, etel\u00e4isen Elephant sinettej\u00e4, Patagonian Toothfish, Tyynenmeren nukkuja haiden ja jopa Albatrosses. <\/span><span id=\"gts_text_24\" class=\"gts_text\">Colossal kalmarien on vain havaittu Kaskelotti ja Tyynenmeren nukkuja haiden aikuisen nokat. <\/span><span id=\"gts_text_25\" class=\"gts_text\">Viholliset loput ovat ainoastaan suuret, sy\u00f6d\u00e4 nuorten Colossal kalmarien.<\/span><\/p>\n<p><span id=\"gts_text_26\" class=\"gts_text\">2007 El\u00e4vien Kolossikalmari sieppaaminen Uuden-Seelannin kalastuksen veneell\u00e4 Antarctica k\u00e4yt\u00f6st\u00e4. <\/span><span id=\"gts_text_27\" class=\"gts_text\">Se oli noin 10 metri\u00e4 pitk\u00e4 (33 jalkaa) ja punnitaan noin 495 kilogrammaa (1090 lb). <\/span><span id=\"gts_text_28\" class=\"gts_text\">Se palasi Uudessa-Seelannissa tieteelliseen tutkimukseen.<\/span><\/p>\n<p><span id=\"gts_text_29\" class=\"gts_text\"><\/span><\/p>\n","protected":false},"excerpt":{"rendered":"<p>Colossal Squid tunnetaan my\u00f6s Etel\u00e4mantereen Squid- tai Cranch J\u00e4ttil\u00e4iskalmari. Se on suurin Kalmarin koskaan siepattu. Itse asiassa on suurin tunnettu mollusk ja maailman suurin tunnetut selk\u00e4rangattomat! Valtava laitokselle 12-14 metri\u00e4 (39 \u2014 46 jalkaa) pitk\u00e4, se on my\u00f6s el\u00e4v\u00e4 asia eniten silm\u00e4t maapallolla. Sen silm\u00e4t ovat halkaisijaltaan noin 30-40 senttimetri\u00e4 (12-16 tuumaa), kun n\u00e4m\u00e4 el\u00e4imet &hellip; <a href=\"https:\/\/www.big-animals.com\/fi\/kolossikalmari\/\" class=\"more-link\">Continue reading <span class=\"screen-reader-text\">Kolossikalmari<\/span><\/a><\/p>\n","protected":false},"author":1,"featured_media":0,"parent":0,"menu_order":0,"comment_status":"closed","ping_status":"open","template":"","meta":{"_acf_changed":false,"footnotes":""},"acf":[],"_links":{"self":[{"href":"https:\/\/www.big-animals.com\/fi\/wp-json\/wp\/v2\/pages\/7"}],"collection":[{"href":"https:\/\/www.big-animals.com\/fi\/wp-json\/wp\/v2\/pages"}],"about":[{"href":"https:\/\/www.big-animals.com\/fi\/wp-json\/wp\/v2\/types\/page"}],"author":[{"embeddable":true,"href":"https:\/\/www.big-animals.com\/fi\/wp-json\/wp\/v2\/users\/1"}],"replies":[{"embeddable":true,"href":"https:\/\/www.big-animals.com\/fi\/wp-json\/wp\/v2\/comments?post=7"}],"version-history":[{"count":0,"href":"https:\/\/www.big-animals.com\/fi\/wp-json\/wp\/v2\/pages\/7\/revisions"}],"wp:attachment":[{"href":"https:\/\/www.big-animals.com\/fi\/wp-json\/wp\/v2\/media?parent=7"}],"curies":[{"name":"wp","href":"https:\/\/api.w.org\/{rel}","templated":true}]}}