{"id":77,"date":"2011-05-09T11:35:22","date_gmt":"2011-05-09T11:35:22","guid":{"rendered":""},"modified":"2011-05-09T11:35:22","modified_gmt":"2011-05-09T11:35:22","slug":"the-saltwater-crocodile-the-words-biggest-reptile","status":"publish","type":"page","link":"https:\/\/www.big-animals.com\/fi\/the-saltwater-crocodile-the-words-biggest-reptile\/","title":{"rendered":"Suistokrokotiili &#8211; sanan suurin matelija"},"content":{"rendered":"<p><span id=\"gts_text_1\" class=\"gts_text\">Maailman suurin elin matelijoiden on suolavesi krokotiili. <\/span><span id=\"gts_text_2\" class=\"gts_text\">Se el\u00e4\u00e4 Northern Australiasta, It\u00e4-Intian rannikolla ja tiettyjen osien Kaakkois-Aasian. <\/span><span id=\"gts_text_3\" class=\"gts_text\">T\u00e4ysikasvuisten urospuolisten Suistokrokotiili on noin 4.5 5 metrin (15-17 jalkaa). <\/span><span id=\"gts_text_4\" class=\"gts_text\">Sen massan-600 1000kg (1300-2 200 lb). <\/span><span id=\"gts_text_5\" class=\"gts_text\">Tietueen suurin vahvistettu Suistokrokotiili oli pitk\u00e4 6.3 mittari (20 jalkaa 8 tuumaa). <\/span><span id=\"gts_text_6\" class=\"gts_text\">Se punnitaan yli 1,360 kg (3000lb). <\/span><span id=\"gts_text_7\" class=\"gts_text\">Valtava el\u00e4inten!<\/span><\/p>\n<figure id=\"attachment_397\" aria-describedby=\"caption-attachment-397\" style=\"width: 300px\" class=\"wp-caption aligncenter\"><a href=\"http:\/\/www.big-animals.com\/wp-content\/uploads\/2011\/01\/Saltwater_Crocodile_And_Human1.png\"><img loading=\"lazy\" decoding=\"async\" class=\"size-medium wp-image-397\" title=\"Saltwater Crocodile And Human\" src=\"http:\/\/www.big-animals.com\/wp-content\/uploads\/2011\/01\/Saltwater_Crocodile_And_Human1-300x83.png\" alt=\"Saltwater Crocodile And Human\" width=\"300\" height=\"83\" \/><\/a><figcaption id=\"caption-attachment-397\" class=\"wp-caption-text\">Saltwater Crocodile And Human<\/figcaption><\/figure>\n<p><span id=\"gts_text_8\" class=\"gts_text\">Naisten Suistokrokotiili on paljon pienempi kuin koiras. <\/span><span id=\"gts_text_9\" class=\"gts_text\">Se on &#8220;vain&#8221; noin 2.1 3,5 metri\u00e4 (7-11 jalkaa). <\/span><span id=\"gts_text_10\" class=\"gts_text\">Suurin naaras oli noin 4,2 mittari (14 jalkaa). <\/span><span id=\"gts_text_11\" class=\"gts_text\">Ne olivat keskim\u00e4\u00e4rin noin 450 kg (1000 lb).<\/span><\/p>\n<figure id=\"attachment_399\" aria-describedby=\"caption-attachment-399\" style=\"width: 150px\" class=\"wp-caption alignleft\"><a href=\"http:\/\/www.big-animals.com\/wp-content\/uploads\/2011\/01\/Saltwater_Crocodile_Eye.jpg\"><img loading=\"lazy\" decoding=\"async\" class=\"size-thumbnail wp-image-399\" title=\"Saltwater Crocodile Eye\" src=\"http:\/\/www.big-animals.com\/wp-content\/uploads\/2011\/01\/Saltwater_Crocodile_Eye-150x150.jpg\" alt=\"Saltwater Crocodile Eye\" width=\"150\" height=\"150\" \/><\/a><figcaption id=\"caption-attachment-399\" class=\"wp-caption-text\">Saltwater Crocodile Eye<\/figcaption><\/figure>\n<p><span id=\"gts_text_12\" class=\"gts_text\">Suistokrokotiili, jotka olivat joskus paljon on kuollut sukupuuttoon suurempi. <\/span><span id=\"gts_text_13\" class=\"gts_text\">Ne voisivat olla 18 metri\u00e4 pitk\u00e4! <\/span><span id=\"gts_text_14\" class=\"gts_text\">Suolavesi crocodiles rakastavat makean veden soiden ja jokien m\u00e4rk\u00e4 kasvukauden aikana. <\/span><span id=\"gts_text_15\" class=\"gts_text\">Kuivan kasvukauden aikana ne siirtyv\u00e4t laaja joen suulla. <\/span><span id=\"gts_text_16\" class=\"gts_text\">Crocodiles torjuntaan kiivaasti toisistaan paras paikka el\u00e4\u00e4.  <\/span><span id=\"gts_text_17\" class=\"gts_text\">Ne uimaan 15-18 maileina tunnissa niiden nopein ja 2 3 maileina tunnissa pitki\u00e4 matkoja.<\/span><\/p>\n<p><span id=\"gts_text_18\" class=\"gts_text\">Suolavesi krokotiili juuri hy\u00f6kk\u00e4\u00e4 kaikki el\u00e4imet, joita sen alueelle vedess\u00e4 tai tonttia koskevia tietorekisteriteht\u00e4v\u00e4t. <\/span><span id=\"gts_text_19\" class=\"gts_text\">Suuri suolaisen veden crocodiles sy\u00f6d\u00e4 el\u00e4inten lainkaan mukaan lukien apinoilla, kangaroos, villisioissa, dingos, lintujen, lehmien, hevosten, ihmisiin, veden puhvelit ja jopa haita. <\/span><span id=\"gts_text_20\" class=\"gts_text\">He hy\u00f6kk\u00e4yksen hyvin yht\u00e4kki\u00e4 ja ne mieluummin mets\u00e4st\u00e4\u00e4 y\u00f6ll\u00e4.<\/span><\/p>\n<figure id=\"attachment_401\" aria-describedby=\"caption-attachment-401\" style=\"width: 300px\" class=\"wp-caption alignright\"><a href=\"http:\/\/www.big-animals.com\/wp-content\/uploads\/2011\/01\/Saltwater_Crocodile.jpg\"><img loading=\"lazy\" decoding=\"async\" class=\"size-medium wp-image-401 \" title=\"The Saltwater Crocodile - The World's Biggest Reptile\" src=\"http:\/\/www.big-animals.com\/wp-content\/uploads\/2011\/01\/Saltwater_Crocodile-300x206.jpg\" alt=\"The Saltwater Crocodile - The World's Biggest Reptile\" width=\"300\" height=\"206\" \/><\/a><figcaption id=\"caption-attachment-401\" class=\"wp-caption-text\">The Saltwater Crocodile - The World&#038;#39;s Biggest Reptile<\/figcaption><\/figure>\n<p><span id=\"gts_text_21\" class=\"gts_text\">Ne yleens\u00e4 odota k\u00e4rsiv\u00e4llisesti niiden prey p\u00e4\u00e4st\u00e4 l\u00e4hemm\u00e4ksi joki-pankki ja ved\u00e4 el\u00e4inten takaisin veteen.  <\/span><span id=\"gts_text_22\" class=\"gts_text\">Onnettomuutta tuovien el\u00e4inten prosessitunnuksen suolaisen veden crocodiles suuri sakara-paine. <\/span><span id=\"gts_text_23\" class=\"gts_text\">Joissakin tapauksissa ilmenev\u00e4 voi olla muuten hukkuivat hy\u00f6kk\u00e4ys. <\/span><span id=\"gts_text_24\" class=\"gts_text\">Vauva suolaisen veden crocodiles on n\u00e4ytt\u00f6laitteen liskoja, kalojen ja lintujen varokaa.<\/span><\/p>\n","protected":false},"excerpt":{"rendered":"<p>Maailman suurin elin matelijoiden on suolavesi krokotiili. Se el\u00e4\u00e4 Northern Australiasta, It\u00e4-Intian rannikolla ja tiettyjen osien Kaakkois-Aasian. T\u00e4ysikasvuisten urospuolisten Suistokrokotiili on noin 4.5 5 metrin (15-17 jalkaa). Sen massan-600 1000kg (1300-2 200 lb). Tietueen suurin vahvistettu Suistokrokotiili oli pitk\u00e4 6.3 mittari (20 jalkaa 8 tuumaa). Se punnitaan yli 1,360 kg (3000lb). Valtava el\u00e4inten! Naisten Suistokrokotiili &hellip; <a href=\"https:\/\/www.big-animals.com\/fi\/the-saltwater-crocodile-the-words-biggest-reptile\/\" class=\"more-link\">Continue reading <span class=\"screen-reader-text\">Suistokrokotiili &#8211; sanan suurin matelija<\/span><\/a><\/p>\n","protected":false},"author":1,"featured_media":0,"parent":0,"menu_order":0,"comment_status":"closed","ping_status":"open","template":"","meta":{"_acf_changed":false,"footnotes":""},"acf":[],"_links":{"self":[{"href":"https:\/\/www.big-animals.com\/fi\/wp-json\/wp\/v2\/pages\/77"}],"collection":[{"href":"https:\/\/www.big-animals.com\/fi\/wp-json\/wp\/v2\/pages"}],"about":[{"href":"https:\/\/www.big-animals.com\/fi\/wp-json\/wp\/v2\/types\/page"}],"author":[{"embeddable":true,"href":"https:\/\/www.big-animals.com\/fi\/wp-json\/wp\/v2\/users\/1"}],"replies":[{"embeddable":true,"href":"https:\/\/www.big-animals.com\/fi\/wp-json\/wp\/v2\/comments?post=77"}],"version-history":[{"count":0,"href":"https:\/\/www.big-animals.com\/fi\/wp-json\/wp\/v2\/pages\/77\/revisions"}],"wp:attachment":[{"href":"https:\/\/www.big-animals.com\/fi\/wp-json\/wp\/v2\/media?parent=77"}],"curies":[{"name":"wp","href":"https:\/\/api.w.org\/{rel}","templated":true}]}}