{"id":88,"date":"2011-05-21T08:39:22","date_gmt":"2011-05-21T08:39:22","guid":{"rendered":""},"modified":"2011-05-21T08:39:22","modified_gmt":"2011-05-21T08:39:22","slug":"valkosarvikuonokannan","status":"publish","type":"page","link":"https:\/\/www.big-animals.com\/fi\/valkosarvikuonokannan\/","title":{"rendered":"Leve\u00e4huulisarvikuono"},"content":{"rendered":"<p><span id=\"gts_text_1\" class=\"gts_text\">Valkosarvikuonokannan on <a title=\"Odd Toed-Ungulates\" href=\"http:\/\/www.big-animals.com\/odd-toed-ungulates\/\">kavioel\u00e4imet<\/a> <a title=\"The World\u2019s Biggest Mammals!\" href=\"http:\/\/www.big-animals.com\/the-worlds-biggest-mammals\/\">nis\u00e4k\u00e4s<\/a>. <\/span><span id=\"gts_text_2\" class=\"gts_text\">Se on suurin kaikki parittomat toed sorkkael\u00e4imist\u00e4 ja nelj\u00e4nneksi suurin elollisten maa nis\u00e4k\u00e4s <a title=\"African Bush Elephant \u2013 The World\u2019s Biggest Land Animal!\" href=\"http:\/\/www.big-animals.com\/the-african-bush-elephant-the-worlds-biggest-land-animal\/\">elefantteja<\/a>j\u00e4lkeen. <\/span><span id=\"gts_text_3\" class=\"gts_text\">Suurin tallennettujen valkosarvikuonokannan punnitaan noin 4530 kilogrammaa (9600 lb). <\/span><span id=\"gts_text_4\" class=\"gts_text\">Sen massan yleens\u00e4 1350 3600 kilogrammaa (3000 14000 naulaa) v\u00e4lill\u00e4. <\/span><span id=\"gts_text_5\" class=\"gts_text\">Miesten ovat hieman raskaampia naaraat. <\/span><span id=\"gts_text_6\" class=\"gts_text\">Se on lyhyt kaulan ja eritt\u00e4in laaja rinnassa. <\/span><span id=\"gts_text_7\" class=\"gts_text\">P\u00e4\u00e4n ja kehon pituus on 3.4 4.2 metri\u00e4 (11-14 jalkaa). <\/span><span id=\"gts_text_8\" class=\"gts_text\">Pyrst\u00f6n on noin 50-70 cm (20-27 tuumaa). <\/span><span id=\"gts_text_9\" class=\"gts_text\">Lapa korkeus on noin 1,5-1,9 metri\u00e4 (60-80 tuumaa).<\/span><\/p>\n<p><figure id=\"attachment_1160\" aria-describedby=\"caption-attachment-1160\" style=\"width: 300px\" class=\"wp-caption alignleft\"><figcaption id=\"caption-attachment-1160\" class=\"wp-caption-text\">The White Rhinoceros<\/figcaption><\/figure><a href=\"http:\/\/www.big-animals.com\/wp-content\/uploads\/2011\/05\/Rhinoceros1.jpg\"><img loading=\"lazy\" decoding=\"async\" class=\"size-medium wp-image-1160\" title=\"The White Rhinoceros\" src=\"http:\/\/www.big-animals.com\/wp-content\/uploads\/2011\/05\/Rhinoceros1-300x225.jpg\" alt=\"The White Rhinoceros\" width=\"300\" height=\"225\" \/><span id=\"gts_text_10\" class=\"gts_text\"><\/span><\/p>\n<p><span id=\"gts_text_11\" class=\"gts_text\">Sen pyrst\u00f6ev\u00e4n, se on kaksi sarvet, yhdess\u00e4. <\/span><span id=\"gts_text_12\" class=\"gts_text\">Edess\u00e4 sarvi on suurempi ja se on noin 90 senttimetri\u00e4 (3 jalkaa) pituus. <\/span><span id=\"gts_text_13\" class=\"gts_text\">Takaisin sarvi on pienempi. <\/span><span id=\"gts_text_14\" class=\"gts_text\">Se mittaa noin 55 senttimetri\u00e4 (22 tuumaa). <\/span><span id=\"gts_text_15\" class=\"gts_text\">Valkoinen sarvia keskim\u00e4\u00e4rin pari painaa noin 6 kg (13 punta). <\/span><span id=\"gts_text_16\" class=\"gts_text\">Sarvien eiv\u00e4t ole totta sarvet kuten puhvelin, antiloopin tai lampaiden sarvet. <\/span><span id=\"gts_text_17\" class=\"gts_text\">Se kasvaa ihon ja on valmistettu saman materiaaleista, hiukset ja toenails. <\/span><span id=\"gts_text_18\" class=\"gts_text\">Valkosarvikuonokannan on vain nis\u00e4k\u00e4s sarvet, ole luun sis\u00e4ll\u00e4 kanssa. <\/span><span id=\"gts_text_19\" class=\"gts_text\">Sarvet ovat vaihdettavia-, jos ne saada revitty, uusi sarvi alkaa kasvaa ja nuorten rhinos se voidaan korvata kokonaan. <\/span><span id=\"gts_text_20\" class=\"gts_text\">Ei, ett\u00e4 viile\u00e4? <\/span><span id=\"gts_text_21\" class=\"gts_text\">Naaraat avulla niiden sarvet suojaamaan niiden nuorten rhinos, kun miesten k\u00e4ytt\u00e4\u00e4 niiden sarvet taistelee muiden rhinos kanssa. <\/span><span id=\"gts_text_22\" class=\"gts_text\">The horns k\u00e4ytet\u00e4\u00e4n perinteinen kiinalainen l\u00e4\u00e4kint\u00e4 Kiinassa, Taiwan ja Etel\u00e4-Koreasta. <\/span><span id=\"gts_text_23\" class=\"gts_text\">Ihmiset ajattelevat, ett\u00e4 se v\u00e4hent\u00e4\u00e4 kuume ja p\u00e4\u00e4ns\u00e4rky, vaikka se on juuri toenail jutut. <\/span><span id=\"gts_text_24\" class=\"gts_text\">Sit\u00e4 k\u00e4ytet\u00e4\u00e4n my\u00f6s tekem\u00e4\u00e4n perinteisi\u00e4 kaulakoruissa. <\/span><span id=\"gts_text_25\" class=\"gts_text\">T\u00e4m\u00e4 on yksi syy, miksi White ne esitt\u00e4v\u00e4t sarvikuonoja mets\u00e4stet\u00e4\u00e4n.<\/span><\/p>\n<p><span id=\"gts_text_26\" class=\"gts_text\">Valkosarvikuonokannan on my\u00f6s laskum\u00e4kien niiden kaulan k\u00e4\u00e4nt\u00f6puolelle. <\/span><span id=\"gts_text_27\" class=\"gts_text\">Tehokas lihaksen hump mahdollistaa valkosarvikuonokannan nosta sen raskaiden p\u00e4\u00e4n enint\u00e4\u00e4n Normaali laiduntamista sijainnista hyvin nopeasti. <\/span><span id=\"gts_text_28\" class=\"gts_text\">Ne ovat canines tai etuhammasta, sen sijaan k\u00e4ytt\u00e4m\u00e4ns\u00e4 niiden leve\u00e4 neli\u00f6n huulet bite ruohon k\u00e4yt\u00f6st\u00e4 avoinna niityt Etel\u00e4-Afrikassa. <\/span><span id=\"gts_text_29\" class=\"gts_text\">Ne jauhetaan ruoho k\u00e4rki leuka kahden molars ja kahden molars ala-leuka v\u00e4lill\u00e4. <\/span><span id=\"gts_text_30\" class=\"gts_text\">Niill\u00e4 on hyv\u00e4 ruoansulatus sulatella n\u00e4iden huonolaatuisia nurmisiemeniin.<\/span><\/p>\n<p><span id=\"gts_text_31\" class=\"gts_text\">4 Stumpy valkosarvikuonokannan jalat on kolme varpaat. <\/span><span id=\"gts_text_32\" class=\"gts_text\">T\u00e4m\u00e4n vuoksi niiden jalanj\u00e4lki\u00e4 ovat muotoinen Klubit \u00e4ss\u00e4. <\/span><span id=\"gts_text_33\" class=\"gts_text\">Ne ovat hyvin v\u00e4h\u00e4n hiukset niiden elinten useimmissa muissa nis\u00e4kk\u00e4iss\u00e4 verrattuna. <\/span><span id=\"gts_text_34\" class=\"gts_text\">Niiden ainoa hiukset ovat korviaan hapsut ja niiden suunta.<\/span><\/p>\n<p><span id=\"gts_text_35\" class=\"gts_text\">Niit\u00e4 kutsutaan valkosarvikuonokannan vuoksi niiden leve\u00e4 neli\u00f6n huulet. <\/span><span id=\"gts_text_36\" class=\"gts_text\">Sana &#8220;valkoinen&#8221; ei ole mit\u00e4\u00e4n yo tehd\u00e4 niiden ihon, joka ei ole valkoinen v\u00e4ri &#8211; sijaan on koska Alankomaiden sana &#8220;laaja&#8221; tai wijd, kuulostaa kuin englannin sanan &#8220;valkoinen&#8221;. <\/span><span id=\"gts_text_37\" class=\"gts_text\">Niit\u00e4 kutsutaan my\u00f6s, tai Square-Lipped Sarvikuonot <em>lajin simum.<\/em><\/span><\/p>\n<p><span id=\"gts_text_38\" class=\"gts_text\">Niiden v\u00e4ri vaihtelee kellert\u00e4v\u00e4n ruskea harmaa. <\/span><span id=\"gts_text_39\" class=\"gts_text\">Ne ovat Laidunkarjan grazers, joka sy\u00f6 nurmisiemeniin. <\/span><span id=\"gts_text_40\" class=\"gts_text\">Ne haluavat sy\u00f6d\u00e4 lyhin jyv\u00e4t. <\/span><span id=\"gts_text_41\" class=\"gts_text\">Valkosarvikuonokannan on yksi suurimmista el\u00e4imist\u00e4, jotka ovat juuri eats ruoho! <\/span><span id=\"gts_text_42\" class=\"gts_text\">Se alkoholijuomien kahdesti p\u00e4iv\u00e4ss\u00e4, jos vesi on k\u00e4ytett\u00e4viss\u00e4, mutta jos vallinneen kuivuuden se el\u00e4\u00e4 4-5 p\u00e4iv\u00e4\u00e4 ilman, veden Etel\u00e4-Afrikassa. <\/span><span id=\"gts_text_43\" class=\"gts_text\">He juovat enint\u00e4\u00e4n 80 litraa (20 gallonoina) veden p\u00e4iv\u00e4ss\u00e4. <\/span><span id=\"gts_text_44\" class=\"gts_text\">Valkosarvikuonokannan ei ole hiki rauhaset. <\/span><span id=\"gts_text_45\" class=\"gts_text\">Kuuma p\u00e4ivin\u00e4 ne toistaa ja haudata itse mudan pit. <\/span><span id=\"gts_text_46\" class=\"gts_text\">Mutaa pit\u00e4\u00e4 valkosarvikuonokannan j\u00e4\u00e4hdytet\u00e4\u00e4n. <\/span><span id=\"gts_text_47\" class=\"gts_text\">Mutaa toimii my\u00f6s luonnollinen virhe Resistance, DWR valkosarvikuonokannan varten. <\/span><span id=\"gts_text_48\" class=\"gts_text\">Se suojaa valkosarvikuonokannan tutkimushanketta K\u00e4rp\u00e4sten ja jakoviivat.<\/span><\/p>\n<p><figure id=\"attachment_1162\" aria-describedby=\"caption-attachment-1162\" style=\"width: 300px\" class=\"wp-caption aligncenter\"><figcaption id=\"caption-attachment-1162\" class=\"wp-caption-text\">White Rhinoceros And Human<\/figcaption><\/figure><a href=\"http:\/\/www.big-animals.com\/wp-content\/uploads\/2011\/05\/White_Rhinoceros_And_Human.png\"><img loading=\"lazy\" decoding=\"async\" class=\"size-medium wp-image-1162\" title=\"White Rhinoceros And Human\" src=\"http:\/\/www.big-animals.com\/wp-content\/uploads\/2011\/05\/White_Rhinoceros_And_Human-300x122.png\" alt=\"White Rhinoceros And Human\" width=\"300\" height=\"122\" \/><span id=\"gts_text_49\" class=\"gts_text\"><\/span><\/p>\n<p><span id=\"gts_text_50\" class=\"gts_text\">Valkosarvikuonokannan on liev\u00e4 ja kevyesti oikeushenkil\u00f6. <\/span><span id=\"gts_text_51\" class=\"gts_text\">Ne ovat yleens\u00e4 v\u00e4ltt\u00e4\u00e4 ristiriidan.\u00a0White <\/span><span id=\"gts_text_52\" class=\"gts_text\">Sarvikuonot saattaa n\u00e4ytt\u00e4\u00e4 hitaasti, kun ne ovat k\u00e4vely, mutta ne voivat veloittaa nopeasti lyhyill\u00e4 et\u00e4isyyksill\u00e4. <\/span><span id=\"gts_text_53\" class=\"gts_text\">Valkosarvikuonokannan voidaan suorittaa 50 km tunnissa (30 mph) lyhyill\u00e4 et\u00e4isyyksill\u00e4.<\/span><\/p>\n<p><span id=\"gts_text_54\" class=\"gts_text\">Valkoinen ne esitt\u00e4v\u00e4t sarvikuonoja kykenev\u00e4t grunt, snort, squeal kun distress tai growl silloin, kun ne ovat uhattuina. <\/span><span id=\"gts_text_55\" class=\"gts_text\">He el\u00e4v\u00e4t karjassa, joka koostuu enint\u00e4\u00e4n 14 el\u00e4imi\u00e4. <\/span><span id=\"gts_text_56\" class=\"gts_text\">Ne ovat yleens\u00e4 naisten rhinos. <\/span><span id=\"gts_text_57\" class=\"gts_text\">Useimmat t\u00e4ysikasvuisten urospuolisten White ne: esitt\u00e4v\u00e4t sarvikuonoja el\u00e4\u00e4 yksin. <\/span><span id=\"gts_text_58\" class=\"gts_text\">Vahvin mies valkosarvikuonokannan merkitsee sen alueella ja saapumisaikojen pooli ja kissa. <\/span><span id=\"gts_text_59\" class=\"gts_text\">Paska on s\u00e4\u00e4detty\u00e4 paalut. <\/span><span id=\"gts_text_60\" class=\"gts_text\">Se voi olla n\u00e4iden paalut lantaa varoittamaan muita valkosarvikuonokannan ei voi hy\u00f6k\u00e4t\u00e4 sen alueella 20-30. <\/span><span id=\"gts_text_61\" class=\"gts_text\">Ei, ainutlaatuinen tapa puolustaa alueen! <\/span><span id=\"gts_text_62\" class=\"gts_text\">Toinen tapa merkint\u00e4 sen alueella on pyyhkim\u00e4ll\u00e4 sen sarvet helat tai sill\u00e4 ja kaavinta kanssa sen jalat ennen sumutukseen virtsaa.<\/span><\/p>\n<p><span id=\"gts_text_63\" class=\"gts_text\">Valkosarvikuonokannan on heikko n\u00e4k\u00f6. <\/span><span id=\"gts_text_64\" class=\"gts_text\">On n\u00e4hd\u00e4 liikkuvat objektin enint\u00e4\u00e4n 150 jalat (45 metri\u00e4) pois ne mutta ei l\u00f6ydy henkil\u00f6, joka on pysyv\u00e4 edelleen vain 100 jalat (30 metri\u00e4) pois. <\/span><span id=\"gts_text_65\" class=\"gts_text\">Mutta ne ovat erinomainen aistien haju ja istunnossa.<\/span><\/p>\n<p><figure id=\"attachment_1161\" aria-describedby=\"caption-attachment-1161\" style=\"width: 300px\" class=\"wp-caption alignright\"><figcaption id=\"caption-attachment-1161\" class=\"wp-caption-text\">A White Rhinoceros Mother And Calf - Photograph by James Temple<\/figcaption><\/figure><a href=\"http:\/\/www.big-animals.com\/wp-content\/uploads\/2011\/05\/White_Rhinoceros_And_Calf.jpg\"><img loading=\"lazy\" decoding=\"async\" class=\"size-medium wp-image-1161\" title=\"A White Rhinoceros Mother And Calf - Photograph by James Temple\" src=\"http:\/\/www.big-animals.com\/wp-content\/uploads\/2011\/05\/White_Rhinoceros_And_Calf-300x177.jpg\" alt=\"A White Rhinoceros Mother And Calf - Photograph by James Temple\" width=\"300\" height=\"177\" \/><span id=\"gts_text_66\" class=\"gts_text\"><\/span><\/p>\n<p><span id=\"gts_text_67\" class=\"gts_text\">Naisten rhinos yleens\u00e4 vain antaa syntym\u00e4n yhden vauva rhino kerrallaan. <\/span><span id=\"gts_text_68\" class=\"gts_text\">Vauva-rhino punnita v\u00e4lill\u00e4 40-65 kiloa (90 140 lb). <\/span><span id=\"gts_text_69\" class=\"gts_text\">Vauva rhino, kutsutaan <em>vasikka<\/em>suojattu vastaan kaikki viholliset em\u00e4\u00e4ns\u00e4. <\/span><span id=\"gts_text_70\" class=\"gts_text\">H\u00e4n taistella voimakkaasti pit\u00e4m\u00e4\u00e4n h\u00e4nen vasikka turvallista. <\/span><span id=\"gts_text_71\" class=\"gts_text\">Se voi sen el\u00e4m\u00e4n ensimm\u00e4isen 2-3 p\u00e4iv\u00e4n tasaisesti k\u00e4velem\u00e4\u00e4n. <\/span><span id=\"gts_text_72\" class=\"gts_text\">Vasikka alkaa nibble nurmen 3 kuukauden kuluttua, mutta lopettaa ainoastaan ottaen sen \u00e4idinmaidossa vuodessa tai j\u00e4lkeen. <\/span><span id=\"gts_text_73\" class=\"gts_text\">Vasikka squeal, kun se haluaa maitoa. <\/span><span id=\"gts_text_74\" class=\"gts_text\">\u00c4iti on vain yksi vasikka v\u00e4lein kaksi ja puoli tai viiden vuoden. <\/span><span id=\"gts_text_75\" class=\"gts_text\">Ennen kuin h\u00e4n antaa syntym\u00e4n uuden vasikka, h\u00e4n ensin ajaa pois h\u00e4nen nykyinen vasikka.\u00a0Vasikka ei el\u00e4\u00e4 omaa kunnes se on noin 3-vuotias.<\/span><\/p>\n<p><span id=\"gts_text_76\" class=\"gts_text\">Aikuisen White ne esitt\u00e4v\u00e4t sarvikuonoja ole ei luonnollisista vihollisista suuren kokonsa. <\/span><span id=\"gts_text_77\" class=\"gts_text\">The young ones harvoin hy\u00f6kk\u00e4yksen kohteeksi, koska heid\u00e4n \u00e4itins\u00e4 on aina olemassa suojelemaan niit\u00e4. <\/span><span id=\"gts_text_78\" class=\"gts_text\">El\u00e4imi\u00e4 ei joka tapauksessa, nauttia, sy\u00f6minen vuoksi niiden kova ihon.<\/span><\/p>\n<p><span id=\"gts_text_79\" class=\"gts_text\">Valkosarvikuonokannan voi el\u00e4\u00e4 jopa 40 vuotta vanha vankeudessa luonnonvaraisen ja enint\u00e4\u00e4n 50 vuoden aikana.\u00a0Valitettavasti valkosarvikuonokannan v\u00e4est\u00f6st\u00e4 on harvenevasta die laittomasta mets\u00e4styksest\u00e4 ja elinymp\u00e4rist\u00f6jen katoamisesta. <\/span><span id=\"gts_text_80\" class=\"gts_text\">Suojelutoimenpiteit\u00e4 on toteutettu suojelemiseksi n\u00e4iden rhinos sammuminen.<\/span><\/p>\n","protected":false},"excerpt":{"rendered":"<p>Valkosarvikuonokannan on kavioel\u00e4imet nis\u00e4k\u00e4s. Se on suurin kaikki parittomat toed sorkkael\u00e4imist\u00e4 ja nelj\u00e4nneksi suurin elollisten maa nis\u00e4k\u00e4s elefanttejaj\u00e4lkeen. Suurin tallennettujen valkosarvikuonokannan punnitaan noin 4530 kilogrammaa (9600 lb). Sen massan yleens\u00e4 1350 3600 kilogrammaa (3000 14000 naulaa) v\u00e4lill\u00e4. Miesten ovat hieman raskaampia naaraat. Se on lyhyt kaulan ja eritt\u00e4in laaja rinnassa. P\u00e4\u00e4n ja kehon pituus on &hellip; <a href=\"https:\/\/www.big-animals.com\/fi\/valkosarvikuonokannan\/\" class=\"more-link\">Continue reading <span class=\"screen-reader-text\">Leve\u00e4huulisarvikuono<\/span><\/a><\/p>\n","protected":false},"author":1,"featured_media":0,"parent":0,"menu_order":0,"comment_status":"closed","ping_status":"open","template":"","meta":{"_acf_changed":false,"footnotes":""},"acf":[],"_links":{"self":[{"href":"https:\/\/www.big-animals.com\/fi\/wp-json\/wp\/v2\/pages\/88"}],"collection":[{"href":"https:\/\/www.big-animals.com\/fi\/wp-json\/wp\/v2\/pages"}],"about":[{"href":"https:\/\/www.big-animals.com\/fi\/wp-json\/wp\/v2\/types\/page"}],"author":[{"embeddable":true,"href":"https:\/\/www.big-animals.com\/fi\/wp-json\/wp\/v2\/users\/1"}],"replies":[{"embeddable":true,"href":"https:\/\/www.big-animals.com\/fi\/wp-json\/wp\/v2\/comments?post=88"}],"version-history":[{"count":0,"href":"https:\/\/www.big-animals.com\/fi\/wp-json\/wp\/v2\/pages\/88\/revisions"}],"wp:attachment":[{"href":"https:\/\/www.big-animals.com\/fi\/wp-json\/wp\/v2\/media?parent=88"}],"curies":[{"name":"wp","href":"https:\/\/api.w.org\/{rel}","templated":true}]}}