{"id":89,"date":"2011-05-28T22:59:22","date_gmt":"2011-05-28T22:59:22","guid":{"rendered":""},"modified":"2011-05-28T22:59:22","modified_gmt":"2011-05-28T22:59:22","slug":"penguins","status":"publish","type":"page","link":"https:\/\/www.big-animals.com\/fi\/penguins\/","title":{"rendered":"Penguins"},"content":{"rendered":"<p><span id=\"gts_text_1\" class=\"gts_text\">Penguins ovat <a title=\"The World\u2019s Biggest Birds!\" href=\"http:\/\/www.big-animals.com\/the-worlds-biggest-birds\/\">linnut<\/a> , mutta he eiv\u00e4t voi lent\u00e4\u00e4. <\/span><span id=\"gts_text_2\" class=\"gts_text\">Ne viett\u00e4\u00e4 suurimman osan niiden aika vedenalainen etsiv\u00e4t elintarvikkeiden, kuten krilli, kalat, Kalmarin ja muiden pienten meren el\u00e4imet. <\/span><span id=\"gts_text_3\" class=\"gts_text\">On koukku pingviini nokka, joka sopii erinomaisesti grabbing elintarvikkeiden lopussa. <\/span><span id=\"gts_text_4\" class=\"gts_text\">Niill\u00e4 on my\u00f6s edess\u00e4\u00e4n taaksep\u00e4in hiuksia niiden suvuille, joka lopettaa liukas elintarvikkeiden saamasta pois! <\/span><span id=\"gts_text_5\" class=\"gts_text\">Penguins, jotka sy\u00f6v\u00e4t kalojen, esimerkiksi keisari Penguins on pidempi ja ohuempi nokat. <\/span><span id=\"gts_text_6\" class=\"gts_text\">Penguins, joka sy\u00f6 krilli, kuten makaroni-pingviinit on lyhyempi ja paksumpi nokat. <\/span><span id=\"gts_text_7\" class=\"gts_text\">Penguins on;. <\/span><span id=\"gts_text_8\" class=\"gts_text\">He juovat suolainen merivett\u00e4, koska niill\u00e4 on erityinen rauhaset heid\u00e4n elin tekee suola niiden verenkierrossa. <\/span><span id=\"gts_text_9\" class=\"gts_text\">Ihmisi\u00e4 ei ole rauhaset seuraavanlaiset &#8211; jos me juo meriveden suola saa meid\u00e4t thirstier ja thirstier kunnes me kuolemme.<\/span><\/p>\n<p><span id=\"gts_text_10\" class=\"gts_text\">Kun penguins ovat vedess\u00e4, ne voivat liikkua eritt\u00e4in nopeasti. <\/span><span id=\"gts_text_11\" class=\"gts_text\">Ne k\u00e4ytt\u00e4v\u00e4t niiden siivet siipien. <\/span><span id=\"gts_text_12\" class=\"gts_text\">Niin, kun ne ovat veteen, ne roiskel\u00e4p\u00e4n niiden siivet kuin, jos ne purjehtivat ilmassa.<\/span><\/p>\n<p><figure id=\"attachment_1198\" aria-describedby=\"caption-attachment-1198\" style=\"width: 216px\" class=\"wp-caption alignright\"><figcaption id=\"caption-attachment-1198\" class=\"wp-caption-text\">Penguins Live on Every Continent in the Southern Hemisphere<\/figcaption><\/figure><a href=\"http:\/\/www.big-animals.com\/wp-content\/uploads\/2011\/05\/AfricanPenguins.jpg\"><img loading=\"lazy\" decoding=\"async\" class=\"size-medium wp-image-1198\" title=\"Penguins Live on Every Continent in the Southern Hemisphere\" src=\"http:\/\/www.big-animals.com\/wp-content\/uploads\/2011\/05\/AfricanPenguins-216x300.jpg\" alt=\"Penguins Live on Every Continent in the Southern Hemisphere\" width=\"216\" height=\"300\" \/><span id=\"gts_text_13\" class=\"gts_text\"><\/span><\/p>\n<p><span id=\"gts_text_14\" class=\"gts_text\">Penguins l\u00f6ytyy p\u00e4\u00e4asiassa etel\u00e4isen pallonpuoliskon, erityisesti Antarctica. <\/span><span id=\"gts_text_15\" class=\"gts_text\">Pohjoisen pallonpuoliskon ovat l\u00e4hes mit\u00e4\u00e4n luonnonvaraisten penguins. <\/span><span id=\"gts_text_16\" class=\"gts_text\">Penguins, joille ilmasto on lauhkea ja jopa yhdell\u00e4 lajilla (Galapagossaaret Penguin), joka asuu tropics on useita. <\/span><span id=\"gts_text_17\" class=\"gts_text\">Suuri populaatio penguins l\u00f6ytyv\u00e4t Antarctica, Australia, Uusi-Seelanti, Etel\u00e4-Amerikan ja Etel\u00e4-Afrikan. <\/span><span id=\"gts_text_18\" class=\"gts_text\">On tosiasiallisesti vain 17 lajien pingviini maailmassa.<\/span><\/p>\n<p><span id=\"gts_text_19\" class=\"gts_text\">Suurin elin pingviini <a title=\"Emperor Penguin\" href=\"http:\/\/www.big-animals.com\/emperor-penguin\/\">keisari Penguin<\/a> on vain lajeja, jotka breeds ja Antarctica pesiin. <\/span><span id=\"gts_text_20\" class=\"gts_text\">Aikuisten Keisaripingviini voi seist\u00e4 noin 1,1 metrin (3 jalat 7 kohdassa) korkeus ja painaa v\u00e4hint\u00e4\u00e4n noin 35 kg (75 lb). <\/span><span id=\"gts_text_21\" class=\"gts_text\">Pienin pingviini laji on Little Blue Penguin tunnetaan my\u00f6s nimell\u00e4 on Fairy-Penguin, joka on noin 40 cm (16in) korkeus ja painaa noin 1 kg (2.2 lb). <\/span><span id=\"gts_text_22\" class=\"gts_text\">Suurin pingviini <em>koskaan<\/em> oli nimelt\u00e4\u00e4n <a title=\"Anthropornis\" href=\"http:\/\/www.big-animals.com\/anthropornis\/\"><em>Anthropornis<\/em><\/a>j\u00e4ttil\u00e4inen pingviini. <\/span><span id=\"gts_text_23\" class=\"gts_text\">Oli niin suuri kuin ihmisen! <\/span><span id=\"gts_text_24\" class=\"gts_text\">Itse asiassa se on nimi tarkoittaa &#8220;mies-lintu.&#8221; <\/span><span id=\"gts_text_25\" class=\"gts_text\">Voit kuvitella itse kokouksen valtava pingviini kasvotusten? <\/span><span id=\"gts_text_26\" class=\"gts_text\">Se oli noin 1,7 (5 ft 7 kohdassa) metrin korkeus ja paino 90 kg (200 lb).<\/span><\/p>\n<p><span id=\"gts_text_27\" class=\"gts_text\">Penguins on pime\u00e4 ja valkoinen kerrokset h\u00f6yhenet, joka kattaa niiden elimiin, joka suojaa niit\u00e4 parhaillaan n\u00e4hd\u00e4 niiden viholliset kuten ne uimaan. <\/span><span id=\"gts_text_28\" class=\"gts_text\">Kun predator kuten leopard sinetti etsii alla, se on vaikeuksia n\u00e4hd\u00e4 valkoista pingviini vatsa kirkas vedenpintaa vastaan. <\/span><span id=\"gts_text_29\" class=\"gts_text\">Jos se n\u00e4ytt\u00e4\u00e4 yl\u00e4puolelta, tumma pingviini takaisin on vaikea n\u00e4hd\u00e4 vahingoitti valtameren syvyydet vastaan. <\/span><span id=\"gts_text_30\" class=\"gts_text\">N\u00e4in ollen majoittumiseen turvallinen penguins on k\u00e4ytett\u00e4v\u00e4 niiden mustan ja valkoisen tuxedo maata mahdollisuuksien mukaan ne Siirry &#8211; ja varmista, ett\u00e4 uimaan koskaan yl\u00f6salaisin!<\/span><\/p>\n<p><span id=\"gts_text_31\" class=\"gts_text\">H\u00f6yhenet sujuvaa kerrokset on kerros lentoliikenteen, jonka avulla voi irrottaa mereen pingviinit. <\/span><span id=\"gts_text_32\" class=\"gts_text\">Lentoliikenteen kerroksen insulates my\u00f6s kylm\u00e4 vesill\u00e4 pingviinit. <\/span><span id=\"gts_text_33\" class=\"gts_text\">Siit\u00e4, ett\u00e4 ne ovat muotoinen Moottoritorpedovene laitokset, jotka ne uimaan todella hyvin. <\/span><span id=\"gts_text_34\" class=\"gts_text\">Ne saavuttavat 6-12 km tunnissa (3.7 7.5 maileina tunnissa). <\/span><span id=\"gts_text_35\" class=\"gts_text\">Maalla penguins k\u00e4ytt\u00e4\u00e4 h\u00e4nn\u00e4t ja siipien tasapainoon itse, kun ne ovat pystyss\u00e4.<\/span><\/p>\n<p><span id=\"gts_text_36\" class=\"gts_text\">Pieni penguins ei yleens\u00e4 Pulahdus syv\u00e4. <\/span><span id=\"gts_text_37\" class=\"gts_text\">Niiden prey l\u00e4hell\u00e4 merell\u00e4 pinnalle kiinni. <\/span><span id=\"gts_text_38\" class=\"gts_text\">Suurempi penguins voi Sukella syv\u00e4 meriin. <\/span><span id=\"gts_text_39\" class=\"gts_text\">Keisari Penguin Voit sukeltaa syvyys 560 metri\u00e4 (1870 jalkaa) enint\u00e4\u00e4n 22 minuuttia. <\/span><span id=\"gts_text_40\" class=\"gts_text\">Penguins ei hengitt\u00e4\u00e4 vedenalainen, mutta niiden hengenvetoon hallussaan melko v\u00e4h\u00e4\u00e4n aikaan, erityisesti keisari Penguins. <\/span><span id=\"gts_text_41\" class=\"gts_text\">Ne joskus hyp\u00e4t\u00e4 vedest\u00e4 ja saada suuri gulp ilmaa ennen Sukellus alasp\u00e4in takaisin mereen elintarvikkeiden etsi\u00e4.<\/span><\/p>\n<p><span id=\"gts_text_42\" class=\"gts_text\">Maalla penguins joko pieni vaiheet, huojuvia clumsily puolelta toiselle lyhyt jalat, k\u00e4vele tai dian, niiden kylki koko lumi. <\/span><span id=\"gts_text_43\" class=\"gts_text\">Eik\u00f6 joka on hauskaa! <\/span><span id=\"gts_text_44\" class=\"gts_text\">Itse asiassa niiden kylki liu&#8217;uttamalla auttaa heit\u00e4 energian s\u00e4\u00e4st\u00e4miseksi ja siirt\u00e4\u00e4 nopeasti. <\/span><span id=\"gts_text_45\" class=\"gts_text\">Ne Hypp\u00e4\u00e4, kun he haluavat edet\u00e4 nopeammin tai jyrkk\u00e4 tai Rekku kallioita ristiin. <\/span><span id=\"gts_text_46\" class=\"gts_text\">Ne Hypp\u00e4\u00e4 5 metri\u00e4 (1,5 metri\u00e4). <\/span><span id=\"gts_text_47\" class=\"gts_text\">Heill\u00e4 on hyvin lyhyt jalat, joita ne k\u00e4ytt\u00e4v\u00e4t ohjaukseen vesi, kun ne uimaan. <\/span><span id=\"gts_text_48\" class=\"gts_text\">Kaikki penguins on webbed jalat kuten ankat auttaakseen uimaan.<\/span><\/p>\n<p><span id=\"gts_text_49\" class=\"gts_text\">Penguins on l\u00e4mmin blooded tapaan meille. <\/span><span id=\"gts_text_50\" class=\"gts_text\">Niill\u00e4 on my\u00f6s kerroksen rasvan niiden ihon kuten sinetti\u00e4 s\u00e4ilytt\u00e4\u00e4 l\u00e4mmin ja kodikas alapuolella. <\/span><span id=\"gts_text_51\" class=\"gts_text\">Penguins rub \u00f6ljyn niiden elinten sulkien pit\u00e4\u00e4 niit\u00e4 vedenpit\u00e4v\u00e4 ja windproof. <\/span><span id=\"gts_text_52\" class=\"gts_text\">He my\u00f6s valvoa niiden elinten pintaan veren virtaus veren, joka hakee kylm\u00e4n ja aiheuttaa ulomman elinten j\u00e4\u00e4dytt\u00e4\u00e4 m\u00e4\u00e4r\u00e4n v\u00e4hent\u00e4miseksi. <\/span><span id=\"gts_text_53\" class=\"gts_text\">Ne huddle usein yhdess\u00e4 pit\u00e4m\u00e4\u00e4n l\u00e4mmin ja vaihda s\u00e4\u00e4nn\u00f6llisesti varmistaaksesi, ett\u00e4 kunkin pingviini saa vuoro l\u00e4mm\u00f6n Packin Centeriss\u00e4 kannat. <\/span><span id=\"gts_text_54\" class=\"gts_text\">Jopa 5000 penguins huddle yhdess\u00e4 l\u00e4mmin toisiaan.<\/span><\/p>\n<p><span id=\"gts_text_55\" class=\"gts_text\">Galapagossaaret pingviinit on aivan eri tarina kertoa, koska he el\u00e4v\u00e4t tropics, jossa on kuuma. <\/span><span id=\"gts_text_56\" class=\"gts_text\">Ne huddle toisilleen pit\u00e4m\u00e4\u00e4n l\u00e4mmin. <\/span><span id=\"gts_text_57\" class=\"gts_text\">Ne sen sijaan niiden siivet jaettuina ja s\u00e4ilytt\u00e4\u00e4 viile\u00e4ss\u00e4 sen sijaan h\u00f6yhen pois fluff.<\/span><\/p>\n<p><span id=\"gts_text_58\" class=\"gts_text\">Pingviini ole ei ulkoinen korville. <\/span><span id=\"gts_text_59\" class=\"gts_text\">He kuulevat kaksi pieni\u00e4 reiki\u00e4, jotka sijaitsevat samassa paikassa, korvissamme kautta. <\/span><span id=\"gts_text_60\" class=\"gts_text\">N\u00e4m\u00e4 reiki\u00e4 on p\u00e4\u00e4llystetty h\u00f6yhenet. <\/span><span id=\"gts_text_61\" class=\"gts_text\">Niill\u00e4 on istunnossa lintujen keskim\u00e4\u00e4r\u00e4inen merkityksess\u00e4. <\/span><span id=\"gts_text_62\" class=\"gts_text\">Penguins Etsi toistensa kanssa niiden puhelut.<\/span><\/p>\n<p><figure id=\"attachment_1199\" aria-describedby=\"caption-attachment-1199\" style=\"width: 300px\" class=\"wp-caption alignleft\"><figcaption id=\"caption-attachment-1199\" class=\"wp-caption-text\">Penguins Live in Large Groups<\/figcaption><\/figure><a href=\"http:\/\/www.big-animals.com\/wp-content\/uploads\/2011\/05\/LargeGroupOfAdeliePenguins.jpg\"><img loading=\"lazy\" decoding=\"async\" class=\"size-medium wp-image-1199\" title=\"Penguins Live in Large Groups\" src=\"http:\/\/www.big-animals.com\/wp-content\/uploads\/2011\/05\/LargeGroupOfAdeliePenguins-300x185.jpg\" alt=\"Penguins Live in Large Groups\" width=\"300\" height=\"185\" \/><span id=\"gts_text_63\" class=\"gts_text\"><\/span><\/p>\n<p><span id=\"gts_text_64\" class=\"gts_text\">Ne paritella suuria pes\u00e4kkeit\u00e4. <\/span><span id=\"gts_text_65\" class=\"gts_text\">N\u00e4m\u00e4 pes\u00e4kkeet voivat taajuusalueella eri niinkin v\u00e4h\u00e4n kuin 100 paria Gentoo Penguins useita satoja tuhansia parit Makaronit Penguins varten. <\/span><span id=\"gts_text_66\" class=\"gts_text\">Kun pingviini toteaa, per\u00e4mies, ne yleens\u00e4 pysyv\u00e4t yhdess\u00e4 vuotta. <\/span><span id=\"gts_text_67\" class=\"gts_text\">Useimmat penguins asettaa kaksi munaa pes\u00e4. <\/span><span id=\"gts_text_68\" class=\"gts_text\">Suurempi lajien, kuten keisari Penguins ja kuningas Penguins laatii vain yksi muna. <\/span><span id=\"gts_text_69\" class=\"gts_text\">Kaikki penguins jakaa ty\u00f6n pit\u00e4minen niiden munien l\u00e4mmin lukuun ottamatta keisari Penguin, jossa Is\u00e4n pit\u00e4\u00e4 muna l\u00e4mmin kunnes se hatches. <\/span><span id=\"gts_text_70\" class=\"gts_text\">\u00c4iti Siirry ja elintarvikkeiden Etsi.\u00a0Penguins&#8217; <\/span><span id=\"gts_text_71\" class=\"gts_text\">munat ovat pienemm\u00e4t kuin muiden lintujen munia. <\/span><span id=\"gts_text_72\" class=\"gts_text\">Munat on paksu kuoret.<\/span><\/p>\n<p><span id=\"gts_text_73\" class=\"gts_text\">Kun poikasen hatches, aloita se v\u00e4litt\u00f6m\u00e4sti, kutsuvan siten, ett\u00e4 sen yl\u00e4tasoista pystyy tunnistamaan valtava siirtomaa keskell\u00e4. <\/span><span id=\"gts_text_74\" class=\"gts_text\">Jos \u00e4iti tapahtuu menett\u00e4\u00e4 poikasen, h\u00e4n joskus yritt\u00e4\u00e4 varastaa toisen \u00e4iti poikasen mutta ep\u00e4onnistuu yleens\u00e4, koska muut \u00e4iti on katsot omasta poikasen p\u00e4\u00e4lle. <\/span><span id=\"gts_text_75\" class=\"gts_text\">Kun poikasen on suuri ja lujia, mum sek\u00e4 is\u00e4 hoitaa teht\u00e4v\u00e4\u00e4 etsim\u00e4\u00e4n elintarvike on sama ottaen kierrosta etsim\u00e4\u00e4n elintarvikkeiden merelle. <\/span><span id=\"gts_text_76\" class=\"gts_text\">Poikaset ovat j\u00e4\u00e4neet suuren ryhm\u00e4n, jonka nimi creche. <\/span><span id=\"gts_text_77\" class=\"gts_text\">Kun pingviini vanhempien palauttaa elintarvikkeiden kanssa, ne tunnistaa niiden poikasen sen \u00e4\u00e4nell\u00e4.<\/span><\/p>\n<p><span id=\"gts_text_78\" class=\"gts_text\">Ne eiv\u00e4t vaikuta ihmisten pelk\u00e4\u00e4. <\/span><span id=\"gts_text_79\" class=\"gts_text\">T\u00e4m\u00e4 johtuu luultavasti siit\u00e4, ett\u00e4 penguins on ei maa petoel\u00e4imilt\u00e4 Antarctica tai l\u00e4heisen rannikon saarilla. <\/span><span id=\"gts_text_80\" class=\"gts_text\">Niill\u00e4 petoel\u00e4imilt\u00e4 merell\u00e4, esimerkiksi Merileopardi ja miekkavalaita. <\/span><span id=\"gts_text_81\" class=\"gts_text\">Ei menn\u00e4 liian l\u00e4hell\u00e4 pingviinit, siin\u00e4 tapauksessa, ett\u00e4 he saavat liian hermostunut, suositellaan kuitenkin el\u00e4vien paikoissa pingviinit vierailijoille.<\/span><\/p>\n<p><span id=\"gts_text_82\" class=\"gts_text\"><\/span><\/p>\n","protected":false},"excerpt":{"rendered":"<p>Penguins ovat linnut , mutta he eiv\u00e4t voi lent\u00e4\u00e4. Ne viett\u00e4\u00e4 suurimman osan niiden aika vedenalainen etsiv\u00e4t elintarvikkeiden, kuten krilli, kalat, Kalmarin ja muiden pienten meren el\u00e4imet. On koukku pingviini nokka, joka sopii erinomaisesti grabbing elintarvikkeiden lopussa. Niill\u00e4 on my\u00f6s edess\u00e4\u00e4n taaksep\u00e4in hiuksia niiden suvuille, joka lopettaa liukas elintarvikkeiden saamasta pois! Penguins, jotka sy\u00f6v\u00e4t kalojen, &hellip; <a href=\"https:\/\/www.big-animals.com\/fi\/penguins\/\" class=\"more-link\">Continue reading <span class=\"screen-reader-text\">Penguins<\/span><\/a><\/p>\n","protected":false},"author":1,"featured_media":0,"parent":0,"menu_order":0,"comment_status":"closed","ping_status":"open","template":"","meta":{"_acf_changed":false,"footnotes":""},"acf":[],"_links":{"self":[{"href":"https:\/\/www.big-animals.com\/fi\/wp-json\/wp\/v2\/pages\/89"}],"collection":[{"href":"https:\/\/www.big-animals.com\/fi\/wp-json\/wp\/v2\/pages"}],"about":[{"href":"https:\/\/www.big-animals.com\/fi\/wp-json\/wp\/v2\/types\/page"}],"author":[{"embeddable":true,"href":"https:\/\/www.big-animals.com\/fi\/wp-json\/wp\/v2\/users\/1"}],"replies":[{"embeddable":true,"href":"https:\/\/www.big-animals.com\/fi\/wp-json\/wp\/v2\/comments?post=89"}],"version-history":[{"count":0,"href":"https:\/\/www.big-animals.com\/fi\/wp-json\/wp\/v2\/pages\/89\/revisions"}],"wp:attachment":[{"href":"https:\/\/www.big-animals.com\/fi\/wp-json\/wp\/v2\/media?parent=89"}],"curies":[{"name":"wp","href":"https:\/\/api.w.org\/{rel}","templated":true}]}}