{"id":91,"date":"2011-06-04T03:34:47","date_gmt":"2011-06-04T03:34:47","guid":{"rendered":""},"modified":"2011-06-04T03:34:47","modified_gmt":"2011-06-04T03:34:47","slug":"anthropornis","status":"publish","type":"page","link":"https:\/\/www.big-animals.com\/fi\/anthropornis\/","title":{"rendered":"Anthropornis"},"content":{"rendered":"<p><span id=\"gts_text_1\" class=\"gts_text\">Anthropornis on j\u00e4ttil\u00e4inen <a title=\"Penguins\" href=\"http:\/\/www.big-animals.com\/penguins\/\">penguins<\/a> , joka asui useita monta vuotta sitten ryhm\u00e4. <\/span><span id=\"gts_text_2\" class=\"gts_text\">Ne olivat noin 1,7 m (5 ft 7Er\u00e4\u00e4ss\u00e4) korkeus ja punnitaan 90 kg (200 lb), tehden niist\u00e4 suurimman tunnetun koskaan! <\/span><span id=\"gts_text_3\" class=\"gts_text\">Niiden fossiileja l\u00f6ytynyt Seymour Island Antarctica ja Uuden-Seelannin rannikon edustalla. <\/span><span id=\"gts_text_4\" class=\"gts_text\">Ne olivat samaksi kuin jotkin aikuisen ihmisiin, itse asiassa niiden nimi (Anthropornis) tarkoittaa &#8220;mies-lintu&#8221;.<\/span><\/p>\n<p><figure id=\"attachment_1234\" aria-describedby=\"caption-attachment-1234\" style=\"width: 300px\" class=\"wp-caption aligncenter\"><figcaption id=\"caption-attachment-1234\" class=\"wp-caption-text\">Anthropornis and Human - Adapted from a sketch by Wikimedia user &#038;quot;Philip72&#038;quot;<\/figcaption><\/figure><a href=\"http:\/\/www.big-animals.com\/wp-content\/uploads\/2011\/06\/Anthropornis_and_Human.png\"><img loading=\"lazy\" decoding=\"async\" class=\"size-medium wp-image-1234\" title=\"Anthropornis and Human - Adapted from a sketch by Wikimedia user &#038;quot;Philip72&#038;quot;\" src=\"http:\/\/www.big-animals.com\/wp-content\/uploads\/2011\/06\/Anthropornis_and_Human-300x259.png\" alt=\"Anthropornis and Human - Adapted from a sketch by Wikimedia user &#038;quot;Philip72&#038;quot;\" width=\"300\" height=\"259\" \/><span id=\"gts_text_5\" class=\"gts_text\"><\/span><\/p>\n","protected":false},"excerpt":{"rendered":"<p>Anthropornis on j\u00e4ttil\u00e4inen penguins , joka asui useita monta vuotta sitten ryhm\u00e4. Ne olivat noin 1,7 m (5 ft 7Er\u00e4\u00e4ss\u00e4) korkeus ja punnitaan 90 kg (200 lb), tehden niist\u00e4 suurimman tunnetun koskaan! Niiden fossiileja l\u00f6ytynyt Seymour Island Antarctica ja Uuden-Seelannin rannikon edustalla. Ne olivat samaksi kuin jotkin aikuisen ihmisiin, itse asiassa niiden nimi (Anthropornis) tarkoittaa &hellip; <a href=\"https:\/\/www.big-animals.com\/fi\/anthropornis\/\" class=\"more-link\">Continue reading <span class=\"screen-reader-text\">Anthropornis<\/span><\/a><\/p>\n","protected":false},"author":1,"featured_media":0,"parent":0,"menu_order":0,"comment_status":"closed","ping_status":"open","template":"","meta":{"_acf_changed":false,"footnotes":""},"acf":[],"_links":{"self":[{"href":"https:\/\/www.big-animals.com\/fi\/wp-json\/wp\/v2\/pages\/91"}],"collection":[{"href":"https:\/\/www.big-animals.com\/fi\/wp-json\/wp\/v2\/pages"}],"about":[{"href":"https:\/\/www.big-animals.com\/fi\/wp-json\/wp\/v2\/types\/page"}],"author":[{"embeddable":true,"href":"https:\/\/www.big-animals.com\/fi\/wp-json\/wp\/v2\/users\/1"}],"replies":[{"embeddable":true,"href":"https:\/\/www.big-animals.com\/fi\/wp-json\/wp\/v2\/comments?post=91"}],"version-history":[{"count":0,"href":"https:\/\/www.big-animals.com\/fi\/wp-json\/wp\/v2\/pages\/91\/revisions"}],"wp:attachment":[{"href":"https:\/\/www.big-animals.com\/fi\/wp-json\/wp\/v2\/media?parent=91"}],"curies":[{"name":"wp","href":"https:\/\/api.w.org\/{rel}","templated":true}]}}