{"id":99,"date":"2011-06-10T21:34:20","date_gmt":"2011-06-10T21:34:20","guid":{"rendered":""},"modified":"2011-06-10T21:34:20","modified_gmt":"2011-06-10T21:34:20","slug":"pollot","status":"publish","type":"page","link":"https:\/\/www.big-animals.com\/fi\/pollot\/","title":{"rendered":"P\u00f6ll\u00f6t"},"content":{"rendered":"<p><html><head><\/head><body><figure id=\"attachment_1303\" aria-describedby=\"caption-attachment-1303\" style=\"width: 156px\" class=\"wp-caption alignright\"><a href=\"http:\/\/www.big-animals.com\/wp-content\/uploads\/2011\/06\/Northern_Spotted_Owl.jpg\"><img loading=\"lazy\" decoding=\"async\" class=\"size-medium wp-image-1303 gts_attribute gts_attribute_1_alt gts_attribute_3_title\" title=\"Pohjoinen T\u00e4plikk\u00e4\u00e4t p\u00f6ll\u00f6\" src=\"http:\/\/www.big-animals.com\/wp-content\/uploads\/2011\/06\/Northern_Spotted_Owl-156x300.jpg\" alt=\"Pohjoinen T\u00e4plikk\u00e4\u00e4t p\u00f6ll\u00f6\" width=\"156\" height=\"300\" \/><\/a><figcaption id=\"caption-attachment-1303\" class=\"wp-caption-text\">Northern Spotted Owl<\/figcaption><\/figure><\/p>\n<p><span id=\"gts_text_1\" class=\"gts_text\">Ovat 200 lajien p\u00f6ll\u00f6t maailmassa.<\/span> <span id=\"gts_text_2\" class=\"gts_text\">Ne ovat eritt\u00e4in hyv\u00e4 merkityksess\u00e4 istunnossa ja n\u00e4\u00f6n.<\/span> <span id=\"gts_text_3\" class=\"gts_text\">Voit etsi\u00e4 niit\u00e4 kaikkialla maailmassa lukuun ottamatta Antarctica, useimmat Gr\u00f6nlannin ja erist\u00e4\u00e4 saarilla.<\/span> <span id=\"gts_text_4\" class=\"gts_text\">Niiden munien on valkoinen ja pallon muotoinen.<\/span> <span id=\"gts_text_5\" class=\"gts_text\">Ne vahvistavat joitakin tietoja enint\u00e4\u00e4n kymmenkunta munia lajin riippuen.<\/span> <span id=\"gts_text_6\" class=\"gts_text\">\u00c4iti p\u00f6ll\u00f6 tapahtuu h\u00e4nen annettava muna.<\/span> <span id=\"gts_text_7\" class=\"gts_text\">Munat on m\u00e4\u00e4ritelty v\u00e4liajoin 1-3 p\u00e4iv\u00e4\u00e4 ja ei yhden Siirry.<\/span> <span id=\"gts_text_8\" class=\"gts_text\">Toisin kuin muut <a title=\"The World\u2019s Biggest Birds!\" href=\"http:\/\/www.big-animals.com\/the-worlds-biggest-birds\/\" class=\" gts_attribute gts_attribute_4_title\">linnut<\/a>p\u00f6ll\u00f6t tehd\u00e4 niiden sis\u00e4kk\u00e4in.<\/span> <span id=\"gts_text_9\" class=\"gts_text\">Ne n\u00e4ytt\u00e4v\u00e4t suojaisilla sis\u00e4kk\u00e4isten sivuston tai hyl\u00e4tyt pes\u00e4 puut, maanalainen burrows tai rakennusten, siiloissa ja luolat.<\/span><\/p>\n<p><span id=\"gts_text_10\" class=\"gts_text\">Useimmat p\u00f6ll\u00f6t ovat aktiivisia y\u00f6 ja p\u00e4iv\u00e4 aivan kuten pes\u00e4pallo unta.<\/span> <span id=\"gts_text_11\" class=\"gts_text\">Jotkut ovat aktiivisia dawn- ja dusk, esimerkiksi Pygmy p\u00f6ll\u00f6 h\u00e4m\u00e4r\u00e4 tunnin aikana.<\/span> <span id=\"gts_text_12\" class=\"gts_text\">Muutaman p\u00f6ll\u00f6t toimivat esimerkiksi, Preeriap\u00f6ll\u00f6 ja Short-Eared p\u00f6ll\u00f6 p\u00e4iv\u00e4n aikana.<\/span><\/p>\n<p><span id=\"gts_text_13\" class=\"gts_text\">P\u00f6ll\u00f6t kykenev\u00e4t mets\u00e4st\u00e4\u00e4 hiljaa ja yll\u00e4tt\u00e4\u00e4 niiden prey eritt\u00e4in hyvin.<\/span> <span id=\"gts_text_14\" class=\"gts_text\">T\u00e4m\u00e4n syyn\u00e4 on se, ett\u00e4 ne on p\u00e4\u00e4llystetty dull oletustaustav\u00e4rin sulkien, mink\u00e4 vuoksi ne on vaikea n\u00e4hd\u00e4.<\/span> <span id=\"gts_text_15\" class=\"gts_text\">P\u00f6ll\u00f6t yleens\u00e4 kopioi ymp\u00e4rist\u00f6ineen v\u00e4rit.<\/span> <span id=\"gts_text_16\" class=\"gts_text\">Esimerkiksi White Owl, joka on valkaisu \/ valkoinen, eritt\u00e4in hyvin ssa Luminen ymp\u00e4rilleen.<\/span> <span id=\"gts_text_17\" class=\"gts_text\">Mykistetty puu-p\u00f6ll\u00f6 on ruskea, tan ja musta sulkien tehd\u00e4 l\u00e4hes mahdotonta Etsi ne toimialuepuuryhm\u00e4n puiden kesken.<\/span> <span id=\"gts_text_18\" class=\"gts_text\">Maailman suurin p\u00f6ll\u00f6 on <a title=\"Eurasian Eagle Owl\" href=\"http:\/\/www.big-animals.com\/eurasian-eagle-owl\/\" class=\" gts_attribute gts_attribute_5_title\">Euraasian Eagle p\u00f6ll\u00f6<\/a>.<\/span> <span id=\"gts_text_19\" class=\"gts_text\">Suurin koskaan p\u00f6ll\u00f6 oli <a title=\"Cuban Giant Owl\" href=\"http:\/\/www.big-animals.com\/cuban-giant-owl\/\" class=\" gts_attribute gts_attribute_6_title\">Kuuban Giant Owl<\/a>, joka oli noin 1,1 metrin (43 tuumaa) korkeus!<\/span><\/p>\n<figure id=\"attachment_1304\" aria-describedby=\"caption-attachment-1304\" style=\"width: 257px\" class=\"wp-caption alignleft\"><a href=\"http:\/\/www.big-animals.com\/wp-content\/uploads\/2011\/06\/Snowy_owl.jpg\"><img loading=\"lazy\" decoding=\"async\" class=\"size-medium wp-image-1304 gts_attribute gts_attribute_2_alt gts_attribute_7_title\" title=\"Snowy Owl\" src=\"http:\/\/www.big-animals.com\/wp-content\/uploads\/2011\/06\/Snowy_owl-257x300.jpg\" alt=\"Snowy Owl\" width=\"257\" height=\"300\" \/><\/a><figcaption id=\"caption-attachment-1304\" class=\"wp-caption-text\">Snowy Owl<\/figcaption><\/figure>\n<p><span id=\"gts_text_20\" class=\"gts_text\">Ne ovat erityisen siivet, jotka antavat niille mahdollisuuden lent\u00e4\u00e4 hiljaisesti.<\/span> <span id=\"gts_text_21\" class=\"gts_text\">Niill\u00e4 on ter\u00e4v\u00e4 nokka ja tehokas ter\u00e4vi\u00e4 kynsist\u00e4, joita k\u00e4ytet\u00e4\u00e4n tappaa niiden prey.<\/span> <span id=\"gts_text_22\" class=\"gts_text\">Sitten ne nielem\u00e4\u00e4n se koko ellei on liian suuri.<\/span> <span id=\"gts_text_23\" class=\"gts_text\">Niiden nokka on lyhyt, kaarevia ja aukeaman alasp\u00e4in.<\/span> <span id=\"gts_text_24\" class=\"gts_text\">Koska se on suunnattu alasp\u00e4in, se ei est\u00e4 niiden mielest\u00e4 edess\u00e4.<\/span> <span id=\"gts_text_25\" class=\"gts_text\">Ne sy\u00f6tteen hy\u00f6nteisi\u00e4 ja pienten jyrsij\u00f6iden, kuten hiirien, rottien ja kanit.<\/span> <span id=\"gts_text_26\" class=\"gts_text\">Jotkin sy\u00f6d\u00e4 vain kalaa.<\/span><\/p>\n<p><span id=\"gts_text_27\" class=\"gts_text\">P\u00f6ll\u00f6t eiv\u00e4t voi siirt\u00e4\u00e4 silmiin, mutta ne siirtyv\u00e4t p\u00e4\u00e4ns\u00e4 270 astetta ymp\u00e4ri!<\/span> <span id=\"gts_text_28\" class=\"gts_text\">Ei, t\u00e4m\u00e4 h\u00e4mm\u00e4stytt\u00e4v\u00e4?<\/span> <span id=\"gts_text_29\" class=\"gts_text\">Koska ne n\u00e4ytt\u00e4v\u00e4t siirt\u00e4m\u00e4tt\u00e4 niit\u00e4 elimell\u00e4, ne tekev\u00e4t paljon v\u00e4hemm\u00e4n \u00e4\u00e4nen, kuin ne mets\u00e4st\u00e4\u00e4 prey.<\/span> <span id=\"gts_text_30\" class=\"gts_text\">P\u00f6ll\u00f6t silm\u00e4t sijoitetaan vierekk\u00e4in ei esimerkiksi muiden lintujen.<\/span> <span id=\"gts_text_31\" class=\"gts_text\">N\u00e4in ollen ne voivat k\u00e4ytt\u00e4\u00e4 molempia silmi\u00e4 n\u00e4hd\u00e4ksesi kaukana objekteja.<\/span> <span id=\"gts_text_32\" class=\"gts_text\">Mutta ne ovat kaukokatseista ja n\u00e4e objekteja vain muutaman senttimetri\u00e4 silmiin etupuolella.<\/span><\/p>\n<p><span id=\"gts_text_33\" class=\"gts_text\">P\u00f6ll\u00f6t on korvat, jotka sijoitetaan kallo eri paikoissa.<\/span> <span id=\"gts_text_34\" class=\"gts_text\">T\u00e4m\u00e4 auttaa p\u00f6ll\u00f6 selvitt\u00e4\u00e4, miss\u00e4 sen prey on.<\/span> <span id=\"gts_text_35\" class=\"gts_text\">Ne eiv\u00e4t pysty tunnistamaan, jopa R\u00f6nsyr\u00f6lli hiiren pienikin \u00e4\u00e4nt\u00e4.<\/span><\/body><\/html><\/p>\n","protected":false},"excerpt":{"rendered":"<p><html><head><\/head><body><\/body><\/html><\/p>\n","protected":false},"author":1,"featured_media":0,"parent":0,"menu_order":0,"comment_status":"closed","ping_status":"open","template":"","meta":{"_acf_changed":false,"footnotes":""},"acf":[],"_links":{"self":[{"href":"https:\/\/www.big-animals.com\/fi\/wp-json\/wp\/v2\/pages\/99"}],"collection":[{"href":"https:\/\/www.big-animals.com\/fi\/wp-json\/wp\/v2\/pages"}],"about":[{"href":"https:\/\/www.big-animals.com\/fi\/wp-json\/wp\/v2\/types\/page"}],"author":[{"embeddable":true,"href":"https:\/\/www.big-animals.com\/fi\/wp-json\/wp\/v2\/users\/1"}],"replies":[{"embeddable":true,"href":"https:\/\/www.big-animals.com\/fi\/wp-json\/wp\/v2\/comments?post=99"}],"version-history":[{"count":0,"href":"https:\/\/www.big-animals.com\/fi\/wp-json\/wp\/v2\/pages\/99\/revisions"}],"wp:attachment":[{"href":"https:\/\/www.big-animals.com\/fi\/wp-json\/wp\/v2\/media?parent=99"}],"curies":[{"name":"wp","href":"https:\/\/api.w.org\/{rel}","templated":true}]}}