{"id":10,"date":"2011-05-09T08:56:57","date_gmt":"2011-05-09T08:56:57","guid":{"rendered":""},"modified":"2015-06-23T13:17:11","modified_gmt":"2015-06-23T13:17:11","slug":"le-americain-homard-le-monde-lourd-arthropode","status":"publish","type":"page","link":"https:\/\/www.big-animals.com\/fr\/le-americain-homard-le-monde-lourd-arthropode\/","title":{"rendered":"Le homard am\u00e9ricain &#8211; l&#8217;arthropode le plus lourd du monde"},"content":{"rendered":"<h3><span id=\"gts_text_1\" class=\"gts_text\">Informations sur le homard am\u00e9ricain<\/span><\/h3>\n<p><span id=\"gts_text_2\" class=\"gts_text\">Le homard am\u00e9ricain, que les scientifiques appellent <em>Homarus Americanusis<\/em>\u00a0se trouve sur la c\u00f4te atlantique de l&#8217;Am\u00e9rique du Nord.<\/span> <span id=\"gts_text_3\" class=\"gts_text\">Il vit en eaux froides et peu profondes, o\u00f9 il y a beaucoup de rochers et autres recoins o\u00f9 se\u00a0cacher de ses pr\u00e9dateurs.<\/span> <span id=\"gts_text_4\" class=\"gts_text\">Il mange des poissons, des petits crustac\u00e9s, et des mollusques.<\/span> <span id=\"gts_text_5\" class=\"gts_text\">Il est en activit\u00e9 pendant\u00a0la nuit et dort pendant la journ\u00e9e.<\/span> <span id=\"gts_text_6\" class=\"gts_text\">G\u00e9n\u00e9ralement, leur corps mesurent\u00a0de 20 cm \u00e0 60 cm de la longueur et p\u00e8sent de 1\/2 kilogramme \u00e0 4 kg.<\/span> <span id=\"gts_text_7\" class=\"gts_text\">Cependant, des sp\u00e9cimens de\u00a0homard am\u00e9ricain de plus de 1 m long et de plus de\u00a0\u00a022 kg ont d\u00e9j\u00e0 \u00e9t\u00e9 attrap\u00e9s.<\/span> <span id=\"gts_text_8\" class=\"gts_text\">Ceci fait du homard am\u00e9ricain le crustac\u00e9 le plus lourd &#8211; et de fait, l&#8217;<a href=\"http:\/\/www.big-animals.com\/fr\/?p=23\" target=\"_blank\">arthropode<\/a> le plus lourd &#8211; au monde !<\/span><\/p>\n<p><span id=\"gts_text_9\" class=\"gts_text\">Les homards am\u00e9ricains sont des crustac\u00e9s.<\/span> <span id=\"gts_text_10\" class=\"gts_text\"><a href=\"http:\/\/www.big-animals.com\/fr\/?p=78\" target=\"_blank\">crustac\u00e9s<\/a> appartiennent \u00e0 une collection \u00e9norme d&#8217;animaux, appel\u00e9e les <span style=\"font-style: italic\">arthropodes<\/span>, qui incluent les millions de diff\u00e9rentes esp\u00e8ces d&#8217;insectes, ainsi\u00a0que les araign\u00e9es, les mille-pattes, et les crustac\u00e9s &#8211; le homard am\u00e9ricain est ainsi le plus lourd parmi un champ de millions de concurrents !<\/span> <span id=\"gts_text_11\" class=\"gts_text\">Le homard am\u00e9ricain appartient \u00e0 un groupe de crustac\u00e9s appel\u00e9s <span style=\"font-style: italic\">Decapods<\/span>, signifiant \u00ab\u00a0ayant 10 pieds\u00a0\u00bb, qui inclut \u00e9galement la plupart des crustac\u00e9s qui nous sont familiers &#8211;\u00a0notamment\u00a0les crabes et les crevettes.<\/span> Au sein du groupe d<span id=\"gts_text_12\" class=\"gts_text\">es d\u00e9capodes, les quelques 400 \u00a0types de homards et d&#8217;\u00e9crevisses forment\u00a0leur propre groupe\u00a0&#8211; les scientifiques les appellent <span style=\"font-style: italic\">Astacidae<\/span> &#8211; pour les distinguer des crabes et des crevette.<\/span> <span id=\"gts_text_13\" class=\"gts_text\">Ainsi, le homard am\u00e9ricain, n&#8217;est pas seulement\u00a0l&#8217;arthropode le plus lourd du monde,\u00a0mais aussi<\/span><\/p>\n<ul>\n<li><span id=\"gts_text_14\" class=\"gts_text\">Le crustac\u00e9 le plus lourd du monde<\/span><\/li>\n<li><span id=\"gts_text_15\" class=\"gts_text\">Le d\u00e9capode le plus lourd du monde<\/span><\/li>\n<li><span id=\"gts_text_16\" class=\"gts_text\">Le plus grand et le plus lourd homard du monde<\/span><\/li>\n<\/ul>\n<p><span id=\"gts_text_17\" class=\"gts_text\">Le plus grands d\u00e9capode et crustac\u00e9 est un crabe, l&#8217;<a href=\"http:\/\/www.big-animals.com\/fr\/?p=71\">araign\u00e9e de mer japonaise<\/a>.<\/span> <span id=\"gts_text_18\" class=\"gts_text\">Elle est plus l\u00e9g\u00e8re que le homard am\u00e9ricain, mais avec ses longues jambes d\u00e9gingand\u00e9es, elle est vraiment \u00e9norme !<\/span><\/p>\n<h3><span id=\"gts_text_19\" class=\"gts_text\">Comment les homards muent<\/span><\/h3>\n<p><img loading=\"lazy\" decoding=\"async\" src=\"http:\/\/ba.dr-mikes-maths.com\/\/wp-content\/themes\/twentyten\/images\/ba\/american-lobster.jpg\" alt=\"Homard am\u00e9ricain\" width=\"350\" height=\"230\" \/><br \/>\n<span style=\"width: 350px;float: right\"><span id=\"gts_text_20\" class=\"gts_text\"><strong>Le homard am\u00e9ricain est l&#8217;arthropode le plus lourd au monde !<\/strong><\/span><\/span><\/p>\n<p><span id=\"gts_text_21\" class=\"gts_text\">Le homard ne peut pas faire grandir\u00a0sa coquille dure, il\u00a0doit donc la remplacer quand il\u00a0veut grandir.<\/span> <span id=\"gts_text_22\" class=\"gts_text\">Ceci s&#8217;appelle <span style=\"font-style: italic\">muer<\/span>.<\/span> <span id=\"gts_text_23\" class=\"gts_text\">Ils muent deux \u00e0 trois fois par an lorsqu&#8217;ils sont\u00a0jeunes et seulement une fois par an,\u00a0voir\u00a0moins, quand ils sont plus \u00e2g\u00e9s.<\/span> <span id=\"gts_text_24\" class=\"gts_text\">Ils atteignent l&#8217;\u00e2ge\u00a0adulte entre quatre et\u00a0sept ans.\u00a0Leur mue se d\u00e9roule comme<\/span><span id=\"gts_text_25\" class=\"gts_text\">\u00a0ceci &#8211; d&#8217;abord ils se font pouss\u00e9\u00a0une nouvelle coquille, molle, sous l&#8217;ancienne.<\/span> L&#8217;ancienne<span id=\"gts_text_26\" class=\"gts_text\">\u00a0devient alors tr\u00e8s dure et plus fonc\u00e9e, puis\u00a0se\u00a0fend et et se s\u00e9pare.<\/span> <span id=\"gts_text_27\" class=\"gts_text\">Le homard sort\u00a0alors ses pinces et sa queue hors de la vieille coquille.<\/span> <span id=\"gts_text_28\" class=\"gts_text\">La nouvelle coquille grandit, et ensuite\u00a0durcit.<\/span><\/p>\n<h3><span id=\"gts_text_29\" class=\"gts_text\">Les yeux, la bouche et les jambes du homard am\u00e9ricain<\/span><\/h3>\n<p><span id=\"gts_text_30\" class=\"gts_text\">Ils ont de longues antennes puissantes qui les aident\u00a0\u00e0\u00a0sentir ce qui se passe autour d&#8217;eux.<\/span> <span id=\"gts_text_31\" class=\"gts_text\">Ils ont aussi un organe sensoriel sp\u00e9cial\u00a0qui\u00a0les\u00a0aide \u00e0\u00a0localiser la\u00a0provenance\u00a0des odeurs.<\/span> <span id=\"gts_text_32\" class=\"gts_text\">Ils peuvent \u00e9galement juger la vitesse de l&#8217;eau.<\/span> <span id=\"gts_text_33\" class=\"gts_text\">Ils ont aussi des yeux extraordinaires et une bouche multi-usage.<\/span> <span id=\"gts_text_34\" class=\"gts_text\">Leur bouche est non seulement employ\u00e9e pour manger et creuser, mais elle peut aussi \u00eatre transform\u00e9e en pelle pour pousser le gravier et le sable ou pour transporter de petites roches.<\/span> <span id=\"gts_text_35\" class=\"gts_text\">Leur bouche peut m\u00eame les aider \u00e0\u00a0se d\u00e9placer lorsqu&#8217;ils ont perdu leurs pinces et leurs jambes pendant un combat !<\/span><\/p>\n<p><span id=\"gts_text_36\" class=\"gts_text\">Les premi\u00e8res des dix paires de\u00a0pattes d&#8217;un homard \u00a0s&#8217;appellent les pinces et servent habituellement\u00a0\u00e0 chasser et \u00e0 combattre.<\/span> <span id=\"gts_text_37\" class=\"gts_text\">Elles ne servent pas\u00a0\u00e0 se d\u00e9placer.<\/span> <span id=\"gts_text_38\" class=\"gts_text\">Les huit autres\u00a0pattes servent \u00e0\u00a0marcher.\u00a0<\/span> Les homards<span id=\"gts_text_39\" class=\"gts_text\">\u00a0pr\u00e9f\u00e8rent vivre\u00a0seul.<\/span> Lorsque<span id=\"gts_text_40\" class=\"gts_text\">\u00a0deux homards se rencontrent, ils se jaugent.<\/span> <span id=\"gts_text_41\" class=\"gts_text\">Normalement, le plus faible et plus petit bat en retraite.<\/span> <span id=\"gts_text_42\" class=\"gts_text\">Si les deux homards sont de forces et de taille similaires, ils combattront jusqu&#8217;\u00e0 ce que l&#8217;un d&#8217;entre eux d\u00e9cide de se rendre.<\/span> <span id=\"gts_text_43\" class=\"gts_text\">Quel esprit de combat !<\/span><\/p>\n<p><span id=\"gts_text_44\" class=\"gts_text\">Le homard am\u00e9ricain pond des oeufs et peut vivre jusqu&#8217;\u00e0 50 ans.<\/span><\/p>\n<h3><span id=\"gts_text_45\" class=\"gts_text\">La consommation des homards<\/span><\/h3>\n<p><span id=\"gts_text_46\" class=\"gts_text\">Les morues\u00a0sont friandes de\u00a0cette sorte\u00a0de homard, mais la cr\u00e9ature qui mange le plus de homard est l&#8217;\u00eatre\u00a0humain.<\/span> <span id=\"gts_text_47\" class=\"gts_text\">Les homards am\u00e9ricains sont un plat\u00a0populaire.<\/span> <span id=\"gts_text_48\" class=\"gts_text\">Ils peuvent \u00eatre bouillis ou cuits \u00e0 la vapeur &#8211; mais ils doivent \u00eatre maintenus vivants jusqu&#8217;\u00e0 ce qu&#8217;ils soient pr\u00e9par\u00e9s, pour qu&#8217;ils restent le plus\u00a0frais possible.<\/span> <span id=\"gts_text_49\" class=\"gts_text\">Cependant, ils peuvent \u00eatre\u00a0congel\u00e9s sans risque et r\u00e9frig\u00e9r\u00e9s avant d&#8217;\u00eatre consomm\u00e9s.<\/span> <span id=\"gts_text_50\" class=\"gts_text\">Les homards sont habituellement cuits vivant.<\/span> <span id=\"gts_text_51\" class=\"gts_text\">Certaines personnes trouvent cela trop cruel, et\u00a0elles refusent d&#8217;en\u00a0manger.<\/span><\/p>\n","protected":false},"excerpt":{"rendered":"<p>Informations sur le homard am\u00e9ricain Le homard am\u00e9ricain, que les scientifiques appellent Homarus Americanusis\u00a0se trouve sur la c\u00f4te atlantique de l&#8217;Am\u00e9rique du Nord. Il vit en eaux froides et peu profondes, o\u00f9 il y a beaucoup de rochers et autres recoins o\u00f9 se\u00a0cacher de ses pr\u00e9dateurs. Il mange des poissons, des petits crustac\u00e9s, et des &hellip; <a href=\"https:\/\/www.big-animals.com\/fr\/le-americain-homard-le-monde-lourd-arthropode\/\" class=\"more-link\">Continue reading <span class=\"screen-reader-text\">Le homard am\u00e9ricain &#8211; l&#8217;arthropode le plus lourd du monde<\/span><\/a><\/p>\n","protected":false},"author":1,"featured_media":0,"parent":0,"menu_order":0,"comment_status":"closed","ping_status":"open","template":"","meta":{"_acf_changed":false,"footnotes":""},"acf":[],"_links":{"self":[{"href":"https:\/\/www.big-animals.com\/fr\/wp-json\/wp\/v2\/pages\/10"}],"collection":[{"href":"https:\/\/www.big-animals.com\/fr\/wp-json\/wp\/v2\/pages"}],"about":[{"href":"https:\/\/www.big-animals.com\/fr\/wp-json\/wp\/v2\/types\/page"}],"author":[{"embeddable":true,"href":"https:\/\/www.big-animals.com\/fr\/wp-json\/wp\/v2\/users\/1"}],"replies":[{"embeddable":true,"href":"https:\/\/www.big-animals.com\/fr\/wp-json\/wp\/v2\/comments?post=10"}],"version-history":[{"count":2,"href":"https:\/\/www.big-animals.com\/fr\/wp-json\/wp\/v2\/pages\/10\/revisions"}],"predecessor-version":[{"id":514,"href":"https:\/\/www.big-animals.com\/fr\/wp-json\/wp\/v2\/pages\/10\/revisions\/514"}],"wp:attachment":[{"href":"https:\/\/www.big-animals.com\/fr\/wp-json\/wp\/v2\/media?parent=10"}],"curies":[{"name":"wp","href":"https:\/\/api.w.org\/{rel}","templated":true}]}}