{"id":100,"date":"2011-06-17T23:23:44","date_gmt":"2011-06-17T23:23:44","guid":{"rendered":""},"modified":"2014-01-25T16:22:41","modified_gmt":"2014-01-25T16:22:41","slug":"achassiers","status":"publish","type":"page","link":"https:\/\/www.big-animals.com\/fr\/achassiers\/","title":{"rendered":"Les \u00e9chassiers"},"content":{"rendered":"<figure id=\"attachment_1359\" aria-describedby=\"caption-attachment-1359\" style=\"width: 251px\" class=\"wp-caption alignright\"><a href=\"http:\/\/www.big-animals.com\/wp-content\/uploads\/2011\/06\/Sandpiper.jpg\"><img loading=\"lazy\" decoding=\"async\" class=\"size-full wp-image-1359 gts_attribute gts_attribute_1_alt gts_attribute_2_title\" title=\"Le b\u00e9casseau est un \u00e9chassier typique\" alt=\"Le b\u00e9casseau est un \u00e9chassier typique\" src=\"http:\/\/www.big-animals.com\/wp-content\/uploads\/2011\/06\/Sandpiper.jpg\" width=\"251\" height=\"193\" \/><\/a><figcaption id=\"caption-attachment-1359\" class=\"wp-caption-text\">Le b\u00e9casseau est un \u00e9chassier typique<\/figcaption><\/figure>\n<p><span class=\"gts_text\" id=\"gts_text_1\">Les \u00e9chassiers s&#8217;appellent aussi les charadriiformes.<\/span> <span class=\"gts_text\" id=\"gts_text_2\">Ce groupe d&#8217;<a class=\" gts_attribute gts_attribute_3_title\" title=\"Les plus grands oiseaux du monde !\" href=\"http:\/\/www.big-animals.com\/fr\/le-monde-grand-oiseaux\/\">oiseaux<\/a> inclut des oiseaux qui vivent pr\u00e8s des rivages de la mer ou des lacs, mais pas les oiseaux comme les cigognes et les h\u00e9rons (qui sont plus grlands) ni les oiseaux adapt\u00e9s \u00e0 vivre dans les oc\u00e9ans (comme les mouettes).<\/span> <span class=\"gts_text\" id=\"gts_text_3\">Il y a 210 esp\u00e8ces d&#8217;\u00e9chassiers dans le monde.<\/span> <span class=\"gts_text\" id=\"gts_text_4\">Ils aiment les mar\u00e9cages et les r\u00e9gions c\u00f4ti\u00e8res.<\/span> <span class=\"gts_text\" id=\"gts_text_5\">La plupart des esp\u00e8ces arctiques et temp\u00e9r\u00e9es sont migratrices mais les esp\u00e8ces tropicales sont s\u00e9dentaires ou se d\u00e9placent en fonction des niveaux de pluie.<\/span><\/p>\n<p><span class=\"gts_text\" id=\"gts_text_6\">La plupart des \u00e9chassiers mangent des petits invert\u00e9br\u00e9s qui se trouvent dans la boue.<\/span> La longueur du bec des<span class=\"gts_text\" id=\"gts_text_7\"> diff\u00e9rents \u00e9chassiers varie.<\/span> <span class=\"gts_text\" id=\"gts_text_8\">Ainsi, diff\u00e9rentes esp\u00e8ces peuvent trouver de la nourriture dans la m\u00eame boue sans se concurrencer les uns les autres.<\/span> <span class=\"gts_text\" id=\"gts_text_9\">Ils ont un nerf sensible \u00e0 l&#8217;extr\u00e9mit\u00e9 du bec qui leur permet de localiser leur proie dans la boue ou la terre.<\/span><\/p>\n<p><span class=\"gts_text\" id=\"gts_text_10\">Les \u00e9chassiers de grande taille\u00a0mangent de grandes proies comme les insectes et\u00a0les petits reptiles.<\/span> <span class=\"gts_text\" id=\"gts_text_11\">Les plus grands sont capables de vivre dans des habitats plus secs.\u00a0Mais les plus petits \u00e9chassiers, comme les b\u00e9casseaux,\u00a0vivent dans les r\u00e9gions c\u00f4ti\u00e8res.<\/span><\/p>\n<p><span class=\"gts_text\" id=\"gts_text_12\">La plus grande esp\u00e8ce est le <a class=\" gts_attribute gts_attribute_4_title\" title=\"Le courlis de Sib\u00e9rie\" href=\"http:\/\/www.big-animals.com\/fr\/loin-oriental-courlis-cendre\/\">courlis de Sib\u00e9rie<\/a>.<\/span> <span class=\"gts_text\" id=\"gts_text_13\">Il mesure environ 63 cm et p\u00e8se 860 grammes.<\/span> L&#8217;<span class=\"gts_text\" id=\"gts_text_14\"><a class=\" gts_attribute gts_attribute_5_title\" title=\"L\u2019oedicn\u00e8me des r\u00e9cifs\" href=\"http:\/\/www.big-animals.com\/fr\/plage-pierre-courlis-cendre\/\">oedicn\u00e8me des r\u00e9cifs<\/a> est le plus lourd, avec un poids de pr\u00e8s d&#8217;un kilo.<\/span><\/p>\n<p><span class=\"gts_text\" id=\"gts_text_15\">\u00a0<\/span><\/p>\n","protected":false},"excerpt":{"rendered":"<p>Les \u00e9chassiers s&#8217;appellent aussi les charadriiformes. Ce groupe d&#8217;oiseaux inclut des oiseaux qui vivent pr\u00e8s des rivages de la mer ou des lacs, mais pas les oiseaux comme les cigognes et les h\u00e9rons (qui sont plus grlands) ni les oiseaux adapt\u00e9s \u00e0 vivre dans les oc\u00e9ans (comme les mouettes). Il y a 210 esp\u00e8ces d&#8217;\u00e9chassiers &hellip; <a href=\"https:\/\/www.big-animals.com\/fr\/achassiers\/\" class=\"more-link\">Continue reading <span class=\"screen-reader-text\">Les \u00e9chassiers<\/span><\/a><\/p>\n","protected":false},"author":1,"featured_media":0,"parent":0,"menu_order":0,"comment_status":"closed","ping_status":"open","template":"","meta":{"_acf_changed":false,"footnotes":""},"acf":[],"_links":{"self":[{"href":"https:\/\/www.big-animals.com\/fr\/wp-json\/wp\/v2\/pages\/100"}],"collection":[{"href":"https:\/\/www.big-animals.com\/fr\/wp-json\/wp\/v2\/pages"}],"about":[{"href":"https:\/\/www.big-animals.com\/fr\/wp-json\/wp\/v2\/types\/page"}],"author":[{"embeddable":true,"href":"https:\/\/www.big-animals.com\/fr\/wp-json\/wp\/v2\/users\/1"}],"replies":[{"embeddable":true,"href":"https:\/\/www.big-animals.com\/fr\/wp-json\/wp\/v2\/comments?post=100"}],"version-history":[{"count":2,"href":"https:\/\/www.big-animals.com\/fr\/wp-json\/wp\/v2\/pages\/100\/revisions"}],"predecessor-version":[{"id":382,"href":"https:\/\/www.big-animals.com\/fr\/wp-json\/wp\/v2\/pages\/100\/revisions\/382"}],"wp:attachment":[{"href":"https:\/\/www.big-animals.com\/fr\/wp-json\/wp\/v2\/media?parent=100"}],"curies":[{"name":"wp","href":"https:\/\/api.w.org\/{rel}","templated":true}]}}