{"id":101,"date":"2011-06-18T00:29:57","date_gmt":"2011-06-18T00:29:57","guid":{"rendered":""},"modified":"2014-01-17T11:15:24","modified_gmt":"2014-01-17T11:15:24","slug":"loin-oriental-courlis-cendre","status":"publish","type":"page","link":"https:\/\/www.big-animals.com\/fr\/loin-oriental-courlis-cendre\/","title":{"rendered":"Le courlis de Sib\u00e9rie"},"content":{"rendered":"<p><span class=\"gts_text\" id=\"gts_text_1\">Le courlis de Sib\u00e9rie est le plus grand <a class=\" gts_attribute gts_attribute_3_title\" title=\"\u00c9chassiers\" href=\"http:\/\/www.big-animals.com\/fr\/achassiers\/\">\u00e9chassier<\/a>\u00a0et le plus grand scolopacid\u00e9 du monde.<\/span> <span class=\"gts_text\" id=\"gts_text_2\">Il a un bec tr\u00e8s long qui est courb\u00e9 vers le bas.<\/span> <span class=\"gts_text\" id=\"gts_text_3\">Le bec de la femelle est en g\u00e9n\u00e9ral plus long que celui du m\u00e2le.<\/span> <span class=\"gts_text\" id=\"gts_text_4\">Le bec\u00a0fait environ 18,5 cm de long.<\/span><\/p>\n<figure id=\"attachment_1361\" aria-describedby=\"caption-attachment-1361\" style=\"width: 300px\" class=\"wp-caption alignright\"><a href=\"http:\/\/www.big-animals.com\/wp-content\/uploads\/2011\/06\/Far_Eastern_Curlew.jpg\"><img loading=\"lazy\" decoding=\"async\" class=\"size-medium wp-image-1361 gts_attribute gts_attribute_1_alt gts_attribute_4_title \" title=\"Le courlis cendr\u00e9 d'Extr\u00eame-Orient a un bec tr\u00e8s long !\" alt=\"Le courlis cendr\u00e9 d'Extr\u00eame-Orient a un bec tr\u00e8s long !\" src=\"http:\/\/www.big-animals.com\/wp-content\/uploads\/2011\/06\/Far_Eastern_Curlew-300x196.jpg\" width=\"300\" height=\"196\" \/><\/a><figcaption id=\"caption-attachment-1361\" class=\"wp-caption-text\">Le courlis de Sib\u00e9rie a un tr\u00e8s long bec !<\/figcaption><\/figure>\n<p><span class=\"gts_text\" id=\"gts_text_5\">Le courlis\u00a0a un long cou et deux longues pattes.<\/span> <span class=\"gts_text\" id=\"gts_text_6\">Il est marron.<\/span> <span class=\"gts_text\" id=\"gts_text_7\">Il est environ 63cm de long.<\/span> <span class=\"gts_text\" id=\"gts_text_8\">Ses longues pattes lui permettent de patauger dans les secteurs humides et les prairies temp\u00e9r\u00e9es.<\/span> On en <span class=\"gts_text\" id=\"gts_text_9\">trouve dans les r\u00e9gions c\u00f4ti\u00e8res au nord-est et au sud de l&#8217;Australie, y compris la Tasmanie.<\/span> On en trouve rarement \u00e0 l&#8217;in<span class=\"gts_text\" id=\"gts_text_10\">t\u00e9rieur des terres.<\/span> <span class=\"gts_text\" id=\"gts_text_11\">Certains courlis vivent aussi dans des pays asiatiques comme le Japon, la Cor\u00e9e et l&#8217;\u00eele de Born\u00e9o.\u00a0Ils aiment vivre sur plages boueuses et les algues des c\u00f4tes abrit\u00e9es, et dans les mar\u00e9cages, les baies et les lagons.<\/span><\/p>\n<p><span class=\"gts_text\" id=\"gts_text_12\">Le courlis de Sib\u00e9rie se reproduit en Asie du nord-est, y compris en Sib\u00e9rie au Kamtchatka et en Mongolie.<\/span> <span class=\"gts_text\" id=\"gts_text_13\">Il choisit des mar\u00e9cages et des rivages de lacs boueux pour y pondre ses oeufs.<\/span> <span class=\"gts_text\" id=\"gts_text_14\">Il \u00e9migre de ses secteurs de reproduction entre la mi-juillet et fin septembre.<\/span> <span class=\"gts_text\" id=\"gts_text_15\">Les courlis de Sib\u00e9rie sont des oiseaux migrateurs.<\/span><\/p>\n<p><span class=\"gts_text\" id=\"gts_text_16\">Il utilise son long bec courb\u00e9 pour trouver de la nourriture dans la boue.<\/span> <span class=\"gts_text\" id=\"gts_text_17\">Il mange de petits crabes et mollusques.<\/span> <span class=\"gts_text\" id=\"gts_text_18\">Il peut \u00eatre seul quand il s&#8217;alimente mais il reste dans un grand groupe pendant ses migrations ou quand il se repose.<\/span> <span class=\"gts_text\" id=\"gts_text_19\">Son cri est un sifflement aigu et distinct, \u00ab\u00a0cuuu-riiii\u00a0\u00bb, qu&#8217;il r\u00e9p\u00e8te en g\u00e9n\u00e9ral <\/span><span class=\"gts_text\" id=\"gts_text_20\">\u00e0 plusieurs reprises.<\/span><\/p>\n<figure id=\"attachment_1362\" aria-describedby=\"caption-attachment-1362\" style=\"width: 300px\" class=\"wp-caption aligncenter\"><a href=\"http:\/\/www.big-animals.com\/wp-content\/uploads\/2011\/06\/Far_Eastern_Curlew_and_Human.png\"><img loading=\"lazy\" decoding=\"async\" class=\"size-medium wp-image-1362 gts_attribute gts_attribute_2_alt gts_attribute_5_title \" title=\"Le courlis cendr\u00e9 d'Extr\u00eame-Orient est le plus grand \u00e9chassier ou le charadriid\u00e9 du monde\" alt=\"Le courlis cendr\u00e9 d'Extr\u00eame-Orient est le plus grand \u00e9chassier ou le charadriid\u00e9 du monde\" src=\"http:\/\/www.big-animals.com\/wp-content\/uploads\/2011\/06\/Far_Eastern_Curlew_and_Human-300x282.png\" width=\"300\" height=\"282\" \/><\/a><figcaption id=\"caption-attachment-1362\" class=\"wp-caption-text\">Le courlis de Sib\u00e9rie est le plus grand \u00e9chassier du monde<\/figcaption><\/figure>\n","protected":false},"excerpt":{"rendered":"<p>Le courlis de Sib\u00e9rie est le plus grand \u00e9chassier\u00a0et le plus grand scolopacid\u00e9 du monde. Il a un bec tr\u00e8s long qui est courb\u00e9 vers le bas. Le bec de la femelle est en g\u00e9n\u00e9ral plus long que celui du m\u00e2le. Le bec\u00a0fait environ 18,5 cm de long. Le courlis\u00a0a un long cou et deux &hellip; <a href=\"https:\/\/www.big-animals.com\/fr\/loin-oriental-courlis-cendre\/\" class=\"more-link\">Continue reading <span class=\"screen-reader-text\">Le courlis de Sib\u00e9rie<\/span><\/a><\/p>\n","protected":false},"author":1,"featured_media":0,"parent":0,"menu_order":0,"comment_status":"closed","ping_status":"open","template":"","meta":{"_acf_changed":false,"footnotes":""},"acf":[],"_links":{"self":[{"href":"https:\/\/www.big-animals.com\/fr\/wp-json\/wp\/v2\/pages\/101"}],"collection":[{"href":"https:\/\/www.big-animals.com\/fr\/wp-json\/wp\/v2\/pages"}],"about":[{"href":"https:\/\/www.big-animals.com\/fr\/wp-json\/wp\/v2\/types\/page"}],"author":[{"embeddable":true,"href":"https:\/\/www.big-animals.com\/fr\/wp-json\/wp\/v2\/users\/1"}],"replies":[{"embeddable":true,"href":"https:\/\/www.big-animals.com\/fr\/wp-json\/wp\/v2\/comments?post=101"}],"version-history":[{"count":2,"href":"https:\/\/www.big-animals.com\/fr\/wp-json\/wp\/v2\/pages\/101\/revisions"}],"predecessor-version":[{"id":360,"href":"https:\/\/www.big-animals.com\/fr\/wp-json\/wp\/v2\/pages\/101\/revisions\/360"}],"wp:attachment":[{"href":"https:\/\/www.big-animals.com\/fr\/wp-json\/wp\/v2\/media?parent=101"}],"curies":[{"name":"wp","href":"https:\/\/api.w.org\/{rel}","templated":true}]}}