{"id":103,"date":"2011-06-25T21:29:40","date_gmt":"2011-06-25T21:29:40","guid":{"rendered":""},"modified":"2014-01-13T13:31:14","modified_gmt":"2014-01-13T13:31:14","slug":"columbidae","status":"publish","type":"page","link":"https:\/\/www.big-animals.com\/fr\/columbidae\/","title":{"rendered":"Les colombin\u00e9s"},"content":{"rendered":"<p><span class=\"gts_text\" id=\"gts_text_1\">Les pigeons, les tourterelles\u00a0et les colombes appartiennent \u00e0 la famille d&#8217;<a title=\"Les plus grands oiseaux du monde !\" href=\"http:\/\/www.big-animals.com\/fr\/le-monde-grand-oiseaux\/\">oiseaux<\/a> appel\u00e9s les colombin\u00e9s.<\/span> <span class=\"gts_text\" id=\"gts_text_2\">Ces oiseaux ont un corps robuste,\u00a0un cou court et un petit bec mince partiellement recouvert d&#8217;une bosse charnue.<\/span> <span class=\"gts_text\" id=\"gts_text_3\">Ils ont de petites\u00a0pattes et une petite t\u00eate.<\/span> <span class=\"gts_text\" id=\"gts_text_4\">Ils ont de grandes ailes.<\/span> <span class=\"gts_text\" id=\"gts_text_5\">Les ailes des pigeons sont tr\u00e8s muscl\u00e9es, ce qui les positionne parmi les oiseaux qui volent le mieux.<\/span><\/p>\n<p><span class=\"gts_text\" id=\"gts_text_6\">Les colombin\u00e9s b\u00e2tissent des nids assez fragiles \u00e0 l&#8217;aide de brindilles et de d\u00e9bris.<\/span> <span class=\"gts_text\" id=\"gts_text_7\">Ils construisent leurs nids dans les arbres, sur des rebords ou \u00e0 m\u00eame le sol, selon les esp\u00e8ces.\u00a0<\/span> <span class=\"gts_text\" id=\"gts_text_8\">Les femelles pondent un ou deux oeufs \u00e0 la fois.<\/span> <span class=\"gts_text\" id=\"gts_text_9\">Les deux parents s&#8217;occupent de leurs oisillons.<\/span> <span class=\"gts_text\" id=\"gts_text_10\">Les oisillons quittent le nid entre l&#8217;\u00e2ge de 7\u00a0et 28 jours.<\/span> <span class=\"gts_text\" id=\"gts_text_11\">Les parents produisent du \u00ab\u00a0lait de jabot \u00bb ou \u00ab\u00a0lait de pigeon\u00a0\u00bb pour leurs oisillons.<\/span><\/p>\n<p><span class=\"gts_text\" id=\"gts_text_12\">Il y a beaucoup de tailles de colombin\u00e9s \u00e0 travers le monde.<\/span> <span class=\"gts_text\" id=\"gts_text_13\">Les plus grandes esp\u00e8ces sont les <a title=\"Pigeons couronn\u00e9s\" href=\"http:\/\/www.big-animals.com\/fr\/couronner-pigeons\/\">pigeons couronn\u00e9s<\/a> de Nouvelle-Guin\u00e9e qui sont presqu&#8217;aussi gros que des dindes.<\/span> <span class=\"gts_text\" id=\"gts_text_14\">Ils p\u00e8sent entre deux et quatre kilos.<\/span> <span class=\"gts_text\" id=\"gts_text_15\">Les plus petits colombin\u00e9s sont les colombes d&#8217;Am\u00e9rique qui sont presqu&#8217;aussi petites que des moineaux et ne <\/span><span class=\"gts_text\" id=\"gts_text_16\">p\u00e8sent que 22 grammes.<\/span> Parmi l<span class=\"gts_text\" id=\"gts_text_17\">es esp\u00e8ces qui vivent dans les arbres, la plus grande est le <a class=\" gts_attribute gts_attribute_4_title\" title=\"Pigeon imp\u00e9rial de Marquesan\" href=\"http:\/\/www.big-animals.com\/fr\/marquesan-imperial-pigeon\/\">pigeon imp\u00e9rial de Marquesan<\/a>.<\/span> <span class=\"gts_text\" id=\"gts_text_18\">Il mesure plus de 50 cm de long et p\u00e8se presqu&#8217;un kilo.<\/span> <span class=\"gts_text\" id=\"gts_text_19\">Quant au ptilope nain, c&#8217;est la plus petite des esp\u00e8ces qui vivent dans les arbres : il <\/span><span class=\"gts_text\" id=\"gts_text_20\">ne mesure que 13 cm.<\/span> <span class=\"gts_text\" id=\"gts_text_21\">On a tendance \u00e0 parler de \u00ab\u00a0colombes\u00a0\u00bb ou de \u00ab\u00a0tourterelles\u00a0\u00bb quand il s&#8217;agit d&#8217;esp\u00e8ces de petite taille et de \u00ab\u00a0pigeons\u00a0\u00bb quand elles sont plus grandes.<\/span> <span class=\"gts_text\" id=\"gts_text_22\">Le plus grand colombin\u00e9 qui ait jamais exist\u00e9 est le <a class=\" gts_attribute gts_attribute_5_title\" title=\"Dronte\" href=\"http:\/\/www.big-animals.com\/fr\/dronte\/\">dronte<\/a>, plus connu sous le nom de dodo.<\/span><\/p>\n<p><span class=\"gts_text\" id=\"gts_text_23\">Les colombin\u00e9s se nourrissent de graines, de fruits et de plantes.<\/span> On peut les <span class=\"gts_text\" id=\"gts_text_24\">r\u00e9partir en\u00a0deux groupes &#8211; ceux qui mangent des graines et ceux qui mangent des fruits.<\/span> Ceux qui <span class=\"gts_text\" id=\"gts_text_25\">mangent des graines mangent en g\u00e9n\u00e9ral \u00e0 m\u00eame le sol, tandis que ceux qui mangent\u00a0des fruits tendent \u00e0 se nourrir dans les arbres.<\/span> <span class=\"gts_text\" id=\"gts_text_26\">Ils peuvent s&#8217;accrocher sur les branches d&#8217;arbres et m\u00eame se suspendre \u00e0 l&#8217;envers pour atteindre les fruits.<\/span> <span class=\"gts_text\" id=\"gts_text_27\">Certaines esp\u00e8ces comme les\u00a0ptilopes et les \u00ab\u00a0quail-doves\u00a0\u00bb mangent aussi des insectes et des vers, en plus de fruits et de graines.<\/span><\/p>\n<figure id=\"attachment_1404\" aria-describedby=\"caption-attachment-1404\" style=\"width: 163px\" class=\"wp-caption alignleft\"><a href=\"http:\/\/www.big-animals.com\/wp-content\/uploads\/2011\/06\/Ptilinopus_Melanospilus.jpg\"><img loading=\"lazy\" decoding=\"async\" class=\"size-medium wp-image-1404 gts_attribute gts_attribute_1_alt gts_attribute_6_title\" title=\"Ptilinopus sont tr\u00e8s color\u00e9\" alt=\"Ptilinopus sont tr\u00e8s color\u00e9\" src=\"http:\/\/www.big-animals.com\/wp-content\/uploads\/2011\/06\/Ptilinopus_Melanospilus-163x300.jpg\" width=\"163\" height=\"300\" \/><\/a><figcaption id=\"caption-attachment-1404\" class=\"wp-caption-text\">Le ptilope est tr\u00e8s color\u00e9.<\/figcaption><\/figure>\n<p><span class=\"gts_text\" id=\"gts_text_28\">Les colombin\u00e9s qui mangent des graines tendent \u00e0 \u00eatre couverts par une couche de plumes monotone, \u00e0 quelques exceptions pr\u00e8s.<\/span> Mais ceux qui mangent <span class=\"gts_text\" id=\"gts_text_29\">des fruit ont des plumages beaucoup plus color\u00e9s.<\/span> Parmi eux, l<span class=\"gts_text\" id=\"gts_text_30\">es ptilopes ont des plumes particuli\u00e8rement chatoyantes.<\/span><\/p>\n<p><span class=\"gts_text\" id=\"gts_text_31\">On trouve des colombin\u00e9s dans le monde entier, sauf dans les zones arides comme le Sahara et les zones tr\u00e8s froides comme l&#8217;Arctique, l&#8217;Antarctique et les \u00eeles qui l&#8217;entourent.<\/span> <span class=\"gts_text\" id=\"gts_text_32\">La plupart d&#8217;entre eux aiment les for\u00eats et les r\u00e9gions bois\u00e9es tropicales.<\/span> <span class=\"gts_text\" id=\"gts_text_33\">Ils peuvent vivre dans les arbres ou \u00e0 m\u00eame le sol.<\/span> <span class=\"gts_text\" id=\"gts_text_34\">Quelques esp\u00e8ces vivent \u00e9galement dans la savanne, les grandes plaines, les d\u00e9serts, les r\u00e9gions bois\u00e9es temp\u00e9r\u00e9es ou les for\u00eats.<\/span><\/p>\n<p><span class=\"gts_text\" id=\"gts_text_35\">Quelques esp\u00e8ces de colombin\u00e9s sont chass\u00e9es pour leur viande.<\/span> En Europe, p<span class=\"gts_text\" id=\"gts_text_36\">ar exemple, des \u00e9levages de ramiers ont \u00e9t\u00e9 cr\u00e9\u00e9s pour leur viande.<\/span> Mis \u00e0 part <span class=\"gts_text\" id=\"gts_text_37\">cela, les pigeons ont aussi particip\u00e9 aux efforts de guerre pendant les deux guerres mondiales.<\/span> <span class=\"gts_text\" id=\"gts_text_38\">Ils ont courageusement livr\u00e9 des messages importants aux forces alli\u00e9es pr\u00e8s des fronti\u00e8res allemandes.<\/span> <span class=\"gts_text\" id=\"gts_text_39\">Ils ont \u00e9t\u00e9 f\u00e9licit\u00e9s pour leur courage.<\/span><\/p>\n<p><span class=\"gts_text\" id=\"gts_text_40\">\u00a0<\/span><\/p>\n<p><span class=\"gts_text\" id=\"gts_text_41\">\u00a0<\/span><\/p>\n<p><span class=\"gts_text\" id=\"gts_text_42\">\u00a0<\/span><\/p>\n","protected":false},"excerpt":{"rendered":"<p>Les pigeons, les tourterelles\u00a0et les colombes appartiennent \u00e0 la famille d&#8217;oiseaux appel\u00e9s les colombin\u00e9s. Ces oiseaux ont un corps robuste,\u00a0un cou court et un petit bec mince partiellement recouvert d&#8217;une bosse charnue. Ils ont de petites\u00a0pattes et une petite t\u00eate. Ils ont de grandes ailes. Les ailes des pigeons sont tr\u00e8s muscl\u00e9es, ce qui les &hellip; <a href=\"https:\/\/www.big-animals.com\/fr\/columbidae\/\" class=\"more-link\">Continue reading <span class=\"screen-reader-text\">Les colombin\u00e9s<\/span><\/a><\/p>\n","protected":false},"author":1,"featured_media":0,"parent":0,"menu_order":0,"comment_status":"closed","ping_status":"open","template":"","meta":{"_acf_changed":false,"footnotes":""},"acf":[],"_links":{"self":[{"href":"https:\/\/www.big-animals.com\/fr\/wp-json\/wp\/v2\/pages\/103"}],"collection":[{"href":"https:\/\/www.big-animals.com\/fr\/wp-json\/wp\/v2\/pages"}],"about":[{"href":"https:\/\/www.big-animals.com\/fr\/wp-json\/wp\/v2\/types\/page"}],"author":[{"embeddable":true,"href":"https:\/\/www.big-animals.com\/fr\/wp-json\/wp\/v2\/users\/1"}],"replies":[{"embeddable":true,"href":"https:\/\/www.big-animals.com\/fr\/wp-json\/wp\/v2\/comments?post=103"}],"version-history":[{"count":4,"href":"https:\/\/www.big-animals.com\/fr\/wp-json\/wp\/v2\/pages\/103\/revisions"}],"predecessor-version":[{"id":309,"href":"https:\/\/www.big-animals.com\/fr\/wp-json\/wp\/v2\/pages\/103\/revisions\/309"}],"wp:attachment":[{"href":"https:\/\/www.big-animals.com\/fr\/wp-json\/wp\/v2\/media?parent=103"}],"curies":[{"name":"wp","href":"https:\/\/api.w.org\/{rel}","templated":true}]}}