{"id":106,"date":"2011-06-25T23:36:38","date_gmt":"2011-06-25T23:36:38","guid":{"rendered":""},"modified":"2014-01-25T17:58:35","modified_gmt":"2014-01-25T17:58:35","slug":"dronte","status":"publish","type":"page","link":"https:\/\/www.big-animals.com\/fr\/dronte\/","title":{"rendered":"Le dronte de Maurice"},"content":{"rendered":"<p>&nbsp;<\/p>\n<figure id=\"attachment_1416\" aria-describedby=\"caption-attachment-1416\" style=\"width: 300px\" class=\"wp-caption alignleft\"><a href=\"http:\/\/www.big-animals.com\/wp-content\/uploads\/2011\/06\/Dodo_and_Human.png\"><img loading=\"lazy\" decoding=\"async\" class=\"size-medium wp-image-1416 gts_attribute gts_attribute_1_alt gts_attribute_2_title\" title=\"La dronte \u00e9tait le plus grand jamais pigeon\" alt=\"La dronte \u00e9tait le plus grand jamais pigeon\" src=\"http:\/\/www.big-animals.com\/wp-content\/uploads\/2011\/06\/Dodo_and_Human-300x244.png\" width=\"300\" height=\"244\" \/><\/a><figcaption id=\"caption-attachment-1416\" class=\"wp-caption-text\">Le dronte est le plus grand colombin\u00e9 qui ait jamais exist\u00e9.<\/figcaption><\/figure>\n<p><span class=\"gts_text\" id=\"gts_text_1\">Le dronte de Maurice, mieux connu sous le nom de dodo, est le plus grand <a class=\" gts_attribute gts_attribute_3_title\" title=\"Les colombin\u00e9s\" href=\"http:\/\/www.big-animals.com\/fr\/columbidae\/\">colombin\u00e9<\/a> qui ait jamais exist\u00e9.<\/span> <span class=\"gts_text\" id=\"gts_text_2\">Il ne pouvait pas voler et habitait\u00a0sur l&#8217;\u00eele Maurice.<\/span> <span class=\"gts_text\" id=\"gts_text_3\">Il mesurait\u00a0un m\u00e8tre\u00a0de haut et pesait autour de 23 kilos.<\/span> <span class=\"gts_text\" id=\"gts_text_4\">Il\u00a0mangeait des fruits.<\/span> <span class=\"gts_text\" id=\"gts_text_5\">Puisqu&#8217;il ne pouvait pas voler, il faisait son nid \u00e0 m\u00eame le sol.<\/span><\/p>\n<p><span class=\"gts_text\" id=\"gts_text_6\">Il a \u00e9t\u00e9 \u00e9teint depuis la deuxi\u00e8me moiti\u00e9 du 17\u00e8me si\u00e8cle.<\/span> <span class=\"gts_text\" id=\"gts_text_7\">Le dodo avait des plumes gris\u00e2tres et brun\u00e2tres.<\/span> <span class=\"gts_text\" id=\"gts_text_8\">Il avait un long bec avec une pointe crochue d&#8217;environ 23 cm de long.<\/span> <span class=\"gts_text\" id=\"gts_text_9\">Il avait de tr\u00e8s petites ailes, deux grosses pattes jaunes et une touffe des plumes boucl\u00e9es \u00e0 l&#8217;extr\u00e9mit\u00e9 de son dos.<\/span><\/p>\n<p><span class=\"gts_text\" id=\"gts_text_10\">Puisqu&#8217;il ne pouvait pas voler et il n&#8217;avait pas peur des humains, il \u00e9tait tr\u00e8s facile \u00e0 chasser.<\/span> <span class=\"gts_text\" id=\"gts_text_11\">Quand les humains sont arriv\u00e9s sur l&#8217;\u00eele Maurice, ils ont aussi apport\u00e9 d&#8217;autres animaux comme les chiens, les porcs, les rats et des\u00a0macaques qui pillaient les nids des\u00a0drontes.<\/span> <span class=\"gts_text\" id=\"gts_text_12\">Maintenant le dronte a disparu pour toujours.<\/span><\/p>\n<p>&nbsp;<\/p>\n","protected":false},"excerpt":{"rendered":"<p>&nbsp; Le dronte de Maurice, mieux connu sous le nom de dodo, est le plus grand colombin\u00e9 qui ait jamais exist\u00e9. Il ne pouvait pas voler et habitait\u00a0sur l&#8217;\u00eele Maurice. Il mesurait\u00a0un m\u00e8tre\u00a0de haut et pesait autour de 23 kilos. Il\u00a0mangeait des fruits. Puisqu&#8217;il ne pouvait pas voler, il faisait son nid \u00e0 m\u00eame le &hellip; <a href=\"https:\/\/www.big-animals.com\/fr\/dronte\/\" class=\"more-link\">Continue reading <span class=\"screen-reader-text\">Le dronte de Maurice<\/span><\/a><\/p>\n","protected":false},"author":1,"featured_media":0,"parent":0,"menu_order":0,"comment_status":"closed","ping_status":"open","template":"","meta":{"_acf_changed":false,"footnotes":""},"acf":[],"_links":{"self":[{"href":"https:\/\/www.big-animals.com\/fr\/wp-json\/wp\/v2\/pages\/106"}],"collection":[{"href":"https:\/\/www.big-animals.com\/fr\/wp-json\/wp\/v2\/pages"}],"about":[{"href":"https:\/\/www.big-animals.com\/fr\/wp-json\/wp\/v2\/types\/page"}],"author":[{"embeddable":true,"href":"https:\/\/www.big-animals.com\/fr\/wp-json\/wp\/v2\/users\/1"}],"replies":[{"embeddable":true,"href":"https:\/\/www.big-animals.com\/fr\/wp-json\/wp\/v2\/comments?post=106"}],"version-history":[{"count":6,"href":"https:\/\/www.big-animals.com\/fr\/wp-json\/wp\/v2\/pages\/106\/revisions"}],"predecessor-version":[{"id":391,"href":"https:\/\/www.big-animals.com\/fr\/wp-json\/wp\/v2\/pages\/106\/revisions\/391"}],"wp:attachment":[{"href":"https:\/\/www.big-animals.com\/fr\/wp-json\/wp\/v2\/media?parent=106"}],"curies":[{"name":"wp","href":"https:\/\/api.w.org\/{rel}","templated":true}]}}