{"id":107,"date":"2011-07-02T22:40:20","date_gmt":"2011-07-02T22:40:20","guid":{"rendered":""},"modified":"2014-01-27T11:47:31","modified_gmt":"2014-01-27T11:47:31","slug":"galliformes","status":"publish","type":"page","link":"https:\/\/www.big-animals.com\/fr\/le-monde-grand-oiseaux\/galliformes\/","title":{"rendered":"Les gallinac\u00e9s"},"content":{"rendered":"<figure id=\"attachment_1444\" aria-describedby=\"caption-attachment-1444\" style=\"width: 159px\" class=\"wp-caption alignright\"><a href=\"http:\/\/www.big-animals.com\/wp-content\/uploads\/2011\/07\/Chickens.jpg\"><img loading=\"lazy\" decoding=\"async\" class=\"size-medium wp-image-1444 gts_attribute gts_attribute_1_alt gts_attribute_2_title\" title=\"Le poulet sont Galliformes typique\" alt=\"Le poulet sont Galliformes typique\" src=\"http:\/\/www.big-animals.com\/wp-content\/uploads\/2011\/07\/Chickens-159x300.jpg\" width=\"159\" height=\"300\" \/><\/a><figcaption id=\"caption-attachment-1444\" class=\"wp-caption-text\">Les poules sont des gallinac\u00e9s typiques.<\/figcaption><\/figure>\n<p><span class=\"gts_text\" id=\"gts_text_1\">Les gallinac\u00e9s (ou galliformes) sont un ordre d&#8217;<a title=\"Les plus grands oiseaux du monde !\" href=\"http:\/\/www.big-animals.com\/fr\/le-monde-grand-oiseaux\/\">oiseaux<\/a> de constitution massive et qui se nourrissent \u00e0 m\u00eame le sol.<\/span> <span class=\"gts_text\" id=\"gts_text_2\">Ils ont de petites t\u00eates, des pieds solides et ont souvent des becs et des ailes courts.<\/span> <span class=\"gts_text\" id=\"gts_text_3\">Ils sont des oiseaux comme les poules.<\/span> <span class=\"gts_text\" id=\"gts_text_4\">Les m\u00e2les adultes ont une sorte de dent pointue au dos de chaque jambe comme arme.<\/span> <span class=\"gts_text\" id=\"gts_text_5\">Cet ordre contient les dindes, les pintades, les poules, les cailles, les lagop\u00e8des des neiges, les perdrix, les faisans et les paons.<\/span><\/p>\n<p><span class=\"gts_text\" id=\"gts_text_6\">Ils mesurent entre 12,5 cm et 120 cm.<\/span> <span class=\"gts_text\" id=\"gts_text_7\">Le plus petit gallinac\u00e9 est la caille peinte de Chine.<\/span> <span class=\"gts_text\" id=\"gts_text_8\">Elle fait environ 12,5 cm de long et p\u00e8se entre 28 et 40 grammes.<\/span> <span class=\"gts_text\" id=\"gts_text_9\">Le plus grand gallinac\u00e9 est la <a class=\" gts_attribute gts_attribute_4_title\" title=\"La Dinde Sauvage Nord-Am\u00e9ricaine\" href=\"http:\/\/www.big-animals.com\/fr\/nord-americain-sauvage-dinde\/\">dinde sauvage nord-am\u00e9ricaine<\/a> qui p\u00e8se jusqu&#8217;\u00e0 14 kilos et faire plus de 120 cm de long !<\/span> <span class=\"gts_text\" id=\"gts_text_10\">Le gallinac\u00e9 avec la plus grande envergure est le <a class=\" gts_attribute gts_attribute_5_title\" title=\"Peafowl vert\" href=\"http:\/\/www.big-animals.com\/fr\/vert-peafowl\/\">paon spicif\u00e8re<\/a>.<\/span> <span class=\"gts_text\" id=\"gts_text_11\">Il peut faire plus de 183 cm de long, y compris sa longue queue.<\/span><\/p>\n<p><span class=\"gts_text\" id=\"gts_text_12\">Ce groupe a plus de 250 esp\u00e8ces vivantes.<\/span> On en trouve <span class=\"gts_text\" id=\"gts_text_13\">dans toutes les r\u00e9gions de tous les continents sauf les d\u00e9serts extr\u00eamement secs et les endroits extr\u00eamement froids comme l&#8217;Arctique et l&#8217;Antarctique.<\/span> <span class=\"gts_text\" id=\"gts_text_14\">Ils sont tr\u00e8s rares sur les \u00eeles \u00e0 moins que des humains les y aient apport\u00e9s.<\/span> <span class=\"gts_text\" id=\"gts_text_15\">Quelques esp\u00e8ces de gallinac\u00e9s ont \u00e9t\u00e9 apprivois\u00e9es par les hommes.<\/span><\/p>\n<p><span class=\"gts_text\" id=\"gts_text_16\">Ils jouent un r\u00f4le important dans la dispersion des graines.<\/span> <span class=\"gts_text\" id=\"gts_text_17\">Ils sont souvent \u00e9lev\u00e9s comme gibier par les hommes.<\/span> <span class=\"gts_text\" id=\"gts_text_18\">Les hommes d\u00e9pendent d&#8217;eux pour la viande et les oeufs.<\/span> <span class=\"gts_text\" id=\"gts_text_19\">Tous les gallinac\u00e9s courent bien.<\/span> <span class=\"gts_text\" id=\"gts_text_20\">Ils ne peuvent pas voler loin comme des faucons.<\/span> <span class=\"gts_text\" id=\"gts_text_21\">Ils peuvent seulement voler sur une centaine de m\u00e8tres pour s&#8217;\u00e9carter d&#8217;un danger.<\/span> Ils se d\u00e9placent surtout en <span class=\"gts_text\" id=\"gts_text_22\">marchant et en courant.<\/span> <span class=\"gts_text\" id=\"gts_text_23\">Ils vivent entre 5 \u00e0 8 ans \u00e0 l&#8217;\u00e9tat sauvage et jusqu&#8217;\u00e0 30 ans en captivit\u00e9.<\/span> <span class=\"gts_text\" id=\"gts_text_24\">Ils aiment les for\u00eats et les pr\u00e9s.<\/span> <span class=\"gts_text\" id=\"gts_text_25\">Les m\u00e2les sont plus color\u00e9s que les femelles.<\/span> <span class=\"gts_text\" id=\"gts_text_26\">La plupart des gallinac\u00e9s sont s\u00e9dentaires.<\/span><\/p>\n<p><span class=\"gts_text\" id=\"gts_text_27\">La femelle pond 3 \u00e0 16 oeufs par an.<\/span> <span class=\"gts_text\" id=\"gts_text_28\">Elle construit son nid \u00e0 m\u00eame le sol ou dans des arbres bas.<\/span> <span class=\"gts_text\" id=\"gts_text_29\">Les gallinac\u00e9s mangent des fruits, des graines, des feuilles, des pousses, des fleurs, des tubercules, des racines, des insectes, des escargots, des vers, des l\u00e9zards, des serpents, de petits rongeurs et des oeufs.<\/span> <span class=\"gts_text\" id=\"gts_text_30\">Ils avalent de petites pierres r\u00e9guli\u00e8rement pour les aider \u00e0 dig\u00e9rer leur nourriture.<\/span><\/p>\n<p><span class=\"gts_text\" id=\"gts_text_31\">Les gallinac\u00e9s qui vivent dans les prairies ont de longs cous minces, de longues pattes et de grandes ailes larges.<\/span> C&#8217;est le cas de <span class=\"gts_text\" id=\"gts_text_32\">la dinde sauvage et du faisan noble par exemple.<\/span> <span class=\"gts_text\" id=\"gts_text_33\">Les gallinac\u00e9s herbivores et l\u00e9g\u00e8rement omnivores ont tendance \u00e0 \u00eatre dodus et \u00e0 avoir des becs courts et \u00e9pais.<\/span> <span class=\"gts_text\" id=\"gts_text_34\">Ils se nourrissent \u00e0 m\u00eame le sol.<\/span> <span class=\"gts_text\" id=\"gts_text_35\">Ils raffolent de pousses de bruy\u00e8re.<\/span> <span class=\"gts_text\" id=\"gts_text_36\">Les jeunes gallinac\u00e9s mangent aussi des insectes.<\/span><\/p>\n<p><span class=\"gts_text\" id=\"gts_text_37\">Ils r\u00e9sistent bien au froid.<\/span> <span class=\"gts_text\" id=\"gts_text_38\">Quand il fait froid, ils sont moins actifs pour pr\u00e9server la chaleur de leur corps.<\/span> <span class=\"gts_text\" id=\"gts_text_39\">Ils s&#8217;abritent aussi sous la neige pour conserver la chaleur.<\/span><\/p>\n<p><span class=\"gts_text\" id=\"gts_text_40\">\u00a0<\/span><\/p>\n","protected":false},"excerpt":{"rendered":"<p>Les gallinac\u00e9s (ou galliformes) sont un ordre d&#8217;oiseaux de constitution massive et qui se nourrissent \u00e0 m\u00eame le sol. Ils ont de petites t\u00eates, des pieds solides et ont souvent des becs et des ailes courts. Ils sont des oiseaux comme les poules. Les m\u00e2les adultes ont une sorte de dent pointue au dos de &hellip; <a href=\"https:\/\/www.big-animals.com\/fr\/le-monde-grand-oiseaux\/galliformes\/\" class=\"more-link\">Continue reading <span class=\"screen-reader-text\">Les gallinac\u00e9s<\/span><\/a><\/p>\n","protected":false},"author":1,"featured_media":0,"parent":77,"menu_order":0,"comment_status":"closed","ping_status":"open","template":"","meta":{"_acf_changed":false,"footnotes":""},"acf":[],"_links":{"self":[{"href":"https:\/\/www.big-animals.com\/fr\/wp-json\/wp\/v2\/pages\/107"}],"collection":[{"href":"https:\/\/www.big-animals.com\/fr\/wp-json\/wp\/v2\/pages"}],"about":[{"href":"https:\/\/www.big-animals.com\/fr\/wp-json\/wp\/v2\/types\/page"}],"author":[{"embeddable":true,"href":"https:\/\/www.big-animals.com\/fr\/wp-json\/wp\/v2\/users\/1"}],"replies":[{"embeddable":true,"href":"https:\/\/www.big-animals.com\/fr\/wp-json\/wp\/v2\/comments?post=107"}],"version-history":[{"count":2,"href":"https:\/\/www.big-animals.com\/fr\/wp-json\/wp\/v2\/pages\/107\/revisions"}],"predecessor-version":[{"id":415,"href":"https:\/\/www.big-animals.com\/fr\/wp-json\/wp\/v2\/pages\/107\/revisions\/415"}],"up":[{"embeddable":true,"href":"https:\/\/www.big-animals.com\/fr\/wp-json\/wp\/v2\/pages\/77"}],"wp:attachment":[{"href":"https:\/\/www.big-animals.com\/fr\/wp-json\/wp\/v2\/media?parent=107"}],"curies":[{"name":"wp","href":"https:\/\/api.w.org\/{rel}","templated":true}]}}