{"id":108,"date":"2011-07-03T00:34:41","date_gmt":"2011-07-03T00:34:41","guid":{"rendered":""},"modified":"2015-08-11T18:12:40","modified_gmt":"2015-08-11T18:12:40","slug":"nord-americain-sauvage-dinde","status":"publish","type":"page","link":"https:\/\/www.big-animals.com\/fr\/nord-americain-sauvage-dinde\/","title":{"rendered":"La Dinde Sauvage Nord-Am\u00e9ricaine"},"content":{"rendered":"<p><span id=\"gts_text_1\" class=\"gts_text\">La dinde sauvage nord-am\u00e9ricaine vit en Am\u00e9rique du Nord.<\/span> <span id=\"gts_text_2\" class=\"gts_text\">C&#8217;est l&#8217;esp\u00e8ce des <a class=\" gts_attribute gts_attribute_3_title\" title=\"Galliformes\" href=\"http:\/\/www.big-animals.com\/galliformes\/\">Galliformes<\/a> la plus grande et la plus lourde.<\/span> <span id=\"gts_text_3\" class=\"gts_text\">Elle appartient \u00e0 la m\u00eame esp\u00e8ce que la dinde domestique.<\/span> <span id=\"gts_text_4\" class=\"gts_text\">Des dindes domestiques ou dociles ont \u00e9t\u00e9 apprivois\u00e9es \u00e0 partir de la sous-esp\u00e8ce de la dinde sauvage de la Mexique du Sud.<\/span> <span id=\"gts_text_5\" class=\"gts_text\">Celles sont les dindes domestiques que l&#8217;on sert habituellement aux am\u00e9ricains lors des repas de Thanksgiving et de No\u00ebl.<\/span> <span id=\"gts_text_6\" class=\"gts_text\">Celles-ci sont \u00e9lev\u00e9es dans les fermes.<\/span><\/p>\n<figure id=\"attachment_1446\" aria-describedby=\"caption-attachment-1446\" style=\"width: 300px\" class=\"wp-caption alignleft\"><a href=\"http:\/\/www.big-animals.com\/wp-content\/uploads\/2011\/07\/NorthAmericanWildTurkey.jpg\"><img loading=\"lazy\" decoding=\"async\" class=\"size-medium wp-image-1446 gts_attribute gts_attribute_1_alt gts_attribute_4_title\" title=\"La Dinde sauvage nord-am\u00e9ricaine est un bel oiseau - photographie de Malene Thyssen\" src=\"http:\/\/www.big-animals.com\/wp-content\/uploads\/2011\/07\/NorthAmericanWildTurkey-300x233.jpg\" alt=\"La Dinde sauvage nord-am\u00e9ricaine est un bel oiseau - photographie de Malene Thyssen\" width=\"300\" height=\"233\" \/><\/a><figcaption id=\"caption-attachment-1446\" class=\"wp-caption-text\">The North American Wild Turkey is a beautiful bird &#8211; photograph by Malene Thyssen<\/figcaption><\/figure>\n<p><span id=\"gts_text_7\" class=\"gts_text\">Les dindes sauvages adultes ont de longues pattes, du jaune au vert-gris\u00e2tre, et leurs corps sont noirs.<\/span> <span id=\"gts_text_8\" class=\"gts_text\">Les m\u00e2les s&#8217;appellent les dindons.<\/span> <span id=\"gts_text_9\" class=\"gts_text\">Ils gonflent leurs corps et d\u00e9ploient leurs plumes de queue comme un beau paon.<\/span> <span id=\"gts_text_10\" class=\"gts_text\">Leur grande t\u00eate rouge\u00e2tre n&#8217;a pas de plume, leur gorge est rouge, la gorge et le cou portent des <em>caroncules<\/em> rouges.<\/span> <span id=\"gts_text_11\" class=\"gts_text\">La caroncule est une excroissance de la peau.<\/span> <span id=\"gts_text_12\" class=\"gts_text\">Leur t\u00eate a aussi des croissances charnues appel\u00e9es les <em>caroncules<\/em>.<\/span> <span id=\"gts_text_13\" class=\"gts_text\">Ceux-ci deviennent rouge quand la dinde est d\u00e9rang\u00e9e.<\/span> <span id=\"gts_text_14\" class=\"gts_text\">quand une dinde m\u00e2le est excit\u00e9e, sa t\u00eate devient bleu et quand il est pr\u00eat \u00e0 combattre, elle devient rouge.<\/span> <span id=\"gts_text_15\" class=\"gts_text\">Cet oiseau color\u00e9 est vraiment \u00e9tonnant!<\/span> <span id=\"gts_text_16\" class=\"gts_text\">Chacune de ses pattes a trois orteils et les m\u00e2les ont une arme sp\u00e9ciale appel\u00e9e <em>l&#8217;ergot<\/em> \u00e0 l&#8217;arri\u00e8re de chaque patte.<\/span> <span id=\"gts_text_17\" class=\"gts_text\">L&#8217;ergot est utilis\u00e9 pendant un combat.<\/span> On appelle le <span id=\"gts_text_18\" class=\"gts_text\">long objet charnu au-dessus du bec des m\u00e2les une <em>pendeloque<\/em>.<\/span> <span id=\"gts_text_19\" class=\"gts_text\">La pendeloque devient un rouge \u00e9clatant quand il est d\u00e9rang\u00e9.<\/span><\/p>\n<p><span id=\"gts_text_20\" class=\"gts_text\">Les dindes sauvages ont une longue queue fonc\u00e9e en forme d&#8217;h\u00e9lice et des ailes brillantes, couleur de bronze.<\/span> <span id=\"gts_text_21\" class=\"gts_text\">Les plumes des m\u00e2les sont de toutes sortes de couleurs.<\/span> <span id=\"gts_text_22\" class=\"gts_text\">Certains endroits sont rouges, pourpre, vert, couleur cuivre, couleur bronze et certains endroits ressemblent m\u00eame \u00e0 de l&#8217;or sous certains angles.<\/span> <span id=\"gts_text_23\" class=\"gts_text\">La dinde femelle s&#8217;appelle la dinde.<\/span> <span id=\"gts_text_24\" class=\"gts_text\">Elles ont moins de couleur brillante.<\/span> <span id=\"gts_text_25\" class=\"gts_text\">Ils sont normalement bruns et gris.<\/span> <span id=\"gts_text_26\" class=\"gts_text\">Les dindes ont entre 5000 et 6000 plumes.<\/span> <span id=\"gts_text_27\" class=\"gts_text\">Les plumes de queue des dindes adultes sont de la m\u00eame longueur, mais celles des jeunes sont de tailles diff\u00e9rentes.<\/span><\/p>\n<figure id=\"attachment_1448\" aria-describedby=\"caption-attachment-1448\" style=\"width: 300px\" class=\"wp-caption alignright\"><a href=\"http:\/\/www.big-animals.com\/wp-content\/uploads\/2011\/07\/Wild_turkey_and_human.png\"><img loading=\"lazy\" decoding=\"async\" class=\"size-medium wp-image-1448 gts_attribute gts_attribute_2_alt gts_attribute_5_title\" title=\"La dinde Nord-Am\u00e9ricaine et l'homme.\" src=\"http:\/\/www.big-animals.com\/wp-content\/uploads\/2011\/07\/Wild_turkey_and_human-300x273.png\" alt=\"La Turquie nord-am\u00e9ricaine et l'homme.\" width=\"300\" height=\"273\" \/><\/a><figcaption id=\"caption-attachment-1448\" class=\"wp-caption-text\">North American Wild Turkey and Human<\/figcaption><\/figure>\n<p><span id=\"gts_text_28\" class=\"gts_text\">Les dindes m\u00e2les portent souvent une \u00ab\u00a0barbe\u00a0\u00bb, une touffe de poils poussant au centre de leur poitrine.<\/span> <span id=\"gts_text_29\" class=\"gts_text\">Les barbes mesurent environ 230mm (8 pouces) de longueur.<\/span> <span id=\"gts_text_30\" class=\"gts_text\">Ce qui est dr\u00f4le, c&#8217;est que certaines femelles ont aussi une barbe, g\u00e9n\u00e9ralement plus courte et plus fine.<\/span><\/p>\n<p><span id=\"gts_text_31\" class=\"gts_text\">L&#8217;adulte <\/span><span id=\"gts_text_31\" class=\"gts_text\">m\u00e2le <\/span><span id=\"gts_text_31\" class=\"gts_text\">p\u00e8se entre entre 5 et 11kg (11-24 livres) et mesure entre 100 et 125cm (39-49pouces) <\/span><span id=\"gts_text_31\" class=\"gts_text\">de longeur<\/span><span id=\"gts_text_31\" class=\"gts_text\">.<\/span> <span id=\"gts_text_32\" class=\"gts_text\">L&#8217;adulte<\/span><span id=\"gts_text_32\" class=\"gts_text\"> femelle<\/span><span id=\"gts_text_32\" class=\"gts_text\"> est beaucoup plus petite.<\/span> <span id=\"gts_text_33\" class=\"gts_text\">Elle p\u00e8se de 3 \u00e0 5,4 kg (6,6-12 livres) et mesure entre 76 et 95 cm de longueur.<\/span> <span id=\"gts_text_34\" class=\"gts_text\">Ils ont un envergure entre 1,25 et 1,44m (49-57 pouces).<\/span><\/p>\n<p><span id=\"gts_text_35\" class=\"gts_text\">Bien qu&#8217;ils soient lourds, ils volent bien &#8211; contrairement aux dindes domestiques qui ne peuvent pas voler.<\/span> <span id=\"gts_text_36\" class=\"gts_text\">S&#8217;ils sentent un danger, ils se mettent \u00e0 voler ou \u00e0 courir.<\/span> <span id=\"gts_text_37\" class=\"gts_text\">Ils vivent dans les for\u00eats d&#8217;Am\u00e9rique du Nord.<\/span> <span id=\"gts_text_38\" class=\"gts_text\">Ils produisent toutes sortes de sons comme des glouglou, des gloussements, des &#8220;puuut&#8221;, des ronronnements, des jappements, des cot-cot, des g\u00e9missements, des caquetages et des &#8220;kiii kiii&#8221;.<\/span><\/p>\n<p><span id=\"gts_text_39\" class=\"gts_text\">Les dindes sauvages sont omnivores.<\/span> <span id=\"gts_text_40\" class=\"gts_text\">Ils passent leurs jours \u00e0 chasser leur nourriture, cherchant des glands, des graines, de petits insectes et des baies sauvages.<\/span> <span id=\"gts_text_41\" class=\"gts_text\">Ils cherchent la nourriture sur des arbres petits et bas.<\/span> <span id=\"gts_text_42\" class=\"gts_text\">Parfois, ils finissent par manger des amphibies et des petits reptiles comme des l\u00e9zards et des serpents.<\/span> <span id=\"gts_text_43\" class=\"gts_text\">Ils passent leurs nuits sur les branches basses des arbres.<\/span><\/p>\n<p><span id=\"gts_text_44\" class=\"gts_text\">La femelle cherche toujours un bon endroit o\u00f9 construire son nid.<\/span> <span id=\"gts_text_45\" class=\"gts_text\">Souvent, elle choisit de construire son nid sous un buisson dans les bois.<\/span> <span id=\"gts_text_46\" class=\"gts_text\">Elle peut pondre entre 10 et 14 \u0153ufs bruns tachet\u00e9s.<\/span> <span id=\"gts_text_47\" class=\"gts_text\">En g\u00e9n\u00e9ral, elle ne pond qu&#8217;un seul \u0153uf par jour.<\/span> <span id=\"gts_text_48\" class=\"gts_text\">Les \u0153ufs sont couv\u00e9s pendant au moins 28 jours.<\/span> <span id=\"gts_text_49\" class=\"gts_text\">Les b\u00e9b\u00e9s \u00e9clos s&#8217;appellent des dindonneaux.<\/span> <span id=\"gts_text_50\" class=\"gts_text\">Les dindonneaux sont couverts de plumes fines et ils sont capables de se d\u00e9placer d\u00e8s qu&#8217;ils sont sortis de l\u2019\u0153uf.<\/span> <span id=\"gts_text_51\" class=\"gts_text\">Ainsi, ils abandonnent le nid peu de temps apr\u00e8s la ponte, environ 12 \u00e0 24 heures plus tard.<\/span> <span id=\"gts_text_52\" class=\"gts_text\">Pendant les deux premi\u00e8res semaines les dindonneaux sont incapables de voler.<\/span> <span id=\"gts_text_53\" class=\"gts_text\">Les ratons laveurs, les mouffettes ray\u00e9es, les renards gris et les serpents ratiers se r\u00e9galent en mangeant leurs \u0153ufs.<\/span> <span id=\"gts_text_54\" class=\"gts_text\">Les pr\u00e9dateurs des jeunes et des adultes sont les coyotes, les chats sauvages, les aigles d&#8217;or et les chiens.<\/span> <span id=\"gts_text_55\" class=\"gts_text\">Nous, les humains, sommes aujourd&#8217;hui le principal pr\u00e9dateur des dindes sauvages adultes.<\/span><\/p>\n<p><span id=\"gts_text_56\" class=\"gts_text\">La population des dindes sauvages nord-am\u00e9ricaines a diminu\u00e9 au d\u00e9but du 20\u00e8me si\u00e8cle \u00e0 cause de la chasse et la destruction des habitats.<\/span> <span id=\"gts_text_57\" class=\"gts_text\">Cependant, des efforts ont \u00e9t\u00e9 d\u00e9ploy\u00e9s pour prot\u00e9ger et encourager l&#8217;\u00e9levage des dindes sauvages nord-am\u00e9ricaines qui ont surv\u00e9cu.<\/span><\/p>\n<p><span id=\"gts_text_58\" class=\"gts_text\">\u00a0<\/span><\/p>\n","protected":false},"excerpt":{"rendered":"<p>La dinde sauvage nord-am\u00e9ricaine vit en Am\u00e9rique du Nord. C&#8217;est l&#8217;esp\u00e8ce des Galliformes la plus grande et la plus lourde. Elle appartient \u00e0 la m\u00eame esp\u00e8ce que la dinde domestique. Des dindes domestiques ou dociles ont \u00e9t\u00e9 apprivois\u00e9es \u00e0 partir de la sous-esp\u00e8ce de la dinde sauvage de la Mexique du Sud. Celles sont les &hellip; <a href=\"https:\/\/www.big-animals.com\/fr\/nord-americain-sauvage-dinde\/\" class=\"more-link\">Continue reading <span class=\"screen-reader-text\">La Dinde Sauvage Nord-Am\u00e9ricaine<\/span><\/a><\/p>\n","protected":false},"author":1,"featured_media":0,"parent":0,"menu_order":0,"comment_status":"closed","ping_status":"open","template":"","meta":{"_acf_changed":false,"footnotes":""},"acf":[],"_links":{"self":[{"href":"https:\/\/www.big-animals.com\/fr\/wp-json\/wp\/v2\/pages\/108"}],"collection":[{"href":"https:\/\/www.big-animals.com\/fr\/wp-json\/wp\/v2\/pages"}],"about":[{"href":"https:\/\/www.big-animals.com\/fr\/wp-json\/wp\/v2\/types\/page"}],"author":[{"embeddable":true,"href":"https:\/\/www.big-animals.com\/fr\/wp-json\/wp\/v2\/users\/1"}],"replies":[{"embeddable":true,"href":"https:\/\/www.big-animals.com\/fr\/wp-json\/wp\/v2\/comments?post=108"}],"version-history":[{"count":2,"href":"https:\/\/www.big-animals.com\/fr\/wp-json\/wp\/v2\/pages\/108\/revisions"}],"predecessor-version":[{"id":568,"href":"https:\/\/www.big-animals.com\/fr\/wp-json\/wp\/v2\/pages\/108\/revisions\/568"}],"wp:attachment":[{"href":"https:\/\/www.big-animals.com\/fr\/wp-json\/wp\/v2\/media?parent=108"}],"curies":[{"name":"wp","href":"https:\/\/api.w.org\/{rel}","templated":true}]}}