{"id":109,"date":"2011-07-03T08:51:17","date_gmt":"2011-07-03T08:51:17","guid":{"rendered":""},"modified":"2011-07-03T08:51:17","modified_gmt":"2011-07-03T08:51:17","slug":"vert-peafowl","status":"publish","type":"page","link":"https:\/\/www.big-animals.com\/fr\/vert-peafowl\/","title":{"rendered":"Peafowl vert"},"content":{"rendered":"<figure id=\"attachment_1451\" aria-describedby=\"caption-attachment-1451\" style=\"width: 300px\" class=\"wp-caption alignleft\"><a href=\"http:\/\/www.big-animals.com\/wp-content\/uploads\/2011\/07\/Green_Peafowl.jpg\"><img loading=\"lazy\" decoding=\"async\" class=\"size-medium wp-image-1451 gts_attribute gts_attribute_1_alt gts_attribute_3_title\" title=\"Le Peafowl vert - photographie de JJ Harrison\" src=\"http:\/\/www.big-animals.com\/wp-content\/uploads\/2011\/07\/Green_Peafowl-300x199.jpg\" alt=\"Le Peafowl vert - photographie de JJ Harrison\" width=\"300\" height=\"199\" \/><\/a><figcaption id=\"caption-attachment-1451\" class=\"wp-caption-text\">The Green Peafowl - photograph by JJ Harrison<\/figcaption><\/figure>\n<p><span id=\"gts_text_1\" class=\"gts_text\">Le Peafowl vert a la plus grande envergure de tout <a title=\"Les plus grands oiseaux du monde !\" href=\"http:\/\/www.big-animals.com\/the-worlds-biggest-birds\/\" class=\" gts_attribute gts_attribute_5_title\">oiseau de<\/a> <a title=\"Galliformes\" href=\"http:\/\/www.big-animals.com\/galliformes\/\" class=\" gts_attribute gts_attribute_4_title\">galliforme<\/a>.<\/span> <span id=\"gts_text_2\" class=\"gts_text\">Le m\u00e2le adulte peut \u00eatre jusqu&apos;\u00e0 3 m\u00e8tres (10 pieds) de longeur, y compris le <em>train<\/em> &#8211; les longues plumes de queue &#8211; et il p\u00e8se jusqu&apos;\u00e0 5kg (11 livres).<\/span> <span id=\"gts_text_3\" class=\"gts_text\">La femelle est de 1,1 m (3.5ft) de longeur et p\u00e8se environ 2.4kg (5 livres).<\/span> <span id=\"gts_text_4\" class=\"gts_text\">Il a une grande envergure environ 1.2m (4 pieds).<\/span> <span id=\"gts_text_5\" class=\"gts_text\">Il peut voler de longues distances.<\/span><\/p>\n<p><span id=\"gts_text_6\" class=\"gts_text\">Il se trouve dans des for\u00eats tropicales d&apos;Asie du Sud-Est, par exemple, en Malaisie et Java.<\/span> <span id=\"gts_text_7\" class=\"gts_text\">On le lie \u00e9troitement au Peafowl indien ou au Peafowl bleu qui peuvent \u00eatre trouv\u00e9s en Inde.<\/span> <span id=\"gts_text_8\" class=\"gts_text\">Quant \u00e0 leurs cousins bleus, le Peafowl vert masculin s&apos;appelle paon, et la femelles s&apos;appelle paonne.<\/span><\/p>\n<figure id=\"attachment_1452\" aria-describedby=\"caption-attachment-1452\" style=\"width: 226px\" class=\"wp-caption alignright\"><a href=\"http:\/\/www.big-animals.com\/wp-content\/uploads\/2011\/07\/Green_Peafowl_and_Human.png\"><img loading=\"lazy\" decoding=\"async\" class=\"size-medium wp-image-1452 gts_attribute gts_attribute_2_alt gts_attribute_6_title\" title=\"Peafowl vert et humain\" src=\"http:\/\/www.big-animals.com\/wp-content\/uploads\/2011\/07\/Green_Peafowl_and_Human-226x300.png\" alt=\"Peafowl vert et humain\" width=\"226\" height=\"300\" \/><\/a><figcaption id=\"caption-attachment-1452\" class=\"wp-caption-text\">Green Peafowl and Human<\/figcaption><\/figure>\n<p><span id=\"gts_text_9\" class=\"gts_text\">Le Peafowl vert masculin est plus lumineux en couleur que le Peafowl vert femelle.<\/span> <span id=\"gts_text_10\" class=\"gts_text\">Les femelles sont plus mates et manquent de triangle aux plumes vertes \u00e0 l&apos;\u00e9paule d&apos;aile.<\/span> <span id=\"gts_text_11\" class=\"gts_text\">Sa partie inf\u00e9rieure du corps est de couleur noir\u00e2tre-brune et elle a une queue aux lignes onduleuses et p\u00e2les.<\/span> <span id=\"gts_text_12\" class=\"gts_text\">Les m\u00e2les a un longue, droite cr\u00eate, des plumes lumineuses d&apos;une verte brillante avec les \u00e9cailles noir\u00e2tres et des ailes noir\u00e2tre-brunes.<\/span> <span id=\"gts_text_13\" class=\"gts_text\">Les m\u00e2les et les femelles ont de cr\u00eates dirig\u00e9es par queue, longues jambes, ailes lourdes et longues queues.<\/span><\/p>\n<p><span id=\"gts_text_14\" class=\"gts_text\">Les femelles nichent au sol et pondent entre 3 \u00e0 5 oeufs chaque fois.<\/span> <span id=\"gts_text_15\" class=\"gts_text\">C&apos;est la m\u00e8re qui prend toute responsabilit\u00e9 de s&apos;occuper de ses poussins.<\/span> <span id=\"gts_text_16\" class=\"gts_text\">D&apos;habitude ils se trouvent sur terre ou proche de la terre parmi des herbes hautes.<\/span> <span id=\"gts_text_17\" class=\"gts_text\">Ils se reposeront dans les arbres qui sont aussi hauts que 10 \u00e0 15m (33-50 pieds).<\/span> <span id=\"gts_text_18\" class=\"gts_text\">Les m\u00e2les appelleront de leur lieu de repos \u00e0 l&apos;aube et au cr\u00e9puscule.<\/span><\/p>\n<p><span id=\"gts_text_19\" class=\"gts_text\">Ils mangent de fruits, invert\u00e9br\u00e9s, reptiles et autres petits animaux.<\/span> <span id=\"gts_text_20\" class=\"gts_text\">Ils sont m\u00eame capables de chasser des serpents venimeux.<\/span> <span id=\"gts_text_21\" class=\"gts_text\">Ainsi, c&apos;est bien d&apos;en avoir un dans votre arri\u00e8re-cour pour \u00e9loigner des serpents !<\/span> <span id=\"gts_text_22\" class=\"gts_text\">Les tiques, termites, p\u00e9tales de fleur, bourgeonne des feuilles et baies sont \u00e9galement des nourritures pr\u00e9f\u00e9r\u00e9es du Peafowl vert adulte.<\/span> <span id=\"gts_text_23\" class=\"gts_text\">Leurs pr\u00e9dateurs sont le l\u00e9opard opacifi\u00e9, le chat de jungle et le chat de p\u00eache.<\/span><\/p>\n<p><span id=\"gts_text_24\" class=\"gts_text\">Le Peafowl vert est esp\u00e8ce menac\u00e9e parce que beaucoup de gens les ont chass\u00e9s pour leur viande et plumes, leurs oeufs et poussins, et aussi parce que leur habitat est r\u00e9duit.<\/span> <span id=\"gts_text_25\" class=\"gts_text\">Malheureusement, des agriculteurs en Chine et en Tha\u00eflande le consid\u00e8rent comme ravageur, ainsi ils essayent de l&apos;empoisonner.<\/span><\/p>\n<p><span id=\"gts_text_26\" class=\"gts_text\">\u00a0<\/span><\/p>\n<p><span id=\"gts_text_27\" class=\"gts_text\">\u00a0<\/span><\/p>\n","protected":false},"excerpt":{"rendered":"<p><html><head><\/head><body><\/body><\/html><\/p>\n","protected":false},"author":1,"featured_media":0,"parent":0,"menu_order":0,"comment_status":"closed","ping_status":"open","template":"","meta":{"_acf_changed":false,"footnotes":""},"acf":[],"_links":{"self":[{"href":"https:\/\/www.big-animals.com\/fr\/wp-json\/wp\/v2\/pages\/109"}],"collection":[{"href":"https:\/\/www.big-animals.com\/fr\/wp-json\/wp\/v2\/pages"}],"about":[{"href":"https:\/\/www.big-animals.com\/fr\/wp-json\/wp\/v2\/types\/page"}],"author":[{"embeddable":true,"href":"https:\/\/www.big-animals.com\/fr\/wp-json\/wp\/v2\/users\/1"}],"replies":[{"embeddable":true,"href":"https:\/\/www.big-animals.com\/fr\/wp-json\/wp\/v2\/comments?post=109"}],"version-history":[{"count":0,"href":"https:\/\/www.big-animals.com\/fr\/wp-json\/wp\/v2\/pages\/109\/revisions"}],"wp:attachment":[{"href":"https:\/\/www.big-animals.com\/fr\/wp-json\/wp\/v2\/media?parent=109"}],"curies":[{"name":"wp","href":"https:\/\/api.w.org\/{rel}","templated":true}]}}