{"id":11,"date":"2011-05-09T08:58:53","date_gmt":"2011-05-09T08:58:53","guid":{"rendered":""},"modified":"2016-04-08T10:32:49","modified_gmt":"2016-04-08T10:32:49","slug":"le-anonyme-geant-cote-rican-velours-ver","status":"publish","type":"page","link":"https:\/\/www.big-animals.com\/fr\/le-anonyme-geant-cote-rican-velours-ver\/","title":{"rendered":"Le p\u00e9ripate anonyme, un g\u00e9ant costaricien"},"content":{"rendered":"<p><a href=\"http:\/\/www.big-animals.com\/fr\/le-monde-grand-velours-vers\/\">Les Onycophora, p\u00e9ripates<\/a>\u00a0ou ver de velours (traduction litt\u00e9rale du nom anglais) sont un groupe d&#8217;animaux qui sont si diff\u00e9rents des autres animaux que les scientifiques leur ont donn\u00e9 leur propre embranchement ou\u00a0phylum (appel\u00e9 Onychophora). La plupart d&#8217;entre eux mesurent de trois\u00a0\u00e0 cinq\u00a0centim\u00e8tres de long (un pouce ou deux), mais le plus grand est un \u00e9norme monstre &#8211; il peut mesurer\u00a0jusqu&#8217;\u00e0 22 cm (9 pouces) de long ! Les b\u00e9b\u00e9s de cette\u00a0esp\u00e8ce sont plus grands que les adultes de la plupart des autres esp\u00e8ces du m\u00eame embranchement\u00a0!<\/p>\n<p>Ce p\u00e9ripate gigantesque vit dans les jungles du Costa Rica, et ne pond pas d&#8217;\u0153ufs. Vous pouvez en voir une <a href=\"http:\/\/rbt.biologia.ucr.ac.cr\/attachments\/onicof\/photos\/photos.htm\">image ici.<\/a>\u00a0Il\u00a0a \u00e9t\u00e9 d\u00e9couvert par un biologiste appel\u00e9 Alejandro Sol\u00f3rzano.<\/p>\n<p>La question que vous vous posez peut-\u00eatre\u00a0&#8211; comment\u00a0s&#8217;appelle\u00a0cet\u00a0\u00e9norme p\u00e9ripate ? Et la mauvaise nouvelle est &#8211; la pauvre cr\u00e9ature n&#8217;a pas de nom ! Officieusement, les experts en la mati\u00e8re l&#8217;appellent le ver de velours\u00a0g\u00e9ant (traduction litt\u00e9rale du nom anglais). Cependant, ceci ne peut pas \u00eatre son nom officiel tant qu&#8217;un scientifique n&#8217;a pas pris le temps d&#8217;\u00e9tudier la cr\u00e9ature, et d&#8217;\u00e9crire un essai \u00e0 son sujet pour la communaut\u00e9 scientifique. Dans cet essai, le scientifique d\u00e9cidera du nom officiel de\u00a0ce p\u00e9ripate\u00a0g\u00e9ant. Lui ou elle pourrait l&#8217;appeler \u00ab\u00a0le ver de velours g\u00e9ant\u00a0\u00bb, mais ils pourraient de la m\u00eame fa\u00e7on\u00a0facilement l&#8217;appeler \u00ab\u00a0le ver de velours de Sol\u00f3rzano\u00a0\u00bb. Jusqu&#8217;\u00e0 ce qu&#8217;un scientifique \u00e9crive cet essai, cette malheureuse merveille costaricienne demeurera sans nom !<\/p>\n","protected":false},"excerpt":{"rendered":"<p>Les Onycophora, p\u00e9ripates\u00a0ou ver de velours (traduction litt\u00e9rale du nom anglais) sont un groupe d&#8217;animaux qui sont si diff\u00e9rents des autres animaux que les scientifiques leur ont donn\u00e9 leur propre embranchement ou\u00a0phylum (appel\u00e9 Onychophora). La plupart d&#8217;entre eux mesurent de trois\u00a0\u00e0 cinq\u00a0centim\u00e8tres de long (un pouce ou deux), mais le plus grand est un \u00e9norme &hellip; <a href=\"https:\/\/www.big-animals.com\/fr\/le-anonyme-geant-cote-rican-velours-ver\/\" class=\"more-link\">Continue reading <span class=\"screen-reader-text\">Le p\u00e9ripate anonyme, un g\u00e9ant costaricien<\/span><\/a><\/p>\n","protected":false},"author":1,"featured_media":0,"parent":0,"menu_order":0,"comment_status":"closed","ping_status":"open","template":"","meta":{"_acf_changed":false,"footnotes":""},"acf":[],"_links":{"self":[{"href":"https:\/\/www.big-animals.com\/fr\/wp-json\/wp\/v2\/pages\/11"}],"collection":[{"href":"https:\/\/www.big-animals.com\/fr\/wp-json\/wp\/v2\/pages"}],"about":[{"href":"https:\/\/www.big-animals.com\/fr\/wp-json\/wp\/v2\/types\/page"}],"author":[{"embeddable":true,"href":"https:\/\/www.big-animals.com\/fr\/wp-json\/wp\/v2\/users\/1"}],"replies":[{"embeddable":true,"href":"https:\/\/www.big-animals.com\/fr\/wp-json\/wp\/v2\/comments?post=11"}],"version-history":[{"count":7,"href":"https:\/\/www.big-animals.com\/fr\/wp-json\/wp\/v2\/pages\/11\/revisions"}],"predecessor-version":[{"id":571,"href":"https:\/\/www.big-animals.com\/fr\/wp-json\/wp\/v2\/pages\/11\/revisions\/571"}],"wp:attachment":[{"href":"https:\/\/www.big-animals.com\/fr\/wp-json\/wp\/v2\/media?parent=11"}],"curies":[{"name":"wp","href":"https:\/\/api.w.org\/{rel}","templated":true}]}}