{"id":110,"date":"2011-10-17T22:46:57","date_gmt":"2011-10-17T22:46:57","guid":{"rendered":""},"modified":"2014-06-24T17:18:31","modified_gmt":"2014-06-24T17:18:31","slug":"le-kangourou-roux-le-plus-grand-marsupial-du-monde","status":"publish","type":"page","link":"https:\/\/www.big-animals.com\/fr\/le-kangourou-roux-le-plus-grand-marsupial-du-monde\/","title":{"rendered":"Le kangourou roux &#8211; le plus grand marsupial du monde !"},"content":{"rendered":"<h3><span id=\"gts_text_1\" class=\"gts_text\">Quelle\u00a0taille fait le kangourou roux?<\/span><\/h3>\n<p><span style=\"float: left\"><img decoding=\"async\" class=\" gts_attribute gts_attribute_1_alt\" src=\"http:\/\/ba.dr-mikes-maths.com\/\/wp-content\/themes\/twentyten\/images\/ba\/red-kangaroo-and-human.png\" alt=\"Le kangourou rouge et l'\u00eatre humain.\" \/><\/span><\/p>\n<p><span id=\"gts_text_2\" class=\"gts_text\">\u00a0<\/span><\/p>\n<p><span id=\"gts_text_3\" class=\"gts_text\">\u00a0<\/span><\/p>\n<p><span id=\"gts_text_4\" class=\"gts_text\">\u00a0<\/span><\/p>\n<p><span id=\"gts_text_5\" class=\"gts_text\">\u00a0<\/span><\/p>\n<p><span id=\"gts_text_6\" class=\"gts_text\">\u00a0<\/span><\/p>\n<p><span id=\"gts_text_7\" class=\"gts_text\">\u00a0<\/span><\/p>\n<p><span id=\"gts_text_8\" class=\"gts_text\">\u00a0<\/span><\/p>\n<p><span id=\"gts_text_9\" class=\"gts_text\">\u00a0<\/span><\/p>\n<p><span id=\"gts_text_10\" class=\"gts_text\">\u00a0<\/span><\/p>\n<p><span id=\"gts_text_11\" class=\"gts_text\">\u00a0<\/span><\/p>\n<p><span id=\"gts_text_12\" class=\"gts_text\">\u00a0<\/span><\/p>\n<p><span id=\"gts_text_13\" class=\"gts_text\">\u00a0<\/span><\/p>\n<p><span id=\"gts_text_14\" class=\"gts_text\">\u00a0<\/span><\/p>\n<p><span id=\"gts_text_15\" class=\"gts_text\">\u00a0<\/span><\/p>\n<p><span id=\"gts_text_16\" class=\"gts_text\">Le kangourou roux\u00a0est le plus grand <a title=\"Les plus grands marsupiaux du monde !\" href=\"http:\/\/www.big-animals.com\/fr\/les-plus-grands-marsupiaux-du-monde\/\">marsupial<\/a>\u00a0du monde.<\/span> <span id=\"gts_text_17\" class=\"gts_text\">Un kangourou roux\u00a0de taille moyenne fait\u00a0environ 1,5 m\u00e8tres de haut, un peu plus petit qu&#8217;un \u00eatre humain de taille moyenne. S<\/span><span id=\"gts_text_18\" class=\"gts_text\">ouvent, ils mesurent\u00a0jusqu&#8217;\u00e0\u00a050 centim\u00e8tres de plus.<\/span> <span id=\"gts_text_19\" class=\"gts_text\">Un adulte m\u00e2le peut peser jusqu&#8217;\u00e0 85 kilogrammes, mais les m\u00e2les\u00a0p\u00e8sent en\u00a0moyenne 25%\u00a0de moins que cela.<\/span><\/p>\n<h3><span id=\"gts_text_20\" class=\"gts_text\">L&#8217;habitat du kangourou\u00a0roux<\/span><\/h3>\n<p><span id=\"gts_text_21\" class=\"gts_text\">On trouve plusieurs\u00a0types de kangourou en Australie.<\/span> <span id=\"gts_text_22\" class=\"gts_text\">Le kangourou roux est le plus grand et vit dans les d\u00e9serts secs du nord.<\/span> <span id=\"gts_text_23\" class=\"gts_text\">Il maintient son corps au frais en restant \u00e0 l&#8217;ombre et en restant inactif quand il fait chaud; il est principalement\u00a0en activit\u00e9 pendant la nuit, et notamment au lever et au coucher du soleil.<\/span>\u00a0De plus, i<span id=\"gts_text_24\" class=\"gts_text\">l hal\u00e8te, comme les chiens, et se l\u00e8che les pattes avant.<\/span><\/p>\n<p><span id=\"gts_text_25\" class=\"gts_text\">Comme tous les kangourous, le kangourou roux\u00a0se nourrit\u00a0de plantes.<\/span>\u00a0Il pr\u00e9f\u00e8re manger\u00a0<span id=\"gts_text_26\" class=\"gts_text\">des herbes et des petites plantes.<\/span> <span id=\"gts_text_27\" class=\"gts_text\">Son corps retient\u00a0tr\u00e8s bien l&#8217;eau, donc il obtient assez d&#8217;eau avec\u00a0la nourriture qu&#8217;il ing\u00e8re pour couvrir ses besoins.<\/span> <span id=\"gts_text_28\" class=\"gts_text\">En effet, tant qu&#8217;il a de quoi se nourrir, il peut survivre pendant de longues p\u00e9riodes sans boire.<\/span><\/p>\n<h3><span id=\"gts_text_29\" class=\"gts_text\">Faits sur le\u00a0kangourou roux<\/span><\/h3>\n<p><span id=\"gts_text_30\" class=\"gts_text\">Les scientifiques donnent au\u00a0kangourou roux le nom de\u00a0<\/span><span style=\"font-style: italic\"><span id=\"gts_text_31\" class=\"gts_text\">Macropus Rufus<\/span><\/span><span id=\"gts_text_32\" class=\"gts_text\">\u00a0qui signifie \u00ab grand pied rouge\u00a0\u00bb.<\/span> <span id=\"gts_text_33\" class=\"gts_text\">Il existe\u00a014 esp\u00e8ces\u00a0diff\u00e9rentes de<\/span> <span style=\"font-style: italic\"><span id=\"gts_text_34\" class=\"gts_text\">Macropus<\/span><\/span><span id=\"gts_text_35\" class=\"gts_text\">, y compris toutes les esp\u00e8ces diff\u00e9rentes de kangourous, de wallaby et de wallaroos.<\/span> <span id=\"gts_text_36\" class=\"gts_text\">Tous les wallaby et les wallaroos ressemblent beaucoup\u00a0aux kangourous.<\/span><br \/>\n<span style=\"float: right\"><img decoding=\"async\" class=\" gts_attribute gts_attribute_2_alt\" src=\"http:\/\/ba.dr-mikes-maths.com\/\/wp-content\/themes\/twentyten\/images\/ba\/red-kangaroo-2.jpg\" alt=\"Une paire de kangourous rouges.\" \/><\/span><br \/>\n<span id=\"gts_text_37\" class=\"gts_text\">Ils appartiennent tous \u00e0 la\u00a0famille des\u00a0<\/span><span style=\"font-style: italic\"><span id=\"gts_text_38\" class=\"gts_text\">Macropodidae<\/span><\/span><span id=\"gts_text_39\" class=\"gts_text\">, qui signifie \u00e9galement \u00ab grand pied\u00a0\u00bb.<\/span> <span id=\"gts_text_40\" class=\"gts_text\">Toutes ces cr\u00e9atures ont de longs pieds et se d\u00e9placent toujours en sautant, mais beaucoup ne ressemblent pas \u00e0 des kangourous.<\/span> <span id=\"gts_text_41\" class=\"gts_text\">En effet, les premiers explorateurs n\u00e9erlandais ont appel\u00e9 une certaine \u00eele au large de l&#8217;Australie occidentale le \u00ab\u00a0nid de rats\u00a0\u00bb parce qu&#8217;ils y ont trouv\u00e9 \u00e9norm\u00e9ment d&#8217;\u00ab\u00a0Quokkas \u00bb, un Macropode de taille moyenne.<\/span><\/p>\n<p><span id=\"gts_text_42\" class=\"gts_text\">La famille Macropodidae appartient \u00e0 l&#8217;ordre<\/span> <span style=\"font-style: italic\"><span id=\"gts_text_43\" class=\"gts_text\">Diprotodontia<\/span><\/span><span id=\"gts_text_44\" class=\"gts_text\">, signifiant \u00ab\u00a0deux dents de devant\u00bb.<\/span> <span id=\"gts_text_45\" class=\"gts_text\">Ceux-ci incluent tous les marsupiaux les plus c\u00e9l\u00e8bres &#8211; les kangourous, les koalas, les wombats, les opossums et bien d&#8217;autres.<\/span> <span id=\"gts_text_46\" class=\"gts_text\">Ainsi, le kangourou roux est:<\/span><\/p>\n<ul>\n<li><span id=\"gts_text_47\" class=\"gts_text\">Le plus grand parmi les\u00a014 esp\u00e8ces de\u00a0kangourou, de wallaby et de wallaroo du monde entier,<\/span><\/li>\n<li><span id=\"gts_text_48\" class=\"gts_text\">Le plus grand parmi environ\u00a047 esp\u00e8ces\u00a0de Macropodes du monde entier,<\/span><\/li>\n<li><span id=\"gts_text_49\" class=\"gts_text\">Le plus grand parmi environ\u00a0120 esp\u00e8ces\u00a0de<\/span> <span style=\"font-style: italic\"><span id=\"gts_text_50\" class=\"gts_text\">Diprotodontia\u00a0<\/span><\/span><span id=\"gts_text_51\" class=\"gts_text\">du monde entier<\/span><\/li>\n<\/ul>\n<p><span id=\"gts_text_52\" class=\"gts_text\">ainsi que le plus grand marsupial du monde entier.<\/span> <span id=\"gts_text_53\" class=\"gts_text\">Ce n&#8217;est pas le plus grand <a title=\"Les plus grands mammif\u00e8res du monde !\" href=\"http:\/\/www.big-animals.com\/fr\/les-plus-grands-mammiferes-du-monde\/\">mammif\u00e8re<\/a> ou m\u00eame le plus grand mammif\u00e8re terrestre.<\/span> <span id=\"gts_text_54\" class=\"gts_text\">Ces honneurs reviennent \u00a0respectivement\u00a0\u00e0 la <a title=\"La baleine bleue \u2013 le plus grand animal de tous les temps !\" href=\"http:\/\/www.big-animals.com\/fr\/la-baleine-bleue-le-plus-grand-animal-de-tous-les-temps\/\">baleine bleue<\/a> et \u00e0 l&#8217;<a title=\"L\u2019\u00e9l\u00e9phant de savane d\u2019Afrique \u2013 le plus grand animal terrestre du monde !\" href=\"http:\/\/www.big-animals.com\/fr\/proboscidea\/le-africain-bush-elephant-le-monde-grand-terre-animal\/\">\u00e9l\u00e9phant africain de Bush<\/a> respectivement.<\/span><\/p>\n<h3><span id=\"gts_text_55\" class=\"gts_text\">Les sauts du kangourou\u00a0roux<\/span><\/h3>\n<p><span id=\"gts_text_56\" class=\"gts_text\">Le kangourou fait des sauts \u00e9tonnants.<\/span> <span id=\"gts_text_57\" class=\"gts_text\">Il est capable de\u00a0sauter par dessus une barri\u00e8re de 3 m\u00e8tres de hauteur et ses bonds peuvent atteindre plus de 5 m\u00e8tres de long.<\/span> <span id=\"gts_text_58\" class=\"gts_text\">Ces sauts impressionnants ont m\u00eame inspir\u00e9 des po\u00e8tes, y compris l&#8217;un de mes po\u00e8mes dr\u00f4les pr\u00e9f\u00e9r\u00e9s \u00e9crit par <a href=\"http:\/\/fr.wikipedia.org\/wiki\/Ogden_Nash\" target=\"_blank\">Ogden Nash<\/a>\u00a0pour accompagner le <a href=\"http:\/\/fr.wikipedia.org\/wiki\/Le_Carnaval_des_animaux\" target=\"_blank\">carnaval des animaux <\/a> de Camille Saint-Sa\u00ebns :<\/span><\/p>\n<div style=\"margin-left: 40px\"><span style=\"font-style: italic\"><span id=\"gts_text_59\" class=\"gts_text\">Le kangourou fait des bonds incroyables.<\/span><br \/>\n<span id=\"gts_text_60\" class=\"gts_text\">Il doit sauter, parce qu&#8217;on peut le manger.<\/span><br \/>\n<span id=\"gts_text_61\" class=\"gts_text\">Je ne pourrais pas manger du kangourou,<\/span><br \/>\n<span id=\"gts_text_62\" class=\"gts_text\">Mais beaucoup de bons Australiens le font.<\/span><br \/>\n<span id=\"gts_text_63\" class=\"gts_text\">Ceux avec des livres de cuisine et des boomerangs,<\/span><br \/>\n<span id=\"gts_text_64\" class=\"gts_text\">Appr\u00e9cient des savoureuses meringues au kangourou<\/span><\/span><span id=\"gts_text_65\" class=\"gts_text\">.<\/span><\/div>\n<p><span id=\"gts_text_66\" class=\"gts_text\">Apr\u00e8s, pour les meringues je ne sais pas, mais un animal de 1,5 m\u00e8tres qui fait des sauts de\u00a05 m\u00e8tres, c&#8217;est vraiment incroyable!<\/span><\/p>\n<p><span id=\"gts_text_67\" class=\"gts_text\">Le kangourou a des tendons extensibles particuliers\u00a0dans les jambes : ils fonctionnent comme des ressorts lorsqu&#8217;il rebondit.<\/span> <span id=\"gts_text_68\" class=\"gts_text\">Un kangourou roux d\u00e9pense \u00e0 peu pr\u00e8s autant\u00a0d&#8217;\u00e9nergie en faisant des bonds \u00e0 toute vitesse\u00a0qu&#8217;en sautillant lentement.<\/span><\/p>\n<h3><span id=\"gts_text_69\" class=\"gts_text\">D&#8217;autres faits sur le\u00a0kangourou roux<\/span><\/h3>\n<p><span id=\"gts_text_70\" class=\"gts_text\">Par chance, ces cr\u00e9atures \u00e9tonnantes ne sont pas du tout en danger.<\/span>\u00a0Lorsque tout va bien<span id=\"gts_text_71\" class=\"gts_text\">, leur nombres augmente tr\u00e8s rapidement.<\/span> <span id=\"gts_text_72\" class=\"gts_text\">Ils vivent jusqu&#8217;\u00e0 14 ans et une femelle\u00a0kangourou adulte peut avoir un b\u00e9b\u00e9 tous les 8 ou 9 mois : u<\/span><span id=\"gts_text_73\" class=\"gts_text\">n b\u00e9b\u00e9 kangourou s&#8217;appelle un \u00ab\u00a0Joey\u00a0\u00bb.<\/span> <span id=\"gts_text_74\" class=\"gts_text\">Quand les kangourous roux m\u00e2les se battent, ils se dressent sur leur pattes arri\u00e8res et leur queue et frappent avec les pattes avant; de temps en temps, ils donnent de forts coups-de-pied avec les pattes arri\u00e8res.<\/span> <span id=\"gts_text_75\" class=\"gts_text\">Si vous le souhaitez, vous pouvez voir un de ces combats en\u00a0<a href=\"http:\/\/au.youtube.com\/watch?v=CEDq0SAYW44\" target=\"_blank\">vid\u00e9o<\/a>.<\/span>\u00a0Ca ressemble\u00a0<span id=\"gts_text_76\" class=\"gts_text\">un peu \u00e0 de\u00a0la boxe, donc on parle souvent de\u00a0\u00ab\u00a0kangourous boxeurs\u00a0\u00bb.<\/span><\/p>\n<div style=\"text-align: center\"><img loading=\"lazy\" decoding=\"async\" class=\" gts_attribute gts_attribute_3_alt gts_attribute_5_title alignnone\" style=\"width: 600px;height: 325px\" title=\"kangourou rouge\" src=\"http:\/\/ba.dr-mikes-maths.com\/\/wp-content\/themes\/twentyten\/images\/ba\/red-kangaroo.jpg\" alt=\"kangourou roux\" width=\"600\" height=\"325\" \/><\/div>\n","protected":false},"excerpt":{"rendered":"<p>Quelle\u00a0taille fait le kangourou roux? \u00a0 \u00a0 \u00a0 \u00a0 \u00a0 \u00a0 \u00a0 \u00a0 \u00a0 \u00a0 \u00a0 \u00a0 \u00a0 \u00a0 Le kangourou roux\u00a0est le plus grand marsupial\u00a0du monde. Un kangourou roux\u00a0de taille moyenne fait\u00a0environ 1,5 m\u00e8tres de haut, un peu plus petit qu&#8217;un \u00eatre humain de taille moyenne. Souvent, ils mesurent\u00a0jusqu&#8217;\u00e0\u00a050 centim\u00e8tres de plus. Un adulte &hellip; <a href=\"https:\/\/www.big-animals.com\/fr\/le-kangourou-roux-le-plus-grand-marsupial-du-monde\/\" class=\"more-link\">Continue reading <span class=\"screen-reader-text\">Le kangourou roux &#8211; le plus grand marsupial du monde !<\/span><\/a><\/p>\n","protected":false},"author":1,"featured_media":0,"parent":0,"menu_order":0,"comment_status":"closed","ping_status":"open","template":"","meta":{"_acf_changed":false,"footnotes":""},"acf":[],"_links":{"self":[{"href":"https:\/\/www.big-animals.com\/fr\/wp-json\/wp\/v2\/pages\/110"}],"collection":[{"href":"https:\/\/www.big-animals.com\/fr\/wp-json\/wp\/v2\/pages"}],"about":[{"href":"https:\/\/www.big-animals.com\/fr\/wp-json\/wp\/v2\/types\/page"}],"author":[{"embeddable":true,"href":"https:\/\/www.big-animals.com\/fr\/wp-json\/wp\/v2\/users\/1"}],"replies":[{"embeddable":true,"href":"https:\/\/www.big-animals.com\/fr\/wp-json\/wp\/v2\/comments?post=110"}],"version-history":[{"count":5,"href":"https:\/\/www.big-animals.com\/fr\/wp-json\/wp\/v2\/pages\/110\/revisions"}],"predecessor-version":[{"id":509,"href":"https:\/\/www.big-animals.com\/fr\/wp-json\/wp\/v2\/pages\/110\/revisions\/509"}],"wp:attachment":[{"href":"https:\/\/www.big-animals.com\/fr\/wp-json\/wp\/v2\/media?parent=110"}],"curies":[{"name":"wp","href":"https:\/\/api.w.org\/{rel}","templated":true}]}}