{"id":111,"date":"2011-10-17T22:49:28","date_gmt":"2011-10-17T22:49:28","guid":{"rendered":""},"modified":"2014-01-25T19:48:57","modified_gmt":"2014-01-25T19:48:57","slug":"achidna-occidental-a-nez-long","status":"publish","type":"page","link":"https:\/\/www.big-animals.com\/fr\/monotremes\/achidna-occidental-a-nez-long\/","title":{"rendered":"L&#8217;\u00e9chidn\u00e9 \u00e0 longue trompe"},"content":{"rendered":"<figure id=\"attachment_1002\" aria-describedby=\"caption-attachment-1002\" style=\"width: 391px\" class=\"wp-caption alignright\"><a href=\"http:\/\/commons.wikimedia.org\/wiki\/File:Long-beakedEchidna.jpg\"><img loading=\"lazy\" decoding=\"async\" class=\"size-full wp-image-1002 gts_attribute gts_attribute_1_alt gts_attribute_3_title \" title=\"L'\u00e9chidn\u00e9 occidental \u00e0 nez long\" alt=\"L'\u00e9chidn\u00e9 occidental \u00e0 nez long\" src=\"http:\/\/www.big-animals.com\/wp-content\/uploads\/2011\/05\/Western_Long_Beaked_Echidna.jpg\" width=\"391\" height=\"299\" \/><\/a><figcaption id=\"caption-attachment-1002\" class=\"wp-caption-text\">L&#8217;\u00e9chidn\u00e9 \u00e0 longue trompe<\/figcaption><\/figure>\n<p><span class=\"gts_text\" id=\"gts_text_1\">\u00a0<\/span><\/p>\n<p><span class=\"gts_text\" id=\"gts_text_2\">\u00a0<\/span><\/p>\n<p><span class=\"gts_text\" id=\"gts_text_3\">\u00a0<\/span><\/p>\n<p><span class=\"gts_text\" id=\"gts_text_4\">\u00a0<\/span><\/p>\n<p><span class=\"gts_text\" id=\"gts_text_5\">\u00a0<\/span><\/p>\n<p><span class=\"gts_text\" id=\"gts_text_6\">\u00a0<\/span><\/p>\n<p><span class=\"gts_text\" id=\"gts_text_7\">\u00a0<\/span><\/p>\n<p><span class=\"gts_text\" id=\"gts_text_8\">\u00a0<\/span><\/p>\n<p><span class=\"gts_text\" id=\"gts_text_9\">\u00a0<\/span><\/p>\n<p><span class=\"gts_text\" id=\"gts_text_10\">\u00a0<\/span><\/p>\n<p><span class=\"gts_text\" id=\"gts_text_11\">\u00a0<\/span><\/p>\n<p><span class=\"gts_text\" id=\"gts_text_12\">L&#8217;\u00e9chidn\u00e9 \u00e0 longue trompe\u00a0est un <a title=\"Monotremes\" href=\"http:\/\/www.big-animals.com\/fr\/monotremes\/\">monotr\u00e8me<\/a> qui est s\u00e9rieusement menac\u00e9.<\/span> <span class=\"gts_text\" id=\"gts_text_13\">Sa population est en d\u00e9clin \u00e0 cause de la d\u00e9forestation et de la chasse.<\/span> En effet, c&#8217;est un mets tr\u00e8s appr\u00e9ci\u00e9 <span class=\"gts_text\" id=\"gts_text_15\">en Papouasie Nouvelle-Guin\u00e9e.<\/span> <span class=\"gts_text\" id=\"gts_text_16\">Les \u00eatres humains sont les principaux pr\u00e9dateurs de l&#8217;\u00e9chidn\u00e9 \u00e0 longue trompe.<\/span> <span class=\"gts_text\" id=\"gts_text_17\">On trouve cet animal en Papouasie Nouvelle-Guin\u00e9e.<\/span> <span class=\"gts_text\" id=\"gts_text_18\">Il vit dans les pr\u00e9s d&#8217;altitude et dans les for\u00eats humides de montagne, \u00e0 entre 1.300 et 4.000 m\u00e8tres d&#8217;altitude.<\/span><\/p>\n<p><span class=\"gts_text\" id=\"gts_text_19\">Il se nourrit de vers de terre.<\/span> <span class=\"gts_text\" id=\"gts_text_20\">C&#8217;est un grand <a title=\"Les plus grands mammif\u00e8res du monde !\" href=\"http:\/\/www.big-animals.com\/fr\/les-plus-grands-mammiferes-du-monde\/\">mammif\u00e8re<\/a> qui pond des oeufs.<\/span> <span class=\"gts_text\" id=\"gts_text_21\">La longueur de son corps est comprise entre 60 et 100 centim\u00e8tres et son poids peut atteindre 16,5 kilos.<\/span> <span class=\"gts_text\" id=\"gts_text_22\">Il n&#8217;a pas de queue.<\/span> <span class=\"gts_text\" id=\"gts_text_23\">Il a un long museau d&#8217;environ 20 cm, qui pointe vers le bas.<\/span> <span class=\"gts_text\" id=\"gts_text_24\"><\/span> <span class=\"gts_text\" id=\"gts_text_25\">Sa langue est couverte de pointes qu&#8217;il utilise pour mieux capturer ses proies.<\/span> <span class=\"gts_text\" id=\"gts_text_26\">Il est presque impossible de distinguer ses \u00e9pines de sa fourrure \u00e9paisse. Il a une fourrure brun fonc\u00e9 ou noire \u00e9paisse avec des \u00e9pines noires sur les c\u00f4t\u00e9s.<\/span> <span class=\"gts_text\" id=\"gts_text_27\"><\/span><\/p>\n<p><span class=\"gts_text\" id=\"gts_text_28\">Il a normalement 3 griffes sur les pattes avant et arri\u00e8re qui lui servent \u00e0 creuser.<\/span> <span class=\"gts_text\" id=\"gts_text_29\">C&#8217;est une cr\u00e9ature qui se d\u00e9place lentement et\u00a0qui s&#8217;enroule en boule piquante quand elle est menac\u00e9e.<\/span> <span class=\"gts_text\" id=\"gts_text_30\">C&#8217;est une cr\u00e9ature solitaire<\/span> <span class=\"gts_text\" id=\"gts_text_31\">qui peut vivre au moins 31 ans en captivit\u00e9.<\/span> <span class=\"gts_text\" id=\"gts_text_32\">La femelle de l&#8217;\u00e9chidn\u00e9 pond normalement un seul oeuf \u00e0 la fois.<\/span><\/p>\n<figure id=\"attachment_1003\" aria-describedby=\"caption-attachment-1003\" style=\"width: 275px\" class=\"wp-caption aligncenter\"><a href=\"http:\/\/www.big-animals.com\/wp-content\/uploads\/2011\/05\/Western_Long_Beaked_Echidna_and_Human.png\"><img loading=\"lazy\" decoding=\"async\" class=\"size-medium wp-image-1003 gts_attribute gts_attribute_2_alt gts_attribute_4_title \" title=\"L'\u00e9chidn\u00e9 occidental \u00e0 nez long et les humains\" alt=\"L'\u00e9chidn\u00e9 occidental \u00e0 nez long et les humains\" src=\"http:\/\/www.big-animals.com\/wp-content\/uploads\/2011\/05\/Western_Long_Beaked_Echidna_and_Human-275x300.png\" width=\"275\" height=\"300\" \/><\/a><figcaption id=\"caption-attachment-1003\" class=\"wp-caption-text\">Un \u00e9chidn\u00e9 \u00e0 longue trompe et un homme<\/figcaption><\/figure>\n<p><span class=\"gts_text\" id=\"gts_text_33\">\u00a0<\/span><\/p>\n","protected":false},"excerpt":{"rendered":"<p>\u00a0 \u00a0 \u00a0 \u00a0 \u00a0 \u00a0 \u00a0 \u00a0 \u00a0 \u00a0 \u00a0 L&#8217;\u00e9chidn\u00e9 \u00e0 longue trompe\u00a0est un monotr\u00e8me qui est s\u00e9rieusement menac\u00e9. Sa population est en d\u00e9clin \u00e0 cause de la d\u00e9forestation et de la chasse. En effet, c&#8217;est un mets tr\u00e8s appr\u00e9ci\u00e9 en Papouasie Nouvelle-Guin\u00e9e. Les \u00eatres humains sont les principaux pr\u00e9dateurs de l&#8217;\u00e9chidn\u00e9 \u00e0 &hellip; <a href=\"https:\/\/www.big-animals.com\/fr\/monotremes\/achidna-occidental-a-nez-long\/\" class=\"more-link\">Continue reading <span class=\"screen-reader-text\">L&#8217;\u00e9chidn\u00e9 \u00e0 longue trompe<\/span><\/a><\/p>\n","protected":false},"author":1,"featured_media":0,"parent":46,"menu_order":0,"comment_status":"closed","ping_status":"open","template":"","meta":{"_acf_changed":false,"footnotes":""},"acf":[],"_links":{"self":[{"href":"https:\/\/www.big-animals.com\/fr\/wp-json\/wp\/v2\/pages\/111"}],"collection":[{"href":"https:\/\/www.big-animals.com\/fr\/wp-json\/wp\/v2\/pages"}],"about":[{"href":"https:\/\/www.big-animals.com\/fr\/wp-json\/wp\/v2\/types\/page"}],"author":[{"embeddable":true,"href":"https:\/\/www.big-animals.com\/fr\/wp-json\/wp\/v2\/users\/1"}],"replies":[{"embeddable":true,"href":"https:\/\/www.big-animals.com\/fr\/wp-json\/wp\/v2\/comments?post=111"}],"version-history":[{"count":2,"href":"https:\/\/www.big-animals.com\/fr\/wp-json\/wp\/v2\/pages\/111\/revisions"}],"predecessor-version":[{"id":398,"href":"https:\/\/www.big-animals.com\/fr\/wp-json\/wp\/v2\/pages\/111\/revisions\/398"}],"up":[{"embeddable":true,"href":"https:\/\/www.big-animals.com\/fr\/wp-json\/wp\/v2\/pages\/46"}],"wp:attachment":[{"href":"https:\/\/www.big-animals.com\/fr\/wp-json\/wp\/v2\/media?parent=111"}],"curies":[{"name":"wp","href":"https:\/\/api.w.org\/{rel}","templated":true}]}}