{"id":12,"date":"2011-05-09T09:00:44","date_gmt":"2011-05-09T09:00:44","guid":{"rendered":""},"modified":"2014-04-10T09:18:06","modified_gmt":"2014-04-10T09:18:06","slug":"le-errer-albatros-le-oiseau-avec-le-grand-ailes","status":"publish","type":"page","link":"https:\/\/www.big-animals.com\/fr\/le-errer-albatros-le-oiseau-avec-le-grand-ailes\/","title":{"rendered":"L&#8217;albatros hurleur &#8211; l&#8217;oiseau qui poss\u00e8de les plus grandes ailes !"},"content":{"rendered":"<h3><span class=\"gts_text\" id=\"gts_text_1\">Combien mesure l&#8217;albatros hurleur ?<\/span><\/h3>\n<p><span class=\"gts_text\" id=\"gts_text_2\">L&#8217;albatros hurleur est le plus grand albatros du monde.<\/span> <span class=\"gts_text\" id=\"gts_text_3\">Il poss\u00e8de \u00e9galement la plus grande envergure parmi les\u00a0<a href=\"http:\/\/www.big-animals.com\/fr\/le-monde-grand-oiseaux\/\">oiseaux<\/a> vivants.<\/span> <span class=\"gts_text\" id=\"gts_text_4\">Mesur\u00e9es d&#8217;une extr\u00e9mit\u00e9 \u00e0 l&#8217;autre, ses ailes peuvent atteindre jusqu&#8217;\u00e0 3,5 m\u00e8tres de long (11,5 pieds) !<\/span> <span class=\"gts_text\" id=\"gts_text_5\">\u00c9tant donn\u00e9 que l&#8217;albatros hurleur est \u00e9galement tr\u00e8s l\u00e9ger pour sa taille (les adultes p\u00e8sent environ 6 \u00e0 12 kilogrammes ou 13 \u00e0 26 livres), il vole avec beaucoup d&#8217;aisance.<img decoding=\"async\" style=\"width: 260px;height: 500px\" title=\"un humain typique \u00e0 c\u00f4t\u00e9 d'une autruche typique\" alt=\"une image montrant aux parents des tailles d'un humain et d'une autruche\" src=\"http:\/\/ba.dr-mikes-maths.com\/\/wp-content\/themes\/twentyten\/images\/ba\/albatross-and-human.png\" \/> Il peut planer pendant plusieurs heures sans agiter ses ailes.<\/span> <span class=\"gts_text\" id=\"gts_text_7\">Il peut passer des semaines d&#8217;affil\u00e9e en pleine mer sans jamais atteindre la terre.<\/span><\/p>\n<h3><span class=\"gts_text\" id=\"gts_text_8\">L\u00e9gendes d&#8217;albatros<\/span><\/h3>\n<p><span class=\"gts_text\" id=\"gts_text_9\">Les albatros ont captur\u00e9 l&#8217;imagination des marins pendant des si\u00e8cles.<\/span> <span class=\"gts_text\" id=\"gts_text_10\">Les explorateurs de l&#8217;oc\u00e9an du sud se sentaient souvent soulag\u00e9s lorsqu&#8217;un albatros surgissait de nulle part, au beau milieu des mers \u00e9loign\u00e9es.<\/span> <span class=\"gts_text\" id=\"gts_text_11\">Un po\u00e8me c\u00e9l\u00e8bre, <em>La<\/em><span style=\"font-style: italic\">\u00a0complainte du vieux marin<\/span>, \u00e9crit par Samuel Taylor Coleridge en 1798, raconte le malheur qui s&#8217;est abattu sur un bateau apr\u00e8s que l&#8217;un des membres de l&#8217;\u00e9quipage a tu\u00e9 un albatros avec son arbal\u00e8te.<\/span><\/p>\n<h3><span class=\"gts_text\" id=\"gts_text_12\">Les albatros sont en danger<\/span><\/h3>\n<p><span class=\"gts_text\" id=\"gts_text_13\">Les albatros mangent des calamars et des petits poissons.<\/span> <span class=\"gts_text\" id=\"gts_text_14\">Ils arpentent \u00e9galement la surface de la mer pour y r\u00e9cup\u00e9rer les poissons morts.<\/span>\u00a0D<span class=\"gts_text\" id=\"gts_text_15\">es hordes d&#8217;albatros affluent derri\u00e8re les bateaux de p\u00eache de thon et se disputent les app\u00e2ts jet\u00e9s \u00e0 la mer.<\/span> <span class=\"gts_text\" id=\"gts_text_16\">De temps en temps, lorsqu&#8217;un hame\u00e7on garni d&#8217;un app\u00e2t ne coule pas, un albatros s&#8217;y accrochera et se noiera.<\/span>\u00a0Dans\u00a0<span class=\"gts_text\" id=\"gts_text_17\">les ann\u00e9es 1990, quelques scientifiques avaient peur que toutes les esp\u00e8ces d&#8217;albatros disparaissent compl\u00e8tement.<\/span> <span class=\"gts_text\" id=\"gts_text_18\">Depuis, les gens essayent de trouver de nouveaux moyens de p\u00eacher le thon mais l&#8217;albatros hurleur reste tout de m\u00eame en danger.<\/span><\/p>\n<h3><span class=\"gts_text\" id=\"gts_text_19\">\u00c0 propos de l&#8217;albatros<\/span><\/h3>\n<p><span class=\"gts_text\" id=\"gts_text_20\">Quand un couple d&#8217;albatros hurleurs est pr\u00eat \u00e0 pondre un oeuf, il construit un nid dont la forme se rapproche de celle d&#8217;un c\u00f4ne.<\/span> <span class=\"gts_text\" id=\"gts_text_21\">Ensuite, la m\u00e8re albatros y pond un seul et unique oeuf.<\/span> <span class=\"gts_text\" id=\"gts_text_22\">Le b\u00e9b\u00e9 albatros mange environ 100 kilogrammes (220 livres) de nourriture et, en grandissant, p\u00e8se plus lourd que ses parents !<\/span> <span class=\"gts_text\" id=\"gts_text_23\">Apr\u00e8s 10 mois pass\u00e9s dans son nid, le b\u00e9b\u00e9 albatros prend son envol,\u00a0d\u00e8s le d\u00e9but du printemps dans l&#8217;h\u00e9misph\u00e8re sud.<\/span> <span class=\"gts_text\" id=\"gts_text_24\">Au bout de 5 \u00e0 10 ans, il revient \u00e0 l&#8217;endroit o\u00f9 il a \u00e9clos pour y fonder sa propre famille.<\/span> <span class=\"gts_text\" id=\"gts_text_25\">Malheureusement, ce sont les jeunes albatros qui sont les plus susceptibles de se faire pi\u00e9ger dans une ligne de p\u00eache destin\u00e9e \u00e0 attraper du thon.<\/span><\/p>\n<div style=\"text-align: center\"><img decoding=\"async\" style=\"width: 450px;height: 330px\" title=\"Albatros errant\" alt=\"Albatros errant\" src=\"http:\/\/ba.dr-mikes-maths.com\/\/wp-content\/themes\/twentyten\/images\/ba\/wandering-albatross.jpg\" \/><\/div>\n","protected":false},"excerpt":{"rendered":"<p>Combien mesure l&#8217;albatros hurleur ? L&#8217;albatros hurleur est le plus grand albatros du monde. Il poss\u00e8de \u00e9galement la plus grande envergure parmi les\u00a0oiseaux vivants. Mesur\u00e9es d&#8217;une extr\u00e9mit\u00e9 \u00e0 l&#8217;autre, ses ailes peuvent atteindre jusqu&#8217;\u00e0 3,5 m\u00e8tres de long (11,5 pieds) ! \u00c9tant donn\u00e9 que l&#8217;albatros hurleur est \u00e9galement tr\u00e8s l\u00e9ger pour sa taille (les adultes &hellip; <a href=\"https:\/\/www.big-animals.com\/fr\/le-errer-albatros-le-oiseau-avec-le-grand-ailes\/\" class=\"more-link\">Continue reading <span class=\"screen-reader-text\">L&#8217;albatros hurleur &#8211; l&#8217;oiseau qui poss\u00e8de les plus grandes ailes !<\/span><\/a><\/p>\n","protected":false},"author":1,"featured_media":0,"parent":0,"menu_order":0,"comment_status":"closed","ping_status":"open","template":"","meta":{"_acf_changed":false,"footnotes":""},"acf":[],"_links":{"self":[{"href":"https:\/\/www.big-animals.com\/fr\/wp-json\/wp\/v2\/pages\/12"}],"collection":[{"href":"https:\/\/www.big-animals.com\/fr\/wp-json\/wp\/v2\/pages"}],"about":[{"href":"https:\/\/www.big-animals.com\/fr\/wp-json\/wp\/v2\/types\/page"}],"author":[{"embeddable":true,"href":"https:\/\/www.big-animals.com\/fr\/wp-json\/wp\/v2\/users\/1"}],"replies":[{"embeddable":true,"href":"https:\/\/www.big-animals.com\/fr\/wp-json\/wp\/v2\/comments?post=12"}],"version-history":[{"count":2,"href":"https:\/\/www.big-animals.com\/fr\/wp-json\/wp\/v2\/pages\/12\/revisions"}],"predecessor-version":[{"id":455,"href":"https:\/\/www.big-animals.com\/fr\/wp-json\/wp\/v2\/pages\/12\/revisions\/455"}],"wp:attachment":[{"href":"https:\/\/www.big-animals.com\/fr\/wp-json\/wp\/v2\/media?parent=12"}],"curies":[{"name":"wp","href":"https:\/\/api.w.org\/{rel}","templated":true}]}}