{"id":14,"date":"2011-05-09T09:04:03","date_gmt":"2011-05-09T09:04:03","guid":{"rendered":""},"modified":"2014-01-14T10:19:26","modified_gmt":"2014-01-14T10:19:26","slug":"tuatara","status":"publish","type":"page","link":"https:\/\/www.big-animals.com\/fr\/tuatara\/","title":{"rendered":"Le sph\u00e9nodon"},"content":{"rendered":"<p><span class=\"gts_text\" id=\"gts_text_1\">Les sph\u00e9nodons (ou tuataras) sont des <a title=\"Les plus grands reptiles du monde !\" href=\"http:\/\/www.big-animals.com\/fr\/le-monde-grand-reptiles\/\">reptiles<\/a> qui sont indig\u00e8nes \u00e0 la Nouvelle-Z\u00e9lande.<\/span> <span class=\"gts_text\" id=\"gts_text_2\">\u00a0Ils ressemblent aux l\u00e9zards, mais ce n&#8217;en sont pas.<\/span> <span class=\"gts_text\" id=\"gts_text_3\">Ils sont uniques parce qu&#8217;ils sont les seuls survivants d&#8217;une vieille classe de reptiles qui existaient \u00e0 la m\u00eame \u00e9poque que les dinosaures.<\/span> <span class=\"gts_text\" id=\"gts_text_4\">La plupart d&#8217;entre eux se sont \u00e9teints il y a tr\u00e8s longtemps, et seuls quelques-uns ont surv\u00e9cu en Nouvelle-Z\u00e9lande.<\/span> <span class=\"gts_text\" id=\"gts_text_5\">Les sph\u00e9nodons portent aussi le surnom de <em>fossiles vivants<\/em>.<\/span> <span class=\"gts_text\" id=\"gts_text_6\">Ils peuvent vivre pendant plus de 100 ans.<\/span> <span class=\"gts_text\" id=\"gts_text_7\">Leur dur\u00e9e de vie moyenne est d&#8217;environ 60 ans.<\/span><\/p>\n<p><span class=\"gts_text\" id=\"gts_text_8\">Il n&#8217;y a que deux esp\u00e8ces de sph\u00e9nodons dans le monde entier !<\/span> <span class=\"gts_text\" id=\"gts_text_9\">Le sph\u00e9nodon du D\u00e9troit de Cook (les scientifiques l&#8217;appellent <em>Sphenodon punctatus<\/em>) est plus grand que le sph\u00e9nodon des \u00eeles Brothers (<em>Sphenodon guntheri)<\/em>, et a donc le privil\u00e8ge d&#8217;\u00eatre le plus grand sph\u00e9nodon du monde.<\/span><\/p>\n<figure id=\"attachment_408\" aria-describedby=\"caption-attachment-408\" style=\"width: 300px\" class=\"wp-caption alignright\"><a href=\"http:\/\/www.big-animals.com\/wp-content\/uploads\/2011\/02\/Tuatara_And_Human1.png\"><img loading=\"lazy\" decoding=\"async\" class=\"size-medium wp-image-408\" title=\"Tuatara et humain\" alt=\"Tuatara et humain\" src=\"http:\/\/www.big-animals.com\/wp-content\/uploads\/2011\/02\/Tuatara_And_Human1-300x159.png\" width=\"300\" height=\"159\" \/><\/a><figcaption id=\"caption-attachment-408\" class=\"wp-caption-text\">Un sph\u00e9nodon et un homme<\/figcaption><\/figure>\n<h3><span class=\"gts_text\" id=\"gts_text_10\">L&#8217;habitat et l&#8217;alimentation des sph\u00e9nodons<\/span><\/h3>\n<p><span class=\"gts_text\" id=\"gts_text_11\">Les sph\u00e9nodons ont bien surv\u00e9cu en Nouvelle-Z\u00e9lande \u00e0 cause du climat froid.<\/span> <span class=\"gts_text\" id=\"gts_text_12\">Ils survivent difficilement quand la temp\u00e9rature s&#8217;\u00e9l\u00e8ve au-dessus de 28\u00b0C.<\/span> <span class=\"gts_text\" id=\"gts_text_13\">Ils se plaisent surtout \u00e0 moins de 5\u00b0C.<\/span> <span class=\"gts_text\" id=\"gts_text_14\">Mais ils se pr\u00e9lassent au soleil pour r\u00e9chauffer leur corps.<\/span> <span class=\"gts_text\" id=\"gts_text_15\">Les petits sph\u00e9nodons se cachent sous les rondins et les pierres.<\/span> <span class=\"gts_text\" id=\"gts_text_16\">Les sph\u00e9nodons adultes sont en activit\u00e9 la nuit et dorment pendant la journ\u00e9e.<\/span> <span class=\"gts_text\" id=\"gts_text_17\">Ils chassent la nuit, et mangent des <a title=\"Les plus grands insectes du monde !\" href=\"http:\/\/www.big-animals.com\/fr\/le-monde-grand-insectes\/\">insectes <\/a>(en particulier des wetas), des vers, des limaces, des mille-pattes &#8211; et m\u00eame de jeunes sph\u00e9nodons !<\/span> <span class=\"gts_text\" id=\"gts_text_18\">Pour \u00e9viter de servir d&#8217;en-cas \u00e0 un sph\u00e9nodon adulte impitoyable, les jeunes sph\u00e9nodons se cachent et se reposent la nuit, et ne sortent que pendant la journ\u00e9e.<\/span><\/p>\n<p><span class=\"gts_text\" id=\"gts_text_19\">Les sph\u00e9nodons survivent \u00e0 des temp\u00e9ratures beaucoup plus basses que celles qui conviennent \u00e0 d&#8217;autres reptiles.<\/span> <span class=\"gts_text\" id=\"gts_text_20\">Ils hibernent en hiver, mais restent actifs m\u00eame si la temp\u00e9rature baisse \u00e0 5\u00b0C.<\/span> <span class=\"gts_text\" id=\"gts_text_21\">Le sph\u00e9nodon se pla\u00eet surtout quand la temp\u00e9rature se situe entre 16\u00b0C et 21\u00b0C.<\/span> <span class=\"gts_text\" id=\"gts_text_22\">C&#8217;est plus frais que pour n&#8217;importe quel autre reptile !<\/span> <span class=\"gts_text\" id=\"gts_text_23\">La temp\u00e9rature corporelle du sph\u00e9nodon se situe entre 5\u00b0C et 11\u00b0C alors que la plupart des autres reptiles ont une temp\u00e9rature corporelle aux alentours de 20\u00b0C.<\/span> <span class=\"gts_text\" id=\"gts_text_24\">\u00a0Les sph\u00e9nodons ont une temp\u00e9rature corporelle faible\u00a0parce qu&#8217;ils utilisent leur \u00e9nergie tr\u00e8s lentement.<\/span><\/p>\n<h3><span class=\"gts_text\" id=\"gts_text_25\">Quelques informations sur les sph\u00e9nodons<\/span><\/h3>\n<p><span class=\"gts_text\" id=\"gts_text_26\">Les m\u00e8res sph\u00e9nodons pondent des oeufs \u00e0 coquille souple tous les 4 ans.<\/span> <span class=\"gts_text\" id=\"gts_text_27\">Ces oeufs \u00e9closent 12 \u00e0 15 mois plus tard.<\/span> <span class=\"gts_text\" id=\"gts_text_28\">Les oeufs qui restent au chaud ont tendance \u00e0 donner des sph\u00e9nodons m\u00e2les et ceux qui sont \u00e0 des temp\u00e9ratures plus basses donnent des sph\u00e9nodons femelles.<\/span> <span class=\"gts_text\" id=\"gts_text_29\">Avec le r\u00e9chauffement de la plan\u00e8te, les scientifiques pr\u00e9voient que la Nouvelle-Z\u00e9lande risque d&#8217;avoir beaucoup de sph\u00e9nodons m\u00e2les et peu de sph\u00e9nodons femelles \u00e0 l&#8217;avenir.<\/span> <span class=\"gts_text\" id=\"gts_text_30\">S&#8217;il n&#8217;y a pas assez de femelles, les sph\u00e9nodons pourraient dispara\u00eetre \u00e0 jamais !<\/span><\/p>\n<p><span class=\"gts_text\" id=\"gts_text_31\">Les sph\u00e9nodons envahissent parfois les terriers d&#8217;oiseaux marins pour y d\u00e9vorer leurs oeufs et leurs poussins.<\/span> <span class=\"gts_text\" id=\"gts_text_32\">Il leur arrive aussi de se creuser des terriers.<\/span> Ils peuvent <span class=\"gts_text\" id=\"gts_text_33\">causer des blessures s\u00e9rieuses en mordant.<\/span> <span class=\"gts_text\" id=\"gts_text_34\">Faites attention !<\/span> <span class=\"gts_text\" id=\"gts_text_35\">Les sph\u00e9nodons mordent ceux qui s&#8217;approchent d&#8217;eux et ils ne l\u00e2chent pas prise <\/span><span class=\"gts_text\" id=\"gts_text_36\">facilement.<\/span><\/p>\n<p><span class=\"gts_text\" id=\"gts_text_37\">Un sph\u00e9nodon m\u00e2le mesure environ 61 cm de long et un sph\u00e9nodon femelle environ 45 cm.<\/span> <span class=\"gts_text\" id=\"gts_text_38\">Le zoo de San Diego cite m\u00eame un record de longueur de 80 cm.<\/span>\u00a0<span class=\"gts_text\" id=\"gts_text_39\">Les sph\u00e9nodons m\u00e2les p\u00e8sent environ\u00a0un kilo et les femelles \u00e0 peu pr\u00e8s la moiti\u00e9.<\/span><\/p>\n<figure id=\"attachment_409\" aria-describedby=\"caption-attachment-409\" style=\"width: 300px\" class=\"wp-caption alignleft\"><a href=\"http:\/\/www.big-animals.com\/wp-content\/uploads\/2011\/02\/Tuatara.jpg\"><img loading=\"lazy\" decoding=\"async\" class=\"size-medium wp-image-409 \" title=\"Tuatara - pas un l\u00e9zard\" alt=\"Tuatara - pas un l\u00e9zard\" src=\"http:\/\/www.big-animals.com\/wp-content\/uploads\/2011\/02\/Tuatara-300x211.jpg\" width=\"300\" height=\"211\" \/><\/a><figcaption id=\"caption-attachment-409\" class=\"wp-caption-text\">L&#8217;image d&#8217;un sph\u00e9nodon : ce n&#8217;est pas un l\u00e9zard !<\/figcaption><\/figure>\n<p><span class=\"gts_text\" id=\"gts_text_40\">Les sph\u00e9nodons ont une grosse cr\u00eate \u00e9pineuse le long du cou et du dos.<\/span> C&#8217;est la raison pour laquelle on les appelle aussi <span class=\"gts_text\" id=\"gts_text_41\">des <em>tuataras<\/em>, ce qui signifie <em>cr\u00eates sur le dos<\/em> en maori.<\/span> <span class=\"gts_text\" id=\"gts_text_42\">Cette cr\u00eate \u00e9pineuse est employ\u00e9e dans les combats entre m\u00e2les.<\/span> <span class=\"gts_text\" id=\"gts_text_43\">La cr\u00eate est triangulaire.<\/span> <span class=\"gts_text\" id=\"gts_text_44\">Les cr\u00eates des m\u00e2les sont plus grandes que celles des femelles.<\/span> Un sph\u00e9nodon peut raidir s<span class=\"gts_text\" id=\"gts_text_45\">a cr\u00eate pour qu&#8217;elle paraisse plus grande.<\/span><\/p>\n<p><span class=\"gts_text\" id=\"gts_text_46\">Les dents des sph\u00e9nodons sont dispos\u00e9es de fa\u00e7on tr\u00e8s int\u00e9ressante\u00a0: il y a deux rang\u00e9es sur la m\u00e2choire sup\u00e9rieure et une rang\u00e9e sur la m\u00e2choire inf\u00e9rieure.<\/span> <span class=\"gts_text\" id=\"gts_text_47\">L&#8217;extr\u00e9mit\u00e9 de la m\u00e2choire sup\u00e9rieure ressemble \u00e0 un bec.<\/span> <span class=\"gts_text\" id=\"gts_text_48\">La rang\u00e9e inf\u00e9rieure vient se placer entre les deux rang\u00e9es sup\u00e9rieures quand la bouche est ferm\u00e9e.<\/span> <span class=\"gts_text\" id=\"gts_text_49\">Cette disposition des dents ne se retrouve chez aucun autre reptile.<\/span> <span class=\"gts_text\" id=\"gts_text_50\">Bien que les serpents aient des doubles rang\u00e9es de dents dans la m\u00e2choire sup\u00e9rieure, elles sont dispos\u00e9es diff\u00e9remment de celles des sph\u00e9nodons.<\/span> <span class=\"gts_text\" id=\"gts_text_51\">Les m\u00e2choires sup\u00e9rieures et inf\u00e9rieures des sph\u00e9nodons sont reli\u00e9es par des ligaments.<\/span> Les sph\u00e9nodons m<span class=\"gts_text\" id=\"gts_text_52\">astiquent en d\u00e9pla\u00e7ant leur m\u00e2choire d&#8217;avant en arri\u00e8re mais aussi de haut en bas.<\/span> <span class=\"gts_text\" id=\"gts_text_53\">Cela leur permet de cisailler les carcasses ou les peaux dures et les os de leurs victimes.<\/span> <span class=\"gts_text\" id=\"gts_text_54\">Mais ils ne changent pas de dents pendant leur vie.<\/span> <span class=\"gts_text\" id=\"gts_text_55\">A cause de cela, les sph\u00e9nodons \u00e2g\u00e9s doivent se nourrir de proies plus molles comme les vers de terre, les larves et les limaces quand leurs dents sont us\u00e9es.<\/span> <span class=\"gts_text\" id=\"gts_text_56\">Ces vieux sph\u00e9nodons en arrivent au stade o\u00f9 ils doivent m\u00e2cher leur nourriture avec des m\u00e2choires compl\u00e8tement lisses.<\/span> <span class=\"gts_text\" id=\"gts_text_57\">Personne n&#8217;a encore invent\u00e9 de dentiers pour sph\u00e9nodons !<\/span><\/p>\n<h3><span class=\"gts_text\" id=\"gts_text_58\">Le troisi\u00e8me oeil du sph\u00e9nodon<\/span><\/h3>\n<p><span class=\"gts_text\" id=\"gts_text_59\">Les sph\u00e9nodons ont trois yeux ! !<\/span> <span class=\"gts_text\" id=\"gts_text_60\">Le troisi\u00e8me oeil est diff\u00e9rent des autres\u00a0: il est petit, sur le dessus de\u00a0la t\u00eate. Il se trouve\u00a0sous la peau dans le cas des\u00a0adultes mais est visible chez les petits sph\u00e9nodons.<\/span> <span class=\"gts_text\" id=\"gts_text_61\">Cet oeil ne voit presque rien, mais il distingue l&#8217;obscurit\u00e9 de la lumi\u00e8re.<\/span> <span class=\"gts_text\" id=\"gts_text_62\">Bien que les sph\u00e9nodons n&#8217;aient pas de tambour d&#8217;oreille ni de trou d&#8217;oreille, ils peuvent quand m\u00eame entendre.<\/span><\/p>\n<h3><span class=\"gts_text\" id=\"gts_text_63\">Les noms scientfiques des sph\u00e9nodons<\/span><\/h3>\n<p><span class=\"gts_text\" id=\"gts_text_64\">Il y a deux esp\u00e8ces de sph\u00e9nodons.<\/span> La premi\u00e8re <span class=\"gts_text\" id=\"gts_text_65\">est celle du sph\u00e9nodon du d\u00e9troit de Cook (les scientifiques l&#8217;appellent <em>Sphenodon punctatus<\/em>).<\/span> <span class=\"gts_text\" id=\"gts_text_66\">Ses repr\u00e9sentants vivent sur Stephens Island.<\/span> <span class=\"gts_text\" id=\"gts_text_67\">Leur couleur varie du vert olive au gris en passant par le rose fonc\u00e9 ou le rouge brique.<\/span> <span class=\"gts_text\" id=\"gts_text_68\">Ils sont tachet\u00e9s, souvent de blanc, ce qui leur donnent le nom de\u00a0<em>punctatus<\/em>, \u00ab\u00a0tachet\u00e9\u00a0\u00bb ou \u00ab\u00a0\u00e0 petits points\u00a0\u00bb en latin.<\/span> La deuxi\u00e8me esp\u00e8ce est celle du sph\u00e9nodon <span class=\"gts_text\" id=\"gts_text_69\">des \u00eeles Brothers, appel\u00e9 <em>Sphenodon guntheri<\/em>.<\/span>\u00a0Les repr\u00e9sentants de cette esp\u00e8ce<span class=\"gts_text\" id=\"gts_text_70\">\u00a0sont beaucoup plus rares.<\/span> On en trouve <span class=\"gts_text\" id=\"gts_text_71\">sur les \u00eeles Brothers dans le d\u00e9troit de Cook.<\/span> <span class=\"gts_text\" id=\"gts_text_72\">Le d\u00e9troit de Cook est la zone qui s\u00e9pare l&#8217;\u00eele du Nord et l&#8217;\u00eele du Sud en Nouvelle-Z\u00e9lande.<\/span> <span class=\"gts_text\" id=\"gts_text_73\">Il y a peu de sph\u00e9nodons des \u00eeles Brothers et ils sont plus petits que les sph\u00e9nodons du d\u00e9troit de Cook.<\/span> <span class=\"gts_text\" id=\"gts_text_74\">Les sph\u00e9nodons des \u00eeles Brothers ont une peau brun olive avec des t\u00e2ches jaun\u00e2tres.<\/span><\/p>\n<p><span class=\"gts_text\" id=\"gts_text_75\">La carte suivante montre le d\u00e9troit de Cook, dont le plus grand sph\u00e9nodon du monde tient son nom.<\/span><\/p>\n<p style=\"text-align: center\"><span class=\"gts_text\" id=\"gts_text_76\">[carte : http:\/\/maps.google.com.au\/maps?sll=-40.900557,174.885971&amp;sspn=12.151905,28.54248&amp;ll=-41.319076,174.671631&amp;spn=6.039254,14.27124&amp;t=h]<\/span><\/p>\n<p><span class=\"gts_text\" id=\"gts_text_77\">La teinte vert-marron olive des sph\u00e9nodons les aide \u00e0 se camoufler dans leur environnement.<\/span> <span class=\"gts_text\" id=\"gts_text_78\">Ils peuvent se cacher des pr\u00e9dateurs.<\/span> <span class=\"gts_text\" id=\"gts_text_79\">Ils peuvent changer de couleur au cours de leur vie\u00a0: ils changent de peau au moins une fois par an \u00e0 l&#8217;\u00e2ge adulte et 3 \u00e0 4 fois par an quand ils sont jeunes.<\/span><\/p>\n<p><span class=\"gts_text\" id=\"gts_text_80\">Les sph\u00e9nodons vivaient autrefois sur les deux \u00eeles principales\u00a0de Nouvelle-Z\u00e9lande, mais ils s&#8217;y sont \u00e9teints parce qu&#8217;ils ont perdu leur leur habitat et beaucoup ont \u00e9t\u00e9 d\u00e9vor\u00e9s par des rats.<\/span> <span class=\"gts_text\" id=\"gts_text_81\">Ces rats du Pacifique (Kiore) ont \u00e9t\u00e9 introduits en Nouvelle-Z\u00e9lande par les hommes qui s&#8217;y sont implant\u00e9s autour des ann\u00e9es 1250-1300.<\/span> <span class=\"gts_text\" id=\"gts_text_82\">Maintenant, on ne trouve de sph\u00e9nodons que sur 32 \u00eeles d\u00e9pourvues de rats, et qui se trouvent dans le d\u00e9troit de Cook et au nord-est de l&#8217;\u00eele du Nord.<\/span> Au total, <span class=\"gts_text\" id=\"gts_text_83\">les esp\u00e8ces et sous-esp\u00e8ces de sph\u00e9nodons comptent entre 60.000 \u00e0 100.000 sp\u00e9cimens.<\/span><\/p>\n<p><span class=\"gts_text\" id=\"gts_text_84\">En 2005, 70 sph\u00e9nodons adultes ont \u00e9t\u00e9 transf\u00e9r\u00e9s \u00e0 la R\u00e9serve Naturelle Terrestre du Pic du Grand Kaori \u00e0 Wellington.<\/span> <span class=\"gts_text\" id=\"gts_text_85\">Il y a plusieurs programmes d&#8217;\u00e9levage du sph\u00e9nodon en Nouvelle-Z\u00e9lande.<\/span> <span class=\"gts_text\" id=\"gts_text_86\">Le Southland Museum and Art Gallery d&#8217;Invercargill a \u00e9t\u00e9 le premier organisme\u00a0\u00e0 adopter un programme d&#8217;\u00e9levage de sph\u00e9nodon.<\/span> <span class=\"gts_text\" id=\"gts_text_87\">Il \u00e9l\u00e8ve des Sphenodon punctatus.<\/span> <span class=\"gts_text\" id=\"gts_text_88\">Les zoos de Hamilton et de Wellington \u00e9l\u00e8vent aussi des sph\u00e9nodons et les rel\u00e2chent ensuite dans la nature quand ils sont capables de se d\u00e9brouiller et de se prot\u00e9ger seuls.<\/span><\/p>\n","protected":false},"excerpt":{"rendered":"<p>Les sph\u00e9nodons (ou tuataras) sont des reptiles qui sont indig\u00e8nes \u00e0 la Nouvelle-Z\u00e9lande. \u00a0Ils ressemblent aux l\u00e9zards, mais ce n&#8217;en sont pas. Ils sont uniques parce qu&#8217;ils sont les seuls survivants d&#8217;une vieille classe de reptiles qui existaient \u00e0 la m\u00eame \u00e9poque que les dinosaures. La plupart d&#8217;entre eux se sont \u00e9teints il y a &hellip; <a href=\"https:\/\/www.big-animals.com\/fr\/tuatara\/\" class=\"more-link\">Continue reading <span class=\"screen-reader-text\">Le sph\u00e9nodon<\/span><\/a><\/p>\n","protected":false},"author":1,"featured_media":0,"parent":0,"menu_order":0,"comment_status":"closed","ping_status":"open","template":"","meta":{"_acf_changed":false,"footnotes":""},"acf":[],"_links":{"self":[{"href":"https:\/\/www.big-animals.com\/fr\/wp-json\/wp\/v2\/pages\/14"}],"collection":[{"href":"https:\/\/www.big-animals.com\/fr\/wp-json\/wp\/v2\/pages"}],"about":[{"href":"https:\/\/www.big-animals.com\/fr\/wp-json\/wp\/v2\/types\/page"}],"author":[{"embeddable":true,"href":"https:\/\/www.big-animals.com\/fr\/wp-json\/wp\/v2\/users\/1"}],"replies":[{"embeddable":true,"href":"https:\/\/www.big-animals.com\/fr\/wp-json\/wp\/v2\/comments?post=14"}],"version-history":[{"count":2,"href":"https:\/\/www.big-animals.com\/fr\/wp-json\/wp\/v2\/pages\/14\/revisions"}],"predecessor-version":[{"id":324,"href":"https:\/\/www.big-animals.com\/fr\/wp-json\/wp\/v2\/pages\/14\/revisions\/324"}],"wp:attachment":[{"href":"https:\/\/www.big-animals.com\/fr\/wp-json\/wp\/v2\/media?parent=14"}],"curies":[{"name":"wp","href":"https:\/\/api.w.org\/{rel}","templated":true}]}}