{"id":15,"date":"2011-05-09T09:04:12","date_gmt":"2011-05-09T09:04:12","guid":{"rendered":""},"modified":"2014-01-09T07:12:00","modified_gmt":"2014-01-09T07:12:00","slug":"tortue-et-tortues","status":"publish","type":"page","link":"https:\/\/www.big-animals.com\/fr\/tortue-et-tortues\/","title":{"rendered":"Les tortues"},"content":{"rendered":"<p><span class=\"gts_text\" id=\"gts_text_1\">Les tortues sont des <a title=\"Les plus grands reptiles du monde !\" href=\"http:\/\/www.big-animals.com\/fr\/le-monde-grand-reptiles\/\">reptiles<\/a>.<\/span> <span class=\"gts_text\" id=\"gts_text_2\">Elles ont une coquille sp\u00e9ciale qui leur sert de bouclier.<\/span> <span class=\"gts_text\" id=\"gts_text_3\">Elles sont prot\u00e9g\u00e9es par une coquille sur le dessus et dessous.<\/span> <span class=\"gts_text\" id=\"gts_text_4\">La partie vo\u00fbt\u00e9e sup\u00e9rieure s&#8217;appelle la <em>carapace<\/em>.<\/span> <span class=\"gts_text\" id=\"gts_text_5\">La partie inf\u00e9rieure qui prot\u00e8ge le ventre s&#8217;appelle le son <em>plastron<\/em>.<\/span> <span class=\"gts_text\" id=\"gts_text_6\">\u00a0La carapace et le plastron sont r\u00e9unis par des structures osseuses appel\u00e9es des ponts.<\/span> <span class=\"gts_text\" id=\"gts_text_7\">La coquille des tortues se compose de 60 os diff\u00e9rents qui incluent une partie de l&#8217;\u00e9pine dorsale, du sternum et des nervures.<\/span> <span class=\"gts_text\" id=\"gts_text_8\">Cela explique\u00a0que, contrairement \u00e0 ce que l&#8217;on voit sur certains dessins anim\u00e9s, les tortues ne peuvent pas sortir de leur coquille.<\/span><\/p>\n<p><span class=\"gts_text\" id=\"gts_text_9\">La forme de la coquille nous indique que la tortue vit.<\/span> <span class=\"gts_text\" id=\"gts_text_10\">La plupart des tortues ont une grande coquille en forme de d\u00f4me comme bouclier contre leurs pr\u00e9dateurs.<\/span> <span class=\"gts_text\" id=\"gts_text_11\">Mais la tortue africaine de cr\u00eape a une coquille flexible plate qui des aides il \u00e0 courir rapidement \u00e0 partir de leurs pr\u00e9dateurs par la dissimulation dans les crevasses de roche.<\/span><\/p>\n<p><span class=\"gts_text\" id=\"gts_text_12\">La plupart des tortues qui vivent dans l&#8217;eau ont les coquilles plates pour les aider pour nager et plonger.<\/span> <span class=\"gts_text\" id=\"gts_text_13\">Les tortues de rupture am\u00e9ricaines et les tortues de musc ont petit, la coquille inf\u00e9rieure cruciforme ainsi elles peut marcher plus efficacement au fond des \u00e9tangs et des courants.<\/span><\/p>\n<p><span class=\"gts_text\" id=\"gts_text_14\">Les diff\u00e9rentes tortues ont des coquilles de diff\u00e9rentes couleurs.<\/span> <span class=\"gts_text\" id=\"gts_text_15\">Les couleurs les plus communes sont vert brun, noir ou olive.<\/span> <span class=\"gts_text\" id=\"gts_text_16\">Une des tortues les plus color\u00e9es est la tortue peinte orientale qui a une coquille inf\u00e9rieure jaune et une coquille noire ou olive avec l&#8217;inscription rouge autour de la jante.<\/span> <span class=\"gts_text\" id=\"gts_text_17\">N&#8217;est pas ce color\u00e9 !<\/span><\/p>\n<p><span class=\"gts_text\" id=\"gts_text_18\">Les tortues, qui passent la majeure partie de leur vie sur la terre, ont des coquilles en forme de d\u00f4me plus lourdes et plus \u00e9lev\u00e9es.<\/span> <span class=\"gts_text\" id=\"gts_text_19\">Les tortues aquatiques et doux-\u00e9coss\u00e9es ont pour avoir les coquilles l\u00e9g\u00e8res de sorte qu&#8217;elles ne coulent pas au fond de la mer.<\/span> <span class=\"gts_text\" id=\"gts_text_20\">Une coquille plus l\u00e9g\u00e8re les aide \u00e9galement pour nager plus rapidement.<\/span> <span class=\"gts_text\" id=\"gts_text_21\">Par exemple, les tortues de leatherback sont d&#8217;excellents nageurs et ont les coquilles tr\u00e8s l\u00e9g\u00e8res.<\/span><\/p>\n<p><span class=\"gts_text\" id=\"gts_text_22\">Les tortues \u00e9taient autour de le moment o\u00f9 les dinosaures ont err\u00e9 la terre.<\/span> <span class=\"gts_text\" id=\"gts_text_23\">Ceci fait les tortues une des groupes de reptiles les plus anciens, compar\u00e9es aux l\u00e9zards, aux serpents et aux crocodiles.<\/span> <span class=\"gts_text\" id=\"gts_text_24\">Quelques tortues peuvent vivre pour avoir lieu plus de 100 ann\u00e9es.<\/span> <span class=\"gts_text\" id=\"gts_text_25\">\u00a0La raison pour laquelle ils vivent qui est longtemps parce que les organes des tortues continuent \u00e0 fonctionner bien pendant qu&#8217;ils vieillissent.<\/span><\/p>\n<figure id=\"attachment_363\" aria-describedby=\"caption-attachment-363\" style=\"width: 259px\" class=\"wp-caption alignleft\"><a href=\"http:\/\/www.big-animals.com\/wp-content\/uploads\/2011\/01\/Harriet.jpg\"><img loading=\"lazy\" decoding=\"async\" class=\"size-full wp-image-363\" title=\"Harriet, la tortue long\u00e9vitale de Gal\u00e1pagos\" alt=\"Harriet, la tortue long\u00e9vitale de Gal\u00e1pagos\" src=\"http:\/\/www.big-animals.com\/wp-content\/uploads\/2011\/01\/Harriet.jpg\" width=\"259\" height=\"144\" \/><\/a><figcaption id=\"caption-attachment-363\" class=\"wp-caption-text\">Harriet, The Long-Lived Gal\u00e1pagos Tortoise<\/figcaption><\/figure>\n<p><span class=\"gts_text\" id=\"gts_text_26\">Adwaita (signification \u00ab\u00a0une et seulement\u00a0\u00bb dans sanscrit) \u00e9tait le nom d&#8217;une tortue g\u00e9ante masculine d&#8217;Aldabra dans les jardins zoologiques d&#8217;Alipore de Kolkata, Inde.<\/span> <span class=\"gts_text\" id=\"gts_text_27\">Il \u00e9tait parmi les animaux vivants les plus anciens dans le monde.<\/span> <span class=\"gts_text\" id=\"gts_text_28\">Il est mort quand il \u00e9tait environ 255 ann\u00e9es en 2006.<\/span> <span class=\"gts_text\" id=\"gts_text_29\">Tu&#8217;i Malila est la deuxi\u00e8me tortue long-v\u00e9cue apr\u00e8s Adwaita.<\/span> <span class=\"gts_text\" id=\"gts_text_30\">Il est mort en 1965 \u00e0 l&#8217;\u00e2ge de 188.<\/span> <span class=\"gts_text\" id=\"gts_text_31\">Apr\u00e8s, Harriet, une <a title=\"Tortue de Gal\u00e1pagos\" href=\"http:\/\/www.big-animals.com\/fr\/galapagos-tortue\/\">tortue des Galapagos<\/a> est la troisi\u00e8me tortue long-vivante qui est morte \u00e0 l&#8217;\u00e2ge de 175 ann\u00e9es en Australie en 2006.<\/span><\/p>\n<p><span class=\"gts_text\" id=\"gts_text_32\">Une partie d&#8217;aujourd&#8217;hui vivant de nombreuses esp\u00e8ces sont en voie d&#8217;extinction.<\/span> <span class=\"gts_text\" id=\"gts_text_33\">Toutes les tortues de mer sont en p\u00e9ril.<\/span> <span class=\"gts_text\" id=\"gts_text_34\">Il y a des lois pour les prot\u00e9ger, mais leur viande est fortement dedans demande dans quelques cultures.<\/span> <span class=\"gts_text\" id=\"gts_text_35\">La soupe \u00e0 tortues est un plat cher, par exemple.<\/span> <span class=\"gts_text\" id=\"gts_text_36\">Elles ont \u00e9t\u00e9 tellement agressivement chass\u00e9es en Asie dans la mesure o\u00f9 les tortues presque totalement ont disparu.<\/span><\/p>\n<p><span class=\"gts_text\" id=\"gts_text_37\">Conjecture quelles dames !<\/span> <span class=\"gts_text\" id=\"gts_text_38\">De la graisse des tortues est \u00e9galement employ\u00e9e dans les Cara\u00efbe et au Mexique comme ingr\u00e9dient en cosm\u00e9tiques.<\/span> <span class=\"gts_text\" id=\"gts_text_39\">La coquille inf\u00e9rieure d&#8217;une tortue est employ\u00e9e dans la m\u00e9decine de chinois traditionnel.<\/span><\/p>\n<p><span class=\"gts_text\" id=\"gts_text_40\">Pour rencontrer la forte demande pour les tortues que beaucoup de personnes ont commenc\u00e9 \u00e0 installer des fermes de tortues en Chine, l&#8217;Oklahoma et la Louisiane.<\/span><\/p>\n<p><span class=\"gts_text\" id=\"gts_text_41\">Les tortues sont froid blooded.<\/span> <span class=\"gts_text\" id=\"gts_text_42\">Par cons\u00e9quent leurs corps changent la temp\u00e9rature selon leurs environs.<\/span> <span class=\"gts_text\" id=\"gts_text_43\">Les tortues restent sans vie dans l&#8217;eau froide.<\/span> <span class=\"gts_text\" id=\"gts_text_44\">La plupart d&#8217;entre elles sommeil pendant l&#8217;hiver.<\/span> <span class=\"gts_text\" id=\"gts_text_45\">Toutes les tortues et tortues respirent l&#8217;air.<\/span> <span class=\"gts_text\" id=\"gts_text_46\">L&#8217;eau du fond de tortues doivent aller sur la surface remplir leurs poumons.<\/span><\/p>\n<p><span class=\"gts_text\" id=\"gts_text_47\">Les tortues ne pondent pas leurs oeufs sous l&#8217;eau.<\/span> <span class=\"gts_text\" id=\"gts_text_48\">\u00a0La plupart des tortues femelles reviennent \u00e0 la plage pour pondre leurs oeufs apr\u00e8s centaines de d\u00e9placement de kilom\u00e8tres.<\/span> <span class=\"gts_text\" id=\"gts_text_49\">Les tortues ont des nageoires pour les aider pour nager.<\/span> <span class=\"gts_text\" id=\"gts_text_50\">Croyez qu&#8217;elle ou pas elles peut nager aussi rapidement que les humains peuvent courir sur la terre.<\/span> <span class=\"gts_text\" id=\"gts_text_51\">Ils d\u00e9placent leurs nageoires avant au bain et les nageoires arri\u00e8re font la direction.<\/span><\/p>\n<figure id=\"attachment_364\" aria-describedby=\"caption-attachment-364\" style=\"width: 213px\" class=\"wp-caption alignright\"><a href=\"http:\/\/www.big-animals.com\/wp-content\/uploads\/2011\/01\/HaeckelChelonia.jpg\"><img loading=\"lazy\" decoding=\"async\" class=\"size-medium wp-image-364\" title=\"Diff\u00e9rents types des tortues et de tortues - dessins par Haeckel, 1904\" alt=\"Diff\u00e9rents types des tortues et de tortues - dessins par Haeckel, 1904\" src=\"http:\/\/www.big-animals.com\/wp-content\/uploads\/2011\/01\/HaeckelChelonia-213x300.jpg\" width=\"213\" height=\"300\" \/><\/a><figcaption id=\"caption-attachment-364\" class=\"wp-caption-text\">Plusieurs sortes de\u00a0tortues &#8211; Dessins de Haeckel, 1904<\/figcaption><\/figure>\n<p><span class=\"gts_text\" id=\"gts_text_52\">Puisqu&#8217;ils sont ont ainsi employ\u00e9 pour \u00eatre dans l&#8217;eau, ils ont beaucoup de mal \u00e0 se d\u00e9placer au sol.<\/span> <span class=\"gts_text\" id=\"gts_text_53\">C&#8217;est pourquoi les tortues de m\u00e8re se d\u00e9placent tr\u00e8s tr\u00e8s lentement sur la terre, se tra\u00eenant en avant avec leurs nageoires pour trouver un endroit pour creuser un trou et pour pondre leurs oeufs.<\/span> <span class=\"gts_text\" id=\"gts_text_54\">Ils pondront plusieurs centaines d&#8217;oeufs qui ressembleront aux boules de ping-pong.<\/span> <span class=\"gts_text\" id=\"gts_text_55\">Ils couvriront le trou de boue ou de sable.<\/span> <span class=\"gts_text\" id=\"gts_text_56\">Les m\u00e8res laissent alors leurs oeufs dans le trou.<\/span> <span class=\"gts_text\" id=\"gts_text_57\">Les tortues de m\u00e8re ne s&#8217;occupent pas de leurs b\u00e9b\u00e9s.<\/span><\/p>\n<p><span class=\"gts_text\" id=\"gts_text_58\">La chaleur du soleil aidera \u00e0 hacher les oeufs.<\/span> <span class=\"gts_text\" id=\"gts_text_59\">Les tortues femelles hachent des oeufs plus chauds qui sont plus proches sur la surface du sable ou de la boue.<\/span> <span class=\"gts_text\" id=\"gts_text_60\">\u00a0Les tortues masculines hachent des oeufs plus frais qui sont au fond du trou.<\/span> <span class=\"gts_text\" id=\"gts_text_61\">Ces tortues minuscules de b\u00e9b\u00e9 creusent sur la surface elles-m\u00eames et puis nagent \u00e0 la mer.<\/span> <span class=\"gts_text\" id=\"gts_text_62\">Il y a beaucoup d&#8217;oiseaux, de crabes et d&#8217;animaux attendant pour se r\u00e9galer de elles car elles font leur mani\u00e8re de nouveau \u00e0 la mer.<\/span> <span class=\"gts_text\" id=\"gts_text_63\">\u00a0Tristement, seulement 1 % de toutes les tortues de b\u00e9b\u00e9 atteignent l&#8217;\u00e2ge adulte.<\/span><\/p>\n<p><span class=\"gts_text\" id=\"gts_text_64\">Quelques tortues peuvent abaisser leur cou et tirer leur t\u00eate directement de nouveau dans la coquille.<\/span> <span class=\"gts_text\" id=\"gts_text_65\">Ces esp\u00e8ces des tortues incluent les tortues d&#8217;eau douce, les tortues de rupture, les tortues, les tortues \u00e9coss\u00e9es douces et les tortues de mer.<\/span> <span class=\"gts_text\" id=\"gts_text_66\">D&#8217;autres tortues, appel\u00e9es les tortues c\u00f4t\u00e9-\u00e9trangl\u00e9es, tirent le cou lat\u00e9ral dans la coquille.<\/span> <span class=\"gts_text\" id=\"gts_text_67\">Elles s&#8217;appellent les tortues de c\u00f4t\u00e9-cou, et vivent dans l&#8217;h\u00e9misph\u00e8re sud.<\/span><\/p>\n<p><span class=\"gts_text\" id=\"gts_text_68\">La t\u00eate d&#8217;une tortue est couverte dans les \u00e9chelles dures.<\/span> <span class=\"gts_text\" id=\"gts_text_69\">La plupart des tortues qui passent la majeure partie de leur temps sur la terre ont leurs yeux regarder vers le bas des objets devant eux.<\/span> <span class=\"gts_text\" id=\"gts_text_70\">Certaines tortues aquatiques comme des tortues de rupture et des tortues doux-\u00e9coss\u00e9es ont des yeux plus pr\u00e8s du dessus de la t\u00eate.<\/span> <span class=\"gts_text\" id=\"gts_text_71\">Ces esp\u00e8ces des tortues peuvent se cacher des pr\u00e9dateurs la descente vers le bas en eau peu profonde, mais en veillant que leurs yeux et narines sont au-dessus de la surface.<\/span> <span class=\"gts_text\" id=\"gts_text_72\">Les tortues de mer ont des glandes pr\u00e8s de leurs yeux \u00e0 se d\u00e9barasser du sel exc\u00e9dentaire dans leur corps qu&#8217;elles obtiennent de leur eau potable.<\/span><\/p>\n<p><span class=\"gts_text\" id=\"gts_text_73\">Les tortues ont la vision nocturne superbe.<\/span> <span class=\"gts_text\" id=\"gts_text_74\">Elle les aide consid\u00e9rablement pour voir clairement au fond de l&#8217;oc\u00e9an fonc\u00e9 ou la nuit sur la terre quand elles sortent pour pondre leurs oeufs.<\/span><\/p>\n<p><span class=\"gts_text\" id=\"gts_text_75\">Quelques tortues mangent des usines et la viande, certains mangent en grande partie des usines et d&#8217;autres en grande partie viande.<\/span> <span class=\"gts_text\" id=\"gts_text_76\">Les tortues n&#8217;ont pas des dents mais elles ont un bec fort.<\/span> <span class=\"gts_text\" id=\"gts_text_77\">Usine-mangeant les tortues ont un bord comme une scie \u00e0 leur bec qui les aide pour couper en nourriture dure comme des herbes de mer.<\/span> <span class=\"gts_text\" id=\"gts_text_78\">D&#8217;autre part, les tortues carnivores ont le bec couteau-pointu pour d\u00e9couper par leur proie.<\/span> <span class=\"gts_text\" id=\"gts_text_79\">Les tortues utilisent leurs langues pour les aider pour avaler leur nourriture mais elles ne peuvent pas coller leurs langues \u00e0 la nourriture de crochet comme une grenouille.<\/span><\/p>\n<p><span class=\"gts_text\" id=\"gts_text_80\">La plus grande tortue de mer vivante est la grande <a href=\"http:\/\/www.big-animals.com\/leatherback-sea-turtle\/\">tortue de mer de leatherback<\/a>.<\/span> <span class=\"gts_text\" id=\"gts_text_81\">La longueur de sa coquille est environ 200cm (6,6 pieds) et peut peser plus de 900 kilogrammes (2000lb).<\/span> <span class=\"gts_text\" id=\"gts_text_82\">Sa coquille est couverte de peau coriace avec les rayures augment\u00e9es.<\/span> <span class=\"gts_text\" id=\"gts_text_83\">Elle a une temp\u00e9rature corporelle plus \u00e9lev\u00e9e que l&#8217;eau environnante en raison de son taux m\u00e9tabolique \u00e9lev\u00e9.<\/span> <span class=\"gts_text\" id=\"gts_text_84\">Elle vit dans les oc\u00e9ans plus chauds d&#8217;oc\u00e9an.<\/span> <span class=\"gts_text\" id=\"gts_text_85\">Les tortues de mer ont plus de forme plus plate ainsi elles peuvent glisser par l&#8217;eau avec \u00e9l\u00e9gance.<\/span> <span class=\"gts_text\" id=\"gts_text_86\">Ils vivent en mer toutes leurs vies.<\/span> <span class=\"gts_text\" id=\"gts_text_87\">La tortue d&#8217;Archelon (ce qui signifie r\u00e8gle en Grec) \u00e9tait la plus grande tortue de mer qui ait jamais exist\u00e9, mais son esp\u00e8ce est aujourd&#8217;hui \u00e9teinte.<\/span> <span class=\"gts_text\" id=\"gts_text_88\">Elle mesurait 4,6 m\u00e8tres de long et pesait <\/span><span class=\"gts_text\" id=\"gts_text_89\">plus de 2.200 kilos.<\/span> <span class=\"gts_text\" id=\"gts_text_90\">La plupart des restes des tortues d&#8217;Archelon ont pu \u00eatre trouv\u00e9es le Dakota du Sud et au Wyoming.\u00a0Il y a quelques tortues qui vivent \u00e9galement en eau doux.<\/span> <span class=\"gts_text\" id=\"gts_text_91\">\u00a0Les tortues d&#8217;eau douce sont g\u00e9n\u00e9ralement plus petites que les tortues de mer.<\/span> <span class=\"gts_text\" id=\"gts_text_92\">Les plus grandes tortues d&#8217;eau douce sont les tortue doux-\u00e9coss\u00e9e par Asiatique.<\/span> <span class=\"gts_text\" id=\"gts_text_93\">\u00a0Ces tortues peuvent mesurer jusqu&#8217;\u00e0 2 m\u00e8tres.<\/span><\/p>\n<p><span class=\"gts_text\" id=\"gts_text_94\">Les tortues mange des usines et des insectes.<\/span> <span class=\"gts_text\" id=\"gts_text_95\">Elles ont des pieds avant palm\u00e9s qui ressemblent aux nageoires.<\/span> <span class=\"gts_text\" id=\"gts_text_96\">Les tortues Porc-Flair\u00e9es ont de vraies nageoires.<\/span> <span class=\"gts_text\" id=\"gts_text_97\">Mais les tortues, qui passent la majeure partie de leur vie sur la terre, ont les jambes courtaudes avec les griffes pointues pour le creusement.<\/span> <span class=\"gts_text\" id=\"gts_text_98\">Les tortues mangent seulement des plantes et des feuilles et toute autre basse v\u00e9g\u00e9tation menteuse.<\/span> <span class=\"gts_text\" id=\"gts_text_99\">Elles tendent \u00e0 rester dans un secteur.<\/span> <span class=\"gts_text\" id=\"gts_text_100\">Elles entrent seulement dans l&#8217;eau quand elles sont assoiff\u00e9es ou se baignantes.<\/span> <span class=\"gts_text\" id=\"gts_text_101\">Elles peuvent \u00eatre se noient dans les courants forts.<\/span> <span class=\"gts_text\" id=\"gts_text_102\">Elles peuvent \u00eatre trouv\u00e9es dans des secteurs secs.<\/span> <span class=\"gts_text\" id=\"gts_text_103\">Elles sont en g\u00e9n\u00e9ral plus grandes, plus encombrantes et plus lourdes.<\/span> <span class=\"gts_text\" id=\"gts_text_104\">La plus grande tortue vivante est la <a title=\"Tortue de Gal\u00e1pagos\" href=\"http:\/\/www.big-animals.com\/fr\/galapagos-tortue\/\">tortue des Galapagos<\/a> qui devient environ 1,8 m\u00e8tres (6 m\u00e8tres) longtemps et il peut peser au-dessus de 400 kilos.<\/span> <span class=\"gts_text\" id=\"gts_text_105\">Il est parmi le plus \u00e0 vie longue de tous les vert\u00e9br\u00e9s.<\/span> <span class=\"gts_text\" id=\"gts_text_106\">Il peut vivre plus de 100 ann\u00e9es dans le sauvage.<\/span> <span class=\"gts_text\" id=\"gts_text_107\">La tortue de Gal\u00e1pagos la plus ancienne \u00e9tait au moins 170 ann\u00e9es.<\/span> <span class=\"gts_text\" id=\"gts_text_108\">On le trouve sur les \u00eeles de Gal\u00e1pagos dans l&#8217;oc\u00e9an pacifique.<\/span> <span class=\"gts_text\" id=\"gts_text_109\">La plus grande tortue \u00e9teinte est la tortue de Meiolania.<\/span> <span class=\"gts_text\" id=\"gts_text_110\">Ils sont trouv\u00e9s dans le nord et l&#8217;Am\u00e9rique du Sud, l&#8217;Australie et l&#8217;Afrique.<\/span> <span class=\"gts_text\" id=\"gts_text_111\">Ils sont devenus il y a des 2.000 ans \u00e9teints quand l&#8217;homme a commenc\u00e9 \u00e0 les chasser pour la nourriture.<\/span> <span class=\"gts_text\" id=\"gts_text_112\">Ils sont environ 2,5 m\u00e8tres de long.<\/span><\/p>\n<p><span class=\"gts_text\" id=\"gts_text_113\">D&#8217;autre part, la plus petite tortue du monde est la tortue tachet\u00e9e de Padloper &#8211; les m\u00e2les devenez seulement environ 6-8 centim\u00e8tres de long &#8211; mais les femelles sont l\u00e9g\u00e8rement plus grandes.<\/span> <span class=\"gts_text\" id=\"gts_text_114\">Elles p\u00e8sent environ 95 \u00e0 165 grammes.<\/span> <span class=\"gts_text\" id=\"gts_text_115\">Leur nourriture pr\u00e9f\u00e9r\u00e9e est de petites grosses plantes avec un bon nombre d&#8217;eau dans eux.<\/span> <span class=\"gts_text\" id=\"gts_text_116\">Ils vivent sur la terre rocheuse.<\/span> <span class=\"gts_text\" id=\"gts_text_117\">Ils peuvent \u00eatre trouv\u00e9s en Afrique du Sud occidentale.<\/span> <span class=\"gts_text\" id=\"gts_text_118\">Deux autres petites tortues d&#8217;esp\u00e8ces sont les tortues de boue am\u00e9ricaines et des tortues de musc qui vivent dans un secteur qui s&#8217;\u00e9tend du Canada en Am\u00e9rique du Sud.<\/span> <span class=\"gts_text\" id=\"gts_text_119\">Leurs coquilles faisaientmoins de 13 centim\u00e8tres de long.<\/span><\/p>\n<p><span class=\"gts_text\" id=\"gts_text_120\">Les tortues emploient l&#8217;aide des rayons du soleil pour se chauffer et elles emploient l&#8217;eau ou l&#8217;ombre pour se refroidir.<\/span> <span class=\"gts_text\" id=\"gts_text_121\">Les tortues tendent \u00e0 chauffer leurs corps par baigner de soleil et se creuser \u00e9galement sous la terre pour maintenir frais.<\/span> <span class=\"gts_text\" id=\"gts_text_122\">La couche externe de la coquille fait partie de la peau.<\/span> <span class=\"gts_text\" id=\"gts_text_123\">Les tortues ne jettent pas leurs peaux d&#8217;un seul trait comme le serpent.<\/span> <span class=\"gts_text\" id=\"gts_text_124\">Les tortues ont jet\u00e9 leur peau peu \u00e0 peu.<\/span> <span class=\"gts_text\" id=\"gts_text_125\">Les tortues ont \u00e9galement jet\u00e9 la peau.<\/span> <span class=\"gts_text\" id=\"gts_text_126\">Ces la peau morte accumulera dans les boutons et les plats \u00e9pais qui prot\u00e9geront certaines parties du corps en dehors de la coquille.<\/span><\/p>\n<p><span class=\"gts_text\" id=\"gts_text_127\">Les grandes tortues tendent \u00e0 nager moins que les plus petites.<\/span> <span class=\"gts_text\" id=\"gts_text_128\">Par exemple, la tortue de rupture d&#8217;alligator, qui est l&#8217;une des plus grandes tortues d&#8217;eau douce dans le monde, nage \u00e0 peine du tout.<\/span> <span class=\"gts_text\" id=\"gts_text_129\">Ils pr\u00e9f\u00e8rent marcher le long du fond de la rivi\u00e8re ou du lac.<\/span> <span class=\"gts_text\" id=\"gts_text_130\">Les tortues emploient leurs longues griffes pour s&#8217;\u00e9lever sur des rives et des rondins de flottement.<\/span><\/p>\n<p><span class=\"gts_text\" id=\"gts_text_131\">Les petites tortues de terre ou d&#8217;eau douce sont parfois gard\u00e9es comme animaux domestiques.<\/span> <span class=\"gts_text\" id=\"gts_text_132\">Les plus populaires sont les tortues russes, les tortues de Dent-Thighed et les glisseurs Rouge-\u00c0 oreilles.<\/span><\/p>\n","protected":false},"excerpt":{"rendered":"<p>Les tortues sont des reptiles. Elles ont une coquille sp\u00e9ciale qui leur sert de bouclier. Elles sont prot\u00e9g\u00e9es par une coquille sur le dessus et dessous. La partie vo\u00fbt\u00e9e sup\u00e9rieure s&#8217;appelle la carapace. La partie inf\u00e9rieure qui prot\u00e8ge le ventre s&#8217;appelle le son plastron. \u00a0La carapace et le plastron sont r\u00e9unis par des structures osseuses &hellip; <a href=\"https:\/\/www.big-animals.com\/fr\/tortue-et-tortues\/\" class=\"more-link\">Continue reading <span class=\"screen-reader-text\">Les tortues<\/span><\/a><\/p>\n","protected":false},"author":1,"featured_media":0,"parent":0,"menu_order":0,"comment_status":"closed","ping_status":"open","template":"","meta":{"_acf_changed":false,"footnotes":""},"acf":[],"_links":{"self":[{"href":"https:\/\/www.big-animals.com\/fr\/wp-json\/wp\/v2\/pages\/15"}],"collection":[{"href":"https:\/\/www.big-animals.com\/fr\/wp-json\/wp\/v2\/pages"}],"about":[{"href":"https:\/\/www.big-animals.com\/fr\/wp-json\/wp\/v2\/types\/page"}],"author":[{"embeddable":true,"href":"https:\/\/www.big-animals.com\/fr\/wp-json\/wp\/v2\/users\/1"}],"replies":[{"embeddable":true,"href":"https:\/\/www.big-animals.com\/fr\/wp-json\/wp\/v2\/comments?post=15"}],"version-history":[{"count":2,"href":"https:\/\/www.big-animals.com\/fr\/wp-json\/wp\/v2\/pages\/15\/revisions"}],"predecessor-version":[{"id":246,"href":"https:\/\/www.big-animals.com\/fr\/wp-json\/wp\/v2\/pages\/15\/revisions\/246"}],"wp:attachment":[{"href":"https:\/\/www.big-animals.com\/fr\/wp-json\/wp\/v2\/media?parent=15"}],"curies":[{"name":"wp","href":"https:\/\/api.w.org\/{rel}","templated":true}]}}