{"id":17,"date":"2011-05-09T09:05:00","date_gmt":"2011-05-09T09:05:00","guid":{"rendered":""},"modified":"2014-06-22T15:26:40","modified_gmt":"2014-06-22T15:26:40","slug":"cetaces","status":"publish","type":"page","link":"https:\/\/www.big-animals.com\/fr\/cetaces\/","title":{"rendered":"Les c\u00e9tac\u00e9s"},"content":{"rendered":"<p><span id=\"gts_text_1\" class=\"gts_text\">Les c\u00e9tac\u00e9s comprennent les plus grands animaux qui aient jamais exist\u00e9 : la <a title=\"La baleine bleue \u2013 le plus grand animal de tous les temps !\" href=\"http:\/\/www.big-animals.com\/fr\/la-baleine-bleue-le-plus-grand-animal-de-tous-les-temps\/\">baleine bleue<\/a> est un c\u00e9tac\u00e9, tout comme les dauphins et les marsouins qui sont intelligents et amicaux.<\/span> <span id=\"gts_text_2\" class=\"gts_text\">Les marsouins sont de petits c\u00e9tac\u00e9s.<\/span> <span id=\"gts_text_3\" class=\"gts_text\">Les c\u00e9tac\u00e9s sont des <a title=\"Mammals \u2013 French\" href=\"http:\/\/www.big-animals.com\/fr\/2014\/01\/07\/mammals-french\/\">mammif\u00e8res<\/a> marins.<\/span> <span id=\"gts_text_4\" class=\"gts_text\">Ils sont con\u00e7us pour vivre en mer.<\/span> <span id=\"gts_text_5\" class=\"gts_text\">Ils ont un corps profil\u00e9 qui leur permet de nager vite.<\/span> <span id=\"gts_text_6\" class=\"gts_text\">Leurs membres ant\u00e9rieurs leur servent de nageoires.<\/span> <span id=\"gts_text_7\" class=\"gts_text\">Leurs membres post\u00e9rieurs sont extr\u00eamement petits.<\/span> <span id=\"gts_text_8\" class=\"gts_text\">Leur queue est horizontale, et non verticale comme celle d&#8217;un poisson.<\/span><\/p>\n<figure id=\"attachment_1043\" aria-describedby=\"caption-attachment-1043\" style=\"width: 300px\" class=\"wp-caption alignright\"><a href=\"http:\/\/www.big-animals.com\/wp-content\/uploads\/2011\/05\/HumpbackWhaleUnderwater.jpg\"><img loading=\"lazy\" decoding=\"async\" class=\"size-medium wp-image-1043\" title=\"La baleine de bosse est un c\u00e9tac\u00e9 typique\" src=\"http:\/\/www.big-animals.com\/wp-content\/uploads\/2011\/05\/HumpbackWhaleUnderwater-300x152.jpg\" alt=\"La baleine de bosse est un c\u00e9tac\u00e9 typique\" width=\"300\" height=\"152\" \/><\/a><figcaption id=\"caption-attachment-1043\" class=\"wp-caption-text\">La baleine \u00e0 bosse est un c\u00e9tac\u00e9 typique<\/figcaption><\/figure>\n<p><span id=\"gts_text_9\" class=\"gts_text\">Les c\u00e9tac\u00e9s sont bien isol\u00e9s par une couche \u00e9paisse de graisse qui les garde au chaud dans l&#8217;eau de mer fra\u00eeche.<\/span> <span id=\"gts_text_10\" class=\"gts_text\">Ils respirent l&#8217;air dans leurs poumons.<\/span><span id=\"gts_text_11\" class=\"gts_text\">\u00a0Quand ils plongent dans la mer profonde, leurs \u00e9vents (qui sont leurs narines, sur leur t\u00eate) sont ferm\u00e9es.<\/span> <span id=\"gts_text_12\" class=\"gts_text\">Elles s&#8217;ouvrent seulement quand les c\u00e9tac\u00e9s appr\u00eatent encore.<\/span> <span id=\"gts_text_13\" class=\"gts_text\">Ils respireront explosivement par leurs \u00e9vents.<\/span> <span id=\"gts_text_14\" class=\"gts_text\">Cela cause un fort courant d&#8217;air et de vapeur brumeux.<\/span> <span id=\"gts_text_15\" class=\"gts_text\">\u00a0De l&#8217;air chaud est exhal\u00e9 des \u00e9vents.<\/span> <span id=\"gts_text_16\" class=\"gts_text\">Apr\u00e8s avoir exhal\u00e9, ils\u00a0inhalent imm\u00e9diatement de l&#8217;air frais et les \u00e9vents se referment.<\/span> <span id=\"gts_text_17\" class=\"gts_text\">Les \u00e9vents sont dans le s\u00e9jour cl\u00f4tur\u00e9 quand les c\u00e9tac\u00e9s se d\u00e9tendent, ce qui leur permet de se d\u00e9tendre sous l&#8217;eau.<\/span> Les petits c\u00e9tac\u00e9s comme les dauphins et les marsouins <span id=\"gts_text_18\" class=\"gts_text\">n&#8217;ont besoin que d&#8217;une fraction de seconde pour respirer, mais cela peut prendre quelques secondes plus long pour de plus grands c\u00e9tac\u00e9s comme la baleine bleue.<\/span><\/p>\n<p><span id=\"gts_text_19\" class=\"gts_text\">Les \u00e9vents sont situ\u00e9s sur le dessus de la t\u00eate.<\/span> <span id=\"gts_text_20\" class=\"gts_text\">Les \u00e9vents sont recouverts d&#8217;ailerons musculaires qui emp\u00eachent l&#8217;eau d&#8217;entrer quand les c\u00e9tac\u00e9s sont sous l&#8217;eau.<\/span> <span id=\"gts_text_21\" class=\"gts_text\">Ils ne peuvent pas respirer par la bouche.<\/span> <span id=\"gts_text_22\" class=\"gts_text\">Ils ne peuvent respirer que par leurs \u00e9vents.<\/span><\/p>\n<figure id=\"attachment_1045\" aria-describedby=\"caption-attachment-1045\" style=\"width: 300px\" class=\"wp-caption alignleft\"><a href=\"http:\/\/www.big-animals.com\/wp-content\/uploads\/2011\/05\/Dolphin.jpg\"><img loading=\"lazy\" decoding=\"async\" class=\"size-medium wp-image-1045\" title=\"Les c\u00e9tac\u00e9s incluent des baleines et des dauphins\" src=\"http:\/\/www.big-animals.com\/wp-content\/uploads\/2011\/05\/Dolphin-300x131.jpg\" alt=\"Les c\u00e9tac\u00e9s incluent des baleines et des dauphins\" width=\"300\" height=\"131\" \/><\/a><figcaption id=\"caption-attachment-1045\" class=\"wp-caption-text\">Les c\u00e9tac\u00e9s incluent les baleines et les dauphins<\/figcaption><\/figure>\n<p><span id=\"gts_text_23\" class=\"gts_text\">Les yeux des c\u00e9tac\u00e9s sont plac\u00e9s sur les c\u00f4t\u00e9s plut\u00f4t qu&#8217;\u00e0 l&#8217;avant de la t\u00eate.<\/span> <span id=\"gts_text_24\" class=\"gts_text\">Ainsi, seuls les c\u00e9tac\u00e9s qui ont de longs \u00ab\u00a0rostres\u00a0\u00bb comme les dauphins utilisent leurs deux yeux pour regarder vers l&#8217;avant et <\/span><span id=\"gts_text_25\" class=\"gts_text\">vers le bas.<\/span> <span id=\"gts_text_26\" class=\"gts_text\">Les glandes de larmes dans leurs yeux s\u00e9cr\u00e8tent des larmes grasses qui prot\u00e8gent les yeux contre l&#8217;eau de mer sal\u00e9e.<\/span> <span id=\"gts_text_27\" class=\"gts_text\">Leurs lentilles sont de forme presque sph\u00e9rique.<\/span> <span id=\"gts_text_28\" class=\"gts_text\">Ces lentilles peuvent focaliser le peu de lumi\u00e8re qu&#8217;on trouve en eau profonde.<\/span><\/p>\n<p><span id=\"gts_text_29\" class=\"gts_text\">Ils ont de petites oreilles\u00a0: juste un trou minuscule dans la peau.<\/span> <span id=\"gts_text_30\" class=\"gts_text\">Ils n&#8217;ont pas d&#8217;oreilles externes pour entendre.<\/span> De toute fa\u00e7on<span id=\"gts_text_31\" class=\"gts_text\">, des oreilles externes seraient inutiles parce que l&#8217;eau conduit mieux les sons que l&#8217;air.<\/span> <span id=\"gts_text_32\" class=\"gts_text\">Ils ont une oreille interne fortement d\u00e9velopp\u00e9e pour d\u00e9tecter les sons lointains.<\/span> <span id=\"gts_text_33\" class=\"gts_text\">Ils savent aussi d&#8217;o\u00f9 viennent les sons.<\/span> <span id=\"gts_text_34\" class=\"gts_text\">Ils font aussi quelque chose qui les rapproche des \u00eatres humains :<\/span>\u00a0<span id=\"gts_text_35\" class=\"gts_text\">ils utilisent des sons pour communiquer.<\/span> <span id=\"gts_text_36\" class=\"gts_text\">Ils g\u00e9missent, sifflent et cliquent.<\/span>\u00a0<span id=\"gts_text_37\" class=\"gts_text\">Et\u00a0la baleine \u00e0 bosse sait m\u00eame chanter !<\/span><\/p>\n<p><span id=\"gts_text_38\" class=\"gts_text\">Il y a deux groupes principaux de c\u00e9tac\u00e9s.<\/span> <span id=\"gts_text_39\" class=\"gts_text\">Les baleines dent\u00e9es, appel\u00e9es Odontoceti, incluent les cachalots, les belugas, les dauphins et les marsouins.<\/span> <span id=\"gts_text_40\" class=\"gts_text\">Elles ont des dents qu&#8217;elles utilisent pour attraper les poissons, le calmar et d&#8217;autres cr\u00e9atures marines dont ells s&#8217;alimentent.<\/span> <span id=\"gts_text_41\" class=\"gts_text\">Elles ne m\u00e2chent pas leur nourriture mais l&#8217;avalent d&#8217;un seul coup.<\/span> <span id=\"gts_text_42\" class=\"gts_text\">Quand elles attrapent une grande proie, comme un phoque, elles le mordent et avalent un gros morceau \u00e0 la fois.<\/span> <span id=\"gts_text_43\" class=\"gts_text\">Ils ont seulement un \u00e9vent.<\/span><\/p>\n<figure id=\"attachment_1044\" aria-describedby=\"caption-attachment-1044\" style=\"width: 300px\" class=\"wp-caption alignright\"><a href=\"http:\/\/www.big-animals.com\/wp-content\/uploads\/2011\/05\/HumpbackWhaleTail.jpg\"><img loading=\"lazy\" decoding=\"async\" class=\"size-medium wp-image-1044\" title=\"Les c\u00e9tac\u00e9s ont les empennages horizontaux\" src=\"http:\/\/www.big-animals.com\/wp-content\/uploads\/2011\/05\/HumpbackWhaleTail-300x176.jpg\" alt=\"Les c\u00e9tac\u00e9s ont les empennages horizontaux\" width=\"300\" height=\"176\" \/><\/a><figcaption id=\"caption-attachment-1044\" class=\"wp-caption-text\">Les c\u00e9tac\u00e9s ont des queues horizontales<\/figcaption><\/figure>\n<p><span id=\"gts_text_44\" class=\"gts_text\">Les membres du\u00a0groupe des Mysticeti n&#8217;ont pas des dents \u00e0 l&#8217;\u00e2ge adulte.<\/span> <span id=\"gts_text_45\" class=\"gts_text\">A la place, ils ont des plats de baleen qui ressemblent aux franges pendant de la m\u00e2choire sup\u00e9rieure.<\/span> <span id=\"gts_text_46\" class=\"gts_text\">Ces plats de baleen s\u00e9parent de petits animaux comme le krill et les poissons de grandes bouch\u00e9es d&#8217;eau de mer.<\/span> <span id=\"gts_text_47\" class=\"gts_text\">Ils font localiser deux \u00e9vents, c\u00f4te \u00e0 c\u00f4te.<\/span> <span id=\"gts_text_48\" class=\"gts_text\">Parmi les mysticeti, on trouve la baleine bleue, le bosse, le Bowhead et de petites baleines.<\/span><\/p>\n<p><span id=\"gts_text_49\" class=\"gts_text\">Les c\u00e9tac\u00e9s sont des mammif\u00e8res.<\/span> <span id=\"gts_text_50\" class=\"gts_text\">Etant des mammif\u00e8res, ils ont le sang chaud, ils respirent l&#8217;air par leurs poumons, ils donnent du lait \u00e0 leurs petits et finalement ils ont m\u00eame des poils, bien qu&#8217;ils soient presque chauves.<\/span><\/p>\n<p><span id=\"gts_text_51\" class=\"gts_text\">\u00a0<\/span><\/p>\n","protected":false},"excerpt":{"rendered":"<p>Les c\u00e9tac\u00e9s comprennent les plus grands animaux qui aient jamais exist\u00e9 : la baleine bleue est un c\u00e9tac\u00e9, tout comme les dauphins et les marsouins qui sont intelligents et amicaux. Les marsouins sont de petits c\u00e9tac\u00e9s. Les c\u00e9tac\u00e9s sont des mammif\u00e8res marins. Ils sont con\u00e7us pour vivre en mer. Ils ont un corps profil\u00e9 qui &hellip; <a href=\"https:\/\/www.big-animals.com\/fr\/cetaces\/\" class=\"more-link\">Continue reading <span class=\"screen-reader-text\">Les c\u00e9tac\u00e9s<\/span><\/a><\/p>\n","protected":false},"author":1,"featured_media":0,"parent":0,"menu_order":0,"comment_status":"closed","ping_status":"open","template":"","meta":{"_acf_changed":false,"footnotes":""},"acf":[],"_links":{"self":[{"href":"https:\/\/www.big-animals.com\/fr\/wp-json\/wp\/v2\/pages\/17"}],"collection":[{"href":"https:\/\/www.big-animals.com\/fr\/wp-json\/wp\/v2\/pages"}],"about":[{"href":"https:\/\/www.big-animals.com\/fr\/wp-json\/wp\/v2\/types\/page"}],"author":[{"embeddable":true,"href":"https:\/\/www.big-animals.com\/fr\/wp-json\/wp\/v2\/users\/1"}],"replies":[{"embeddable":true,"href":"https:\/\/www.big-animals.com\/fr\/wp-json\/wp\/v2\/comments?post=17"}],"version-history":[{"count":5,"href":"https:\/\/www.big-animals.com\/fr\/wp-json\/wp\/v2\/pages\/17\/revisions"}],"predecessor-version":[{"id":479,"href":"https:\/\/www.big-animals.com\/fr\/wp-json\/wp\/v2\/pages\/17\/revisions\/479"}],"wp:attachment":[{"href":"https:\/\/www.big-animals.com\/fr\/wp-json\/wp\/v2\/media?parent=17"}],"curies":[{"name":"wp","href":"https:\/\/api.w.org\/{rel}","templated":true}]}}