{"id":18,"date":"2011-05-09T09:07:44","date_gmt":"2011-05-09T09:07:44","guid":{"rendered":""},"modified":"2014-01-13T12:49:57","modified_gmt":"2014-01-13T12:49:57","slug":"impair-botter-avec-la-pointe-du-pied-ungulates","status":"publish","type":"page","link":"https:\/\/www.big-animals.com\/fr\/impair-botter-avec-la-pointe-du-pied-ungulates\/","title":{"rendered":"Les ongul\u00e9s \u00e0 nombre de doigts impair"},"content":{"rendered":"<figure id=\"attachment_1081\" aria-describedby=\"caption-attachment-1081\" style=\"width: 244px\" class=\"wp-caption alignright\"><img loading=\"lazy\" decoding=\"async\" class=\"size-medium wp-image-1081 \" title=\"Le tapir est un ongul\u00e9 Impair-Bott\u00e9 avec la pointe du pied\" alt=\"Le tapir est un ongul\u00e9 Impair-Bott\u00e9 avec la pointe du pied\" src=\"http:\/\/www.big-animals.com\/wp-content\/uploads\/2011\/05\/Tapir-244x300.jpg\" width=\"244\" height=\"300\" \/><figcaption id=\"caption-attachment-1081\" class=\"wp-caption-text\">Le tapir est un ongul\u00e9 \u00e0 nombre de doigts impair<\/figcaption><\/figure>\n<p><span class=\"gts_text\" id=\"gts_text_2\">Les ongul\u00e9s \u00e0 nombre de doigts impair sont des <a title=\"Les plus grands mammif\u00e8res du monde !\" href=\"http:\/\/www.big-animals.com\/the-worlds-biggest-mammals\/\">mammif\u00e8res<\/a>\u00a0qui mangent de l&#8217;herbe.<\/span> <span class=\"gts_text\" id=\"gts_text_3\">La plupart des ongul\u00e9s \u00e0 nombre de doigts impair mangent aussi des plantes.<\/span> <span class=\"gts_text\" id=\"gts_text_4\">Ce groupe inclut les chevaux, les tapirs et les rhinoc\u00e9ros.<\/span> <span class=\"gts_text\" id=\"gts_text_5\">Ces mammif\u00e8res ont des sabots avec un nombre de doigts impair.<\/span> <span class=\"gts_text\" id=\"gts_text_6\">Sur chaque sabot, le doigt du milieu\u00a0est en g\u00e9n\u00e9ral plus grand que les autres.<\/span> <span class=\"gts_text\" id=\"gts_text_7\">Ces animaux sont relativement grands et ont des estomacs beaucoup plus simples que ceux des <a title=\"ongul\u00e9 \u00c9gal-bott\u00e9 avec la pointe du pied\" href=\"http:\/\/www.big-animals.com\/fr\/agal-botter-avec-la-pointe-du-pied-ongula\/\">ongul\u00e9s \u00e0 nombre de doigts pair<\/a> qui ont besoin d&#8217;estomacs complexes pour dig\u00e9rer leur nourriture \u00e0 base de plantes.<\/span><\/p>\n<p><span class=\"gts_text\" id=\"gts_text_8\">C&#8217;est un groupe compos\u00e9 d&#8217;esp\u00e8ces tr\u00e8s vari\u00e9es.<\/span> <span class=\"gts_text\" id=\"gts_text_9\">Tous les ongul\u00e9s \u00e0 nombre de doigts impair modernes sont de grands animaux, dont la taille varie entre le plus petit, le tapir de montagne qui p\u00e8se 180 kilogrammes,\u00a0au plus grand, le\u00a0<a title=\"Rhinoc\u00e9ros blanc\" href=\"http:\/\/www.big-animals.com\/fr\/blanc-rhinoceros\/\">rhinoc\u00e9ros blanc<\/a> qui peut peser 2.200 kilos ou plus.<\/span> <span class=\"gts_text\" id=\"gts_text_10\">Leur \u00e9norme poids corporel est soutenu par leur grand orteil central ou leur troisi\u00e8me orteil.<\/span> On en trouve <span class=\"gts_text\" id=\"gts_text_11\">dans l&#8217;ensemble de l&#8217;Afrique, de l&#8217;Am\u00e9rique du Nord, de l&#8217;Am\u00e9rique du Sud et de l&#8217;Asie.<\/span><\/p>\n<p><span class=\"gts_text\" id=\"gts_text_12\">Les chevaux vivent en troupeaux.<\/span> A l&#8217;heure actuelle, l<span class=\"gts_text\" id=\"gts_text_13\">es rhinoc\u00e9ros aiment vivre seuls.<\/span> <span class=\"gts_text\" id=\"gts_text_14\">Ce sont des animaux territoriaux.<\/span> <span class=\"gts_text\" id=\"gts_text_15\">Ainsi, ils attaqueront souvent un autre rhinoc\u00e9ros qui essaie d&#8217;envahir leur espace.<\/span> <span class=\"gts_text\" id=\"gts_text_16\">Les tapirs sont aussi des animaux solitaires mais ils ne se d\u00e9fendent pas et n&#8217;attaquent pas les animaux qui envahissent leur territoire.<\/span> <span class=\"gts_text\" id=\"gts_text_17\">Ils sont des animaux timides.<\/span><\/p>\n<figure id=\"attachment_1082\" aria-describedby=\"caption-attachment-1082\" style=\"width: 300px\" class=\"wp-caption alignleft\"><img loading=\"lazy\" decoding=\"async\" class=\"size-medium wp-image-1082\" title=\"Les rhinoc\u00e9ros sont tr\u00e8s agressifs\" alt=\"Les rhinoc\u00e9ros sont tr\u00e8s agressifs\" src=\"http:\/\/www.big-animals.com\/wp-content\/uploads\/2011\/05\/Rhinoceros-300x225.jpg\" width=\"300\" height=\"225\" \/><figcaption id=\"caption-attachment-1082\" class=\"wp-caption-text\">Les rhinoc\u00e9ros sont tr\u00e8s agressifs<\/figcaption><\/figure>\n<p><span class=\"gts_text\" id=\"gts_text_19\">L&#8217;ongul\u00e9 \u00e0 nombre de doigts impair femelle met en g\u00e9n\u00e9ral un seul petit au monde \u00e0 la fois.<\/span> <span class=\"gts_text\" id=\"gts_text_20\">Elle a rarement des jumeaux.<\/span> <span class=\"gts_text\" id=\"gts_text_21\">Le petit peut se mettre debout peu de temps apr\u00e8s sa naissance.<\/span> <span class=\"gts_text\" id=\"gts_text_22\">Mais le petit depend encore beaucoup de sa m\u00e8re.<\/span> <span class=\"gts_text\" id=\"gts_text_23\">Le petit reste aupr\u00e8s de sa m\u00e8re m\u00eame apr\u00e8s qu&#8217;il arr\u00eate de t\u00e9ter.<\/span> <span class=\"gts_text\" id=\"gts_text_24\">Il se s\u00e9pare seulement de sa m\u00e8re quand elle commence \u00e0 l&#8217;\u00e9carter.<\/span> <span class=\"gts_text\" id=\"gts_text_25\">Elle le fait quand elle est sur le point de donner naissance \u00e0 un nouveau petit.<\/span> <span class=\"gts_text\" id=\"gts_text_26\">A ce moment-l\u00e0, le petit rejoint le troupeau.<\/span> <span class=\"gts_text\" id=\"gts_text_27\">Plus tard, les jeunes m\u00e2les sont souvent mis \u00e0 l&#8217;\u00e9cart pour qu&#8217;ils rejoignent des troupeaux de c\u00e9libataires.<\/span> <span class=\"gts_text\" id=\"gts_text_28\">Dans le cas des rhinoc\u00e9ros et des tapirs, ils doivent partir loin \u00e0 la recherche de nouvelles sources de nourriture apr\u00e8s avoir \u00e9t\u00e9 sevr\u00e9s par leurs m\u00e8res.<\/span><\/p>\n<p><span class=\"gts_text\" id=\"gts_text_29\">Les chevaux et les \u00e2nes ont \u00e9t\u00e9 domestiqu\u00e9s depuis tr\u00e8s longtemps.<\/span> <span class=\"gts_text\" id=\"gts_text_30\">Mais aucun rhinoc\u00e9ros n&#8217;a jamais \u00e9t\u00e9 domestiqu\u00e9.<\/span> <span class=\"gts_text\" id=\"gts_text_31\">Il est trop grand et trop agressif !<\/span> <span class=\"gts_text\" id=\"gts_text_32\">Certains ont \u00e9t\u00e9 captur\u00e9s et mis dans des zoos.<\/span> <span class=\"gts_text\" id=\"gts_text_33\">La population des ongul\u00e9s \u00e0 nombre de doigts impair s&#8217;est r\u00e9duite \u00e0 cause des changements climatiques, des pr\u00e9dateurs, des maladies, des plantes \u00e0 feuilles dures et de la concurrence d&#8217;autres mangeurs de plantes comme les ongul\u00e9s \u00e0 nombre de doigts pair.<\/span> <span class=\"gts_text\" id=\"gts_text_34\">\u00a0La plupart des esp\u00e8ces d&#8217;ongul\u00e9s \u00e0 nombre de doigts impair sont menac\u00e9es mais aucune esp\u00e8ce moderne n&#8217;est consid\u00e9r\u00e9e comme disparue.<\/span> <span class=\"gts_text\" id=\"gts_text_35\">Ils tendent \u00e0 vivre plus longtemps en captivit\u00e9.<\/span> <span class=\"gts_text\" id=\"gts_text_36\">Il y a beaucoup de programmes de pr\u00e9servation qui visent \u00e0 prot\u00e9ger les animaux qui vivent dans la nature.<\/span> <span class=\"gts_text\" id=\"gts_text_37\">Si <em>tous <\/em>ces efforts \u00e9chouent, alors seules deux esp\u00e8ces\u00a0d&#8217;ongul\u00e9s \u00e0 nombre de doigts impair survivront : les chevaux et les \u00e2nes domestiqu\u00e9s.<\/span><\/p>\n<figure id=\"attachment_1083\" aria-describedby=\"caption-attachment-1083\" style=\"width: 300px\" class=\"wp-caption aligncenter\"><a href=\"http:\/\/www.big-animals.com\/wp-content\/uploads\/2011\/05\/Zebras.jpg\"><img loading=\"lazy\" decoding=\"async\" class=\"size-medium wp-image-1083\" title=\"Les z\u00e8bres et les chevaux sont le troisi\u00e8me groupe d'Ungulates Impair-Botter avec la pointe du pied\" alt=\"Les z\u00e8bres et les chevaux sont le troisi\u00e8me groupe d'Ungulates Impair-Botter avec la pointe du pied\" src=\"http:\/\/www.big-animals.com\/wp-content\/uploads\/2011\/05\/Zebras-300x188.jpg\" width=\"300\" height=\"188\" \/><\/a><figcaption id=\"caption-attachment-1083\" class=\"wp-caption-text\">Les z\u00e8bres et les chevaux sont le troisi\u00e8me groupe d&#8217;ongul\u00e9s \u00e0 nombre de doigts impair<\/figcaption><\/figure>\n<p><span class=\"gts_text\" id=\"gts_text_39\">\u00a0<\/span><\/p>\n","protected":false},"excerpt":{"rendered":"<p>Les ongul\u00e9s \u00e0 nombre de doigts impair sont des mammif\u00e8res\u00a0qui mangent de l&#8217;herbe. La plupart des ongul\u00e9s \u00e0 nombre de doigts impair mangent aussi des plantes. Ce groupe inclut les chevaux, les tapirs et les rhinoc\u00e9ros. Ces mammif\u00e8res ont des sabots avec un nombre de doigts impair. Sur chaque sabot, le doigt du milieu\u00a0est en &hellip; <a href=\"https:\/\/www.big-animals.com\/fr\/impair-botter-avec-la-pointe-du-pied-ungulates\/\" class=\"more-link\">Continue reading <span class=\"screen-reader-text\">Les ongul\u00e9s \u00e0 nombre de doigts impair<\/span><\/a><\/p>\n","protected":false},"author":1,"featured_media":0,"parent":0,"menu_order":0,"comment_status":"closed","ping_status":"open","template":"","meta":{"_acf_changed":false,"footnotes":""},"acf":[],"_links":{"self":[{"href":"https:\/\/www.big-animals.com\/fr\/wp-json\/wp\/v2\/pages\/18"}],"collection":[{"href":"https:\/\/www.big-animals.com\/fr\/wp-json\/wp\/v2\/pages"}],"about":[{"href":"https:\/\/www.big-animals.com\/fr\/wp-json\/wp\/v2\/types\/page"}],"author":[{"embeddable":true,"href":"https:\/\/www.big-animals.com\/fr\/wp-json\/wp\/v2\/users\/1"}],"replies":[{"embeddable":true,"href":"https:\/\/www.big-animals.com\/fr\/wp-json\/wp\/v2\/comments?post=18"}],"version-history":[{"count":3,"href":"https:\/\/www.big-animals.com\/fr\/wp-json\/wp\/v2\/pages\/18\/revisions"}],"predecessor-version":[{"id":297,"href":"https:\/\/www.big-animals.com\/fr\/wp-json\/wp\/v2\/pages\/18\/revisions\/297"}],"wp:attachment":[{"href":"https:\/\/www.big-animals.com\/fr\/wp-json\/wp\/v2\/media?parent=18"}],"curies":[{"name":"wp","href":"https:\/\/api.w.org\/{rel}","templated":true}]}}