{"id":20,"date":"2011-05-09T09:08:43","date_gmt":"2011-05-09T09:08:43","guid":{"rendered":""},"modified":"2016-04-08T13:00:18","modified_gmt":"2016-04-08T13:00:18","slug":"leatherback-mer-tortue","status":"publish","type":"page","link":"https:\/\/www.big-animals.com\/fr\/leatherback-mer-tortue\/","title":{"rendered":"La tortue Luth"},"content":{"rendered":"<p>La tortue luth\u00a0est la plus grande de toutes les <a href=\"http:\/\/www.big-animals.com\/fr\/tortue-et-tortues\/\">tortues<\/a> vivantes et le quatri\u00e8me plus grand\u00a0<a href=\"http:\/\/www.big-animals.com\/fr\/le-monde-grand-reptiles\/\">reptile<\/a> vivant apr\u00e8s certains crocodiles et alligators. L\u2019\u00e9norme tortue luth\u00a0mesure en moyenne de 1 \u00e0 2 m\u00e8tres (6-12 pieds) de long et p\u00e8se de 250 \u00e0 700\u00a0kg (550-1500 livres). Une tortue luth adulte\u00a0est plus grande\u00a0qu\u2019un homme de taille moyenne. La plus grande jamais trouv\u00e9e mesurait\u00a0plus de 3 m\u00e8tres (18 pieds) de la\u00a0t\u00eate \u00e0 la queue et pes\u00e9 916 kilogrammes (2019 livres). On l\u2019a trouv\u00e9 sur une plage\u00a0de\u00a0la c\u00f4te ouest du Pays de Galles.<\/p>\n<h3><span id=\"gts_text_6\" class=\"gts_text\">G\u00e9n\u00e9ralit\u00e9s sur la\u00a0tortue\u00a0luth<\/span><\/h3>\n<p>Cette tortue marine gigantesque doit son nom fran\u00e7ais \u00e0 sa forme qui ressemble \u00e0 la caisse de r\u00e9sonance de l\u2019instrument de musique, mais en anglais elle s\u2019appelle \u00ab\u00a0leatherback\u00a0\u00bb ou \u00ab\u00a0dos en cuir\u00a0\u00bb parce que sa carapace est comme faite d\u2019un cuir \u00e9pais. Cela ressemble \u00e0 du caoutchouc dur. Cette peau coriace diff\u00e9rencie\u00a0la tortue luth d\u2019autres tortues marine, qui ont\u00a0des carapaces\u00a0osseuses. Elle a sept ar\u00eates distinctes sur la partie vo\u00fbt\u00e9e sup\u00e9rieure de sa carapace. Les ar\u00eates vont\u00a0de l\u2019avant au dos du cou des tortues. Ces ar\u00eates et la forme en larme de leur corps aident les tortues \u00e0 glisser facilement dans\u00a0l\u2019eau. Le dos de la tortue est gris fonc\u00e9 \u00e0\u00a0noir\u00a0avec des petites taches blanches.<\/p>\n<figure id=\"attachment_342\" aria-describedby=\"caption-attachment-342\" style=\"width: 300px\" class=\"wp-caption alignleft\"><a href=\"http:\/\/www.big-animals.com\/wp-content\/uploads\/2011\/02\/Letherback-Laying-Eggs.jpg\"><img loading=\"lazy\" decoding=\"async\" class=\"size-medium wp-image-342 \" title=\"Tortue de Leatherback pondant des oeufs - la tortue de mer de Leatherback est la plus grande tortue du monde\" src=\"http:\/\/www.big-animals.com\/wp-content\/uploads\/2011\/02\/Letherback-Laying-Eggs-300x204.jpg\" alt=\"Tortue de Leatherback pondant des oeufs - la tortue de mer de Leatherback est la plus grande tortue du monde\" width=\"300\" height=\"204\" \/><\/a><figcaption id=\"caption-attachment-342\" class=\"wp-caption-text\">Tortue luth pondant des oeufs- La tortue luth est la plus grande tortue du monde\u00a0&#8211; Photo par\u00a0Steve Garvie,\u00a0\u00c9cosse<\/figcaption><\/figure>\n<p>Les tortues luths\u00a0sont les animaux marins qui plongent le plus profond. Elles peuvent plonger \u00e0 1,28\u00a0km (0,8 mile) sous la surface. En plus de cela, elles peuvent rester sous l\u2019eau pendant tr\u00e8s longtemps. Elles ont des poumons bal\u00e8zes\u2009! Elles sont \u00e9galement les reptiles les plus rapides. Elles peuvent nager \u00e0 environ 35 kilom\u00e8tres par heure (22 miles par heure).<\/p>\n<h3><span id=\"gts_text_20\" class=\"gts_text\">L&#8217;habitat de la tortue\u00a0luth<\/span><\/h3>\n<p>La tortue luth\u00a0est heureuse autant dans l\u2019eau froide que chaude. On en trouve au nord\u00a0jusqu\u2019en\u00a0Norv\u00e8ge et jusqu\u2019au\u00a0sud des c\u00f4tes du Chili et de la Nouvelle-Z\u00e9lande. Les tortues luths\u00a0ont donc\u00a0la r\u00e9partition \u00e0 la surface de la Terre la plus \u00e9tendue\u00a0de\u00a0toutes les esp\u00e8ces de reptiles. Elles se trouvent\u00a0dans tous les oc\u00e9ans tropicaux et subtropicaux, et aussi dans les mers glaciales de l\u2019Arctique. Elles\u00a0ont un corps exceptionnel\u00a0qui leur permet de vivre dans l\u2019eau froide. Elles peuvent maintenir leur\u00a0temp\u00e9rature corporelle en eau froide gr\u00e2ce \u00e0 leur grande taille, et \u00e0 la couche \u00e9paisse de graisse qu\u2019elles ont juste sous la peau, elles r\u00e9cup\u00e8rent aussi beaucoup de chaleur de leurs muscles quand elles nagent et elles\u00a0peuvent couper le flux sanguin de leurs nageoires. Toutes les autres tortues marines\u00a0sont confin\u00e9es aux r\u00e9gions plus chaudes des oc\u00e9ans du monde. Des tortues luths\u00a0adultes ont \u00e9t\u00e9 trouv\u00e9es avec une temp\u00e9rature corporelle de 18\u00a0\u00b0C (20\u00a0\u00b0F) au-dessus de la temp\u00e9rature l\u2019eau environnante.<\/p>\n<p>Les tortues luths ont une grande paire de nageoires avant. Ces nageoires sont plates ce qui permet aux tortues luths de\u00a0nager en haute mer. Elles n\u2019ont pas de\u00a0griffes ou d\u2019\u00e9cailles, et elles sont beaucoup plus longues que les nageoires des autres tortues marines. Les nageoires arri\u00e8re des tortues luths ont une forme de pagaie. Les nageoires avant peuvent mesurer jusqu\u2019\u00e0\u00a02,7\u00a0m (3 yards) de long. Avec sa coquille stri\u00e9e et ses nageoires \u00e9normes, la tortue luth peut se d\u00e9placer sur\u00a0des distances immenses. Les tortues luths voyagent 6000\u00a0km (3700 miles) en moyenne\u00a0de\u00a0l\u2019endroit o\u00f9 elles pondent\u00a0leurs \u0153ufs au lieu o\u00f9 elles se nourrissent.<\/p>\n<p>Les m\u00e8res tortues luths pondent environ\u00a0100 &#8211; 150 \u0153ufs sur les plages tropicales. Elles pondent des \u0153ufs plusieurs fois pendant une saison de nidification. Apr\u00e8s environ 2 mois, les b\u00e9b\u00e9s tortues luths, qui ont\u00a0des rayures blanches le long des ar\u00eates de leurs dos et sur leurs nageoires, creusent\u00a0jusqu\u2019\u00e0 la surface du sable. Les b\u00e9b\u00e9s mesurent 5-7,7\u00a0cm (2-3 pouces) de long. Ils ont des nageoires avant qui sont aussi longues\u00a0que leurs corps. Ils p\u00e8sent environ 40-50 grammes (1,4-1,7 once). Une\u00a0m\u00e8re tortue luth retourne sur la plage o\u00f9 elle a elle-m\u00eame \u00e9clos pour pondre ses \u0153ufs.<\/p>\n<h3><span id=\"gts_text_43\" class=\"gts_text\">Que\u00a0mangent les tortues luth\u00a0?<\/span><\/h3>\n<p>Le r\u00e9gime des tortues luths est principalement bas\u00e9 sur la\u00a0m\u00e9duse. Elles mangent aussi des poissons, du\u00a0calmar et d\u2019autres cr\u00e9atures marines\u00a0sans os. Les tortues luths du Pacifique\u00a0nagent \u00e0 travers l\u2019oc\u00e9an pacifique, de l\u2019Indon\u00e9sie \u00e0 la Californie pour manger des m\u00e9duses. Ce sont de vraies nageuses de longues distances\u2009! Les sac en plastiques flottant \u00e0 la surface de\u00a0l\u2019oc\u00e9an sont une des causes de\u00a0la baisse du\u00a0nombre de tortues luths. Elles\u00a0confondent ces sacs en plastique avec des m\u00e9duses et essaient de\u00a0les manger. On estime qu\u2019un tiers des tortues luths\u00a0adultes ont mang\u00e9 un sac en plastique. Ainsi, nous devrions vraiment cesser d\u2019utiliser des sacs en plastique et commencer \u00e0 utiliser des sacs \u00e0 provisions r\u00e9utilisables. Une petite quantit\u00e9 de plastique peut tuer une tortue luth\u00a0en bloquant son appareil digestif.<\/p>\n<h3><span id=\"gts_text_53\" class=\"gts_text\">La tortue luth\u00a0est en danger<\/span><\/h3>\n<p>Ind\u00e9pendamment des sacs en plastique, elles font face \u00e0 beaucoup d\u2019autres menaces. Les habitants de certains\u00a0pays mangent les \u0153ufs des tortues luths. Tant d\u2019\u0153ufs de la tortue ont \u00e9t\u00e9 d\u00e9terr\u00e9s dans les pays asiatiques que le nombre de tortues luths\u00a0a chut\u00e9. Par exemple, la plage de Rantau Abang \u00e0\u00a0Terengganu, en Malaisie \u00e9tait par le pass\u00e9 la plus grande zone de nidification du\u00a0monde. Il y avait\u00a0tous les ans 10 000 nids de tortue luth. Pourtant, en 2008, seulement 2 malheureux nids ont \u00e9t\u00e9 trouv\u00e9s \u00e0\u00a0Rantau Abang \u2014 et pire encore ces \u0153ufs \u00e9taient st\u00e9riles, il n\u2019y avait donc aucune chance d\u2019\u00e9closion\u00a0de b\u00e9b\u00e9 tortue. La cause principale de\u00a0cette baisse est que les \u0153ufs ont \u00e9t\u00e9 activement ramass\u00e9s\u00a0pour \u00eatre vendus sur le march\u00e9.<\/p>\n<figure id=\"attachment_343\" aria-describedby=\"caption-attachment-343\" style=\"width: 300px\" class=\"wp-caption alignright\"><a href=\"http:\/\/www.big-animals.com\/wp-content\/uploads\/2011\/02\/Baby-Leatherback.jpg\"><img loading=\"lazy\" decoding=\"async\" class=\"size-medium wp-image-343\" title=\"Une tortue de mer de Leatherback de b\u00e9b\u00e9 - seulement 1% de ces cr\u00e9atures mignonnes deviennent la taille adulte\" src=\"http:\/\/www.big-animals.com\/wp-content\/uploads\/2011\/02\/Baby-Leatherback-300x198.jpg\" alt=\"Une tortue de mer de Leatherback de b\u00e9b\u00e9 - seulement 1% de ces cr\u00e9atures mignonnes deviennent la taille adulte\" width=\"300\" height=\"198\" \/><\/a><figcaption id=\"caption-attachment-343\" class=\"wp-caption-text\">Un b\u00e9b\u00e9 tortue luth\u00a0&#8211; Seulement\u00a01% de ces adorables cr\u00e9atures atteignent la taille adulte\u00a0&#8211; Photo par\u00a0Alejandro Linares Garcia<\/figcaption><\/figure>\n<p>Les humains ne sont pas les seuls \u00e0 aimer manger les \u0153ufs ou les b\u00e9b\u00e9s de tortues luths \u2014 le\u00a0b\u00e9b\u00e9 tortue luth a beaucoup de pr\u00e9dateurs. Les oiseaux marins et les ratons laveurs les\u00a0appr\u00e9cient aussi beaucoup. Ainsi, avant que les b\u00e9b\u00e9s\u00a0puissent atteindre la mer, bon nombre d\u2019entre eux sont mang\u00e9s par ces pr\u00e9dateurs. Ceux qui parviennent \u00e0 entrer dans l\u2019eau risquent d\u2019\u00eatre\u00a0mang\u00e9s par des requins et de grands poissons. Seulement 1\u00a0% survit jusqu\u2019\u00e0 l\u2019\u00e2ge adulte.<\/p>\n<p>En Indon\u00e9sie, vous pouvez trouver des magasins qui vendent toutes sortes de souvenirs fabriqu\u00e9s avec des\u00a0tortues comme des sacs en\u00a0peau de tortue, des bijoux faits \u00e0 partir des carapaces\u00a0et des tortues empaill\u00e9es. En Europe, il y a une demande croissante en tortues marines\u00a0parce que de plus en plus de\u00a0gens commencent \u00e0 manger de la soupe de\u00a0tortue.<\/p>\n<p>Les plages o\u00f9 les tortues luths avaient l\u2019habitude de pondre\u00a0leurs \u0153ufs ont \u00e9t\u00e9 utilis\u00e9es pour construire des h\u00f4tels et des restaurants. En raison de ces activit\u00e9s, beaucoup de tortues luths ont perdu leur habitat naturel, les m\u00e8res tortues luths\u00a0ont peur de\u00a0pondre leurs \u0153ufs sur\u00a0la plage et les \u0153ufs sont \u00e9cras\u00e9s par des personnes qui sont venues bronzer ou jouer\u00a0et les personnes qui conduisent\u00a0sur les plages.<\/p>\n<p>La tortue luth est aussi victime des\u00a0immenses lignes utilis\u00e9es par les\u00a0p\u00eacheurs comme\u00a0les filets d\u00e9rivants. Si les tortues marines\u00a0sont prises au pi\u00e8ge\u00a0dans le filet et incapable de remonter \u00e0 la surface\u00a0pour respirer, elles peuvent se noyer.<\/p>\n<p>Les tortues luths voyagent tr\u00e8s loin dans l\u2019oc\u00e9an, elles entrent en contact avec des\u00a0personnes \u00e0 travers le monde. Par cons\u00e9quent, les efforts pour\u00a0aider \u00e0 la conservation des tortues luths dans un pays peuvent \u00eatre ruin\u00e9s par des activit\u00e9s dans un autre pays. Par exemple, prot\u00e9ger\u00a0les tortues luths sur les plages de nidification\u00a0des \u00c9tats-Unis et dans les eaux territoriales \u00e9tats-uniennes\u00a0n\u2019est pas assez pour assurer la s\u00e9curit\u00e9 de\u00a0la population des tortues luths. La mauvaise nouvelle, c\u2019est que bien qu\u2019un grand\u00a0nombre d\u2019efforts aient \u00e9t\u00e9 d\u00e9ploy\u00e9s pour sauver ces belles cr\u00e9atures marines, elles\u00a0restent fortement exploit\u00e9es sur les\u00a0plages de nidification,\u00a0leurs \u0153ufs \u00e9tant revendus au\u00a0march\u00e9 noir.<\/p>\n","protected":false},"excerpt":{"rendered":"<p>La tortue luth\u00a0est la plus grande de toutes les tortues vivantes et le quatri\u00e8me plus grand\u00a0reptile vivant apr\u00e8s certains crocodiles et alligators. L\u2019\u00e9norme tortue luth\u00a0mesure en moyenne de 1 \u00e0 2 m\u00e8tres (6-12 pieds) de long et p\u00e8se de 250 \u00e0 700\u00a0kg (550-1500 livres). Une tortue luth adulte\u00a0est plus grande\u00a0qu\u2019un homme de taille moyenne. La &hellip; <a href=\"https:\/\/www.big-animals.com\/fr\/leatherback-mer-tortue\/\" class=\"more-link\">Continue reading <span class=\"screen-reader-text\">La tortue Luth<\/span><\/a><\/p>\n","protected":false},"author":1,"featured_media":0,"parent":0,"menu_order":0,"comment_status":"closed","ping_status":"open","template":"","meta":{"_acf_changed":false,"footnotes":""},"acf":[],"_links":{"self":[{"href":"https:\/\/www.big-animals.com\/fr\/wp-json\/wp\/v2\/pages\/20"}],"collection":[{"href":"https:\/\/www.big-animals.com\/fr\/wp-json\/wp\/v2\/pages"}],"about":[{"href":"https:\/\/www.big-animals.com\/fr\/wp-json\/wp\/v2\/types\/page"}],"author":[{"embeddable":true,"href":"https:\/\/www.big-animals.com\/fr\/wp-json\/wp\/v2\/users\/1"}],"replies":[{"embeddable":true,"href":"https:\/\/www.big-animals.com\/fr\/wp-json\/wp\/v2\/comments?post=20"}],"version-history":[{"count":6,"href":"https:\/\/www.big-animals.com\/fr\/wp-json\/wp\/v2\/pages\/20\/revisions"}],"predecessor-version":[{"id":578,"href":"https:\/\/www.big-animals.com\/fr\/wp-json\/wp\/v2\/pages\/20\/revisions\/578"}],"wp:attachment":[{"href":"https:\/\/www.big-animals.com\/fr\/wp-json\/wp\/v2\/media?parent=20"}],"curies":[{"name":"wp","href":"https:\/\/api.w.org\/{rel}","templated":true}]}}