{"id":21,"date":"2011-05-09T09:08:51","date_gmt":"2011-05-09T09:08:51","guid":{"rendered":""},"modified":"2015-06-23T21:59:56","modified_gmt":"2015-06-23T21:59:56","slug":"le-petit-barriere-ile-geant-weta-wetapunga-le-monde-grand-insecte","status":"publish","type":"page","link":"https:\/\/www.big-animals.com\/fr\/le-petit-barriere-ile-geant-weta-wetapunga-le-monde-grand-insecte\/","title":{"rendered":"Le Weta g\u00e9ant (Wetapunga) de l&#8217;\u00eele de la Petite Barri\u00e8re"},"content":{"rendered":"<h3><span id=\"gts_text_1\" class=\"gts_text\">Qu&#8217;est-ce qu&#8217;un wetapunga ?<\/span><\/h3>\n<p><span style=\"width: 300px;float: right\"><strong><img loading=\"lazy\" decoding=\"async\" class=\" gts_attribute gts_attribute_1_alt\" src=\"http:\/\/ba.dr-mikes-maths.com\/\/wp-content\/themes\/twentyten\/images\/ba\/giant-weta1.png\" alt=\"le petit g\u00e9ant Weta d'\u00eele de barri\u00e8re est le plus grand insecte au monde.\" width=\"300\" height=\"152\" \/><br \/>\n<span id=\"gts_text_2\" class=\"gts_text\">Un dessin du Weta g\u00e9ant de l&#8217;\u00eele de la Petite Barri\u00e8re<\/span><\/strong><\/span><\/p>\n<p><span id=\"gts_text_3\" class=\"gts_text\">Les Wetas g\u00e9ants, un\u00a0groupe de grands <a title=\"Les plus grands insectes du monde !\" href=\"http:\/\/www.big-animals.com\/fr\/le-monde-grand-insectes\/\">insectes<\/a>, qui se trouvent\u00a0seulement dans les \u00eeles au large\u00a0de la c\u00f4te de la Nouvelle-Z\u00e9lande.<\/span> <span id=\"gts_text_4\" class=\"gts_text\">Il existe\u00a011 esp\u00e8ces de wetas g\u00e9ants.<\/span> Ce sont des<span id=\"gts_text_5\" class=\"gts_text\">\u00a0insectes lourds.<\/span> <span id=\"gts_text_6\" class=\"gts_text\">Le plus lourd des Wetas g\u00e9ants est le<span id=\"gts_text_2\" class=\"gts_text\">\u00a0Weta g\u00e9ant de l&#8217;\u00eele de la Petite Barri\u00e8re<\/span>, \u00e9galement appel\u00e9 le Wetapunga.<\/span> <span id=\"gts_text_7\" class=\"gts_text\">Cette cr\u00e9ature d\u00e9tient \u00e9galement le record\u00a0de\u00a0l&#8217;insecte le plus lourd jamais enregistr\u00e9.<\/span> <span id=\"gts_text_8\" class=\"gts_text\">Ce recordman\u00a0peut peser plus\u00a0de 70g !<\/span> <span id=\"gts_text_9\" class=\"gts_text\">C&#8217;est plus lourd qu&#8217;un moineau !<\/span> <span id=\"gts_text_10\" class=\"gts_text\">Les g\u00e9ant Wetas sont trop lourd pour sauter.<\/span> <span id=\"gts_text_11\" class=\"gts_text\">Ils mesurent environ 10cm (4 dedans) de long &#8211;<\/span><span id=\"gts_text_13\" class=\"gts_text\">\u00a0longues pattes et antennes non comprises!<\/span><\/p>\n<h3><span id=\"gts_text_14\" class=\"gts_text\">Quel sorte d&#8217;insecte est le Wetapunga ?<\/span><\/h3>\n<p><span id=\"gts_text_15\" class=\"gts_text\">Les Wetas g\u00e9ants appartiennent \u00e0 une famille de criquets qui inclue \u00e9galement le criquet Roi sud-africain.<\/span> <span id=\"gts_text_16\" class=\"gts_text\">Par cons\u00e9quent le Wetapunga est non seulement le plus grand insecte du monde, mais \u00e9galement le criquet le plus grand\u00a0du monde .<\/span><\/p>\n<h3><span id=\"gts_text_17\" class=\"gts_text\">Le <strong><span id=\"gts_text_2\" class=\"gts_text\">Weta g\u00e9ant de l&#8217;\u00eele de la Petite Barri\u00e8re<\/span><\/strong> est-il dangereux ?<\/span><\/h3>\n<p><span id=\"gts_text_18\" class=\"gts_text\">Les Wetas g\u00e9ants sont en g\u00e9n\u00e9ral d&#8217;une nature paisible.<\/span> <span id=\"gts_text_19\" class=\"gts_text\">Une fois menac\u00e9s, ils soul\u00e8vent leurs longues pattes\u00a0couvertes d&#8217;\u00e9pines.<\/span> <span id=\"gts_text_20\" class=\"gts_text\">Les pattes du <span id=\"gts_text_2\" class=\"gts_text\">Weta g\u00e9ant de l&#8217;\u00eele de la Petite Barri\u00e8re<\/span> sont plus longues que son corps, et en effet, une fois en l&#8217;air\u00a0elles donnent \u00e0\u00a0la cr\u00e9ature un air\u00a0tr\u00e8s effrayant !<\/span> <span id=\"gts_text_21\" class=\"gts_text\">Cependant, cet insecte est en fait parfaitement inoffensif.<\/span><\/p>\n<p><span id=\"gts_text_22\" class=\"gts_text\">Tristement, les Wetas g\u00e9ants ont \u00e9t\u00e9 presque extermin\u00e9s sur les \u00eeles pr\u00e8s de la p\u00e9ninsules, depuis que\u00a0des animaux nuisibles\u00a0tels que des rats ont \u00e9t\u00e9 introduits\u00a0par les humains &#8211; le Weta g\u00e9ant est trop lent pour \u00e9chapper \u00e0 un rat affam\u00e9.<\/span> <span id=\"gts_text_23\" class=\"gts_text\">Heureusement pour le Wetapunga, l&#8217;\u00eele de la Petite Barri\u00e8re est maintenant une r\u00e9serve naturelle, et une autorisation sp\u00e9ciale est maintenant n\u00e9cessaire pour\u00a0la visiter.<\/span> <span id=\"gts_text_24\" class=\"gts_text\">Voici une de carte montrant o\u00f9 vit\u00a0le Weta :<\/span><\/p>\n<p><span id=\"gts_text_25\" class=\"gts_text\">[carte : http:\/\/maps.google.com\/?ie=UTF8&amp;t=h&amp;ll=-36.20162,175.082588&amp;spn=0.202795,0.445976&amp;z=12]<\/span><\/p>\n<p><span id=\"gts_text_26\" class=\"gts_text\">Faites un zoom arri\u00e8re, et vous verrez \u00e0 quel point\u00a0cette \u00eele est proche d&#8217;Auckland, en Nouvelle-Z\u00e9lande.<\/span><\/p>\n","protected":false},"excerpt":{"rendered":"<p>Qu&#8217;est-ce qu&#8217;un wetapunga ? Un dessin du Weta g\u00e9ant de l&#8217;\u00eele de la Petite Barri\u00e8re Les Wetas g\u00e9ants, un\u00a0groupe de grands insectes, qui se trouvent\u00a0seulement dans les \u00eeles au large\u00a0de la c\u00f4te de la Nouvelle-Z\u00e9lande. Il existe\u00a011 esp\u00e8ces de wetas g\u00e9ants. Ce sont des\u00a0insectes lourds. Le plus lourd des Wetas g\u00e9ants est le\u00a0Weta g\u00e9ant de &hellip; <a href=\"https:\/\/www.big-animals.com\/fr\/le-petit-barriere-ile-geant-weta-wetapunga-le-monde-grand-insecte\/\" class=\"more-link\">Continue reading <span class=\"screen-reader-text\">Le Weta g\u00e9ant (Wetapunga) de l&#8217;\u00eele de la Petite Barri\u00e8re<\/span><\/a><\/p>\n","protected":false},"author":1,"featured_media":0,"parent":0,"menu_order":0,"comment_status":"closed","ping_status":"open","template":"","meta":{"_acf_changed":false,"footnotes":""},"acf":[],"_links":{"self":[{"href":"https:\/\/www.big-animals.com\/fr\/wp-json\/wp\/v2\/pages\/21"}],"collection":[{"href":"https:\/\/www.big-animals.com\/fr\/wp-json\/wp\/v2\/pages"}],"about":[{"href":"https:\/\/www.big-animals.com\/fr\/wp-json\/wp\/v2\/types\/page"}],"author":[{"embeddable":true,"href":"https:\/\/www.big-animals.com\/fr\/wp-json\/wp\/v2\/users\/1"}],"replies":[{"embeddable":true,"href":"https:\/\/www.big-animals.com\/fr\/wp-json\/wp\/v2\/comments?post=21"}],"version-history":[{"count":7,"href":"https:\/\/www.big-animals.com\/fr\/wp-json\/wp\/v2\/pages\/21\/revisions"}],"predecessor-version":[{"id":520,"href":"https:\/\/www.big-animals.com\/fr\/wp-json\/wp\/v2\/pages\/21\/revisions\/520"}],"wp:attachment":[{"href":"https:\/\/www.big-animals.com\/fr\/wp-json\/wp\/v2\/media?parent=21"}],"curies":[{"name":"wp","href":"https:\/\/api.w.org\/{rel}","templated":true}]}}