{"id":23,"date":"2011-05-09T09:09:04","date_gmt":"2011-05-09T09:09:04","guid":{"rendered":""},"modified":"2014-01-27T12:41:29","modified_gmt":"2014-01-27T12:41:29","slug":"les-plus-grands-arthropodes-du-monde","status":"publish","type":"page","link":"https:\/\/www.big-animals.com\/fr\/les-plus-grands-arthropodes-du-monde\/","title":{"rendered":"Les plus grands arthropodes du monde !"},"content":{"rendered":"<p>&nbsp;<\/p>\n<p>&nbsp;<\/p>\n<p>&nbsp;<\/p>\n<p>&nbsp;<\/p>\n<h3><span class=\"gts_text\" id=\"gts_text_1\">Qu&#8217;est-ce qu&#8217;un arthropode ?<\/span><\/h3>\n<p style=\"text-align: left\"><span class=\"gts_text\" id=\"gts_text_2\">Les arthropodes n&#8217;ont pas d&#8217;ossature dorsale mais ils ont<\/span> <span style=\"font-style: italic\"><span class=\"gts_text\" id=\"gts_text_3\">un exosquelette<\/span><\/span><span class=\"gts_text\" id=\"gts_text_3\"> (c&#8217;est-\u00e0-dire<\/span>\u00a0une carapace ou <span class=\"gts_text\" id=\"gts_text_4\">un squelette externe rigide), un corps segment\u00e9\u00a0et des segments articul\u00e9s qu&#8217;on appelle des appendices.<\/span> Le fait que leurs <span class=\"gts_text\" id=\"gts_text_5\">membres soient articul\u00e9s permet aux arthropodes de se d\u00e9placer.\u00a0L&#8217;int\u00e9rieur <\/span><span class=\"gts_text\" id=\"gts_text_6\">de leur corps contient leur syst\u00e8me nerveux,\u00a0leur appareil circulatoire, leurs organes reproducteurs et leur syst\u00e8me digestif.<\/span> <span class=\"gts_text\" id=\"gts_text_7\">Les diff\u00e9rentes sortes d&#8217;arthropodes sont<\/span> les suivantes\u00a0:<span style=\"width: 260px;float: right;text-align: center\"><br \/>\n<img loading=\"lazy\" decoding=\"async\" class=\" gts_attribute gts_attribute_1_alt\" alt=\"L'Araign\u00e9e de Mer Japonaise \u00e0 Singapour\" src=\"http:\/\/ba.dr-mikes-maths.com\/\/wp-content\/themes\/twentyten\/images\/ba\/japanese-spider-crab-in-singapore-small.jpg\" width=\"250\" height=\"203\" \/><br \/>\n<span class=\"gts_text\" id=\"gts_text_8\">Le plus grand arthropode du monde, le crabe-araign\u00e9e g\u00e9ant du Japon<\/span><br \/>\n<\/span><\/p>\n<ul>\n<li><span class=\"gts_text\" id=\"gts_text_9\">Les <em>trilobites\u00a0<\/em>sont une\u00a0classe aujourd&#8217;hui \u00e9teinte d&#8217;animaux marins.<\/span><\/li>\n<li><span class=\"gts_text\" id=\"gts_text_10\">Les<\/span> <span style=\"font-style: italic\"><span class=\"gts_text\" id=\"gts_text_11\">ch\u00e9lic\u00e9rates<\/span><\/span> <span class=\"gts_text\" id=\"gts_text_12\">incluent les araign\u00e9es, les acariens, les scorpions et d&#8217;autres cr\u00e9atures similaires.<\/span><\/li>\n<li><span class=\"gts_text\" id=\"gts_text_13\">Les<\/span> m<span style=\"font-style: italic\"><span class=\"gts_text\" id=\"gts_text_14\">yriapodes<\/span><\/span> (ce qui veut dire \u00ab\u00a0dix mille pieds\u00a0\u00bb) ou <em>millip\u00e8des<\/em>\u00a0<span class=\"gts_text\" id=\"gts_text_15\"> comprennent les mille-pattes et les chilopodes.<\/span><\/li>\n<li><span class=\"gts_text\" id=\"gts_text_16\">Le plus grand groupe d&#8217;arthropodes est celui <\/span><span class=\"gts_text\" id=\"gts_text_17\">des <\/span><span style=\"font-style: italic\"><span class=\"gts_text\" id=\"gts_text_17\">hexapodes<\/span><\/span> <span class=\"gts_text\" id=\"gts_text_18\">(ce qui veut dire \u00ab\u00a0six pieds \u00bb) et inclue les <a class=\" gts_attribute gts_attribute_3_title\" title=\"Les plus grands insectes du monde !\" href=\"http:\/\/www.big-animals.com\/fr\/le-monde-grand-insectes\/\">insectes<\/a>.<\/span><\/li>\n<li><span class=\"gts_text\" id=\"gts_text_19\">Les <a title=\"Les plus grands crustac\u00e9s du monde !\" href=\"http:\/\/www.big-animals.com\/fr\/le-monde-grand-crustaces\/\">crustac\u00e9s<\/a>, dont la plupart\u00a0vivent\u00a0dans l&#8217;eau.<\/span> <span class=\"gts_text\" id=\"gts_text_20\">Ils incluent les homards, les crabes, les \u00e9crevisses, les crevettes et les cirrip\u00e8des.<\/span><\/li>\n<\/ul>\n<h3><span class=\"gts_text\" id=\"gts_text_21\">Les trilobites<\/span><\/h3>\n<p><span class=\"gts_text\" id=\"gts_text_22\">Le plus grand de ces arthropodes marins disparus est un sp\u00e9cimen d&#8217;<em>Isotelus rex <\/em>trouv\u00e9 \u00e0 Manitoba.<\/span> <span class=\"gts_text\" id=\"gts_text_23\">Ce fossile mesure plus de 70 cm de long.<\/span><\/p>\n<h3><span class=\"gts_text\" id=\"gts_text_24\">Les crustac\u00e9s<\/span><\/h3>\n<p><span class=\"gts_text\" id=\"gts_text_25\">Le <a title=\"L\u2019araign\u00e9e de mer japonaise\" href=\"http:\/\/www.big-animals.com\/fr\/le-japonais-araignee-crabe-le-monde-grand-arthropode\/\">crabe-araign\u00e9e g\u00e9ant du Japon<\/a> est un crustac\u00e9 de la classe des <em>malacostraca<\/em>\u00a0:\u00a0c&#8217;est le plus grand arthropode du monde.<\/span> <span class=\"gts_text\" id=\"gts_text_26\">Mais le <a title=\"Le homard am\u00e9ricain \u2013 l\u2019arthropode le plus lourd du monde\" href=\"http:\/\/www.big-animals.com\/fr\/le-americain-homard-le-monde-lourd-arthropode\/\">homard d&#8217;Am\u00e9rique<\/a>, <em>Homarus americanus<\/em>, <\/span><span class=\"gts_text\" id=\"gts_text_27\">un autre crustac\u00e9, est plus lourd que le crabe-araign\u00e9e g\u00e9ant du Japon.<\/span> <span class=\"gts_text\" id=\"gts_text_28\">Le crabe-araign\u00e9e p\u00e8se environ 20 kilos\u00a0et le homard d&#8217;Am\u00e9rique p\u00e8se jusqu&#8217;\u00e0 22 kilos.<\/span> Le <span class=\"gts_text\" id=\"gts_text_29\"><a title=\"Les plus grands crustac\u00e9s du monde !\" href=\"http:\/\/www.big-animals.com\/fr\/le-monde-grand-crustaces\/\">crabe de cocotier<\/a>, <em>Birgus latro<\/em>, qui est aussi un crustac\u00e9, est le plus grand arthropode terrestre et le plus grand invert\u00e9br\u00e9 terrestre.<\/span><\/p>\n<h3><span class=\"gts_text\" id=\"gts_text_30\">Les ch\u00e9lic\u00e9rates<\/span><\/h3>\n<p style=\"text-align: left\"><span style=\"width: 360px;float: left\"><img loading=\"lazy\" decoding=\"async\" class=\" gts_attribute gts_attribute_2_alt\" style=\"width: 350px;height: 265px\" alt=\"L'Araign\u00e9e Goliath Mangeuse d'Oiseaux\" src=\"http:\/\/ba.dr-mikes-maths.com\/\/wp-content\/themes\/twentyten\/images\/ba\/birdeater-spider.jpg\" width=\"350\" height=\"263\" \/><br \/>\n<span class=\"gts_text\" id=\"gts_text_31\"><strong>La plus grande araign\u00e9e du monde, la <a class=\" gts_attribute gts_attribute_4_title\" title=\"L'araign\u00e9e d'Oiseau-Consommation de Goliath - la plus grande araign\u00e9e du monde !\" href=\"http:\/\/www.big-animals.com\/the-goliath-bird-eating-spider-the-worlds-biggest-spider\/\">Mygale de Leblond ou Araign\u00e9e Goliath\u00a0<\/a><\/strong><\/span> <\/span><span class=\"gts_text\" id=\"gts_text_32\">Le plus grand ch\u00e9lic\u00e9rate qui ait jamais exist\u00e9 \u00e9tait un scorpion de mer gigantesque, le <em>Jaekelopterus rhenaniae <\/em> (ou peut-\u00eatre un autre scorpion de mer appel\u00e9 <em>Pterygotus<\/em>).<\/span> <span class=\"gts_text\" id=\"gts_text_33\">Ces scorpions de mer n&#8217;\u00e9taient pas vraiment des scorpions et beaucoup ne vivaient pas dans la mer mais plut\u00f4t en eau douce.\u00a0On <\/span>n&#8217;est pas s\u00fbr que l<span class=\"gts_text\" id=\"gts_text_34\">e<\/span> <span style=\"font-style: italic\"><span class=\"gts_text\" id=\"gts_text_35\">Jaekelopterus<\/span><\/span> soi<span class=\"gts_text\" id=\"gts_text_36\">t vraiment le plus grand arthropode qui ait jamais exist\u00e9\u00a0: peut-\u00eatre que le myriapode appel\u00e9 <em>arthropleuride<\/em> \u00e9tait plus grand, mais on n&#8217;a trouv\u00e9 de fossile complet pour aucun des deux.<\/span> <span class=\"gts_text\" id=\"gts_text_37\">Le plus grand ch\u00e9lic\u00e9rate actuellement en vie est une araign\u00e9e de mer qui s&#8217;appelle le<\/span>\u00a0<span style=\"font-style: italic\"><span class=\"gts_text\" id=\"gts_text_38\">Colossendeis Colossea<\/span><\/span> : elle <span class=\"gts_text\" id=\"gts_text_39\">a des pattes tr\u00e8s longues et fines qui font presque 60 cm de long.<\/span> <span class=\"gts_text\" id=\"gts_text_40\">Les araign\u00e9es de mer ne sont pas \u00e0 proprement parler des araign\u00e9es.<\/span> <span class=\"gts_text\" id=\"gts_text_41\">La plus grande araign\u00e9e qui ait jamais exist\u00e9 est la <a class=\" gts_attribute gts_attribute_5_title\" title=\"L'araign\u00e9e Goliath Mangeuse d'Oiseaux\" href=\"http:\/\/www.big-animals.com\/fr\/laraignee-goliath-mangeuse-doiseaux-la-plus-grande-araignee-du-monde\/\">Mygale de Leblond ou Araign\u00e9e Goliath<\/a>, (<em>Theraphosa blondi<\/em>), et le plus grand scorpion est\u00a0<\/span><span style=\"font-style: italic\"><span class=\"gts_text\" id=\"gts_text_42\">le Heterometrus Swammerdami<\/span><\/span><span class=\"gts_text\" id=\"gts_text_43\">, qui vit dans les for\u00eats de l&#8217;Inde et mesure environ 22 cm de long.<\/span><\/p>\n<h3><span class=\"gts_text\" id=\"gts_text_44\">Les myriapodes<\/span><\/h3>\n<p><span class=\"gts_text\" id=\"gts_text_45\">Les myriapodes incluent les mille-pattes et les chilopodes.<\/span> <span class=\"gts_text\" id=\"gts_text_46\">Le plus grand chilopode est la scolopendre g\u00e9ante d&#8217;Amazonie, la<em>\u00a0Scolopendra gigantea<\/em>.<\/span> <span class=\"gts_text\" id=\"gts_text_47\">Son corps fait 33 cm de long.<\/span> <span class=\"gts_text\" id=\"gts_text_48\">Mais le plus grand mille-pattes est encore plus grand que ce chilopode : il s&#8217;agit du mille-pattes g\u00e9ant africain noir qui peut mesurer jusqu&#8217;\u00e0 39 cm de long.<\/span> <span class=\"gts_text\" id=\"gts_text_49\">Heureusement qu&#8217;on n&#8217;en trouve pas au fond de nos jardins\u00a0!<\/span><\/p>\n<h3><span class=\"gts_text\" id=\"gts_text_50\">Les hexapodes<\/span><\/h3>\n<p><span class=\"gts_text\" id=\"gts_text_51\">L&#8217;insecte le plus lourd \u00e0 l&#8217;\u00e9tat de larve est le scarab\u00e9e Goliath,<\/span> <span style=\"font-style: italic\"><span class=\"gts_text\" id=\"gts_text_52\">Goliathus goliatus.<\/span> <\/span><span class=\"gts_text\" id=\"gts_text_53\">Il p\u00e8se au moins 115 grammes.<\/span> <span class=\"gts_text\" id=\"gts_text_54\">Le plus grand insecte adulte est la <a title=\"Le petit g\u00e9ant Weta (Wetapunga) d\u2019\u00eele de barri\u00e8re\" href=\"http:\/\/www.big-animals.com\/fr\/le-petit-barriere-ile-geant-weta-wetapunga-le-monde-grand-insecte\/\">wetapunga<\/a>, \u00a0<em>Deinacrida <\/em><em>heteracantha <\/em><em>:<\/em><\/span>\u00a0l<span class=\"gts_text\" id=\"gts_text_55\">e specimen le plus lourd qu&#8217;on ait jamais connu \u00e9tait une femelle enceinte qui pesait environ 71 grammes.<\/span> <span class=\"gts_text\" id=\"gts_text_56\">Mais ces deux esp\u00e8ces d&#8217;insectes sont plus courtes que l&#8217;insecte b\u00e2ton <em>Phobaeticus chani<\/em> qui vit dans les for\u00eats humides tropicales de l&#8217;\u00eele de Born\u00e9o.<\/span> <span class=\"gts_text\" id=\"gts_text_57\">Le plus grand insecte qui ait jamais exist\u00e9 est la libellule<\/span> <span style=\"font-style: italic\"><span class=\"gts_text\" id=\"gts_text_58\">Meganeura monyi<\/span><\/span> dont l&#8217;esp\u00e8ce <span class=\"gts_text\" id=\"gts_text_59\">s&#8217;est \u00e9teinte il y a tr\u00e8s longtemps.<\/span> <span class=\"gts_text\" id=\"gts_text_60\">Elle avait une envergure de plus de 75 cm &#8211; presque la taille d&#8217;un corbeau !<\/span> Imaginez devoir <span class=\"gts_text\" id=\"gts_text_61\">attraper une libellule de cette taille avec\u00a0un filet\u00a0!<\/span> <span class=\"gts_text\" id=\"gts_text_62\">Mais la plus grande esp\u00e8ce de libellule encore en vie est aussi immense\u00a0:<\/span> <span class=\"gts_text\" id=\"gts_text_63\">le<\/span><span class=\"gts_text\" id=\"gts_text_63\"> <\/span><span style=\"font-style: italic\"><span class=\"gts_text\" id=\"gts_text_63\">Megaloprepus caeruleatus<\/span><\/span><span class=\"gts_text\" id=\"gts_text_64\"> a des ailes de 19 cm et un corps de plus de 12 cm de long.<\/span> <span class=\"gts_text\" id=\"gts_text_65\">La plus grand blatte est la\u00a0blatte\u00a0rhinoc\u00e9ros d&#8217;Australie,<em>\u00a0Macropanesthia <em>rhinoc\u00e9ros<\/em><\/em>.<\/span> <span class=\"gts_text\" id=\"gts_text_66\">Cette blatte mesure 8,3 cm et p\u00e8se 36 grammes.<\/span> <span class=\"gts_text\" id=\"gts_text_67\">Les fourmis les plus grandes et les plus lourdes sont les fourmis femelles<\/span> <span style=\"font-style: italic\"><span class=\"gts_text\" id=\"gts_text_68\">Dorylus helvolus.<\/span><\/span> <span class=\"gts_text\" id=\"gts_text_69\">Elles font 5 cm de long.<\/span> <span class=\"gts_text\" id=\"gts_text_70\">La plus grande abeille est l&#8217;abeille r\u00e9sini\u00e8re d&#8217;Indon\u00e9sie,<\/span>\u00a0 le <span class=\"gts_text\" id=\"gts_text_71\">M\u00e9gachile Pluton<\/span><span class=\"gts_text\" id=\"gts_text_72\">. Cette abeille femelle peut faire 3,8 cm de long, avec une envergure de 6,3 cm.<\/span> <span class=\"gts_text\" id=\"gts_text_73\">La plus grande gu\u00eape est\u00a0une esp\u00e8ce de gu\u00eape chasseuse d&#8217;araign\u00e9es,<\/span> la gu\u00eape <em>Pepsis<\/em><span style=\"font-style: italic\"><span class=\"gts_text\" id=\"gts_text_74\">.<\/span> <\/span>Elle <span class=\"gts_text\" id=\"gts_text_75\">fait environ 6,8 cm de long avec une envergure de 11,6 cm.<\/span><\/p>\n<p><span class=\"gts_text\" id=\"gts_text_76\">Le plus grand termite est l&#8217;esp\u00e8ce africaine<\/span> <span style=\"font-style: italic\"><span class=\"gts_text\" id=\"gts_text_77\">Macrotermes bellicosus.<\/span>\u00a0<\/span><span class=\"gts_text\" id=\"gts_text_78\">Les larves de ce termite peuvent atteindre 10,6 cm de long.\u00a0Le plus grand papillon est l&#8217;Ornithopt\u00e8re de la Reine Alexandra.<\/span> <span class=\"gts_text\" id=\"gts_text_79\">Le plus grand papillon nocture est la mite de l&#8217;Atlas, <em>Attacus <em>atlas<\/em>.<\/em><\/span> <span class=\"gts_text\" id=\"gts_text_80\">Les repr\u00e9sentants de ces deux esp\u00e8ces ont un corps de plus de 8 cm de long, une envergure de 28 cm et un poids de 12 grammes.\u00a0La plus grande mante est la mante chinoise<em>.<\/em><\/span> <span class=\"gts_text\" id=\"gts_text_81\">La mante femelle peut mesurer 10,6 cm de long.<\/span> <span class=\"gts_text\" id=\"gts_text_82\">La plus grande puce est le<\/span> <span style=\"font-style: italic\"><span class=\"gts_text\" id=\"gts_text_83\">Hystrichopsylla schefferi,<\/span> <\/span><span class=\"gts_text\" id=\"gts_text_84\">qui peut atteindre une longueur de 1,2 cm.<\/span> <span class=\"gts_text\" id=\"gts_text_85\">On en trouve dans la fourrure des castors de montagne.<\/span> <span class=\"gts_text\" id=\"gts_text_86\">Comme elles doivent torturer ces pauvres castors !<\/span><\/p>\n<h3><span class=\"gts_text\" id=\"gts_text_87\">Les plus grands arthropodes du monde<\/span><\/h3>\n<p><span class=\"gts_text\" id=\"gts_text_88\">Pour r\u00e9capituler,<\/span><\/p>\n<ul>\n<li><span class=\"gts_text\" id=\"gts_text_89\">Le plus long arthropode qui ait jamais exist\u00e9 \u00e9tait soit le scorpion de mer <em>Jaekelopterus rhenaniae<\/em>, soit le scorpion de mer <em>Pterygotus<\/em>, soit le myriapode <em>Arthropleura.<\/em><\/span> <span class=\"gts_text\" id=\"gts_text_90\">Celui-ci est en tous cas le plus grand arthropode terrestre de tous les temps.<\/span><\/li>\n<li><span class=\"gts_text\" id=\"gts_text_91\">Le plus grand arthropode actuellement en vie est le <a title=\"L\u2019araign\u00e9e de mer japonaise\" href=\"http:\/\/www.big-animals.com\/fr\/le-japonais-araignee-crabe-le-monde-grand-arthropode\/\">crabe-araign\u00e9e du Japon<\/a>, et le plus lourd est le <a title=\"Le homard am\u00e9ricain \u2013 l\u2019arthropode le plus lourd du monde\" href=\"http:\/\/www.big-animals.com\/fr\/le-americain-homard-le-monde-lourd-arthropode\/\">homard am\u00e9ricain<\/a>\u00a0: tous deux sont des crustac\u00e9s.<\/span><\/li>\n<li><span class=\"gts_text\" id=\"gts_text_92\">Le plus grand arthropode terrestre actuellement en vie est aussi un crustac\u00e9 &#8211; le <a title=\"Les plus grands crustac\u00e9s du monde !\" href=\"http:\/\/www.big-animals.com\/fr\/le-monde-grand-crustaces\/\">crabe de cocotiers<\/a>.<\/span><\/li>\n<\/ul>\n<p>&nbsp;<\/p>\n","protected":false},"excerpt":{"rendered":"<p>&nbsp; &nbsp; &nbsp; &nbsp; Qu&#8217;est-ce qu&#8217;un arthropode ? Les arthropodes n&#8217;ont pas d&#8217;ossature dorsale mais ils ont un exosquelette (c&#8217;est-\u00e0-dire\u00a0une carapace ou un squelette externe rigide), un corps segment\u00e9\u00a0et des segments articul\u00e9s qu&#8217;on appelle des appendices. Le fait que leurs membres soient articul\u00e9s permet aux arthropodes de se d\u00e9placer.\u00a0L&#8217;int\u00e9rieur de leur corps contient leur syst\u00e8me &hellip; <a href=\"https:\/\/www.big-animals.com\/fr\/les-plus-grands-arthropodes-du-monde\/\" class=\"more-link\">Continue reading <span class=\"screen-reader-text\">Les plus grands arthropodes du monde !<\/span><\/a><\/p>\n","protected":false},"author":1,"featured_media":0,"parent":0,"menu_order":0,"comment_status":"closed","ping_status":"open","template":"","meta":{"_acf_changed":false,"footnotes":""},"acf":[],"_links":{"self":[{"href":"https:\/\/www.big-animals.com\/fr\/wp-json\/wp\/v2\/pages\/23"}],"collection":[{"href":"https:\/\/www.big-animals.com\/fr\/wp-json\/wp\/v2\/pages"}],"about":[{"href":"https:\/\/www.big-animals.com\/fr\/wp-json\/wp\/v2\/types\/page"}],"author":[{"embeddable":true,"href":"https:\/\/www.big-animals.com\/fr\/wp-json\/wp\/v2\/users\/1"}],"replies":[{"embeddable":true,"href":"https:\/\/www.big-animals.com\/fr\/wp-json\/wp\/v2\/comments?post=23"}],"version-history":[{"count":10,"href":"https:\/\/www.big-animals.com\/fr\/wp-json\/wp\/v2\/pages\/23\/revisions"}],"predecessor-version":[{"id":430,"href":"https:\/\/www.big-animals.com\/fr\/wp-json\/wp\/v2\/pages\/23\/revisions\/430"}],"wp:attachment":[{"href":"https:\/\/www.big-animals.com\/fr\/wp-json\/wp\/v2\/media?parent=23"}],"curies":[{"name":"wp","href":"https:\/\/api.w.org\/{rel}","templated":true}]}}