{"id":24,"date":"2011-05-09T09:09:11","date_gmt":"2011-05-09T09:09:11","guid":{"rendered":""},"modified":"2014-06-22T16:38:10","modified_gmt":"2014-06-22T16:38:10","slug":"le-monde-grand-requins","status":"publish","type":"page","link":"https:\/\/www.big-animals.com\/fr\/le-monde-grand-requins\/","title":{"rendered":"Les plus grands requins du monde !"},"content":{"rendered":"<p><span id=\"gts_text_1\" class=\"gts_text\"><strong>Quel est un requin ?<\/strong><\/span><\/p>\n<p><span id=\"gts_text_2\" class=\"gts_text\">Un requin est un genre de <a href=\"\/Fish.html\">poissons<\/a> <a href=\"\/Cartilaginous-Fish.html\">cartilagineux<\/a>.<\/span> <span id=\"gts_text_3\" class=\"gts_text\">C&#8217;est-\u00e0-dire, au lieu des os, ils ont une substance plus molle appel\u00e9e Cartilage.<\/span> <span id=\"gts_text_4\" class=\"gts_text\">Il y a d&#8217;autres genres de poissons cartilagineux aussi, par exemple les rayons et les patins.<\/span> <span id=\"gts_text_5\" class=\"gts_text\">Les types les plus communs de poissons cartilagineux sont des requins et des rayons.<\/span> <span id=\"gts_text_6\" class=\"gts_text\">Comme la plupart des autres poissons, les poissons cartilagineux ont en grande partie des ou\u00efes au lieu des poumons, respirant l&#8217;eau au lieu de l&#8217;air.<\/span><\/p>\n<p><span id=\"gts_text_7\" class=\"gts_text\">Les requins ont les dents rempla\u00e7ables, et peuvent \u00e9lever beaucoup de milliers dans leur vie.<\/span> <span id=\"gts_text_8\" class=\"gts_text\">Pour cette raison, quelques types de requin qui sont maintenant \u00e9teints sont connus seulement de leurs dents.<\/span> <span id=\"gts_text_9\" class=\"gts_text\">Un exemple est le plus grand jamais requin &#8211; en fait, les plus grands poissons toujours cartilagineux, le <a title=\"Le M\u00e9galodon \u2013 Le plus grand requin qui ait exist\u00e9\" href=\"http:\/\/www.big-animals.com\/fr\/le-megalodon-le-plus-grand-requin-qui-ait-existe\/\">M\u00e9galodon<\/a>.<\/span><\/p>\n<p><span id=\"gts_text_10\" class=\"gts_text\"><strong>Quels genres de requins y a-t-il ?<\/strong><\/span><\/p>\n<p><span id=\"gts_text_11\" class=\"gts_text\">Le nom scientifique pour les requins est <em>Selachimorphs<\/em>.<\/span> <span id=\"gts_text_12\" class=\"gts_text\">Il y a 8 groupes diff\u00e9rents de requins, appel\u00e9s les \u00ab\u00a0ordres\u00a0\u00bb.<\/span><\/p>\n<ul>\n<li><span id=\"gts_text_13\" class=\"gts_text\"><em>Le Hexanchiformes<\/em> ont six ou sept fentes d&#8217;ou\u00efe de chaque c\u00f4t\u00e9.<\/span> <span id=\"gts_text_14\" class=\"gts_text\">La plupart des requins ont seulement cinq.<\/span><\/li>\n<li><span id=\"gts_text_15\" class=\"gts_text\"><em>Le Squaliformes<\/em> ont un aileron suppl\u00e9mentaire sur le dessus, et des dents de coupe au dessus et au bas.<\/span><\/li>\n<li><span id=\"gts_text_16\" class=\"gts_text\"><em>Le Pristiophoriformes<\/em> sont le Sawsharks &#8211; ne pas \u00eatre confondu avec le Sawfish mentionn\u00e9 ci-dessus !<\/span> <span id=\"gts_text_17\" class=\"gts_text\">Utilisation de Sawsharks leur museau dent\u00e9 d&#8217;entailler et barre oblique aux poissons qu&#8217;ils mangent.<\/span> <span id=\"gts_text_18\" class=\"gts_text\">Toutes les esp\u00e8ces des sawsharks sont en danger de l&#8217;extinction.<\/span><\/li>\n<li><span id=\"gts_text_19\" class=\"gts_text\">Le ressembler de <em>Squatiniformes aux<\/em> rayons.<\/span> <span id=\"gts_text_20\" class=\"gts_text\">Cependant, leurs ou\u00efes sont des c\u00f4t\u00e9s de leurs chefs, comme tous autres requins.<\/span> <span id=\"gts_text_21\" class=\"gts_text\">Elles s&#8217;appellent \u00e9galement les requins d&#8217;ange.<\/span><\/li>\n<li><span id=\"gts_text_22\" class=\"gts_text\"><em>Heterodontiformes<\/em> veut dire des \u00ab\u00a0diff\u00e9rents genres de dents\u00a0\u00bb, et assez sure, ces requins ont un grand choix de dents de sorte qu&#8217;ils puissent saisir et \u00e9craser des mollusques et crustac\u00e9s.<\/span><\/li>\n<li><span id=\"gts_text_23\" class=\"gts_text\"><em>L&#8217;Orectolobiformes<\/em> s&#8217;appellent g\u00e9n\u00e9ralement les \u00ab\u00a0requins de tapis\u00a0\u00bb parce que leur peau a les mod\u00e8les gentils l\u00e0-dessus.<\/span> <span id=\"gts_text_24\" class=\"gts_text\">Le plus grand poisson du monde, le <a href=\"\/Whale-Shark.html\">requin de baleine<\/a>, appartient dans ce groupe.<\/span><\/li>\n<li><span id=\"gts_text_25\" class=\"gts_text\"><em>Le Carcharhiniformes<\/em> sont le groupe de requins le plus divers, avec plus de 270 esp\u00e8ces.<\/span> <span id=\"gts_text_26\" class=\"gts_text\">Elles ont un ensemble suppl\u00e9mentaire de paupi\u00e8res pour prot\u00e9ger leurs yeux.<\/span><\/li>\n<li><span id=\"gts_text_27\" class=\"gts_text\"><em>Le Lamniformes<\/em>, \u00e9galement appel\u00e9 les requins de maquereau, incluent les plus grands poissons cartilagineux jamais, le <a href=\"\/Megalodon-Shark.html\">Megalodon<\/a>, aussi bien que le type le plus c\u00e9l\u00e8bre de requin, le grand indicateur blanc.<\/span> <span id=\"gts_text_28\" class=\"gts_text\">Il inclut \u00e9galement le requin inoffensif et tr\u00e8s rare de Megamouth.<\/span><\/li>\n<\/ul>\n<p><span id=\"gts_text_29\" class=\"gts_text\"><strong>Les requins sont-ils vraiment dangereux ?<\/strong><\/span><\/p>\n<p><span id=\"gts_text_30\" class=\"gts_text\">En fait, les gens sont plus dangereux aux requins que le contraire.<\/span> <span id=\"gts_text_31\" class=\"gts_text\">Avez-vous su que plus de personnes sont tu\u00e9es tous les ans par des chiens que par des requins ?<\/span> <span id=\"gts_text_32\" class=\"gts_text\">Voici quelques raisons pour lesquelles les requins ne sont pas aussi dangereux que les gens pensent parfois.<\/span><\/p>\n<ul>\n<li><span id=\"gts_text_33\" class=\"gts_text\">Beaucoup de types de requins juste ne mangent pas de la nourriture de taille des personnes.<\/span> <span id=\"gts_text_34\" class=\"gts_text\">Par exemple, le plus grand requin du monde, le <a href=\"\/Whale-Shark.html\">requin de baleine<\/a>, obtient toute sa nourriture du plancton et des crevettes minuscules.<\/span><\/li>\n<li><span id=\"gts_text_35\" class=\"gts_text\">M\u00eame les requins avec une r\u00e9putation pour \u00eatre dangereux sont moins dangereux que nous pensons.<\/span> <span id=\"gts_text_36\" class=\"gts_text\">Par exemple, le grand requin blanc, bien que ce soit le plus grand poisson pr\u00e9dateur du monde, a seulement tu\u00e9 31 personnes dans le m\u00e9diterran\u00e9en pendant les derni\u00e8res 200 ann\u00e9es.<\/span> <span id=\"gts_text_37\" class=\"gts_text\">En fait, nous ne sommes pas m\u00eame nourriture saine pour le grand requin blanc &#8211; nous ne sommes pas bons pour sa digestion.<\/span><\/li>\n<li><span id=\"gts_text_38\" class=\"gts_text\">M\u00eame lorsqu&#8217;une personne est attaqu\u00e9e, les amies de la victime peuvent souvent l&#8217;aider \u00e0 s&#8217;\u00e9chapper.<\/span><\/li>\n<li><span id=\"gts_text_39\" class=\"gts_text\">Nous pouvons s&#8217;avertir au sujet des requins, et nous avons invent\u00e9 des filets de requin, des cages de requin et des produits r\u00e9pulsifs de requin pour nous prot\u00e9ger.<\/span><\/li>\n<\/ul>\n<p><span id=\"gts_text_40\" class=\"gts_text\">D&#8217;autre part, les humains sont tr\u00e8s dangereux aux requins.<\/span> <span id=\"gts_text_41\" class=\"gts_text\">La p\u00eache de requin est une industrie \u00e9clatante, et beaucoup de gouvernements n&#8217;observent pas soigneusement combien de requins sont attrap\u00e9s.<\/span><\/p>\n<ul>\n<li><span id=\"gts_text_42\" class=\"gts_text\">\u00ab\u00a0La soupe \u00e0 l&#8217;aileron du requin\u00a0\u00bb est une d\u00e9licatesse dans quelques cultures.<\/span> <span id=\"gts_text_43\" class=\"gts_text\">Les p\u00eacheurs attraperont un requin vivant, d\u00e9coupent son aileron, et lib\u00e8rent le requin vivant de nouveau dans l&#8217;eau, o\u00f9 elle mourra de l&#8217;\u00e9touffement ou de l&#8217;attaque par des pr\u00e9dateurs.<\/span><\/li>\n<li><span id=\"gts_text_44\" class=\"gts_text\">Certains croient que le cartilage de requin a des puissances curatives, bien qu&#8217;il n&#8217;y ait aucune preuve du tout que c&#8217;est vrai.<\/span><\/li>\n<\/ul>\n<p><span id=\"gts_text_45\" class=\"gts_text\">Pour cette raison, le nombre de requins chute consid\u00e9rablement dans beaucoup d&#8217;endroits.<\/span> <span id=\"gts_text_46\" class=\"gts_text\">Nous attrapons trop de requins.<\/span> <span id=\"gts_text_47\" class=\"gts_text\">Ils ne peuvent pas le tenir beaucoup plus long.<\/span><\/p>\n<p><span id=\"gts_text_48\" class=\"gts_text\"><strong>Quel est le plus grand requin du monde ?<\/strong><\/span><\/p>\n<p><span id=\"gts_text_49\" class=\"gts_text\">Le plus grand requin du monde est en fait le plus grand poisson du monde &#8211; le <a href=\"\/Whale-Shark.html\">requin de baleine<\/a>.<\/span> <span id=\"gts_text_50\" class=\"gts_text\">Bien qu&#8217;il soit si grand, il est tr\u00e8s inoffensif &#8211; \u00e0 moins que vous soyez un plancton minuscule ou un calmar miniature !<\/span> <span id=\"gts_text_51\" class=\"gts_text\">I mange seulement les cr\u00e9atures tr\u00e8s petites, mais \u00e9l\u00e8ve jusqu&#8217;\u00e0 12 m\u00e8tres (environ 40 pieds) longtemps, et p\u00e8se environ 12000 kilogrammes, ou 26000 livres !<\/span><\/p>\n<p><span id=\"gts_text_52\" class=\"gts_text\">Le plus grand <em>jamais<\/em> requin du monde \u00e9tait le <a href=\"\/Megalodon-Shark.html\">requin de Megalodon<\/a> ou de <a href=\"\/Megalodon-Shark.html\">Megatooth<\/a>.<\/span> <span id=\"gts_text_53\" class=\"gts_text\">Il \u00e9tait semblable au grand indicateur blanc c\u00e9l\u00e8bre, mais \u00e0 trois fois aussi grandes !<\/span> <span id=\"gts_text_54\" class=\"gts_text\">\u00c0 18 m\u00e8tres (60 pieds) longtemps, sa nourriture principale aurait \u00e9t\u00e9 des baleines de divers types.<\/span><\/p>\n","protected":false},"excerpt":{"rendered":"<p>Quel est un requin ? Un requin est un genre de poissons cartilagineux. C&#8217;est-\u00e0-dire, au lieu des os, ils ont une substance plus molle appel\u00e9e Cartilage. Il y a d&#8217;autres genres de poissons cartilagineux aussi, par exemple les rayons et les patins. Les types les plus communs de poissons cartilagineux sont des requins et des &hellip; <a href=\"https:\/\/www.big-animals.com\/fr\/le-monde-grand-requins\/\" class=\"more-link\">Continue reading <span class=\"screen-reader-text\">Les plus grands requins du monde !<\/span><\/a><\/p>\n","protected":false},"author":1,"featured_media":0,"parent":0,"menu_order":0,"comment_status":"closed","ping_status":"open","template":"","meta":{"_acf_changed":false,"footnotes":""},"acf":[],"_links":{"self":[{"href":"https:\/\/www.big-animals.com\/fr\/wp-json\/wp\/v2\/pages\/24"}],"collection":[{"href":"https:\/\/www.big-animals.com\/fr\/wp-json\/wp\/v2\/pages"}],"about":[{"href":"https:\/\/www.big-animals.com\/fr\/wp-json\/wp\/v2\/types\/page"}],"author":[{"embeddable":true,"href":"https:\/\/www.big-animals.com\/fr\/wp-json\/wp\/v2\/users\/1"}],"replies":[{"embeddable":true,"href":"https:\/\/www.big-animals.com\/fr\/wp-json\/wp\/v2\/comments?post=24"}],"version-history":[{"count":2,"href":"https:\/\/www.big-animals.com\/fr\/wp-json\/wp\/v2\/pages\/24\/revisions"}],"predecessor-version":[{"id":495,"href":"https:\/\/www.big-animals.com\/fr\/wp-json\/wp\/v2\/pages\/24\/revisions\/495"}],"wp:attachment":[{"href":"https:\/\/www.big-animals.com\/fr\/wp-json\/wp\/v2\/media?parent=24"}],"curies":[{"name":"wp","href":"https:\/\/api.w.org\/{rel}","templated":true}]}}