{"id":25,"date":"2011-05-09T09:09:17","date_gmt":"2011-05-09T09:09:17","guid":{"rendered":""},"modified":"2015-06-24T17:30:43","modified_gmt":"2015-06-24T17:30:43","slug":"le-monde-grand-insectes","status":"publish","type":"page","link":"https:\/\/www.big-animals.com\/fr\/le-monde-grand-insectes\/","title":{"rendered":"Les plus grands insectes du monde !"},"content":{"rendered":"<h3><span id=\"gts_text_1\" class=\"gts_text\">Que sont les insectes ?<\/span><\/h3>\n<p><span id=\"gts_text_2\" class=\"gts_text\">Les insectes sont le plus grand groupe d&#8217;<a href=\"http:\/\/www.big-animals.com\/fr\/?p=23\">arthropodes<\/a>.<\/span> <span id=\"gts_text_3\" class=\"gts_text\">Plus de 90% des diff\u00e9rents types d&#8217;animaux sur terre sont des insectes.<\/span> <span id=\"gts_text_4\" class=\"gts_text\">On<\/span><span id=\"gts_text_5\" class=\"gts_text\">\u00a0peut trouver des insectes presque partout.<\/span> <span id=\"gts_text_6\" class=\"gts_text\">Ils ont un squelette externe rigide qui prot\u00e8ge leur corps, et un corps en trois parties qui comprend la t\u00eate, le thorax et l&#8217;abdomen. <img loading=\"lazy\" decoding=\"async\" src=\"http:\/\/ba.dr-mikes-maths.com\/\/wp-content\/themes\/twentyten\/images\/ba\/atlas-moth.jpg\" alt=\"la plus grande mite du monde, la mite d'atlas\" width=\"355\" height=\"177\" \/><\/span><br \/>\n<span id=\"gts_text_6\" class=\"gts_text\"><span id=\"gts_text_7\" class=\"gts_text\"><strong>La mite d&#8217;atlas n&#8217;est pas le plus grand insecte du monde, mais c&#8217;est la plus grande mite du monde<\/strong><\/span><\/span><\/p>\n<p><span id=\"gts_text_6\" class=\"gts_text\">Ils ont trois paires de pattes jointes, deux antennes et une paire d&#8217;yeux compos\u00e9s.<\/span> <span id=\"gts_text_8\" class=\"gts_text\">Les yeux compos\u00e9s sont diff\u00e9rents des yeux humains qui ont une lentille simple par\u00a0oeil.<\/span> <span id=\"gts_text_9\" class=\"gts_text\">Les yeux compos\u00e9s ont beaucoup de lentilles dans chaque oeil.<\/span> <span id=\"gts_text_10\" class=\"gts_text\">Par exemple, la mouche a environ 4.000 lentilles dans un oeil.<\/span> <span id=\"gts_text_11\" class=\"gts_text\">C&#8217;est pourquoi ils voient tr\u00e8s bien.<\/span> <span id=\"gts_text_12\" class=\"gts_text\">Les yeux compos\u00e9s poss\u00e8dent un angle de vue tr\u00e8s grand, et peuvent d\u00e9tecter des mouvements rapides. <\/span><span id=\"gts_text_13\" class=\"gts_text\">Les yeux<\/span> <span id=\"gts_text_12\" class=\"gts_text\">compos\u00e9s<\/span> <span id=\"gts_text_13\" class=\"gts_text\">sont communs chez les arthropodes.<\/span><\/p>\n<h3><span id=\"gts_text_14\" class=\"gts_text\">Combien de types d&#8217;insectes existe-t-il ?<\/span><\/h3>\n<p><span id=\"gts_text_15\" class=\"gts_text\">Les insectes sont le groupe d&#8217;animaux le plus divers sur la plan\u00e8te.<\/span> <span id=\"gts_text_16\" class=\"gts_text\">Par exemple, il y a environ 2 200 esp\u00e8ces des mantes religieuses, 5 000 types de libellules, 20.000 types de sauterelles, 82.000 esp\u00e8ces de punaises, 120 000 esp\u00e8ces de mouches, 110 000 esp\u00e8ces d&#8217;abeilles, gu\u00eapes, fourmis et tenthr\u00e8des, 170 000 types de papillons et mites et 360 000 esp\u00e8ces de scarab\u00e9es diff\u00e9rents.<\/span> <span id=\"gts_text_17\" class=\"gts_text\">Les insectes ont deux ou quatre ailes selon l&#8217;esp\u00e8ce.<\/span> <span id=\"gts_text_18\" class=\"gts_text\">Les diff\u00e9rents types d&#8217;insectes vivant aujourd&#8217;hui incluent<\/span><\/p>\n<ul>\n<li><span id=\"gts_text_19\" class=\"gts_text\">Les Machilides\u00a0&#8211; ces insectes sans ailes n&#8217;ont pas \u00e9t\u00e9 bien \u00e9tudi\u00e9s.<\/span> <span id=\"gts_text_20\" class=\"gts_text\">Il y a environ 350 esp\u00e8ces diff\u00e9rentes, certaines vivent m\u00eame\u00a0dans\u00a0le froid de l&#8217;Arctique !<\/span><\/li>\n<li><span id=\"gts_text_21\" class=\"gts_text\">Les poissons d&#8217;argent sont des insectes plats qui mangent des mati\u00e8res riches en amidon\u00a0telle que les c\u00e9r\u00e9ales ou le papier.<\/span> <span id=\"gts_text_22\" class=\"gts_text\">Il en existe\u00a0plus de 200 esp\u00e8ces.<\/span><\/li>\n<li><span id=\"gts_text_23\" class=\"gts_text\">Les \u00e9ph\u00e9m\u00e8res sont c\u00e9l\u00e8bres pour leur\u00a0dur\u00e9es de vie tr\u00e8s courtes &#8211; certaines ne vivant qu&#8217;une demi-heure \u00e0 l&#8217;\u00e9tat\u00a0adultes !<\/span> <span id=\"gts_text_24\" class=\"gts_text\">Les \u00e9ph\u00e9m\u00e8res sont tr\u00e8s sensibles \u00e0 la pollution.<\/span> <span id=\"gts_text_25\" class=\"gts_text\">Il en existe environ 2500 esp\u00e8ces.<\/span><\/li>\n<li><span id=\"gts_text_26\" class=\"gts_text\">Les libellules et les demoiselles forment un groupe d&#8217;insectes relativement grand.<\/span> <span id=\"gts_text_27\" class=\"gts_text\">Les larves de libellule vivent dans l&#8217;eau, et sont des pr\u00e9dateurs.<\/span> <span id=\"gts_text_28\" class=\"gts_text\">Leur proie inclut les larves de moustique.<\/span><\/li>\n<li><span id=\"gts_text_29\" class=\"gts_text\">Les Pl\u00e9copt\u00e8res sont des insectes longs et plut\u00f4t\u00a0simples.<\/span> <span id=\"gts_text_30\" class=\"gts_text\">Il en existe\u00a0plus de 1 700 esp\u00e8ces, et on en d\u00e9couvre encore\u00a0r\u00e9guli\u00e8rement.<\/span><\/li>\n<li><span id=\"gts_text_31\" class=\"gts_text\">Les Embiopt\u00e8res\u00a0vivent dans des tunnels en forme de tube qu&#8217;ils garnissent de soie.<\/span> <span id=\"gts_text_32\" class=\"gts_text\">La plupart des 300 types d&#8217;embiopt\u00e8res vivent sous\u00a0les tropiques.<\/span><\/li>\n<li><span id=\"gts_text_33\" class=\"gts_text\">Les 34 types de Zorapt\u00e8res\u00a0vivent en\u00a0petites colonies dans\u00a0du bois en d\u00e9composition, elles se nourrissent\u00a0de spores de moisissures et d&#8217;acariens.<\/span><\/li>\n<li><span id=\"gts_text_34\" class=\"gts_text\">Les forficules, ou perce-oreilles, ont un corps assez long avec une paire de pince au bout de\u00a0la queue.<\/span> <span id=\"gts_text_35\" class=\"gts_text\">Il existe\u00a0environ 1 800 types de forficules.<\/span> <span id=\"gts_text_36\" class=\"gts_text\">Tous sont inoffensifs &#8211; la pince n&#8217;est pas toxique, et les forficules ne sont porteurs d&#8217;aucune maladie.<\/span><\/li>\n<li><span id=\"gts_text_37\" class=\"gts_text\">Les crickets, les grillons et les sauterelles incluent environ 12 000 esp\u00e8ces d&#8217;insecte. Le<\/span> <span id=\"gts_text_38\" class=\"gts_text\"><a href=\"http:\/\/www.big-animals.com\/fr\/?p=21\">Weta \u00a0g\u00e9ant de l&#8217;\u00eele de\u00a0la Petite Barri\u00e8re<\/a>\u00a0en Nouvelle-Z\u00e9lande, qui est probablement<\/span><br \/>\n<span id=\"gts_text_39\" class=\"gts_text\">le plus grand insecte du monde, appartient \u00e0 ce groupe.<\/span><\/li>\n<li><span id=\"gts_text_40\" class=\"gts_text\">Les phasmes\u00a0se camouflent en ressemblant \u00e0 des\u00a0brindilles ou des b\u00e2tons pour se cacher de leurs pr\u00e9dateurs.<\/span> <span id=\"gts_text_41\" class=\"gts_text\">Il en existe\u00a0plus de 3 000 esp\u00e8ces diff\u00e9rentes.<\/span> <span id=\"gts_text_42\" class=\"gts_text\">Le plus long insecte du monde est l&#8217;un d&#8217;entre eux.<\/span><\/li>\n<li><span id=\"gts_text_43\" class=\"gts_text\">Il y a environ 30 esp\u00e8ces diff\u00e9rentes de Notopt\u00e8res, parfois appel\u00e9s\u00a0gladiateurs.<\/span><\/li>\n<li><span id=\"gts_text_44\" class=\"gts_text\">Des 4 000 types de cancrelats ou blattes, seulement 30 vivent dans les maisons.<\/span>\u00a0Et, qui plus est<span id=\"gts_text_45\" class=\"gts_text\">, les 4000 types de termites sont maintenant consid\u00e9r\u00e9s par les scientifiques comme un genre particulier\u00a0de cancrelat, ce qui fait un total de 8000 esp\u00e8ces diff\u00e9rentes dans ce groupe.<\/span><\/li>\n<li><span id=\"gts_text_46\" class=\"gts_text\">Les mantes repr\u00e9sentent encore 2 200 esp\u00e8ces d&#8217;insectes pr\u00e9dateurs\u00a0bien\u00a0camoufl\u00e9s .<\/span><\/li>\n<li><span id=\"gts_text_47\" class=\"gts_text\">Les Psocopt\u00e8res ou psoques\u00a0incluent plus de 5 500 esp\u00e8ces d&#8217;insectes ail\u00e9s qui se nourrissent entre autre de lichens ou de la colle\u00a0utilis\u00e9e pour relier les\u00a0livres.<\/span>\u00a0L<span id=\"gts_text_48\" class=\"gts_text\">es 3 500 esp\u00e8ces de poux, y compris les 3 esp\u00e8ces <\/span><span id=\"gts_text_49\" class=\"gts_text\">parasitant les humains, appartiennent \u00e9galement \u00e0 ce groupe.<\/span><\/li>\n<li><span id=\"gts_text_50\" class=\"gts_text\">Les thrips sont des insectes minuscules qui mangent des acariens ou sucent la s\u00e8ve de plantes.<\/span> <span id=\"gts_text_51\" class=\"gts_text\">Il en existe\u00a0plus de 5 000 types diff\u00e9rents.<\/span><\/li>\n<li><span id=\"gts_text_52\" class=\"gts_text\">Les punaises, les aphis et les cigales sont group\u00e9s ensemble dans un autre groupe, comprenant\u00a080 000 esp\u00e8ces, appel\u00e9 h\u00e9mipt\u00e8res.<\/span> <span id=\"gts_text_53\" class=\"gts_text\">Les plus grands peuvent mesurer\u00a0jusqu&#8217;\u00e0 15 cm de long (6 pouces)<\/span><\/li>\n<li><span id=\"gts_text_54\" class=\"gts_text\">Les fourmis, les abeilles, les gu\u00eapes et les frelons sont group\u00e9s ensemble dans le deuxi\u00e8me groupe le plus nombreux\u00a0d&#8217;insectes.<\/span> <span id=\"gts_text_55\" class=\"gts_text\">Plus de 120 000 types diff\u00e9rents ont \u00e9t\u00e9 identifi\u00e9s, et il pourrait y en avoir jusqu&#8217;\u00e0\u00a0300 000.<\/span><\/li>\n<li><span id=\"gts_text_56\" class=\"gts_text\">Les scarab\u00e9es sont le groupe d&#8217;animaux le plus vari\u00e9\u00a0sur la plan\u00e8te, avec plus de 350 000 scarab\u00e9es connus, et des millions encore \u00e0 d\u00e9couvrir.<\/span> <span id=\"gts_text_57\" class=\"gts_text\">Un animal connu\u00a0sur quatre\u00a0est un scarab\u00e9e.<\/span> <span id=\"gts_text_58\" class=\"gts_text\">La larve du\u00a0<a href=\"http:\/\/www.big-animals.com\/fr\/?p=5\">scarab\u00e9e Goliath<\/a> est l&#8217;insecte le plus lourd.<\/span><\/li>\n<li><span id=\"gts_text_59\" class=\"gts_text\">Les Str\u00e8psit\u00e8res\u00a0sont des insectes parasites peu connus, qui attaquent principalement d&#8217;autres insectes.<\/span><\/li>\n<li><span id=\"gts_text_60\" class=\"gts_text\">Les Raphidopt\u00e8res\u00a0sont communs en Europe et Asie, ils ont de grands yeux compos\u00e9s.<\/span> <span id=\"gts_text_61\" class=\"gts_text\">Leurs oeufs \u00e9closent\u00a0dans des\u00a0\u00e9corces d&#8217;arbre ou dans du bois en\u00a0d\u00e9composition.<\/span> <span id=\"gts_text_62\" class=\"gts_text\">Il en existe\u00a0environ 150 esp\u00e8ces diff\u00e9rentes.<\/span><\/li>\n<li><span id=\"gts_text_63\" class=\"gts_text\">Environ 300 esp\u00e8ces composent le groupe des\u00a0Megalopt\u00e8res, ainsi appel\u00e9 parce que leurs ailes sont grandes.<\/span> <span id=\"gts_text_64\" class=\"gts_text\">Ils ne sont pas bien connus, parce que les adultes ne vivent pas tr\u00e8s longtemps.<\/span><\/li>\n<li><span id=\"gts_text_65\" class=\"gts_text\">Les chrysopes, fourmilions\u00a0et autres repr\u00e9sentent encore 4 000 esp\u00e8ces d&#8217;insectes.<\/span><\/li>\n<li><span id=\"gts_text_66\" class=\"gts_text\">Le mouches-scorpions\u00a0ont, \u00e0 leurs queues, quelque chose qui ressemble \u00e0 la queue d&#8217;un scorpion, mais qui\u00a0est inoffensif.<\/span> <span id=\"gts_text_67\" class=\"gts_text\">Il en existe\u00a0environ 550 types diff\u00e9rents.<\/span><\/li>\n<li><span id=\"gts_text_68\" class=\"gts_text\">Les puces n&#8217;ont pas d&#8217;aile, et doivent sucer du sang pour survivre.<\/span> Dans l&#8217;histoire<span id=\"gts_text_69\" class=\"gts_text\">, certaines\u00a0maladies terribles ont \u00e9t\u00e9 transmises d&#8217;une personne \u00e0 l&#8217;autre\u00a0par les morsures de puces.<\/span> <span id=\"gts_text_70\" class=\"gts_text\">Il\u00a0existe\u00a0environ 2 000 esp\u00e8ces connues de puce.<\/span><\/li>\n<li><span id=\"gts_text_71\" class=\"gts_text\">Les mouches, les moustiques et les moucherons sont group\u00e9s ensemble dans un grand groupe d&#8217;environ 240 000 types diff\u00e9rents.<\/span> <span id=\"gts_text_72\" class=\"gts_text\">Les mouches vraies ont seulement une seule paire d&#8217;ailes.<\/span> <span id=\"gts_text_73\" class=\"gts_text\">Quelques membres de ce groupe, particuli\u00e8rement quelques moustiques, sont responsables de la transmission\u00a0de maladies terribles.<\/span> <span id=\"gts_text_74\" class=\"gts_text\">Par exemple, la malaria\u00a0touche\u00a0350 millions de personnes tous les ans, tuant 1,5 millions d&#8217;entre eux.<\/span><\/li>\n<li><span id=\"gts_text_75\" class=\"gts_text\">Les Trichopt\u00e8res\u00a0ont les ailes velues<\/span><\/li>\n<li><span id=\"gts_text_76\" class=\"gts_text\">Le groupe des L\u00e9pidopt\u00e8res contient les quelques\u00a0180 000 esp\u00e8ces de mites et de papillons.<\/span> <span id=\"gts_text_77\" class=\"gts_text\">Les plus grands insectes volant appartiennent \u00e0 ce groupe.<\/span><\/li>\n<\/ul>\n<h3><span id=\"gts_text_78\" class=\"gts_text\">L&#8217;anatomie\u00a0de\u00a0l&#8217;insecte<\/span><\/h3>\n<p><span id=\"gts_text_79\" class=\"gts_text\">Le thorax porte\u00a0les pattes servant \u00e0\u00a0marcher, nager, sauter ou creuser.<\/span> <span id=\"gts_text_80\" class=\"gts_text\">La plupart des insectes utilisent leur six pattes pour marcher et ils peuvent marcher rapidement et de fa\u00e7on constante.<\/span> <span id=\"gts_text_81\" class=\"gts_text\">Par exemple, les cancrelats &#8211; les cancrelats sont parmi les insectes les plus rapides.<\/span> <span id=\"gts_text_82\" class=\"gts_text\">Les scarab\u00e9es d&#8217;eau et les insectes d&#8217;eau ont des jambes comme des pagaies pour les aider \u00e0\u00a0nager.<\/span> <span id=\"gts_text_83\" class=\"gts_text\">En fait, certains peuvent m\u00eame marcher \u00e0 la surface de l&#8217;eau, comme les araign\u00e9es d&#8217;eau.<\/span> <span id=\"gts_text_84\" class=\"gts_text\">Les insectes sont le seul groupe d&#8217;invert\u00e9br\u00e9s qui peuvent voler.<\/span> <span id=\"gts_text_85\" class=\"gts_text\">Leur abdomen contient tous leurs organes vitaux &#8211; leur coeur, appareil digestif, organes respiratoires,\u00a0ainsi que les organes pour \u00e9liminer les d\u00e9chets et autres.<\/span> <span id=\"gts_text_86\" class=\"gts_text\">La plupart des insectes doivent muer afin de se d\u00e9velopper.<\/span> <span id=\"gts_text_87\" class=\"gts_text\">Pendant la mue, l&#8217;insecte se d\u00e9barrasse de\u00a0la couche externe de son corps.<\/span> <span id=\"gts_text_88\" class=\"gts_text\">Cela se produit \u00e0 une saison particuli\u00e8re, ou \u00e0 certains points dans son cycle de vie.<\/span><br \/>\n<img loading=\"lazy\" decoding=\"async\" src=\"http:\/\/ba.dr-mikes-maths.com\/\/wp-content\/themes\/twentyten\/images\/ba\/giant-weta1.png\" alt=\"Un Weta g\u00e9ant - un des insectes les plus lourds du monde.\" width=\"300\" height=\"152\" \/><br \/>\n<span style=\"width: 310px;float: left\"><span id=\"gts_text_89\" class=\"gts_text\"><strong>Le Wetapunga, ou Weta g\u00e9ant \u00a0de l&#8217;\u00eele de la Petite\u00a0Barri\u00e8re, est le plus lourd insecte du monde<\/strong><\/span><\/span><\/p>\n<p>&nbsp;<\/p>\n<h3><span id=\"gts_text_90\" class=\"gts_text\">Les insectes et les gens<\/span><\/h3>\n<p><span id=\"gts_text_91\" class=\"gts_text\">Beaucoup d&#8217;insectes sont nuisibles\u00a0pour l&#8217;\u00eatre humain.<\/span> <span id=\"gts_text_92\" class=\"gts_text\">Par exemple, les moustiques, les mouches et les cancrelats transmettent des maladies, les termites endommagent les maisons, certaine aphis, scarab\u00e9es et chenilles d\u00e9truisent nos cultures vivri\u00e8res.<\/span> D&#8217;un autre c\u00f4t\u00e9<span id=\"gts_text_93\" class=\"gts_text\">, il y a \u00e9galement des insectes qui nous aident &#8211; en pollinisant les plantes \u00e0 fleurs\u00a0(abeilles, mouches, papillons et moustiques), en produisant du miel (abeilles) ou de la soie (le ver \u00e0 soie), en mangeant d&#8217;autres insectes nuisibles (coccinelles), ou nettoyant (des fourmis).<\/span> <span id=\"gts_text_94\" class=\"gts_text\">Les plantes\u00a0ne peuvent se reproduire sans pollinisation, et beaucoup de types de plantes\u00a0d\u00e9pendent des insectes pour cela.<\/span>\u00a0E<span id=\"gts_text_95\" class=\"gts_text\">lles produisent\u00a0des fleurs pour attirer les insectes.<\/span> Lorsque<span id=\"gts_text_96\" class=\"gts_text\">\u00a0que les abeilles r\u00e9coltent le nectar des fleurs, elles r\u00e9coltent aussi le pollen des fleurs sur leurs corps, et le transportent vers d&#8217;autres fleurs.<\/span><\/p>\n<h3><span id=\"gts_text_97\" class=\"gts_text\">Quel est le plus grand insecte du monde ?<\/span><\/h3>\n<p><span id=\"gts_text_98\" class=\"gts_text\">Il y a plusieurs concurrents pour le titre du plus grand insecte du monde.<\/span> <span id=\"gts_text_99\" class=\"gts_text\">Le plus lourd jamais pes\u00e9 \u00e9tait un <a href=\"http:\/\/www.big-animals.com\/fr\/?p=21\" target=\"_blank\">Weta g\u00e9ant de l&#8217;\u00eele de la Petite Barri\u00e8re<\/a> en Nouvelle-Z\u00e9lande &#8211; il\u00a0ressemble \u00e0 un gros cricket tr\u00e8s laid.<\/span> <span id=\"gts_text_100\" class=\"gts_text\">Un de ses concurrents est le <a href=\"http:\/\/www.big-animals.com\/fr\/?p=5\" target=\"_blank\">scarab\u00e9e Goliath<\/a>, dont la larve\u00a0est certainement plus lourde.<\/span> <span id=\"gts_text_101\" class=\"gts_text\">Les scientifiques ne sont pas encore exactement s\u00fbrs qui de ces derniers devient le plus gros normalement.<\/span> <span id=\"gts_text_102\" class=\"gts_text\">Le plus long insecte jamais mesur\u00e9 est un genre de phasme b\u00e2ton\u00a0originaire de Born\u00e9o, \u00e0 propos\u00a0duquel on ne sait pas grand chose\u00a0&#8211; seuls trois sp\u00e9cimens ont \u00e9t\u00e9 trouv\u00e9s, le plus long mesurant\u00a056 cm (22 pouces)\u00a0est\u00a0maintenant expos\u00e9 au\u00a0British Museum.<\/span><\/p>\n","protected":false},"excerpt":{"rendered":"<p>Que sont les insectes ? Les insectes sont le plus grand groupe d&#8217;arthropodes. Plus de 90% des diff\u00e9rents types d&#8217;animaux sur terre sont des insectes. On\u00a0peut trouver des insectes presque partout. Ils ont un squelette externe rigide qui prot\u00e8ge leur corps, et un corps en trois parties qui comprend la t\u00eate, le thorax et l&#8217;abdomen. &hellip; <a href=\"https:\/\/www.big-animals.com\/fr\/le-monde-grand-insectes\/\" class=\"more-link\">Continue reading <span class=\"screen-reader-text\">Les plus grands insectes du monde !<\/span><\/a><\/p>\n","protected":false},"author":1,"featured_media":0,"parent":0,"menu_order":0,"comment_status":"closed","ping_status":"open","template":"","meta":{"_acf_changed":false,"footnotes":""},"acf":[],"_links":{"self":[{"href":"https:\/\/www.big-animals.com\/fr\/wp-json\/wp\/v2\/pages\/25"}],"collection":[{"href":"https:\/\/www.big-animals.com\/fr\/wp-json\/wp\/v2\/pages"}],"about":[{"href":"https:\/\/www.big-animals.com\/fr\/wp-json\/wp\/v2\/types\/page"}],"author":[{"embeddable":true,"href":"https:\/\/www.big-animals.com\/fr\/wp-json\/wp\/v2\/users\/1"}],"replies":[{"embeddable":true,"href":"https:\/\/www.big-animals.com\/fr\/wp-json\/wp\/v2\/comments?post=25"}],"version-history":[{"count":3,"href":"https:\/\/www.big-animals.com\/fr\/wp-json\/wp\/v2\/pages\/25\/revisions"}],"predecessor-version":[{"id":537,"href":"https:\/\/www.big-animals.com\/fr\/wp-json\/wp\/v2\/pages\/25\/revisions\/537"}],"wp:attachment":[{"href":"https:\/\/www.big-animals.com\/fr\/wp-json\/wp\/v2\/media?parent=25"}],"curies":[{"name":"wp","href":"https:\/\/api.w.org\/{rel}","templated":true}]}}