{"id":26,"date":"2011-05-09T09:09:25","date_gmt":"2011-05-09T09:09:25","guid":{"rendered":""},"modified":"2014-01-14T12:12:49","modified_gmt":"2014-01-14T12:12:49","slug":"trichoplax-adhaerens-le-monde-grand-et-seulement-placozoan","status":"publish","type":"page","link":"https:\/\/www.big-animals.com\/fr\/trichoplax-adhaerens-le-monde-grand-et-seulement-placozoan\/","title":{"rendered":"Le Trichoplax adhaerens : le seul &#8211; et le plus grand &#8211; pacozoaire du monde"},"content":{"rendered":"<h3><span class=\"gts_text\" id=\"gts_text_1\">Le Trichoplax<\/span><\/h3>\n<p><span class=\"gts_text\" id=\"gts_text_2\">Imaginez qu&#8217;une goutte g\u00e9latineuse rose blanch\u00e2tre soit coll\u00e9e au mur.<\/span> Voil\u00e0 <span class=\"gts_text\" id=\"gts_text_3\">qu&#8217;elle se met \u00e0\u00a0suinter et qu&#8217;elle change sans arr\u00eat de forme en se d\u00e9pla\u00e7ant.<\/span> <span class=\"gts_text\" id=\"gts_text_4\">Elle rencontre quelque chose de comestible, rampe dessus, l&#8217;enveloppe et le dig\u00e8re lentement. <img loading=\"lazy\" decoding=\"async\" class=\"alignright\" style=\"width: 200px;height: 193px\" title=\"Un Trichoplax Adhaerens (un Placozoan).\" alt=\"Un Trichoplax Adhaerens (un Placozoan).\" src=\"http:\/\/ba.dr-mikes-maths.com\/\/wp-content\/themes\/twentyten\/images\/ba\/trichoplax-small.jpg\" width=\"200\" height=\"193\" \/> Enfin, imaginez maintenant que cette cr\u00e9ature g\u00e9latineuse se comporte comme \u00e7a sur les parois de votre aquarium (pas sur le mur d&#8217;une pi\u00e8ce) et que, loin d&#8217;\u00eatre un horrible monstre, elle est \u00e0 peine plus grande qu&#8217;une t\u00eate d&#8217;\u00e9pingle.<\/span> Eh bien v<span class=\"gts_text\" id=\"gts_text_6\">ous comprenez maintenant \u00e0 quoi ressemble l&#8217;\u00e9tonnant <span style=\"font-style: italic\">Trichoplax<\/span> a<span style=\"font-style: italic\">dhaerens<\/span>.<\/span> Voici u<span class=\"gts_text\" id=\"gts_text_7\">ne image d&#8217;un Trichoplax, vu au microscope (photo d&#8217;Oliver Voigt).<\/span> Vous trouverez la m\u00eame photo <span class=\"gts_text\" id=\"gts_text_8\">\u00e0 une plus grande \u00e9chelle au bas de la page.<\/span><\/p>\n<p><span class=\"gts_text\" id=\"gts_text_9\">Mais que fait donc un animal minuscule comme le Trichoplax sur un site traite des <span style=\"font-style: italic\">plus grands<\/span> animaux du monde ?<\/span> Eh b<span class=\"gts_text\" id=\"gts_text_10\">ien, le Trichoplax Adhaerens est un <a title=\"Le plus grand placozoaire du monde !\" href=\"http:\/\/www.big-animals.com\/fr\/le-monde-grand-placozoans\/\">placozoaire<\/a> : en fait, c&#8217;est le seul placozoaire qui soit.<\/span> <span class=\"gts_text\" id=\"gts_text_11\">Facile d&#8217;\u00eatre le plus grand quand on est tout seul !<\/span> <span class=\"gts_text\" id=\"gts_text_12\">Le Trichoplax a \u00e9t\u00e9 d\u00e9couvert en 1883, mais ce n&#8217;est que pendant les ann\u00e9es 1970 que les scientifiques se sont rendus compte qu&#8217;il \u00e9tait si diff\u00e9rent des autres animaux qu&#8217;il\u00a0avait besoin d&#8217;un\u00a0\u00ab\u00a0embranchement\u00a0\u00bb \u00e0 lui tout seul.<\/span> <span class=\"gts_text\" id=\"gts_text_13\">Ils ont appel\u00e9 cet embranchement Placozoa.<\/span> <span class=\"gts_text\" id=\"gts_text_14\">Les embranchements sont les cat\u00e9gories d&#8217;animaux les plus grandes.<\/span> <span class=\"gts_text\" id=\"gts_text_15\">Vous pouvez voir une <a title=\"Les plus grands animaux du monde !\" href=\"http:\/\/www.big-animals.com\/fr\/le-monde-grand-animaux\/\">liste de tous les embranchements<\/a> sur la page consacr\u00e9e aux <a title=\"Les plus grands animaux du monde !\" href=\"http:\/\/www.big-animals.com\/fr\/le-monde-grand-animaux\/\">animaux<\/a>.<\/span><\/p>\n<p><span class=\"gts_text\" id=\"gts_text_16\">Le nom <span style=\"font-style: italic\">Trichoplax<\/span> vient de mots grecs qui signifient \u00ab\u00a0cheveux\u00a0\u00bb et \u00ab\u00a0assiette \u00bb, et de l&#8217;<span style=\"font-style: italic\">Adhaerens du<\/span> fait qu&#8217;il adh\u00e8re, qu&#8217;il se\u00a0colle \u00e0 la surface le long de laquelle il se d\u00e9place.<\/span> <span class=\"gts_text\" id=\"gts_text_17\">On l&#8217;a d\u00e9couvert pour la premi\u00e8re fois sur la paroi d&#8217;un aquarium d&#8217;eau de mer en Autriche, ce qui fait peut-\u00eatre de lui la seule cr\u00e9ature jamais d\u00e9couverte en captivit\u00e9.<\/span> <span class=\"gts_text\" id=\"gts_text_18\">En fait, ce n&#8217;est qu&#8217;en 1989 qu&#8217;une population de Trichoplax a \u00e9t\u00e9 d\u00e9couverte dans la nature, dans la mer au large du Japon.<\/span><\/p>\n<h3><span class=\"gts_text\" id=\"gts_text_19\">N&#8217;y a-t-il vraiment qu&#8217;un Trichoplax ?<\/span><\/h3>\n<p><span class=\"gts_text\" id=\"gts_text_20\">Eh bien, en 1896, on a annonc\u00e9 la d\u00e9couverte d&#8217;un autre Trichoplax, le <span style=\"font-style: italic\">Trichoplax Reptans<\/span>.<\/span> <span class=\"gts_text\" id=\"gts_text_21\">Comme personne n&#8217;a jamais trouv\u00e9 d&#8217;autre Trichoplax Reptans, on pense qu&#8217;il n&#8217;a probablement jamais exist\u00e9.<\/span> <span class=\"gts_text\" id=\"gts_text_22\">Mais d&#8217;un autre c\u00f4t\u00e9, au cours des derni\u00e8res ann\u00e9es, les scientifiques ont \u00e9tudi\u00e9 l&#8217;ADN de diff\u00e9rents sp\u00e9cimens de\u00a0Trichoplax Adhaerens et ont constat\u00e9 qu&#8217;il y avait beaucoup plus de variations que ce \u00e0 quoi on s&#8217;attend dans une seule esp\u00e8ce.<\/span> On se demande donc maintenant <span class=\"gts_text\" id=\"gts_text_23\">si les Trichoplax Adhaerens pourraient en fait reprs\u00e9enter de nombreuses esp\u00e8ces diff\u00e9rentes qui, \u00e0 l&#8217;oeil nu,\u00a0se ressemblent beaucoup et se comportent de la m\u00eame fa\u00e7on.<\/span><\/p>\n<p><span class=\"gts_text\" id=\"gts_text_24\">Mais pour l&#8217;instant, la th\u00e9orie officielle est que le Trichoplax Adhaerens est le seul type de placozoaire.<\/span> <span class=\"gts_text\" id=\"gts_text_25\">Par cons\u00e9quent,\u00a0avec ces dimensions de\u00a02,5 millim\u00e8tres de long, 1 millim\u00e8tre de large, et 0,025 millim\u00e8tres d&#8217;\u00e9paisseur, le Trichoplax Adhaerens\u00a0se positionne comme le\u00a0plus grand des placazoaires\u00a0!<\/span><\/p>\n<h3><span class=\"gts_text\" id=\"gts_text_26\">\u00c0 quoi ressemble le Trichoplax ?<\/span><\/h3>\n<p><span class=\"gts_text\" id=\"gts_text_27\">Trichoplax Adhaerens n&#8217;a que quatre sortes de cellules diff\u00e9rentes (les \u00eatres humains en ont plus de 200).<\/span> <span class=\"gts_text\" id=\"gts_text_28\">Plusieurs enigmes se posent donc aux zoologistes :<\/span><\/p>\n<ul>\n<li><span class=\"gts_text\" id=\"gts_text_29\">Comment indique-t-il \u00e0 son corps o\u00f9 il doit aller puisqu&#8217;il n&#8217;a pas de cellules nerveuses ?<\/span><\/li>\n<li><span class=\"gts_text\" id=\"gts_text_30\">Quand il a-t-il dig\u00e9r\u00e9 de la nourriture, comment fait-il pour la r\u00e9partir \u00e9quitablement entre toutes ses cellules ?<\/span><\/li>\n<li><span class=\"gts_text\" id=\"gts_text_31\">Comment ses cellules travaillent-elles ensemble puisque son corps n&#8217;a pas de forme fixe ?<\/span><\/li>\n<li><span class=\"gts_text\" id=\"gts_text_32\">Si\u00a0on s\u00e9pare les cellules qui forment le\u00a0corps d&#8217;un Trichoplax,\u00a0elles r\u00e9ussissent \u00e0 se retrouver et \u00e0 reformer le Trichoplax de d\u00e9part.<\/span> <span class=\"gts_text\" id=\"gts_text_33\">Comment\u00a0s&#8217;y prennent-elles donc\u00a0?<\/span><\/li>\n<li><span class=\"gts_text\" id=\"gts_text_34\">Si un Trichoplax est coup\u00e9 en deux, chaque moiti\u00e9 forme un nouveau Trichoplax.<\/span> <span class=\"gts_text\" id=\"gts_text_35\">Comment est-ce que \u00e7a fonctionne\u00a0?<\/span><\/li>\n<\/ul>\n<p><span class=\"gts_text\" id=\"gts_text_36\">Les scientifiques savent que des Trichoplax vivent dans la plupart des mers tropicales et subtropicales du monde.<\/span> <span class=\"gts_text\" id=\"gts_text_37\">Ils supposent qu&#8217;ils se nourrissent d&#8217;algues.<\/span> <span class=\"gts_text\" id=\"gts_text_38\">Ils peuvent aussi manger des bact\u00e9ries et d&#8217;autres petites particules de nourriture qui touchent son dos et y restent coll\u00e9s !<\/span><\/p>\n<h3><span class=\"gts_text\" id=\"gts_text_39\">En r\u00e9sum\u00e9<\/span><\/h3>\n<p><span class=\"gts_text\" id=\"gts_text_40\">Le Trichoplax est une cr\u00e9ature absolument \u00e9tonnante.<\/span><\/p>\n<ul>\n<li><span class=\"gts_text\" id=\"gts_text_41\">Il peut manger par n&#8217;importe quelle partie de la surface de son corps,<\/span><\/li>\n<li><span class=\"gts_text\" id=\"gts_text_42\">Il peut se d\u00e9former et s&#8217;\u00e9craser,<\/span><\/li>\n<li><span class=\"gts_text\" id=\"gts_text_43\">Si on en coupe un en deux, on obtient deux Trichoplax plus petits,<\/span><\/li>\n<li><span class=\"gts_text\" id=\"gts_text_44\">Si on l&#8217;\u00e9crase, il reprend sa forme,<\/span><\/li>\n<li><span class=\"gts_text\" id=\"gts_text_45\">Il est tr\u00e8s difficile \u00e0 voir\u00a0: la lumi\u00e8re le traverse,<\/span><\/li>\n<li><span class=\"gts_text\" id=\"gts_text_46\">Il est compl\u00e8tement diff\u00e9rent\u00a0de tous les autres repr\u00e9sentants du r\u00e8gne animal.<\/span><\/li>\n<\/ul>\n<p><span class=\"gts_text\" id=\"gts_text_47\">S&#8217;il \u00e9tait par exemple 2.000 fois plus grand qu&#8217;il n&#8217;est, le Trichoplax serait un monstre digne de figurer dans un film d&#8217;horreur.<\/span> <span class=\"gts_text\" id=\"gts_text_48\">Mais dans ses dimensions actuelles, c&#8217;est le seul et le plus grand placazoaire du monde, et une remarquable esp\u00e8ce du r\u00e8gne animal qu&#8217;on risque simplement de trouver dans son aquarium d&#8217;eau de mer.<\/span><\/p>\n<div style=\"text-align: center\"><img decoding=\"async\" style=\"width: 519px;height: 500px\" title=\"Un Trichoplax Adhaerens (un Placozoan), avec l'\u00e9chelle suppl\u00e9mentaire pour montrer la taille.\" alt=\"Un trichoplax Adhaerens (un Placozoan), avec l'\u00e9chelle suppl\u00e9mentaire pour montrer la taille.\" src=\"http:\/\/ba.dr-mikes-maths.com\/\/wp-content\/themes\/twentyten\/images\/ba\/trichoplax-annotated.jpg\" \/><\/div>\n","protected":false},"excerpt":{"rendered":"<p>Le Trichoplax Imaginez qu&#8217;une goutte g\u00e9latineuse rose blanch\u00e2tre soit coll\u00e9e au mur. Voil\u00e0 qu&#8217;elle se met \u00e0\u00a0suinter et qu&#8217;elle change sans arr\u00eat de forme en se d\u00e9pla\u00e7ant. Elle rencontre quelque chose de comestible, rampe dessus, l&#8217;enveloppe et le dig\u00e8re lentement. Enfin, imaginez maintenant que cette cr\u00e9ature g\u00e9latineuse se comporte comme \u00e7a sur les parois de &hellip; <a href=\"https:\/\/www.big-animals.com\/fr\/trichoplax-adhaerens-le-monde-grand-et-seulement-placozoan\/\" class=\"more-link\">Continue reading <span class=\"screen-reader-text\">Le Trichoplax adhaerens : le seul &#8211; et le plus grand &#8211; pacozoaire du monde<\/span><\/a><\/p>\n","protected":false},"author":1,"featured_media":0,"parent":0,"menu_order":0,"comment_status":"closed","ping_status":"open","template":"","meta":{"_acf_changed":false,"footnotes":""},"acf":[],"_links":{"self":[{"href":"https:\/\/www.big-animals.com\/fr\/wp-json\/wp\/v2\/pages\/26"}],"collection":[{"href":"https:\/\/www.big-animals.com\/fr\/wp-json\/wp\/v2\/pages"}],"about":[{"href":"https:\/\/www.big-animals.com\/fr\/wp-json\/wp\/v2\/types\/page"}],"author":[{"embeddable":true,"href":"https:\/\/www.big-animals.com\/fr\/wp-json\/wp\/v2\/users\/1"}],"replies":[{"embeddable":true,"href":"https:\/\/www.big-animals.com\/fr\/wp-json\/wp\/v2\/comments?post=26"}],"version-history":[{"count":3,"href":"https:\/\/www.big-animals.com\/fr\/wp-json\/wp\/v2\/pages\/26\/revisions"}],"predecessor-version":[{"id":328,"href":"https:\/\/www.big-animals.com\/fr\/wp-json\/wp\/v2\/pages\/26\/revisions\/328"}],"wp:attachment":[{"href":"https:\/\/www.big-animals.com\/fr\/wp-json\/wp\/v2\/media?parent=26"}],"curies":[{"name":"wp","href":"https:\/\/api.w.org\/{rel}","templated":true}]}}