{"id":27,"date":"2011-05-09T09:10:29","date_gmt":"2011-05-09T09:10:29","guid":{"rendered":""},"modified":"2014-01-25T17:42:30","modified_gmt":"2014-01-25T17:42:30","slug":"komodo-dragon","status":"publish","type":"page","link":"https:\/\/www.big-animals.com\/fr\/lezards\/komodo-dragon\/","title":{"rendered":"Le dragon de Komodo"},"content":{"rendered":"<p><span class=\"gts_text\" id=\"gts_text_1\">Le dragon de Komodo est le plus grand <a title=\"L\u00e9zards\" href=\"http:\/\/www.big-animals.com\/fr\/lezards\/\">l\u00e9zard<\/a>\u00a0du monde.<\/span> <span class=\"gts_text\" id=\"gts_text_2\">On le trouve dans les \u00eeles indon\u00e9siennes de Komodo, de Rinca, de Flores et de Gili Motang.<\/span> <span class=\"gts_text\" id=\"gts_text_3\">Il peut mesurer jusqu&#8217;\u00e0 3 m\u00e8tres de long et peser environ 70 kilos.<\/span> <span class=\"gts_text\" id=\"gts_text_4\">Il est actuellement class\u00e9 parmi les esp\u00e8ces menac\u00e9es \u00e0 cause du d\u00e9boisement, du tourisme, du braconnage \u00a0et des catastrophes naturelles comme les \u00e9ruptions volcaniques sur les \u00eeles o\u00f9 il vit.<\/span>\u00a0L<span class=\"gts_text\" id=\"gts_text_5\">es dragons de Komodo sont prot\u00e9g\u00e9s par la loi indon\u00e9sienne et en particulier dans le parc national de Komodo.<\/span> <span class=\"gts_text\" id=\"gts_text_6\">On compte entre 4.000 \u00e0 5.000 dragons de Komodo vivants \u00e0 l&#8217;\u00e9tat sauvage.<\/span><\/p>\n<h3><span class=\"gts_text\" id=\"gts_text_7\">Comment le dragon de Komodo se nourrit-il\u00a0?<\/span><\/h3>\n<figure id=\"attachment_658\" aria-describedby=\"caption-attachment-658\" style=\"width: 300px\" class=\"wp-caption alignleft\"><a href=\"http:\/\/www.big-animals.com\/wp-content\/uploads\/2011\/03\/Komodo-Dragon-Face.jpg\"><img loading=\"lazy\" decoding=\"async\" class=\"size-medium wp-image-658\" title=\"Le visage d'un dragon de Komodo. PIC par des cisaillements de Trisha\" alt=\"Le visage d'un dragon de Komodo. PIC par des cisaillements de Trisha\" src=\"http:\/\/www.big-animals.com\/wp-content\/uploads\/2011\/03\/Komodo-Dragon-Face-300x196.jpg\" width=\"300\" height=\"196\" \/><\/a><figcaption id=\"caption-attachment-658\" class=\"wp-caption-text\">T\u00eate d&#8217;un dragon de Komodo. Photo\u00a0: Trisha Shears<\/figcaption><\/figure>\n<p><span class=\"gts_text\" id=\"gts_text_8\">Les dragons de Komodo sont des <a title=\"Les carnivores\" href=\"http:\/\/www.big-animals.com\/fr\/carnivore\/\">carnivores<\/a> et des charognards.<\/span> <span class=\"gts_text\" id=\"gts_text_9\">Ils mangent m\u00eame des membres de leur propre esp\u00e8ce.<\/span> Leurs proies peuvent \u00eatre des cerfs, des porcs, des oiseaux ou m\u00eame des grands buffles d&#8217;eau et des \u00eatres humains. <span class=\"gts_text\" id=\"gts_text_10\">Ils chassent leurs proies et les attirent dans des guet-apens. <\/span><span class=\"gts_text\" id=\"gts_text_11\">On estime que 10% de leur alimentation se compose d&#8217;autres dragons de Komodo !<\/span> <span class=\"gts_text\" id=\"gts_text_12\">Ils mangent presque n&#8217;importe quel genre de viande.<\/span> <span class=\"gts_text\" id=\"gts_text_13\">Les b\u00e9b\u00e9s des dragons de Komodo s&#8217;alimentent en grande partie de petits l\u00e9zards ou d&#8217;<a title=\"Les plus grands insectes du monde !\" href=\"http:\/\/www.big-animals.com\/fr\/le-monde-grand-insectes\/\">insectes<\/a>.<\/span> <span class=\"gts_text\" id=\"gts_text_14\">\u00a0Les adultes peuvent avaler de petites proies en entier (jusqu&#8217;\u00e0 la taille d&#8217;une ch\u00e8vre) comme\u00a0le font les\u00a0<a title=\"Les serpents\" href=\"http:\/\/www.big-animals.com\/fr\/serpents\/\">serpents<\/a>, parce qu&#8217;ils poss\u00e8dent une m\u00e2choire dont les jointures sont l\u00e2ches, un cr\u00e2ne flexible et un estomac expansible.<\/span> <span class=\"gts_text\" id=\"gts_text_15\">Le dragon de Komodo\u00a0a\u00a0besoin de\u00a015 \u00e0 20 minutes pour avaler une ch\u00e8vre.<\/span>\u00a0Un<span class=\"gts_text\" id=\"gts_text_16\"> dragon de Komodo press\u00e9 peut m\u00eame acc\u00e9l\u00e9rer le processus d&#8217;ingestion en poussant la carcasse contre un arbre pour la faire p\u00e9n\u00e9trer de forcer dans\u00a0sa gorge !<\/span> Il arrive que\u00a0cela fasse tomber\u00a0l&#8217;a<span class=\"gts_text\" id=\"gts_text_17\">rbre.<\/span> <span class=\"gts_text\" id=\"gts_text_18\">Cependant, le dragon de Komomdo\u00a0ne s&#8217;\u00e9touffe pas avec de gros morceaux de nourriture parce qu&#8217;il respire gr\u00e2ce \u00e0 \u00a0de petits tubes situ\u00e9s sous sa langue et reli\u00e9s aux poumons.<\/span> <span class=\"gts_text\" id=\"gts_text_19\">C&#8217;est la raison pour laquelle il respire par la bouche.<\/span> <span class=\"gts_text\" id=\"gts_text_20\">Comme les dragons de Komodo n&#8217;ont pas de diaphragme, ils ne peuvent pas aspirer l&#8217;eau ni la laper\u00a0avec leur langue jaune.<\/span> <span class=\"gts_text\" id=\"gts_text_21\">Pour boire, ils remplissent leur bouche\u00a0d&#8217;eau et soul\u00e8vent la t\u00eate pour\u00a0que l&#8217;eau puisse s&#8217;\u00e9couler dans leur gorge.<\/span><\/p>\n<p><span class=\"gts_text\" id=\"gts_text_22\">Apr\u00e8s avoir ing\u00e9r\u00e9 jusqu&#8217;\u00e0 80% de leur masse corporelle en un repas, ils se tra\u00eenent jusqu&#8217;\u00e0 une zone ensoleill\u00e9e ce qui permettra d&#8217;acc\u00e9l\u00e9rer leur digestion.<\/span> <span class=\"gts_text\" id=\"gts_text_23\">Ceci s&#8217;av\u00e8re n\u00e9cessaire parce que leur nourriture pourrait se d\u00e9composer et les empoisonner si elle mettait trop de temps \u00e0 \u00eatre dig\u00e9r\u00e9e.<\/span><\/p>\n<p><span class=\"gts_text\" id=\"gts_text_24\">Le dragon de Komodo a un taux m\u00e9tabolique lent, comme le serpent.<\/span> <span class=\"gts_text\" id=\"gts_text_25\">Un grand dragon de Komodo peut\u00a0se contenter de\u00a012 repas par an.<\/span> <span class=\"gts_text\" id=\"gts_text_26\">Il r\u00e9gurgite les cornes, les poils et les dents de sa proie.<\/span> <span class=\"gts_text\" id=\"gts_text_27\">Puis il se nettoie la t\u00eate avec de la poussi\u00e8re ou sur un buisson.<\/span><\/p>\n<figure id=\"attachment_659\" aria-describedby=\"caption-attachment-659\" style=\"width: 300px\" class=\"wp-caption aligncenter\"><a href=\"http:\/\/www.big-animals.com\/wp-content\/uploads\/2011\/03\/Komodo_Dragon_And_Human.png\"><img loading=\"lazy\" decoding=\"async\" class=\"size-medium wp-image-659\" title=\"Le dragon de Komodo est le plus grand l\u00e9zard du monde\" alt=\"Le dragon de Komodo est le plus grand l\u00e9zard du monde\" src=\"http:\/\/www.big-animals.com\/wp-content\/uploads\/2011\/03\/Komodo_Dragon_And_Human-300x136.png\" width=\"300\" height=\"136\" \/><\/a><figcaption id=\"caption-attachment-659\" class=\"wp-caption-text\">Le dragon de Komodo est le plus grand l\u00e9zard du monde<\/figcaption><\/figure>\n<p><span class=\"gts_text\" id=\"gts_text_28\">Le plus grand dragon de Komodo mange en premier et les plus petits doivent attendre leur tour.<\/span> <span class=\"gts_text\" id=\"gts_text_29\">Si deux dragons de Komodo sont de la m\u00eame taille, il y aura un combat entre eux.<\/span> <span class=\"gts_text\" id=\"gts_text_30\">Les perdants abandonnent.<\/span> <span class=\"gts_text\" id=\"gts_text_31\">Malheureusement, les perdants sont parfois tu\u00e9s et mang\u00e9s par les vainqueurs!<\/span><\/p>\n<p><span class=\"gts_text\" id=\"gts_text_32\">Croyez-le ou non, il leur arrive m\u00eame de manger des \u00eatres humains ou des cadavres humains qu&#8217;ils r\u00e9ussissent \u00e0 d\u00e9terrer. C<\/span><span class=\"gts_text\" id=\"gts_text_33\">ette horrible habitude a oblig\u00e9 les villageois de Komodo \u00e0\u00a0enterrer leurs\u00a0morts non plus dans le sol sablonneux mais dans de\u00a0l&#8217;argile recouverte de roches de sorte qu&#8217;il soit plus difficile pour ces dragons de Komodo de d\u00e9terrer les cadavres.<\/span><\/p>\n<h3><span class=\"gts_text\" id=\"gts_text_34\">Les b\u00e9b\u00e9s des dragons de Komodo<\/span><\/h3>\n<p><span class=\"gts_text\" id=\"gts_text_35\">Le dragon de Komodo femelle pond ses \u0153ufs en septembre.<\/span> <span class=\"gts_text\" id=\"gts_text_36\">Elle peut en pondre jusqu&#8217;\u00e0 30 par couv\u00e9e et<\/span>\u00a0<span class=\"gts_text\" id=\"gts_text_37\">utilise les\u00a0nids construits par\u00a0des tal\u00e9galles.<\/span> <span class=\"gts_text\" id=\"gts_text_38\">Les b\u00e9b\u00e9s des dragons de Komodo mesurent environ 40 cm et p\u00e8sent \u00e0 peu pr\u00e8s 100 grammes.<\/span> <span class=\"gts_text\" id=\"gts_text_39\">Les \u0153ufs sont incub\u00e9s pendant 7 \u00e0 8 mois et \u00e9closent en avril.<\/span> <span class=\"gts_text\" id=\"gts_text_40\">Une fois n\u00e9s, les jeunes dragons de Kodomo sont livr\u00e9s \u00e0 eux-m\u00eames.<\/span> <span class=\"gts_text\" id=\"gts_text_41\">Ils grimpent rapidement \u00e0 la cime des arbres et y vivent<\/span><span class=\"gts_text\" id=\"gts_text_42\">\u00a0jusqu&#8217;\u00e0 ce qu&#8217;ils soient assez grands pour se prot\u00e9ger des pr\u00e9dateurs et des autres dragons de Komodo.<\/span> <span class=\"gts_text\" id=\"gts_text_43\">Ils restent habituellement dans les arbres jusqu&#8217;\u00e0 l&#8217;\u00e2ge de\u00a03 \u00e0 5 ans. Ils\u00a0<\/span><span class=\"gts_text\" id=\"gts_text_44\">peuvent vivre 50 ans.\u00a0<\/span><span class=\"gts_text\" id=\"gts_text_45\">Les jeunes dragons de Komodo sont multicolores.<\/span> <span class=\"gts_text\" id=\"gts_text_46\">Ils peuvent \u00eatre jaunes, verts, bruns et gris avec une peau tachet\u00e9e et z\u00e9br\u00e9e.<\/span> <span class=\"gts_text\" id=\"gts_text_47\">La couleur des adultes varie du rouge terre au gris fonc\u00e9 voire noir.<\/span><\/p>\n<figure id=\"attachment_660\" aria-describedby=\"caption-attachment-660\" style=\"width: 300px\" class=\"wp-caption alignright\"><a href=\"http:\/\/www.big-animals.com\/wp-content\/uploads\/2011\/03\/Komodo_Dragon.jpg\"><img loading=\"lazy\" decoding=\"async\" class=\"size-medium wp-image-660\" title=\"Un dragon de Komodo captif\" alt=\"Un dragon de Komodo captif\" src=\"http:\/\/www.big-animals.com\/wp-content\/uploads\/2011\/03\/Komodo_Dragon-300x139.jpg\" width=\"300\" height=\"139\" \/><\/a><figcaption id=\"caption-attachment-660\" class=\"wp-caption-text\">Un dragon de Komodo en captivit\u00e9<\/figcaption><\/figure>\n<p><span class=\"gts_text\" id=\"gts_text_48\">Le dragon de Komodo a une queue muscl\u00e9e aussi longue que son corps.<\/span> <span class=\"gts_text\" id=\"gts_text_49\">Il poss\u00e8de environ 60 dents cr\u00e9nel\u00e9es mesurant pr\u00e8s de 2,5 centim\u00e8tres de long.<\/span> <span class=\"gts_text\" id=\"gts_text_50\">Les dents sont aussi coupantes que celles d&#8217;un requin carnivore. Ce qui est fascinant, c&#8217;est que leur<\/span><span class=\"gts_text\" id=\"gts_text_51\">s 60 dents sont \u00a0remplac\u00e9es fr\u00e9quemment.<\/span> <span class=\"gts_text\" id=\"gts_text_52\">Elles sont con\u00e7ues pour d\u00e9chiqueter et couper mais pas pour m\u00e2cher, c&#8217;est pourquoi ce carnivore d\u00e9coupe sa proie en grands lambeaux de chair et les avale en entier tout en maintenant la carcasse avec ses pattes ant\u00e9rieures.<\/span><span class=\"gts_text\" id=\"gts_text_53\">\u00a0Ses dents sont cach\u00e9es dans les gencives et p<\/span><span class=\"gts_text\" id=\"gts_text_54\">ar cons\u00e9quent, il n&#8217;a pas \u00ab\u00a0le sourire plein de dents \u00bb d&#8217;un <a title=\"Les crocodiliens\" href=\"http:\/\/www.big-animals.com\/fr\/crocodiliens\/\">crocodile<\/a>.<\/span> <span class=\"gts_text\" id=\"gts_text_55\">Sa salive est souvent color\u00e9e de sang car les gencives\u00a0qui recouvrent\u00a0ses dents sont r\u00e9guli\u00e8rement\u00a0fendues et d\u00e9chir\u00e9es quand le dragon de Komodo arrache la chair d&#8217;une proie.<\/span><\/p>\n<p><span class=\"gts_text\" id=\"gts_text_56\">La\u00a0salive pleine de sang\u00a0du dragon de Komodo est un terrain propice\u00a0au d\u00e9veloppement de bact\u00e9ries toxiques.<\/span>\u00a0Les bact\u00e9ries provoquent des infections<span class=\"gts_text\" id=\"gts_text_57\">\u00a0si s\u00e9rieuses que, si une proie bless\u00e9e parvient \u00e0 s&#8217;\u00e9chapper, elle meurt dans les 2 ou 3 jours.<\/span> <span class=\"gts_text\" id=\"gts_text_58\">Le dragon de Komodo a une longue langue jaune tr\u00e8s fourchue qui lui sert \u00e0 go\u00fbter et \u00e0 sentir.<\/span> <span class=\"gts_text\" id=\"gts_text_59\">Il a un bon odorat mais une mauvaise audition.<\/span> <span class=\"gts_text\" id=\"gts_text_60\">Cependant, il peut voir loin,<\/span>\u00a0<span class=\"gts_text\" id=\"gts_text_61\">jusqu&#8217;\u00e0 300 m\u00e8tres.<\/span> <span class=\"gts_text\" id=\"gts_text_62\">Il a une vision nocturne faible. Il peut\u00a0<\/span><span class=\"gts_text\" id=\"gts_text_63\">voir\u00a0les couleurs mais pas les choses immobiles.<\/span><\/p>\n<p><span class=\"gts_text\" id=\"gts_text_64\">Gr\u00e2ce \u00e0 son odorat, un vent favorable et son habitude de balancer sa t\u00eate de l&#8217;un c\u00f4t\u00e9 \u00e0 l&#8217;autre pendant qu&#8217;il marche, le dragon de Komodo peut partir en qu\u00eate de chair morte putr\u00e9fi\u00e9e sur des distances qui peuvent atteindre 10 kilom\u00e8tres.<\/span><\/p>\n<p><span class=\"gts_text\" id=\"gts_text_65\">Les dragons de Komodo ont la t\u00eate plate avec un museau arrondi et des pattes courtes et arqu\u00e9es.<\/span> <span class=\"gts_text\" id=\"gts_text_66\">Leur corps est couvert d&#8217;\u00e9cailles.<\/span> <span class=\"gts_text\" id=\"gts_text_67\">Certaines sont renforc\u00e9es avec des os et d&#8217;autres sont travers\u00e9es par des nerfs qui am\u00e9liorent leur sens du toucher.<\/span> <span class=\"gts_text\" id=\"gts_text_68\">Ces \u00e9cailles sp\u00e9ciales poussent autour des oreilles, des l\u00e8vres, du menton et sous les pattes.<\/span><\/p>\n<p><span class=\"gts_text\" id=\"gts_text_69\">Malgr\u00e9 sa taille, ce l\u00e9zard peut se d\u00e9placer rapidement.<\/span> <span class=\"gts_text\" id=\"gts_text_70\">Il peut courir \u00e0 plus de 20 kilom\u00e8tres heure sur de courtes distances, ce qui en fait un bon sprinteur<\/span><span class=\"gts_text\" id=\"gts_text_71\">.<\/span> <span class=\"gts_text\" id=\"gts_text_72\">Lorsqu&#8217;il est encore jeune, il est capable de grimper aux arbres \u00e0 l&#8217;aide de ses griffes puissantes. C&#8217;est aussi un bon nageur qui <\/span><span class=\"gts_text\" id=\"gts_text_73\">peut plonger jusqu&#8217;\u00e0 4,5 m\u00e8tres de profondeur.<\/span><\/p>\n<h3><span class=\"gts_text\" id=\"gts_text_74\">L&#8217;habitat du dragon de Komodo<\/span><\/h3>\n<p><span class=\"gts_text\" id=\"gts_text_75\">Le dragon de Komodo vit dans des zones arides et rocheuses.<\/span><span class=\"gts_text\" id=\"gts_text_76\">\u00a0Il aime les prairies s\u00e8ches et d\u00e9gag\u00e9es, la savane et la for\u00eat tropicale.<\/span> <span class=\"gts_text\" id=\"gts_text_77\">C&#8217;est une esp\u00e8ce tr\u00e8s solitaire sauf pendant la p\u00e9riode de reproduction et lorsqu&#8217;il se nourrit.<\/span> <span class=\"gts_text\" id=\"gts_text_78\">Une bonne chose au sujet des dragons de Komodo, c&#8217;est qu&#8217;ils sont dispos\u00e9s \u00e0 partager leur aire d&#8217;alimentation.<\/span>\u00a0Il <span class=\"gts_text\" id=\"gts_text_79\">dort dans des terriers et<\/span><span class=\"gts_text\" id=\"gts_text_80\">\u00a0r\u00e8gle ainsi sa temp\u00e9rature corporelle.<\/span> <span class=\"gts_text\" id=\"gts_text_81\">Ces terriers sont larges de 1 \u00e0 3 m\u00e8tres. Pour les construire, il utilise<\/span><span class=\"gts_text\" id=\"gts_text_82\">\u00a0ses pattes ant\u00e9rieures et ses griffes puissantes.<\/span><\/p>\n<p><span class=\"gts_text\" id=\"gts_text_83\">Les dragons de Komodo m\u00e2les sont tr\u00e8s possessifs, ils d\u00e9fendent leur territoire et sont pr\u00eats \u00e0 patrouiller sur 2 kilom\u00e8tres afin de veiller \u00e0 ce qu&#8217;aucun autre dragon n&#8217;envahisse leur territoire.<\/span><\/p>\n<p><span class=\"gts_text\" id=\"gts_text_84\">En vieillissant, le dragon de Komodo utilise surtout ses griffes comme des armes\u00a0: rarement pour grimper aux arbres, parce que les dragons adultes sont simplement trop lourds.<\/span> <span class=\"gts_text\" id=\"gts_text_85\">Il s&#8217;active pendant la journ\u00e9e et<\/span><span class=\"gts_text\" id=\"gts_text_86\">\u00a0chasse normalement pendant l&#8217;apr\u00e8s-midi.<\/span> <span class=\"gts_text\" id=\"gts_text_87\">Quand il fait trop chaud, il reste \u00e0 l&#8217;ombre.<\/span> <span class=\"gts_text\" id=\"gts_text_88\">Ses lieux de repos pr\u00e9f\u00e9r\u00e9s sont situ\u00e9s dans les montagnes ou les collines d\u00e9bois\u00e9es, balay\u00e9es par une fra\u00eeche brise marine.<\/span><\/p>\n","protected":false},"excerpt":{"rendered":"<p>Le dragon de Komodo est le plus grand l\u00e9zard\u00a0du monde. On le trouve dans les \u00eeles indon\u00e9siennes de Komodo, de Rinca, de Flores et de Gili Motang. Il peut mesurer jusqu&#8217;\u00e0 3 m\u00e8tres de long et peser environ 70 kilos. Il est actuellement class\u00e9 parmi les esp\u00e8ces menac\u00e9es \u00e0 cause du d\u00e9boisement, du tourisme, du &hellip; <a href=\"https:\/\/www.big-animals.com\/fr\/lezards\/komodo-dragon\/\" class=\"more-link\">Continue reading <span class=\"screen-reader-text\">Le dragon de Komodo<\/span><\/a><\/p>\n","protected":false},"author":1,"featured_media":0,"parent":7,"menu_order":0,"comment_status":"closed","ping_status":"open","template":"","meta":{"_acf_changed":false,"footnotes":""},"acf":[],"_links":{"self":[{"href":"https:\/\/www.big-animals.com\/fr\/wp-json\/wp\/v2\/pages\/27"}],"collection":[{"href":"https:\/\/www.big-animals.com\/fr\/wp-json\/wp\/v2\/pages"}],"about":[{"href":"https:\/\/www.big-animals.com\/fr\/wp-json\/wp\/v2\/types\/page"}],"author":[{"embeddable":true,"href":"https:\/\/www.big-animals.com\/fr\/wp-json\/wp\/v2\/users\/1"}],"replies":[{"embeddable":true,"href":"https:\/\/www.big-animals.com\/fr\/wp-json\/wp\/v2\/comments?post=27"}],"version-history":[{"count":6,"href":"https:\/\/www.big-animals.com\/fr\/wp-json\/wp\/v2\/pages\/27\/revisions"}],"predecessor-version":[{"id":387,"href":"https:\/\/www.big-animals.com\/fr\/wp-json\/wp\/v2\/pages\/27\/revisions\/387"}],"up":[{"embeddable":true,"href":"https:\/\/www.big-animals.com\/fr\/wp-json\/wp\/v2\/pages\/7"}],"wp:attachment":[{"href":"https:\/\/www.big-animals.com\/fr\/wp-json\/wp\/v2\/media?parent=27"}],"curies":[{"name":"wp","href":"https:\/\/api.w.org\/{rel}","templated":true}]}}