{"id":28,"date":"2011-05-09T09:10:36","date_gmt":"2011-05-09T09:10:36","guid":{"rendered":""},"modified":"2015-06-24T10:24:48","modified_gmt":"2015-06-24T10:24:48","slug":"confidentialite-politique","status":"publish","type":"page","link":"https:\/\/www.big-animals.com\/fr\/confidentialite-politique\/","title":{"rendered":"Politique en mati\u00e8re de protection de la vie priv\u00e9e"},"content":{"rendered":"<p><span id=\"gts_text_1\" class=\"gts_text\">Cette page explique la politique de confidentialit\u00e9 des sites Web Big-Animals.com.<\/span><\/p>\n<p><span id=\"gts_text_2\" class=\"gts_text\">Fondamentalement, ce site ne collecte aucune information personnelle \u00e0 votre sujet .<\/span> <span id=\"gts_text_3\" class=\"gts_text\">Votre confidentialit\u00e9 est assur\u00e9e.<\/span> <span id=\"gts_text_4\" class=\"gts_text\">Certaines parties sp\u00e9cifiques des sites peuvent stocker des informations que vous fournissez (comme expliqu\u00e9 ci-dessous), mais aucune partie du site n&#8217;essaie d&#8217;obtenir d&#8217;information \u00e0 votre insu.<\/span><\/p>\n<p><span id=\"gts_text_5\" class=\"gts_text\">D&#8217;autre part, ces sites stockent des informations partielles et compl\u00e8tes sur <i>tous les<\/i> visiteurs de ce site.<\/span> <span id=\"gts_text_6\" class=\"gts_text\">Ce stockage\u00a0est effectu\u00e9 par:<\/span><\/p>\n<ul>\n<li><span id=\"gts_text_7\" class=\"gts_text\">Principalement, <a href=\"http:\/\/www.google.com\/analytics\">Google Analytics <\/a><\/span><\/li>\n<li><span id=\"gts_text_8\" class=\"gts_text\">Les connexions au serveur web.<\/span><\/li>\n<li><span id=\"gts_text_9\" class=\"gts_text\">L&#8217;enregistrement du nombre total de visites pour chaque page.<\/span><\/li>\n<\/ul>\n<p><span id=\"gts_text_10\" class=\"gts_text\">Ces statistiques globales n&#8217;incluent aucune information qui pourrait vous identifier personnellement.<\/span>\u00a0Ces\u00a0<span id=\"gts_text_11\" class=\"gts_text\">informations sont\u00a0utilis\u00e9es pour am\u00e9liorer le site pour tout le monde.<\/span><\/p>\n<p><span id=\"gts_text_12\" class=\"gts_text\">Certaines parties de certains sites collectent et stockent des informations plus personnelles, mais seulement si vous les fournissez.<\/span> <span id=\"gts_text_13\" class=\"gts_text\">Pour \u00eatre plus pr\u00e9cis, les sondages stockent vos r\u00e9ponses, mais ces informations ne vous identifient pas personnellement.<\/span><\/p>\n<p><span id=\"gts_text_14\" class=\"gts_text\">Certains \u00e9l\u00e9ments de ce site web se servent du contenu d&#8217;autres sites.<\/span> <span id=\"gts_text_15\" class=\"gts_text\">Ces \u00e9l\u00e9ments stockeront g\u00e9n\u00e9ralement les t\u00e9moins (cookies) sur votre ordinateur.<\/span> <span id=\"gts_text_16\" class=\"gts_text\">En particulier<\/span><\/p>\n<ul>\n<li><span id=\"gts_text_17\" class=\"gts_text\">La plupart des annonces sont fournies par le programme Google Adsense.<\/span> <span id=\"gts_text_18\" class=\"gts_text\">Sachez que:<\/span>\n<ul>\n<li><span id=\"gts_text_19\" class=\"gts_text\">Google utilise les t\u00e9moins pour choisir\u00a0quelles annonces vous montrer.<\/span><\/li>\n<li><span id=\"gts_text_20\" class=\"gts_text\">L&#8217;utilisation par Google du t\u00e9moin DARD signifie que les annonces que vous voyez peuvent d\u00e9pendre des sites Web que vous avez visit\u00e9s dans le pass\u00e9.<\/span><\/li>\n<li><span id=\"gts_text_21\" class=\"gts_text\">Si vous souhaitez emp\u00eacher Google d&#8217;utiliser le t\u00e9moin DARD sur un ordinateur pr\u00e9cis, ou si vous voulez obtenir plus d&#8217;informations sur des annonces et la politique de confidentialit\u00e9 de google, <a href=\"http:\/\/www.google.com\/privacy_ads.html\" target=\"new\">vous pouvez le faire \u00e0 partir d&#8217;ici<\/a>.<\/span><\/li>\n<\/ul>\n<\/li>\n<li><span id=\"gts_text_22\" class=\"gts_text\">Les informations (non personnelles) globales sont collect\u00e9es en utilisant Google Analytics.<\/span><\/li>\n<li><span id=\"gts_text_23\" class=\"gts_text\">La recherche de site est \u00e9galement fournie par Google.<\/span><\/li>\n<li><span id=\"gts_text_24\" class=\"gts_text\">Les liens vers Amazon.com sont reli\u00e9s au programme associ\u00e9s d&#8217;Amazon.<\/span><\/li>\n<li><span id=\"gts_text_25\" class=\"gts_text\">Les annonces pour des produits de Zazzle, le cas \u00e9ch\u00e9ant, sont fournies par Zazzle.<\/span><\/li>\n<li><span id=\"gts_text_26\" class=\"gts_text\">\u00ab\u00a0Les jeux sur le th\u00e8me des animaux\u00a0\u00bb sont fournis par Hooked Media .<\/span><\/li>\n<\/ul>\n<p><span id=\"gts_text_27\" class=\"gts_text\">Si vous avez des questions \u00e0 ce propos, vous devriez consulter les politiques de confidentialit\u00e9 de <a href=\"http:\/\/www.google.com\/privacy.html\" target=\"new\">Google<\/a>, <a href=\"http:\/\/www.amazon.com\/gp\/help\/customer\/display.html?nodeId=468496\" target=\"new\">Amazon.com<\/a>, <a href=\"http:\/\/www.hookedmediagroup.com\/Global\/Privacy.aspx\">Hooked Media Group<\/a> et de <a href=\"http:\/\/www.zazzle.com\/mk\/policy\/privacy_policy\">Zazzle<\/a>.<\/span><\/p>\n<p><span id=\"gts_text_28\" class=\"gts_text\">Nous esp\u00e9rons que \u00e7a vous aidera!<\/span><\/p>\n","protected":false},"excerpt":{"rendered":"<p>Cette page explique la politique de confidentialit\u00e9 des sites Web Big-Animals.com. Fondamentalement, ce site ne collecte aucune information personnelle \u00e0 votre sujet . Votre confidentialit\u00e9 est assur\u00e9e. Certaines parties sp\u00e9cifiques des sites peuvent stocker des informations que vous fournissez (comme expliqu\u00e9 ci-dessous), mais aucune partie du site n&#8217;essaie d&#8217;obtenir d&#8217;information \u00e0 votre insu. D&#8217;autre part, &hellip; <a href=\"https:\/\/www.big-animals.com\/fr\/confidentialite-politique\/\" class=\"more-link\">Continue reading <span class=\"screen-reader-text\">Politique en mati\u00e8re de protection de la vie priv\u00e9e<\/span><\/a><\/p>\n","protected":false},"author":1,"featured_media":0,"parent":0,"menu_order":0,"comment_status":"closed","ping_status":"open","template":"","meta":{"_acf_changed":false,"footnotes":""},"acf":[],"_links":{"self":[{"href":"https:\/\/www.big-animals.com\/fr\/wp-json\/wp\/v2\/pages\/28"}],"collection":[{"href":"https:\/\/www.big-animals.com\/fr\/wp-json\/wp\/v2\/pages"}],"about":[{"href":"https:\/\/www.big-animals.com\/fr\/wp-json\/wp\/v2\/types\/page"}],"author":[{"embeddable":true,"href":"https:\/\/www.big-animals.com\/fr\/wp-json\/wp\/v2\/users\/1"}],"replies":[{"embeddable":true,"href":"https:\/\/www.big-animals.com\/fr\/wp-json\/wp\/v2\/comments?post=28"}],"version-history":[{"count":2,"href":"https:\/\/www.big-animals.com\/fr\/wp-json\/wp\/v2\/pages\/28\/revisions"}],"predecessor-version":[{"id":522,"href":"https:\/\/www.big-animals.com\/fr\/wp-json\/wp\/v2\/pages\/28\/revisions\/522"}],"wp:attachment":[{"href":"https:\/\/www.big-animals.com\/fr\/wp-json\/wp\/v2\/media?parent=28"}],"curies":[{"name":"wp","href":"https:\/\/api.w.org\/{rel}","templated":true}]}}